{"id":132,"date":"2026-02-07T10:07:00","date_gmt":"2026-02-07T10:07:00","guid":{"rendered":"https:\/\/aesthedgewallpanel.com\/?post_type=product&#038;p=132"},"modified":"2026-02-09T08:22:33","modified_gmt":"2026-02-09T08:22:33","slug":"acoustic-panel-1","status":"publish","type":"product","link":"https:\/\/aesthedgewallpanel.com\/es\/product\/acoustic-panel-1\/","title":{"rendered":"Panel mural ac\u00fastico de lamas de madera de 78 pulg."},"content":{"rendered":"<h2 class=\"wp-block-heading\">Panel mural ac\u00fastico de lamas de madera<\/h2>\n\n\n\n<p>Cree un aspecto hermoso en cualquier espacio con nuestros paneles de pared de madera de lamas ac\u00fasticas de 78 pulgadas. Estos paneles de pared de listones de madera combinan un dise\u00f1o moderno excepcionalmente atractivo con un rendimiento ideal de absorci\u00f3n ac\u00fastica.<\/p>\n\n\n\n<figure class=\"wp-block-image size-large\"><img decoding=\"async\" width=\"1024\" height=\"324\" src=\"https:\/\/aesthedgewallpanel.com\/wp-content\/uploads\/2024\/06\/\u5fae\u4fe1\u622a\u56fe_20241127130631-1024x324.jpg\" alt=\"\" class=\"wp-image-1802\" srcset=\"https:\/\/aesthedgewallpanel.com\/wp-content\/uploads\/2024\/06\/\u5fae\u4fe1\u622a\u56fe_20241127130631-1024x324.jpg 1024w, https:\/\/aesthedgewallpanel.com\/wp-content\/uploads\/2024\/06\/\u5fae\u4fe1\u622a\u56fe_20241127130631-300x95.jpg 300w, https:\/\/aesthedgewallpanel.com\/wp-content\/uploads\/2024\/06\/\u5fae\u4fe1\u622a\u56fe_20241127130631-768x243.jpg 768w, https:\/\/aesthedgewallpanel.com\/wp-content\/uploads\/2024\/06\/\u5fae\u4fe1\u622a\u56fe_20241127130631.jpg 1234w\" sizes=\"(max-width: 1024px) 100vw, 1024px\" \/><\/figure>\n\n\n\n<p> AesthEdge&#8217;s wall panels make spaces look and sound better! The 78-inch acoustic slat wood wall panels offer valuable opportunities for B2B clients across industries. Their aesthetic appeal and sound absorption capabilities make them ideal for enhancing environments.<\/p>\n\n\n\n<div class=\"wp-block-columns alignwide are-vertically-aligned-center is-layout-flex wp-container-core-columns-is-layout-9d6595d7 wp-block-columns-is-layout-flex\">\n<div class=\"wp-block-column is-vertically-aligned-center is-layout-flow wp-block-column-is-layout-flow\">\n<div class=\"wp-block-buttons is-layout-flex wp-block-buttons-is-layout-flex\">\n<div class=\"wp-block-button has-custom-width wp-block-button__width-100 is-style-fill\"><a class=\"wp-block-button__link has-text-color has-background wp-element-button\" href=\"https:\/\/aesthedgewallpanel.com\/es\/contact\/\" style=\"color:#efefef;background-color:#262626\" target=\"_blank\" rel=\"noreferrer noopener\">P\u00f3ngase en contacto con nosotros <\/a><\/div>\n<\/div>\n<\/div>\n<\/div>\n\n\n\n<h2 class=\"wp-block-heading\">Eleve el espacio con excelencia ac\u00fastica<\/h2>\n\n\n\n<div class=\"wp-block-columns is-layout-flex wp-container-core-columns-is-layout-9d6595d7 wp-block-columns-is-layout-flex\">\n<div class=\"wp-block-column is-layout-flow wp-block-column-is-layout-flow\">\n<figure class=\"wp-block-image size-full\"><img decoding=\"async\" width=\"800\" height=\"800\" src=\"https:\/\/aesthedgewallpanel.com\/wp-content\/uploads\/2024\/06\/New-Project-11.webp\" alt=\"\" class=\"wp-image-1916\" srcset=\"https:\/\/aesthedgewallpanel.com\/wp-content\/uploads\/2024\/06\/New-Project-11.webp 800w, https:\/\/aesthedgewallpanel.com\/wp-content\/uploads\/2024\/06\/New-Project-11-300x300.webp 300w, https:\/\/aesthedgewallpanel.com\/wp-content\/uploads\/2024\/06\/New-Project-11-150x150.webp 150w, https:\/\/aesthedgewallpanel.com\/wp-content\/uploads\/2024\/06\/New-Project-11-768x768.webp 768w\" sizes=\"(max-width: 800px) 100vw, 800px\" \/><\/figure>\n<\/div>\n\n\n\n<div class=\"wp-block-column is-layout-flow wp-block-column-is-layout-flow\">\n<p>A medida que los dise\u00f1os de concepto abierto dominan los espacios de trabajo modernos y los lugares p\u00fablicos, la demanda de una gesti\u00f3n eficaz del sonido nunca ha sido mayor. Nuestros paneles ac\u00fasticos de lamas de madera de 78 pulgadas ofrecen una soluci\u00f3n sofisticada para combatir la contaminaci\u00f3n ac\u00fastica y mejorar el confort auditivo.<\/p>\n\n\n\n<p>Somos una f\u00e1brica de producci\u00f3n profesional de Acoustic Slat Wood Wall Panels. \u00a1P\u00f3ngase en contacto con nosotros para obtener informaci\u00f3n actualizada de precios!<\/p>\n\n\n\n<div style=\"text-align: center;\">\n    <button style=\"background-color: #FF770F; color: white; padding: 15px 32px; text-align: center; text-decoration: none; display: inline-block; font-size: 16px; margin: 4px 2px; cursor: pointer;\" \n            onclick=\"window.open('https:\/\/aesthedgewallpanel.com\/contact', '_blank')\">\n        OBTENER MUESTRAS GRATUITAS\n    <\/button>\n<\/div>\n<\/div>\n<\/div>\n\n\n\n<h2 class=\"wp-block-heading\">Material y decoraci\u00f3n de paneles ac\u00fasticos<\/h2>\n\n\n\n<figure class=\"wp-block-image alignwide size-full\"><a href=\"https:\/\/aesthedgewallpanel.com\/es\/contact\/\"><img decoding=\"async\" width=\"2560\" height=\"1440\" src=\"https:\/\/aesthedgewallpanel.com\/wp-content\/uploads\/2024\/06\/Thank-You_00-scaled.jpg\" alt=\"78 inch Acoustic Slat Wood Wall Panels\" class=\"wp-image-1803\" srcset=\"https:\/\/aesthedgewallpanel.com\/wp-content\/uploads\/2024\/06\/Thank-You_00-scaled.jpg 2560w, https:\/\/aesthedgewallpanel.com\/wp-content\/uploads\/2024\/06\/Thank-You_00-300x169.jpg 300w, https:\/\/aesthedgewallpanel.com\/wp-content\/uploads\/2024\/06\/Thank-You_00-1024x576.jpg 1024w, https:\/\/aesthedgewallpanel.com\/wp-content\/uploads\/2024\/06\/Thank-You_00-768x432.jpg 768w, https:\/\/aesthedgewallpanel.com\/wp-content\/uploads\/2024\/06\/Thank-You_00-1536x864.jpg 1536w, https:\/\/aesthedgewallpanel.com\/wp-content\/uploads\/2024\/06\/Thank-You_00-2048x1152.jpg 2048w, https:\/\/aesthedgewallpanel.com\/wp-content\/uploads\/2024\/06\/Thank-You_00-1920x1080.jpg 1920w\" sizes=\"(max-width: 2560px) 100vw, 2560px\" \/><\/a><\/figure>\n\n\n\n<p><a href=\"https:\/\/aesthedgewallpanel.com\/es\/product-category\/acoustic-panel\/\" target=\"_blank\" rel=\"noreferrer noopener\">Paneles ac\u00fasticos<\/a> est\u00e1n fabricados con innumerables fibras de poli\u00e9ster que se entrelazan para crear numerosos huecos peque\u00f1os, absorbiendo eficazmente la energ\u00eda sonora y reduciendo las ondas sonoras reflejadas y transmitidas. Para realzar su aspecto tridimensional y su atractivo decorativo, se fijan listones de madera al tablero de fibras. <\/p>\n\n\n\n<div class=\"wp-block-columns is-layout-flex wp-container-core-columns-is-layout-9d6595d7 wp-block-columns-is-layout-flex\">\n<div class=\"wp-block-column is-layout-flow wp-block-column-is-layout-flow\">\n<figure class=\"wp-block-image size-full\"><img decoding=\"async\" width=\"1024\" height=\"1024\" src=\"https:\/\/aesthedgewallpanel.com\/wp-content\/uploads\/2024\/06\/38-4.webp\" alt=\"Acoustic Panels\" class=\"wp-image-1973\" srcset=\"https:\/\/aesthedgewallpanel.com\/wp-content\/uploads\/2024\/06\/38-4.webp 1024w, https:\/\/aesthedgewallpanel.com\/wp-content\/uploads\/2024\/06\/38-4-300x300.webp 300w, https:\/\/aesthedgewallpanel.com\/wp-content\/uploads\/2024\/06\/38-4-150x150.webp 150w, https:\/\/aesthedgewallpanel.com\/wp-content\/uploads\/2024\/06\/38-4-768x768.webp 768w\" sizes=\"(max-width: 1024px) 100vw, 1024px\" \/><\/figure>\n<\/div>\n\n\n\n<div class=\"wp-block-column is-layout-flow wp-block-column-is-layout-flow\">\n<figure class=\"wp-block-image size-full\"><img decoding=\"async\" width=\"1024\" height=\"1024\" src=\"https:\/\/aesthedgewallpanel.com\/wp-content\/uploads\/2024\/06\/38-1.webp\" alt=\"\" class=\"wp-image-1969\" srcset=\"https:\/\/aesthedgewallpanel.com\/wp-content\/uploads\/2024\/06\/38-1.webp 1024w, https:\/\/aesthedgewallpanel.com\/wp-content\/uploads\/2024\/06\/38-1-300x300.webp 300w, https:\/\/aesthedgewallpanel.com\/wp-content\/uploads\/2024\/06\/38-1-150x150.webp 150w, https:\/\/aesthedgewallpanel.com\/wp-content\/uploads\/2024\/06\/38-1-768x768.webp 768w\" sizes=\"(max-width: 1024px) 100vw, 1024px\" \/><\/figure>\n<\/div>\n\n\n\n<div class=\"wp-block-column is-layout-flow wp-block-column-is-layout-flow\">\n<figure class=\"wp-block-image size-full\"><img decoding=\"async\" width=\"1024\" height=\"1024\" src=\"https:\/\/aesthedgewallpanel.com\/wp-content\/uploads\/2024\/06\/38-3.webp\" alt=\"Acoustic Panels\" class=\"wp-image-1971\" srcset=\"https:\/\/aesthedgewallpanel.com\/wp-content\/uploads\/2024\/06\/38-3.webp 1024w, https:\/\/aesthedgewallpanel.com\/wp-content\/uploads\/2024\/06\/38-3-300x300.webp 300w, https:\/\/aesthedgewallpanel.com\/wp-content\/uploads\/2024\/06\/38-3-150x150.webp 150w, https:\/\/aesthedgewallpanel.com\/wp-content\/uploads\/2024\/06\/38-3-768x768.webp 768w\" sizes=\"(max-width: 1024px) 100vw, 1024px\" \/><\/figure>\n<\/div>\n<\/div>\n\n\n\n<p>Estos listones, que pueden ser rectos o curvos, est\u00e1n fabricados con MDF (tablero de fibra de densidad media) o WPC (compuesto de madera y pl\u00e1stico). La superficie puede acabarse con chapa de madera tecnol\u00f3gica, chapa de madera natural o pel\u00edcula de PVC, lo que ofrece una amplia gama de opciones de dise\u00f1o y texturas para adaptarse a las distintas preferencias est\u00e9ticas.<\/p>\n\n\n\n<figure class=\"wp-block-image size-full\"><img decoding=\"async\" width=\"800\" height=\"800\" src=\"https:\/\/aesthedgewallpanel.com\/wp-content\/uploads\/2024\/06\/New-Project-6-1.webp\" alt=\"\" class=\"wp-image-1810\" srcset=\"https:\/\/aesthedgewallpanel.com\/wp-content\/uploads\/2024\/06\/New-Project-6-1.webp 800w, https:\/\/aesthedgewallpanel.com\/wp-content\/uploads\/2024\/06\/New-Project-6-1-300x300.webp 300w, https:\/\/aesthedgewallpanel.com\/wp-content\/uploads\/2024\/06\/New-Project-6-1-150x150.webp 150w, https:\/\/aesthedgewallpanel.com\/wp-content\/uploads\/2024\/06\/New-Project-6-1-768x768.webp 768w\" sizes=\"(max-width: 800px) 100vw, 800px\" \/><\/figure>\n\n\n\n<div style=\"text-align: center;\">\n    <button style=\"background-color: #FF770F; color: white; padding: 15px 32px; text-align: center; text-decoration: none; display: inline-block; font-size: 16px; margin: 4px 2px; cursor: pointer;\" \n            onclick=\"window.open('https:\/\/aesthedgewallpanel.com\/contact', '_blank')\">\n        OBTENER PRESUPUESTO GRATUITO\n    <\/button>\n<\/div>\n\n\n\n<h2 class=\"wp-block-heading\">Panel de pared ac\u00fastico de listones de madera Caracter\u00edsticas<\/h2>\n\n\n\n<div class=\"wp-block-columns alignwide is-layout-flex wp-container-core-columns-is-layout-9d6595d7 wp-block-columns-is-layout-flex\">\n<div class=\"wp-block-column has-text-color has-background has-link-color wp-elements-f6c01d07e182349b7d688a8a3512aea0 is-layout-flow wp-block-column-is-layout-flow\" style=\"color:#000000;background-color:#ffe97d;padding-top:2em;padding-right:2em;padding-bottom:2em;padding-left:2em\">\n<p><strong><strong><strong>Relaci\u00f3n coste-eficacia<\/strong><\/strong><\/strong><\/p>\n\n\n\n<hr class=\"wp-block-separator has-text-color has-css-opacity has-background is-style-wide\" style=\"background-color:#000000;color:#000000\"\/>\n\n\n\n<p>Al invertir en paneles murales ac\u00fasticos de lamas de madera de 78 pulgadas, podr\u00e1 disfrutar de las ventajas a largo plazo de una mayor durabilidad y una reducci\u00f3n de los costes energ\u00e9ticos.<\/p>\n<\/div>\n\n\n\n<div class=\"wp-block-column has-text-color has-background has-link-color wp-elements-372d65c4ef586f613e46f911495b1bd1 is-layout-flow wp-block-column-is-layout-flow\" style=\"color:#000000;background-color:#d1d1e1;padding-top:2em;padding-right:2em;padding-bottom:2em;padding-left:2em\">\n<p><strong><strong><strong><strong>F\u00e1cil instalaci\u00f3n y mantenimiento<\/strong><\/strong><\/strong><\/strong><\/p>\n\n\n\n<hr class=\"wp-block-separator has-css-opacity is-style-wide\"\/>\n\n\n\n<p>Los fabricantes de paneles ac\u00fasticos de listones de madera para paredes conf\u00edan en la tecnolog\u00eda de vanguardia, la artesan\u00eda especializada y la innovaci\u00f3n continua para garantizar una calidad constante, un rendimiento ac\u00fastico mejorado y una mayor durabilidad.<\/p>\n<\/div>\n\n\n\n<div class=\"wp-block-column has-text-color has-background has-link-color wp-elements-cc4238b35ad3ff6522b8f6d440abd173 is-layout-flow wp-block-column-is-layout-flow\" style=\"color:#000000;background-color:#c0ebf1;padding-top:2em;padding-right:2em;padding-bottom:2em;padding-left:2em\">\n<p><strong><strong><strong><strong>Fuerza y experiencia de la f\u00e1brica<\/strong><\/strong><\/strong><\/strong><\/p>\n\n\n\n<hr class=\"wp-block-separator has-css-opacity is-style-wide\"\/>\n\n\n\n<p>Los fabricantes de paneles ac\u00fasticos de listones de madera para paredes conf\u00edan en la tecnolog\u00eda de vanguardia, la artesan\u00eda especializada y la innovaci\u00f3n continua para garantizar una calidad constante, un rendimiento ac\u00fastico mejorado y una mayor durabilidad.<\/p>\n<\/div>\n<\/div>\n\n\n\n<h2 class=\"wp-block-heading\"><strong>Aplicaciones vers\u00e1tiles<\/strong><\/h2>\n\n\n\n<p>La serie de paneles fonoabsorbentes integra funciones decorativas y fonoabsorbentes, e incorpora numerosos elementos culturales y art\u00edsticos personalizados. Cada estilo de producto es rico y colorido, lo que permite a los dise\u00f1adores ampliar su mente y crear libremente una bella imagen de decoraci\u00f3n interior. Sus propiedades insonorizantes y su elegante dise\u00f1o las hacen ideales para oficinas, comercios, hogares y zonas p\u00fablicas.<\/p>\n\n\n\n<div class=\"wp-block-columns is-layout-flex wp-container-core-columns-is-layout-9d6595d7 wp-block-columns-is-layout-flex\">\n<div class=\"wp-block-column is-layout-flow wp-block-column-is-layout-flow\">\n<figure class=\"wp-block-image size-full\"><img decoding=\"async\" width=\"800\" height=\"800\" src=\"https:\/\/aesthedgewallpanel.com\/wp-content\/uploads\/2024\/06\/New-Project-3-2.webp\" alt=\"\" class=\"wp-image-1804\" srcset=\"https:\/\/aesthedgewallpanel.com\/wp-content\/uploads\/2024\/06\/New-Project-3-2.webp 800w, https:\/\/aesthedgewallpanel.com\/wp-content\/uploads\/2024\/06\/New-Project-3-2-300x300.webp 300w, https:\/\/aesthedgewallpanel.com\/wp-content\/uploads\/2024\/06\/New-Project-3-2-150x150.webp 150w, https:\/\/aesthedgewallpanel.com\/wp-content\/uploads\/2024\/06\/New-Project-3-2-768x768.webp 768w\" sizes=\"(max-width: 800px) 100vw, 800px\" \/><\/figure>\n<\/div>\n\n\n\n<div class=\"wp-block-column is-layout-flow wp-block-column-is-layout-flow\">\n<figure class=\"wp-block-image size-full\"><img decoding=\"async\" width=\"800\" height=\"800\" src=\"https:\/\/aesthedgewallpanel.com\/wp-content\/uploads\/2024\/06\/New-Project-4-2.webp\" alt=\"\" class=\"wp-image-1805\" srcset=\"https:\/\/aesthedgewallpanel.com\/wp-content\/uploads\/2024\/06\/New-Project-4-2.webp 800w, https:\/\/aesthedgewallpanel.com\/wp-content\/uploads\/2024\/06\/New-Project-4-2-300x300.webp 300w, https:\/\/aesthedgewallpanel.com\/wp-content\/uploads\/2024\/06\/New-Project-4-2-150x150.webp 150w, https:\/\/aesthedgewallpanel.com\/wp-content\/uploads\/2024\/06\/New-Project-4-2-768x768.webp 768w\" sizes=\"(max-width: 800px) 100vw, 800px\" \/><\/figure>\n<\/div>\n\n\n\n<div class=\"wp-block-column is-layout-flow wp-block-column-is-layout-flow\">\n<figure class=\"wp-block-image size-full\"><img decoding=\"async\" width=\"800\" height=\"800\" src=\"https:\/\/aesthedgewallpanel.com\/wp-content\/uploads\/2024\/06\/New-Project-5-1.webp\" alt=\"\" class=\"wp-image-1806\" srcset=\"https:\/\/aesthedgewallpanel.com\/wp-content\/uploads\/2024\/06\/New-Project-5-1.webp 800w, https:\/\/aesthedgewallpanel.com\/wp-content\/uploads\/2024\/06\/New-Project-5-1-300x300.webp 300w, https:\/\/aesthedgewallpanel.com\/wp-content\/uploads\/2024\/06\/New-Project-5-1-150x150.webp 150w, https:\/\/aesthedgewallpanel.com\/wp-content\/uploads\/2024\/06\/New-Project-5-1-768x768.webp 768w\" sizes=\"(max-width: 800px) 100vw, 800px\" \/><\/figure>\n<\/div>\n<\/div>\n\n\n\n<div class=\"wp-block-columns is-layout-flex wp-container-core-columns-is-layout-9d6595d7 wp-block-columns-is-layout-flex\">\n<div class=\"wp-block-column is-layout-flow wp-block-column-is-layout-flow\"><\/div>\n\n\n\n<div class=\"wp-block-column is-layout-flow wp-block-column-is-layout-flow\"><\/div>\n<\/div>\n\n\n\n<div class=\"wp-block-columns is-layout-flex wp-container-core-columns-is-layout-9d6595d7 wp-block-columns-is-layout-flex\">\n<div class=\"wp-block-column is-layout-flow wp-block-column-is-layout-flow\"><\/div>\n<\/div>\n\n\n\n<p><\/p>","protected":false},"excerpt":{"rendered":"<p>Reducci\u00f3n del ruido,Respetuoso con el medio ambiente<\/p>","protected":false},"featured_media":1284,"template":"","products_category":[56],"surface_pvc_marble_sheet_":[],"style__acoustic_panel_":[138],"film__bamboo_charcoal_wood_venee":[],"color_wpc_wall_panel":[],"color_spc_wall_panel_":[],"shape":[],"class_list":["post-132","product","type-product","status-publish","has-post-thumbnail","hentry","products_category-acoustic-panel","style__acoustic_panel_-slat"],"yoast_head":"<!-- This site is optimized with the Yoast SEO plugin v25.5 - https:\/\/yoast.com\/wordpress\/plugins\/seo\/ -->\n<title>Premium 78 in Acoustic Slat Wood Wall Panel - AesthEdge Wall Panel<\/title>\n<meta name=\"description\" content=\"Our Linyi Shandong China-based company in Shandong offers premium Acoustic Slat Wood Wall Panel . Rely on our export services for premium products.\" \/>\n<meta name=\"robots\" content=\"index, follow, max-snippet:-1, max-image-preview:large, max-video-preview:-1\" \/>\n<link rel=\"canonical\" href=\"https:\/\/aesthedgewallpanel.com\/es\/product\/acoustic-panel-1\/\" \/>\n<meta property=\"og:locale\" content=\"es_ES\" \/>\n<meta property=\"og:type\" content=\"article\" \/>\n<meta property=\"og:title\" content=\"Premium 78 in Acoustic Slat Wood Wall Panel - AesthEdge Wall Panel\" \/>\n<meta property=\"og:description\" content=\"Our Linyi Shandong China-based company in Shandong offers premium Acoustic Slat Wood Wall Panel . Rely on our export services for premium products.\" \/>\n<meta property=\"og:url\" content=\"https:\/\/aesthedgewallpanel.com\/es\/product\/acoustic-panel-1\/\" \/>\n<meta property=\"og:site_name\" content=\"AesthedgeWallPanel\" \/>\n<meta property=\"article:modified_time\" content=\"2026-02-09T08:22:33+00:00\" \/>\n<meta property=\"og:image\" content=\"https:\/\/aesthedgewallpanel.com\/wp-content\/uploads\/2024\/06\/white-oak-1.jpg\" \/>\n\t<meta property=\"og:image:width\" content=\"800\" \/>\n\t<meta property=\"og:image:height\" content=\"800\" \/>\n\t<meta property=\"og:image:type\" content=\"image\/jpeg\" \/>\n<meta name=\"twitter:card\" content=\"summary_large_image\" \/>\n<meta name=\"twitter:label1\" content=\"Tiempo de lectura\" \/>\n\t<meta name=\"twitter:data1\" content=\"4 minutos\" \/>\n<script type=\"application\/ld+json\" class=\"yoast-schema-graph\">{\"@context\":\"https:\/\/schema.org\",\"@graph\":[{\"@type\":\"WebPage\",\"@id\":\"https:\/\/aesthedgewallpanel.com\/product\/acoustic-panel-1\/\",\"url\":\"https:\/\/aesthedgewallpanel.com\/product\/acoustic-panel-1\/\",\"name\":\"Premium 78 in Acoustic Slat Wood Wall Panel - AesthEdge Wall Panel\",\"isPartOf\":{\"@id\":\"https:\/\/aesthedgewallpanel.com\/#website\"},\"primaryImageOfPage\":{\"@id\":\"https:\/\/aesthedgewallpanel.com\/product\/acoustic-panel-1\/#primaryimage\"},\"image\":{\"@id\":\"https:\/\/aesthedgewallpanel.com\/product\/acoustic-panel-1\/#primaryimage\"},\"thumbnailUrl\":\"https:\/\/aesthedgewallpanel.com\/wp-content\/uploads\/2024\/06\/white-oak-1.jpg\",\"datePublished\":\"2026-02-07T10:07:00+00:00\",\"dateModified\":\"2026-02-09T08:22:33+00:00\",\"description\":\"Our Linyi Shandong China-based company in Shandong offers premium Acoustic Slat Wood Wall Panel . Rely on our export services for premium products.\",\"breadcrumb\":{\"@id\":\"https:\/\/aesthedgewallpanel.com\/product\/acoustic-panel-1\/#breadcrumb\"},\"inLanguage\":\"es\",\"potentialAction\":[{\"@type\":\"ReadAction\",\"target\":[\"https:\/\/aesthedgewallpanel.com\/product\/acoustic-panel-1\/\"]}]},{\"@type\":\"ImageObject\",\"inLanguage\":\"es\",\"@id\":\"https:\/\/aesthedgewallpanel.com\/product\/acoustic-panel-1\/#primaryimage\",\"url\":\"https:\/\/aesthedgewallpanel.com\/wp-content\/uploads\/2024\/06\/white-oak-1.jpg\",\"contentUrl\":\"https:\/\/aesthedgewallpanel.com\/wp-content\/uploads\/2024\/06\/white-oak-1.jpg\",\"width\":800,\"height\":800},{\"@type\":\"BreadcrumbList\",\"@id\":\"https:\/\/aesthedgewallpanel.com\/product\/acoustic-panel-1\/#breadcrumb\",\"itemListElement\":[{\"@type\":\"ListItem\",\"position\":1,\"name\":\"Home\",\"item\":\"https:\/\/aesthedgewallpanel.com\/\"},{\"@type\":\"ListItem\",\"position\":2,\"name\":\"ACOUSTIC PANEL\",\"item\":\"https:\/\/aesthedgewallpanel.com\/product-category\/acoustic-panel\/\"},{\"@type\":\"ListItem\",\"position\":3,\"name\":\"78 in Acoustic Slat Wood Wall Panel\"}]},{\"@type\":\"WebSite\",\"@id\":\"https:\/\/aesthedgewallpanel.com\/#website\",\"url\":\"https:\/\/aesthedgewallpanel.com\/\",\"name\":\"AesthedgeWallPanel\",\"description\":\"Aesthedge Solutions for Modern Spaces\",\"potentialAction\":[{\"@type\":\"SearchAction\",\"target\":{\"@type\":\"EntryPoint\",\"urlTemplate\":\"https:\/\/aesthedgewallpanel.com\/?s={search_term_string}\"},\"query-input\":{\"@type\":\"PropertyValueSpecification\",\"valueRequired\":true,\"valueName\":\"search_term_string\"}}],\"inLanguage\":\"es\"}]}<\/script>\n<!-- \/ Yoast SEO plugin. -->","yoast_head_json":{"title":"Premium 78 in Acoustic Slat Wood Wall Panel - AesthEdge Wall Panel","description":"Our Linyi Shandong China-based company in Shandong offers premium Acoustic Slat Wood Wall Panel . Rely on our export services for premium products.","robots":{"index":"index","follow":"follow","max-snippet":"max-snippet:-1","max-image-preview":"max-image-preview:large","max-video-preview":"max-video-preview:-1"},"canonical":"https:\/\/aesthedgewallpanel.com\/es\/product\/acoustic-panel-1\/","og_locale":"es_ES","og_type":"article","og_title":"Premium 78 in Acoustic Slat Wood Wall Panel - AesthEdge Wall Panel","og_description":"Our Linyi Shandong China-based company in Shandong offers premium Acoustic Slat Wood Wall Panel . Rely on our export services for premium products.","og_url":"https:\/\/aesthedgewallpanel.com\/es\/product\/acoustic-panel-1\/","og_site_name":"AesthedgeWallPanel","article_modified_time":"2026-02-09T08:22:33+00:00","og_image":[{"width":800,"height":800,"url":"https:\/\/aesthedgewallpanel.com\/wp-content\/uploads\/2024\/06\/white-oak-1.jpg","type":"image\/jpeg"}],"twitter_card":"summary_large_image","twitter_misc":{"Tiempo de lectura":"4 minutos"},"schema":{"@context":"https:\/\/schema.org","@graph":[{"@type":"WebPage","@id":"https:\/\/aesthedgewallpanel.com\/product\/acoustic-panel-1\/","url":"https:\/\/aesthedgewallpanel.com\/product\/acoustic-panel-1\/","name":"Premium 78 in Acoustic Slat Wood Wall Panel - AesthEdge Wall Panel","isPartOf":{"@id":"https:\/\/aesthedgewallpanel.com\/#website"},"primaryImageOfPage":{"@id":"https:\/\/aesthedgewallpanel.com\/product\/acoustic-panel-1\/#primaryimage"},"image":{"@id":"https:\/\/aesthedgewallpanel.com\/product\/acoustic-panel-1\/#primaryimage"},"thumbnailUrl":"https:\/\/aesthedgewallpanel.com\/wp-content\/uploads\/2024\/06\/white-oak-1.jpg","datePublished":"2026-02-07T10:07:00+00:00","dateModified":"2026-02-09T08:22:33+00:00","description":"Our Linyi Shandong China-based company in Shandong offers premium Acoustic Slat Wood Wall Panel . Rely on our export services for premium products.","breadcrumb":{"@id":"https:\/\/aesthedgewallpanel.com\/product\/acoustic-panel-1\/#breadcrumb"},"inLanguage":"es","potentialAction":[{"@type":"ReadAction","target":["https:\/\/aesthedgewallpanel.com\/product\/acoustic-panel-1\/"]}]},{"@type":"ImageObject","inLanguage":"es","@id":"https:\/\/aesthedgewallpanel.com\/product\/acoustic-panel-1\/#primaryimage","url":"https:\/\/aesthedgewallpanel.com\/wp-content\/uploads\/2024\/06\/white-oak-1.jpg","contentUrl":"https:\/\/aesthedgewallpanel.com\/wp-content\/uploads\/2024\/06\/white-oak-1.jpg","width":800,"height":800},{"@type":"BreadcrumbList","@id":"https:\/\/aesthedgewallpanel.com\/product\/acoustic-panel-1\/#breadcrumb","itemListElement":[{"@type":"ListItem","position":1,"name":"Home","item":"https:\/\/aesthedgewallpanel.com\/"},{"@type":"ListItem","position":2,"name":"ACOUSTIC PANEL","item":"https:\/\/aesthedgewallpanel.com\/product-category\/acoustic-panel\/"},{"@type":"ListItem","position":3,"name":"78 in Acoustic Slat Wood Wall Panel"}]},{"@type":"WebSite","@id":"https:\/\/aesthedgewallpanel.com\/#website","url":"https:\/\/aesthedgewallpanel.com\/","name":"AesthedgeWallPanel","description":"Aesthedge Solutions for Modern Spaces","potentialAction":[{"@type":"SearchAction","target":{"@type":"EntryPoint","urlTemplate":"https:\/\/aesthedgewallpanel.com\/?s={search_term_string}"},"query-input":{"@type":"PropertyValueSpecification","valueRequired":true,"valueName":"search_term_string"}}],"inLanguage":"es"}]}},"_links":{"self":[{"href":"https:\/\/aesthedgewallpanel.com\/es\/wp-json\/wp\/v2\/product\/132","targetHints":{"allow":["GET"]}}],"collection":[{"href":"https:\/\/aesthedgewallpanel.com\/es\/wp-json\/wp\/v2\/product"}],"about":[{"href":"https:\/\/aesthedgewallpanel.com\/es\/wp-json\/wp\/v2\/types\/product"}],"wp:featuredmedia":[{"embeddable":true,"href":"https:\/\/aesthedgewallpanel.com\/es\/wp-json\/wp\/v2\/media\/1284"}],"wp:attachment":[{"href":"https:\/\/aesthedgewallpanel.com\/es\/wp-json\/wp\/v2\/media?parent=132"}],"wp:term":[{"taxonomy":"products_category","embeddable":true,"href":"https:\/\/aesthedgewallpanel.com\/es\/wp-json\/wp\/v2\/products_category?post=132"},{"taxonomy":"surface_pvc_marble_sheet_","embeddable":true,"href":"https:\/\/aesthedgewallpanel.com\/es\/wp-json\/wp\/v2\/surface_pvc_marble_sheet_?post=132"},{"taxonomy":"style__acoustic_panel_","embeddable":true,"href":"https:\/\/aesthedgewallpanel.com\/es\/wp-json\/wp\/v2\/style__acoustic_panel_?post=132"},{"taxonomy":"film__bamboo_charcoal_wood_venee","embeddable":true,"href":"https:\/\/aesthedgewallpanel.com\/es\/wp-json\/wp\/v2\/film__bamboo_charcoal_wood_venee?post=132"},{"taxonomy":"color_wpc_wall_panel","embeddable":true,"href":"https:\/\/aesthedgewallpanel.com\/es\/wp-json\/wp\/v2\/color_wpc_wall_panel?post=132"},{"taxonomy":"color_spc_wall_panel_","embeddable":true,"href":"https:\/\/aesthedgewallpanel.com\/es\/wp-json\/wp\/v2\/color_spc_wall_panel_?post=132"},{"taxonomy":"shape","embeddable":true,"href":"https:\/\/aesthedgewallpanel.com\/es\/wp-json\/wp\/v2\/shape?post=132"}],"curies":[{"name":"wp","href":"https:\/\/api.w.org\/{rel}","templated":true}]}}