{"id":139,"date":"2024-10-15T10:07:00","date_gmt":"2024-10-15T10:07:00","guid":{"rendered":"https:\/\/aesthedgewallpanel.com\/?post_type=product&#038;p=139"},"modified":"2024-12-06T06:29:55","modified_gmt":"2024-12-06T06:29:55","slug":"pvc-marble-sheet-2","status":"publish","type":"product","link":"https:\/\/aesthedgewallpanel.com\/es\/product\/pvc-marble-sheet-2\/","title":{"rendered":"L\u00e1mina de m\u00e1rmol UV premium dorado"},"content":{"rendered":"<h2 class=\"wp-block-heading\"><br><strong>\u00bfQu\u00e9 son las placas de m\u00e1rmol UV?<\/strong><\/h2>\n\n\n\n<p>Las planchas de m\u00e1rmol UV son paneles decorativos de policloruro de vinilo (PVC) que reproducen la elegancia del m\u00e1rmol natural. Estas planchas ofrecen el aspecto lujoso del m\u00e1rmol a un precio muy inferior, son ligeras y requieren poco mantenimiento, lo que las convierte en una alternativa pr\u00e1ctica a la piedra natural.<\/p>\n\n\n\n<h2 class=\"wp-block-heading\"><strong>Hojas de m\u00e1rmol UV Ventajas y aspectos destacados<\/strong><\/h2>\n\n\n\n<h3 class=\"wp-block-heading\"><strong>Apariencia<\/strong><\/h3>\n\n\n\n<p>Las planchas de m\u00e1rmol UV tienen un aspecto de m\u00e1rmol muy realista. La tecnolog\u00eda de impresi\u00f3n UV reproduce las intrincadas texturas, colores y patrones del m\u00e1rmol natural, dando a los espacios un aspecto elegante y lujoso.<\/p>\n\n\n\n<h3 class=\"wp-block-heading\"><strong>Rendimiento<\/strong><\/h3>\n\n\n\n<div class=\"wp-block-columns alignwide is-layout-flex wp-container-core-columns-is-layout-9d6595d7 wp-block-columns-is-layout-flex\">\n<div class=\"wp-block-column has-text-color has-background has-link-color wp-elements-6ea3cc3b89610768962a76067fabf3aa is-layout-flow wp-block-column-is-layout-flow\" style=\"color:#000000;background-color:#ffe97d;padding-top:2em;padding-right:2em;padding-bottom:2em;padding-left:2em\">\n<p><strong>Gran resistencia al desgaste<\/strong><\/p>\n\n\n\n<p>Las planchas de m\u00e1rmol UV presentan un revestimiento protector de la superficie que las protege de ara\u00f1azos y abrasiones, garantizando que su aspecto impecable dure a\u00f1os.<\/p>\n<\/div>\n\n\n\n<div class=\"wp-block-column has-text-color has-background has-link-color wp-elements-6271f3c899fc1f10b014839382213035 is-layout-flow wp-block-column-is-layout-flow\" style=\"color:#000000;background-color:#d1d1e1;padding-top:2em;padding-right:2em;padding-bottom:2em;padding-left:2em\">\n<p><strong>Resistencia al fuego<\/strong><\/p>\n\n\n\n<p>Las planchas de m\u00e1rmol UV suelen tener un cierto nivel de resistencia al fuego, cumpliendo los requisitos b\u00e1sicos de protecci\u00f3n contra incendios para la decoraci\u00f3n de interiores. Las planchas de m\u00e1rmol UV AesthEdge pueden alcanzar una clasificaci\u00f3n al fuego de nivel B1.<\/p>\n<\/div>\n\n\n\n<div class=\"wp-block-column has-text-color has-background has-link-color wp-elements-0f5b896b8914a01ecc99b1a87e84db94 is-layout-flow wp-block-column-is-layout-flow\" style=\"color:#000000;background-color:#c0ebf1;padding-top:2em;padding-right:2em;padding-bottom:2em;padding-left:2em\">\n<p><strong>Resistente al agua<\/strong><\/p>\n\n\n\n<p>Estas planchas UV son la elecci\u00f3n perfecta para entornos muy h\u00famedos, como ba\u00f1os y cocinas. Est\u00e1n dise\u00f1adas para soportar la humedad sin deformarse ni deteriorarse.<\/p>\n<\/div>\n<\/div>\n\n\n\n<div class=\"wp-block-group is-nowrap is-layout-flex wp-container-core-group-is-layout-ad2f72ca wp-block-group-is-layout-flex\">\n<h3 class=\"wp-block-heading\"><strong>Instalaci\u00f3n y mantenimiento<\/strong><\/h3>\n\n\n\n<p><br><\/p>\n<\/div>\n\n\n\n<p><strong>F\u00e1cil de instalar y limpiar<\/strong><\/p>\n\n\n\n<p>Son relativamente ligeras, las l\u00e1minas uv para paredes son muy f\u00e1ciles de transportar e instalar. La instalaci\u00f3n es un proceso sencillo, que ahorra tiempo y dinero. Una simple limpieza suele bastar para mantener limpias las l\u00e1minas UV para paredes, lo que reduce los esfuerzos de mantenimiento.<\/p>\n\n\n\n<p><strong>Relaci\u00f3n coste-eficacia<\/strong><\/p>\n\n\n\n<p>Las planchas de m\u00e1rmol UV ofrecen una alternativa rentable al m\u00e1rmol natural sin renunciar a la est\u00e9tica. Su atractivo aspecto las convierte en una opci\u00f3n excelente para proyectos que priorizan tanto el estilo como la asequibilidad.<\/p>\n\n\n\n<h2 class=\"wp-block-heading\"><strong>Planchas de m\u00e1rmol UV Aplicaciones<\/strong><\/h2>\n\n\n\n<div class=\"wp-block-columns is-layout-flex wp-container-core-columns-is-layout-9d6595d7 wp-block-columns-is-layout-flex\">\n<div class=\"wp-block-column is-layout-flow wp-block-column-is-layout-flow\">\n<figure class=\"wp-block-gallery has-nested-images columns-default is-cropped wp-block-gallery-1 is-layout-flex wp-block-gallery-is-layout-flex\">\n<figure class=\"wp-block-image size-full\"><img decoding=\"async\" width=\"1024\" height=\"900\" data-id=\"1421\" src=\"https:\/\/aesthedgewallpanel.com\/wp-content\/uploads\/2024\/06\/New-Project.webp\" alt=\"uv marble sheet\" class=\"wp-image-1421\" srcset=\"https:\/\/aesthedgewallpanel.com\/wp-content\/uploads\/2024\/06\/New-Project.webp 1024w, https:\/\/aesthedgewallpanel.com\/wp-content\/uploads\/2024\/06\/New-Project-300x264.webp 300w, https:\/\/aesthedgewallpanel.com\/wp-content\/uploads\/2024\/06\/New-Project-768x675.webp 768w\" sizes=\"(max-width: 1024px) 100vw, 1024px\" \/><\/figure>\n<\/figure>\n\n\n\n<figure class=\"wp-block-image size-full\"><img decoding=\"async\" width=\"1024\" height=\"900\" src=\"https:\/\/aesthedgewallpanel.com\/wp-content\/uploads\/2024\/06\/New-Project-2.webp\" alt=\"\" class=\"wp-image-1422\" srcset=\"https:\/\/aesthedgewallpanel.com\/wp-content\/uploads\/2024\/06\/New-Project-2.webp 1024w, https:\/\/aesthedgewallpanel.com\/wp-content\/uploads\/2024\/06\/New-Project-2-300x264.webp 300w, https:\/\/aesthedgewallpanel.com\/wp-content\/uploads\/2024\/06\/New-Project-2-768x675.webp 768w\" sizes=\"(max-width: 1024px) 100vw, 1024px\" \/><\/figure>\n<\/div>\n\n\n\n<div class=\"wp-block-column is-layout-flow wp-block-column-is-layout-flow\">\n<figure class=\"wp-block-image size-full\"><img decoding=\"async\" width=\"1024\" height=\"900\" src=\"https:\/\/aesthedgewallpanel.com\/wp-content\/uploads\/2024\/06\/New-Project-1.webp\" alt=\"\" class=\"wp-image-1423\" srcset=\"https:\/\/aesthedgewallpanel.com\/wp-content\/uploads\/2024\/06\/New-Project-1.webp 1024w, https:\/\/aesthedgewallpanel.com\/wp-content\/uploads\/2024\/06\/New-Project-1-300x264.webp 300w, https:\/\/aesthedgewallpanel.com\/wp-content\/uploads\/2024\/06\/New-Project-1-768x675.webp 768w\" sizes=\"(max-width: 1024px) 100vw, 1024px\" \/><\/figure>\n\n\n\n<figure class=\"wp-block-image size-full\"><img decoding=\"async\" width=\"1024\" height=\"900\" src=\"https:\/\/aesthedgewallpanel.com\/wp-content\/uploads\/2024\/06\/New-Project-3.webp\" alt=\"uv sheet\" class=\"wp-image-1424\" srcset=\"https:\/\/aesthedgewallpanel.com\/wp-content\/uploads\/2024\/06\/New-Project-3.webp 1024w, https:\/\/aesthedgewallpanel.com\/wp-content\/uploads\/2024\/06\/New-Project-3-300x264.webp 300w, https:\/\/aesthedgewallpanel.com\/wp-content\/uploads\/2024\/06\/New-Project-3-768x675.webp 768w\" sizes=\"(max-width: 1024px) 100vw, 1024px\" \/><\/figure>\n<\/div>\n<\/div>\n\n\n\n<p>Las planchas de m\u00e1rmol UV ofrecen una soluci\u00f3n vers\u00e1til para una amplia gama de aplicaciones, lo que las convierte en una opci\u00f3n popular tanto para espacios residenciales como comerciales.<\/p>\n\n\n\n<p><strong>Locales comerciales<\/strong><\/p>\n\n\n\n<p>Cause una impresi\u00f3n duradera en los hu\u00e9spedes con las planchas de m\u00e1rmol UV en hoteles, centros comerciales y restaurantes. Mejore la imagen de marca y atraiga a m\u00e1s clientes con nuestras elegantes y duraderas planchas de m\u00e1rmol UV.<\/p>\n\n\n\n<p><strong>Decoraci\u00f3n interior<\/strong><\/p>\n\n\n\n<p>Eleve los espacios vitales con planchas de m\u00e1rmol UV, a\u00f1adiendo un toque de sofisticaci\u00f3n a paredes, techos y salpicaderos.<\/p>\n\n\n\n<p>Cree una cocina y un ba\u00f1o lujosos e higi\u00e9nicos con nuestras planchas de m\u00e1rmol UV impermeables y f\u00e1ciles de limpiar.<\/p>\n\n\n\n<p><strong>Oficinas<\/strong><\/p>\n\n\n\n<p>Fomente un ambiente profesional y acogedor en los edificios de oficinas con nuestras elegantes planchas de m\u00e1rmol UV.<\/p>\n\n\n\n<p>Cree una sala de reuniones moderna y funcional que deje una impresi\u00f3n duradera.<\/p>\n\n\n\n<p>Para tama\u00f1os, colores, relieves y acabados personalizados, p\u00f3ngase en contacto con&nbsp;<a href=\"\/es\/contact\/\">p\u00f3ngase en contacto con nosotros<\/a>.<\/p>\n\n\n\n<p><strong>Si desea m\u00e1s informaci\u00f3n sobre nuestra l\u00e1mina de m\u00e1rmol de PVC, p\u00f3ngase en contacto con nosotros.&nbsp;<a href=\"https:\/\/aesthedgewallpanel.com\/wp-content\/uploads\/2024\/07\/Aesthedge-Catalog.pdf\">Descargar el cat\u00e1logo de Aesthedge<\/a><\/strong><\/p>\n\n\n\n<p><\/p>","protected":false},"excerpt":{"rendered":"<p>6 pulg. Ancho x 36 pulg. Largo Bajo Brillo<\/p>","protected":false},"featured_media":1321,"template":"","products_category":[4],"surface_pvc_marble_sheet_":[126],"style__acoustic_panel_":[],"film__bamboo_charcoal_wood_venee":[],"color_wpc_wall_panel":[],"color_spc_wall_panel_":[],"shape":[],"class_list":["post-139","product","type-product","status-publish","has-post-thumbnail","hentry","products_category-pvc-marble-sheet","surface_pvc_marble_sheet_-gilded-marble-sheet"],"yoast_head":"<!-- This site is optimized with the Yoast SEO plugin v25.5 - https:\/\/yoast.com\/wordpress\/plugins\/seo\/ -->\n<title>Premium UV Marble Sheets: Realistic Marble, Easy Installation<\/title>\n<meta name=\"description\" content=\"Our UV marble sheets offer a high-quality, cost-effective alternative to natural marble. Perfect for interior design projects. Contact us for a quote today.\" \/>\n<meta name=\"robots\" content=\"index, follow, max-snippet:-1, max-image-preview:large, max-video-preview:-1\" \/>\n<link rel=\"canonical\" href=\"https:\/\/aesthedgewallpanel.com\/es\/product\/pvc-marble-sheet-2\/\" \/>\n<meta property=\"og:locale\" content=\"es_ES\" \/>\n<meta property=\"og:type\" content=\"article\" \/>\n<meta property=\"og:title\" content=\"Premium UV Marble Sheets: Realistic Marble, Easy Installation\" \/>\n<meta property=\"og:description\" content=\"Our UV marble sheets offer a high-quality, cost-effective alternative to natural marble. Perfect for interior design projects. Contact us for a quote today.\" \/>\n<meta property=\"og:url\" content=\"https:\/\/aesthedgewallpanel.com\/es\/product\/pvc-marble-sheet-2\/\" \/>\n<meta property=\"og:site_name\" content=\"AesthedgeWallPanel\" \/>\n<meta property=\"article:modified_time\" content=\"2024-12-06T06:29:55+00:00\" \/>\n<meta property=\"og:image\" content=\"https:\/\/aesthedgewallpanel.com\/wp-content\/uploads\/2024\/06\/pvc-marble-sheet-black.jpg\" \/>\n\t<meta property=\"og:image:width\" content=\"710\" \/>\n\t<meta property=\"og:image:height\" content=\"500\" \/>\n\t<meta property=\"og:image:type\" content=\"image\/jpeg\" \/>\n<meta name=\"twitter:card\" content=\"summary_large_image\" \/>\n<meta name=\"twitter:label1\" content=\"Tiempo de lectura\" \/>\n\t<meta name=\"twitter:data1\" content=\"3 minutos\" \/>\n<script type=\"application\/ld+json\" class=\"yoast-schema-graph\">{\"@context\":\"https:\/\/schema.org\",\"@graph\":[{\"@type\":\"WebPage\",\"@id\":\"https:\/\/aesthedgewallpanel.com\/product\/pvc-marble-sheet-2\/\",\"url\":\"https:\/\/aesthedgewallpanel.com\/product\/pvc-marble-sheet-2\/\",\"name\":\"Premium UV Marble Sheets: Realistic Marble, Easy Installation\",\"isPartOf\":{\"@id\":\"https:\/\/aesthedgewallpanel.com\/#website\"},\"primaryImageOfPage\":{\"@id\":\"https:\/\/aesthedgewallpanel.com\/product\/pvc-marble-sheet-2\/#primaryimage\"},\"image\":{\"@id\":\"https:\/\/aesthedgewallpanel.com\/product\/pvc-marble-sheet-2\/#primaryimage\"},\"thumbnailUrl\":\"https:\/\/aesthedgewallpanel.com\/wp-content\/uploads\/2024\/06\/pvc-marble-sheet-black.jpg\",\"datePublished\":\"2024-10-15T10:07:00+00:00\",\"dateModified\":\"2024-12-06T06:29:55+00:00\",\"description\":\"Our UV marble sheets offer a high-quality, cost-effective alternative to natural marble. Perfect for interior design projects. Contact us for a quote today.\",\"breadcrumb\":{\"@id\":\"https:\/\/aesthedgewallpanel.com\/product\/pvc-marble-sheet-2\/#breadcrumb\"},\"inLanguage\":\"es\",\"potentialAction\":[{\"@type\":\"ReadAction\",\"target\":[\"https:\/\/aesthedgewallpanel.com\/product\/pvc-marble-sheet-2\/\"]}]},{\"@type\":\"ImageObject\",\"inLanguage\":\"es\",\"@id\":\"https:\/\/aesthedgewallpanel.com\/product\/pvc-marble-sheet-2\/#primaryimage\",\"url\":\"https:\/\/aesthedgewallpanel.com\/wp-content\/uploads\/2024\/06\/pvc-marble-sheet-black.jpg\",\"contentUrl\":\"https:\/\/aesthedgewallpanel.com\/wp-content\/uploads\/2024\/06\/pvc-marble-sheet-black.jpg\",\"width\":710,\"height\":500},{\"@type\":\"BreadcrumbList\",\"@id\":\"https:\/\/aesthedgewallpanel.com\/product\/pvc-marble-sheet-2\/#breadcrumb\",\"itemListElement\":[{\"@type\":\"ListItem\",\"position\":1,\"name\":\"Home\",\"item\":\"https:\/\/aesthedgewallpanel.com\/\"},{\"@type\":\"ListItem\",\"position\":2,\"name\":\"PVC MARBLE SHEET\",\"item\":\"https:\/\/aesthedgewallpanel.com\/product-category\/pvc-marble-sheet\/\"},{\"@type\":\"ListItem\",\"position\":3,\"name\":\"Premium UV Marble Sheet-Gilded\"}]},{\"@type\":\"WebSite\",\"@id\":\"https:\/\/aesthedgewallpanel.com\/#website\",\"url\":\"https:\/\/aesthedgewallpanel.com\/\",\"name\":\"AesthedgeWallPanel\",\"description\":\"Aesthedge Solutions for Modern Spaces\",\"potentialAction\":[{\"@type\":\"SearchAction\",\"target\":{\"@type\":\"EntryPoint\",\"urlTemplate\":\"https:\/\/aesthedgewallpanel.com\/?s={search_term_string}\"},\"query-input\":{\"@type\":\"PropertyValueSpecification\",\"valueRequired\":true,\"valueName\":\"search_term_string\"}}],\"inLanguage\":\"es\"}]}<\/script>\n<!-- \/ Yoast SEO plugin. -->","yoast_head_json":{"title":"Premium UV Marble Sheets: Realistic Marble, Easy Installation","description":"Our UV marble sheets offer a high-quality, cost-effective alternative to natural marble. Perfect for interior design projects. Contact us for a quote today.","robots":{"index":"index","follow":"follow","max-snippet":"max-snippet:-1","max-image-preview":"max-image-preview:large","max-video-preview":"max-video-preview:-1"},"canonical":"https:\/\/aesthedgewallpanel.com\/es\/product\/pvc-marble-sheet-2\/","og_locale":"es_ES","og_type":"article","og_title":"Premium UV Marble Sheets: Realistic Marble, Easy Installation","og_description":"Our UV marble sheets offer a high-quality, cost-effective alternative to natural marble. Perfect for interior design projects. Contact us for a quote today.","og_url":"https:\/\/aesthedgewallpanel.com\/es\/product\/pvc-marble-sheet-2\/","og_site_name":"AesthedgeWallPanel","article_modified_time":"2024-12-06T06:29:55+00:00","og_image":[{"width":710,"height":500,"url":"https:\/\/aesthedgewallpanel.com\/wp-content\/uploads\/2024\/06\/pvc-marble-sheet-black.jpg","type":"image\/jpeg"}],"twitter_card":"summary_large_image","twitter_misc":{"Tiempo de lectura":"3 minutos"},"schema":{"@context":"https:\/\/schema.org","@graph":[{"@type":"WebPage","@id":"https:\/\/aesthedgewallpanel.com\/product\/pvc-marble-sheet-2\/","url":"https:\/\/aesthedgewallpanel.com\/product\/pvc-marble-sheet-2\/","name":"Premium UV Marble Sheets: Realistic Marble, Easy Installation","isPartOf":{"@id":"https:\/\/aesthedgewallpanel.com\/#website"},"primaryImageOfPage":{"@id":"https:\/\/aesthedgewallpanel.com\/product\/pvc-marble-sheet-2\/#primaryimage"},"image":{"@id":"https:\/\/aesthedgewallpanel.com\/product\/pvc-marble-sheet-2\/#primaryimage"},"thumbnailUrl":"https:\/\/aesthedgewallpanel.com\/wp-content\/uploads\/2024\/06\/pvc-marble-sheet-black.jpg","datePublished":"2024-10-15T10:07:00+00:00","dateModified":"2024-12-06T06:29:55+00:00","description":"Our UV marble sheets offer a high-quality, cost-effective alternative to natural marble. Perfect for interior design projects. Contact us for a quote today.","breadcrumb":{"@id":"https:\/\/aesthedgewallpanel.com\/product\/pvc-marble-sheet-2\/#breadcrumb"},"inLanguage":"es","potentialAction":[{"@type":"ReadAction","target":["https:\/\/aesthedgewallpanel.com\/product\/pvc-marble-sheet-2\/"]}]},{"@type":"ImageObject","inLanguage":"es","@id":"https:\/\/aesthedgewallpanel.com\/product\/pvc-marble-sheet-2\/#primaryimage","url":"https:\/\/aesthedgewallpanel.com\/wp-content\/uploads\/2024\/06\/pvc-marble-sheet-black.jpg","contentUrl":"https:\/\/aesthedgewallpanel.com\/wp-content\/uploads\/2024\/06\/pvc-marble-sheet-black.jpg","width":710,"height":500},{"@type":"BreadcrumbList","@id":"https:\/\/aesthedgewallpanel.com\/product\/pvc-marble-sheet-2\/#breadcrumb","itemListElement":[{"@type":"ListItem","position":1,"name":"Home","item":"https:\/\/aesthedgewallpanel.com\/"},{"@type":"ListItem","position":2,"name":"PVC MARBLE SHEET","item":"https:\/\/aesthedgewallpanel.com\/product-category\/pvc-marble-sheet\/"},{"@type":"ListItem","position":3,"name":"Premium UV Marble Sheet-Gilded"}]},{"@type":"WebSite","@id":"https:\/\/aesthedgewallpanel.com\/#website","url":"https:\/\/aesthedgewallpanel.com\/","name":"AesthedgeWallPanel","description":"Aesthedge Solutions for Modern Spaces","potentialAction":[{"@type":"SearchAction","target":{"@type":"EntryPoint","urlTemplate":"https:\/\/aesthedgewallpanel.com\/?s={search_term_string}"},"query-input":{"@type":"PropertyValueSpecification","valueRequired":true,"valueName":"search_term_string"}}],"inLanguage":"es"}]}},"_links":{"self":[{"href":"https:\/\/aesthedgewallpanel.com\/es\/wp-json\/wp\/v2\/product\/139","targetHints":{"allow":["GET"]}}],"collection":[{"href":"https:\/\/aesthedgewallpanel.com\/es\/wp-json\/wp\/v2\/product"}],"about":[{"href":"https:\/\/aesthedgewallpanel.com\/es\/wp-json\/wp\/v2\/types\/product"}],"wp:featuredmedia":[{"embeddable":true,"href":"https:\/\/aesthedgewallpanel.com\/es\/wp-json\/wp\/v2\/media\/1321"}],"wp:attachment":[{"href":"https:\/\/aesthedgewallpanel.com\/es\/wp-json\/wp\/v2\/media?parent=139"}],"wp:term":[{"taxonomy":"products_category","embeddable":true,"href":"https:\/\/aesthedgewallpanel.com\/es\/wp-json\/wp\/v2\/products_category?post=139"},{"taxonomy":"surface_pvc_marble_sheet_","embeddable":true,"href":"https:\/\/aesthedgewallpanel.com\/es\/wp-json\/wp\/v2\/surface_pvc_marble_sheet_?post=139"},{"taxonomy":"style__acoustic_panel_","embeddable":true,"href":"https:\/\/aesthedgewallpanel.com\/es\/wp-json\/wp\/v2\/style__acoustic_panel_?post=139"},{"taxonomy":"film__bamboo_charcoal_wood_venee","embeddable":true,"href":"https:\/\/aesthedgewallpanel.com\/es\/wp-json\/wp\/v2\/film__bamboo_charcoal_wood_venee?post=139"},{"taxonomy":"color_wpc_wall_panel","embeddable":true,"href":"https:\/\/aesthedgewallpanel.com\/es\/wp-json\/wp\/v2\/color_wpc_wall_panel?post=139"},{"taxonomy":"color_spc_wall_panel_","embeddable":true,"href":"https:\/\/aesthedgewallpanel.com\/es\/wp-json\/wp\/v2\/color_spc_wall_panel_?post=139"},{"taxonomy":"shape","embeddable":true,"href":"https:\/\/aesthedgewallpanel.com\/es\/wp-json\/wp\/v2\/shape?post=139"}],"curies":[{"name":"wp","href":"https:\/\/api.w.org\/{rel}","templated":true}]}}