{"id":146,"date":"2024-06-15T11:48:20","date_gmt":"2024-06-15T11:48:20","guid":{"rendered":"https:\/\/aesthedgewallpanel.com\/?post_type=product&#038;p=146"},"modified":"2025-01-20T09:15:43","modified_gmt":"2025-01-20T09:15:43","slug":"wpc-louvers","status":"publish","type":"product","link":"https:\/\/aesthedgewallpanel.com\/es\/product\/wpc-louvers\/","title":{"rendered":"Premium WPC Louvers CSW-150\u00d717"},"content":{"rendered":"<h2 class=\"wp-block-heading\">Descripci\u00f3n de las persianas de WPC<\/h2>\n\n\n\n<figure class=\"wp-block-image size-large\"><img decoding=\"async\" width=\"1024\" height=\"310\" src=\"https:\/\/aesthedgewallpanel.com\/wp-content\/uploads\/2024\/06\/image-1-1024x310.png\" alt=\"\" class=\"wp-image-2541\" srcset=\"https:\/\/aesthedgewallpanel.com\/wp-content\/uploads\/2024\/06\/image-1-1024x310.png 1024w, https:\/\/aesthedgewallpanel.com\/wp-content\/uploads\/2024\/06\/image-1-300x91.png 300w, https:\/\/aesthedgewallpanel.com\/wp-content\/uploads\/2024\/06\/image-1-768x232.png 768w, https:\/\/aesthedgewallpanel.com\/wp-content\/uploads\/2024\/06\/image-1.png 1077w\" sizes=\"(max-width: 1024px) 100vw, 1024px\" \/><\/figure>\n\n\n\n<p>Las persianas de WPC, tambi\u00e9n conocidas como <a href=\"https:\/\/aesthedgewallpanel.com\/es\/product-category\/wpc-wall-panel\/\">Paneles de pared de WPC<\/a> o revestimiento compuesto de madera y pl\u00e1stico, son revestimientos murales que amalgaman fibras de madera con termopl\u00e1sticos, generando un producto muy duradero y polifac\u00e9tico. Debido a sus m\u00e9ritos est\u00e9ticos y funcionales, las persianas de WPC tienen amplias aplicaciones en contextos residenciales y comerciales.<\/p>\n\n\n\n<h2 class=\"wp-block-heading\">WPC Louvers Colores<\/h2>\n\n\n\n<p>Para tama\u00f1os personalizados,\u00a0<a href=\"https:\/\/aesthedgewallpanel.com\/es\/contact\/\" target=\"_blank\" rel=\"noreferrer noopener\">colores<\/a>, relieves superficiales y acabados, por favor\u00a0<a href=\"https:\/\/aesthedgewallpanel.com\/es\/contact\/\">p\u00f3ngase en contacto con nosotros<\/a>.<\/p>\n\n\n\n<h2 class=\"wp-block-heading\"><strong>Ventajas de las persianas de WPC<\/strong><\/h2>\n\n\n\n<div class=\"wp-block-columns alignwide is-layout-flex wp-container-core-columns-is-layout-9d6595d7 wp-block-columns-is-layout-flex\">\n<div class=\"wp-block-column has-text-color has-background has-link-color wp-elements-e19910fae8cd2c99e036c464d4365c2f is-layout-flow wp-block-column-is-layout-flow\" style=\"color:#000000;background-color:#ffe97d;padding-top:2em;padding-right:2em;padding-bottom:2em;padding-left:2em\">\n<p><strong>bajo mantenimiento<\/strong><\/p>\n\n\n\n<p>Las persianas de WPC requieren muy poco mantenimiento. Son resistentes a la suciedad y a la intemperie y requieren mucho menos mantenimiento que los paneles de madera tradicionales.<\/p>\n<\/div>\n\n\n\n<div class=\"wp-block-column has-text-color has-background has-link-color wp-elements-74598b5764c045aa6e1418f3a640c7f3 is-layout-flow wp-block-column-is-layout-flow\" style=\"color:#000000;background-color:#d1d1e1;padding-top:2em;padding-right:2em;padding-bottom:2em;padding-left:2em\">\n<p class=\"has-normal-font-size\" style=\"line-height:1.5\"><strong><strong>Varios colores atractivos<\/strong><\/strong><\/p>\n\n\n\n<p>Las persianas de WPC est\u00e1n disponibles en varios colores y texturas atractivos. Mientras que la madera tradicional ofrece m\u00e1s posibilidades de personalizaci\u00f3n, los modernos paneles de WPC imitan fielmente el aspecto y el tacto de la madera natural.<\/p>\n<\/div>\n\n\n\n<div class=\"wp-block-column has-text-color has-background has-link-color wp-elements-8fab91725dfacde2e67ba33244d6dcfb is-layout-flow wp-block-column-is-layout-flow\" style=\"color:#000000;background-color:#c0ebf1;padding-top:2em;padding-right:2em;padding-bottom:2em;padding-left:2em\">\n<p><strong>Relativamente duradero<\/strong><\/p>\n\n\n\n<p>WPC Louvers are incredibly durable, combining wood&#8217;s strength with plastic&#8217;s resilience. They can withstand impacts, dents, and scratches.<\/p>\n<\/div>\n<\/div>\n\n\n\n<h2 class=\"wp-block-heading\"><strong>\u00a1Obtenga persianas de WPC de alta calidad de AesthEdge!<\/strong><\/h2>\n\n\n\n<div class=\"wp-block-media-text is-stacked-on-mobile\"><figure class=\"wp-block-media-text__media\"><video controls src=\"https:\/\/aesthedgewallpanel.com\/wp-content\/uploads\/2024\/10\/wpc-wall-panel-19925.mp4\"><\/video><\/figure><div class=\"wp-block-media-text__content\">\n<p>Para persianas de WPC de alta calidad que combinan durabilidad, larga vida \u00fatil y atractivo est\u00e9tico, <a href=\"https:\/\/aesthedgewallpanel.com\/es\/about\/\">AesthEdge<\/a> es su mejor opci\u00f3n.<\/p>\n\n\n\n<p>Como l\u00edder innovador en materiales compuestos, AesthEdge establece el est\u00e1ndar de la industria en cuanto a calidad, sostenibilidad y durabilidad. Nuestra amplia gama de persianas de WPC ofrece la soluci\u00f3n perfecta para todas sus necesidades. Descargue la <a href=\"https:\/\/aesthedgewallpanel.com\/wp-content\/uploads\/2024\/09\/WPC-Wall-Panel.pdf\">Cat\u00e1logo de persianas WPC<\/a> para conocer m\u00e1s detalles.<\/p>\n\n\n\n<p>Don&#8217;t miss out on this golden opportunity! <a href=\"https:\/\/aesthedgewallpanel.com\/es\/contact\/\">P\u00f3ngase en contacto con nosotros<\/a> para solicitar su muestra gratuita y obtener ofertas y descuentos exclusivos reservados \u00fanicamente a nuestros estimados clientes.<\/p>\n<\/div><\/div>\n\n\n\n<h2 class=\"wp-block-heading\"><strong>Dise\u00f1os de persianas de WPC<\/strong><\/h2>\n\n\n\n<div class=\"wp-block-columns is-layout-flex wp-container-core-columns-is-layout-9d6595d7 wp-block-columns-is-layout-flex\">\n<div class=\"wp-block-column is-layout-flow wp-block-column-is-layout-flow\" style=\"flex-basis:100%\">\n<p>Gracias a sus exclusivas ventajas de rendimiento, las persianas de WPC se han convertido en una opci\u00f3n destacada en la industria de la construcci\u00f3n y la decoraci\u00f3n. Ya sea para mejorar y proteger las paredes exteriores, mejorar la est\u00e9tica y la funcionalidad de los espacios interiores o definir el estilo de las zonas comerciales, las persianas de WPC desempe\u00f1an un papel esencial e insustituible.<\/p>\n\n\n\n<div class=\"wp-block-columns is-layout-flex wp-container-core-columns-is-layout-9d6595d7 wp-block-columns-is-layout-flex\">\n<div class=\"wp-block-column is-layout-flow wp-block-column-is-layout-flow\">\n<figure class=\"wp-block-image size-full\"><img decoding=\"async\" width=\"842\" height=\"497\" src=\"https:\/\/aesthedgewallpanel.com\/wp-content\/uploads\/2024\/06\/\u5fae\u4fe1\u622a\u56fe_20241113162051.webp\" alt=\"\" class=\"wp-image-1603\" srcset=\"https:\/\/aesthedgewallpanel.com\/wp-content\/uploads\/2024\/06\/\u5fae\u4fe1\u622a\u56fe_20241113162051.webp 842w, https:\/\/aesthedgewallpanel.com\/wp-content\/uploads\/2024\/06\/\u5fae\u4fe1\u622a\u56fe_20241113162051-300x177.webp 300w, https:\/\/aesthedgewallpanel.com\/wp-content\/uploads\/2024\/06\/\u5fae\u4fe1\u622a\u56fe_20241113162051-768x453.webp 768w\" sizes=\"(max-width: 842px) 100vw, 842px\" \/><\/figure>\n<\/div>\n\n\n\n<div class=\"wp-block-column is-layout-flow wp-block-column-is-layout-flow\">\n<figure class=\"wp-block-image size-full\"><img decoding=\"async\" width=\"842\" height=\"497\" src=\"https:\/\/aesthedgewallpanel.com\/wp-content\/uploads\/2024\/06\/\u5fae\u4fe1\u622a\u56fe_20241113162051-4.webp\" alt=\"\" class=\"wp-image-1602\" srcset=\"https:\/\/aesthedgewallpanel.com\/wp-content\/uploads\/2024\/06\/\u5fae\u4fe1\u622a\u56fe_20241113162051-4.webp 842w, https:\/\/aesthedgewallpanel.com\/wp-content\/uploads\/2024\/06\/\u5fae\u4fe1\u622a\u56fe_20241113162051-4-300x177.webp 300w, https:\/\/aesthedgewallpanel.com\/wp-content\/uploads\/2024\/06\/\u5fae\u4fe1\u622a\u56fe_20241113162051-4-768x453.webp 768w\" sizes=\"(max-width: 842px) 100vw, 842px\" \/><\/figure>\n<\/div>\n<\/div>\n<\/div>\n<\/div>\n\n\n\n<div class=\"wp-block-columns is-layout-flex wp-container-core-columns-is-layout-9d6595d7 wp-block-columns-is-layout-flex\">\n<div class=\"wp-block-column is-layout-flow wp-block-column-is-layout-flow\">\n<figure class=\"wp-block-image size-full\"><img decoding=\"async\" width=\"842\" height=\"497\" src=\"https:\/\/aesthedgewallpanel.com\/wp-content\/uploads\/2024\/06\/\u5fae\u4fe1\u622a\u56fe_20241113162051-3.webp\" alt=\"bedroom pvc wall panels\" class=\"wp-image-1601\" srcset=\"https:\/\/aesthedgewallpanel.com\/wp-content\/uploads\/2024\/06\/\u5fae\u4fe1\u622a\u56fe_20241113162051-3.webp 842w, https:\/\/aesthedgewallpanel.com\/wp-content\/uploads\/2024\/06\/\u5fae\u4fe1\u622a\u56fe_20241113162051-3-300x177.webp 300w, https:\/\/aesthedgewallpanel.com\/wp-content\/uploads\/2024\/06\/\u5fae\u4fe1\u622a\u56fe_20241113162051-3-768x453.webp 768w\" sizes=\"(max-width: 842px) 100vw, 842px\" \/><\/figure>\n<\/div>\n\n\n\n<div class=\"wp-block-column is-layout-flow wp-block-column-is-layout-flow\">\n<figure class=\"wp-block-image size-full\"><img decoding=\"async\" width=\"842\" height=\"497\" src=\"https:\/\/aesthedgewallpanel.com\/wp-content\/uploads\/2024\/06\/\u5fae\u4fe1\u622a\u56fe_20241113162051-1.webp\" alt=\"\" class=\"wp-image-1600\" srcset=\"https:\/\/aesthedgewallpanel.com\/wp-content\/uploads\/2024\/06\/\u5fae\u4fe1\u622a\u56fe_20241113162051-1.webp 842w, https:\/\/aesthedgewallpanel.com\/wp-content\/uploads\/2024\/06\/\u5fae\u4fe1\u622a\u56fe_20241113162051-1-300x177.webp 300w, https:\/\/aesthedgewallpanel.com\/wp-content\/uploads\/2024\/06\/\u5fae\u4fe1\u622a\u56fe_20241113162051-1-768x453.webp 768w\" sizes=\"(max-width: 842px) 100vw, 842px\" \/><\/figure>\n<\/div>\n<\/div>\n\n\n\n<p>Para tama\u00f1os, colores, relieves y acabados personalizados, p\u00f3ngase en contacto con&nbsp;<a href=\"\/es\/contact\/\">p\u00f3ngase en contacto con nosotros<\/a>.<\/p>","protected":false},"excerpt":{"rendered":"<p>Ecol\u00f3gico, Impermeable, Resistente al fuego<\/p>","protected":false},"featured_media":1586,"template":"","products_category":[3],"surface_pvc_marble_sheet_":[],"style__acoustic_panel_":[],"film__bamboo_charcoal_wood_venee":[],"color_wpc_wall_panel":[149],"color_spc_wall_panel_":[],"shape":[],"class_list":["post-146","product","type-product","status-publish","has-post-thumbnail","hentry","products_category-wpc-wall-panel","color_wpc_wall_panel-wood-grain"],"yoast_head":"<!-- This site is optimized with the Yoast SEO plugin v25.5 - https:\/\/yoast.com\/wordpress\/plugins\/seo\/ -->\n<title>Premium WPC Louvers Suppliers - Competitive Pricing<\/title>\n<meta name=\"description\" content=\"Discover our premium WPC Louvers designed for global export. Ideal for diverse applications in various markets. Contact us today for inquiries and orders.\" \/>\n<meta name=\"robots\" content=\"index, follow, max-snippet:-1, max-image-preview:large, max-video-preview:-1\" \/>\n<link rel=\"canonical\" href=\"https:\/\/aesthedgewallpanel.com\/es\/product\/wpc-louvers\/\" \/>\n<meta property=\"og:locale\" content=\"es_ES\" \/>\n<meta property=\"og:type\" content=\"article\" \/>\n<meta property=\"og:title\" content=\"Premium WPC Louvers Suppliers - Competitive Pricing\" \/>\n<meta property=\"og:description\" content=\"Discover our premium WPC Louvers designed for global export. Ideal for diverse applications in various markets. Contact us today for inquiries and orders.\" \/>\n<meta property=\"og:url\" content=\"https:\/\/aesthedgewallpanel.com\/es\/product\/wpc-louvers\/\" \/>\n<meta property=\"og:site_name\" content=\"AesthedgeWallPanel\" \/>\n<meta property=\"article:modified_time\" content=\"2025-01-20T09:15:43+00:00\" \/>\n<meta property=\"og:image\" content=\"https:\/\/aesthedgewallpanel.com\/wp-content\/uploads\/2024\/06\/wpc-louver-15017-1.jpg\" \/>\n\t<meta property=\"og:image:width\" content=\"800\" \/>\n\t<meta property=\"og:image:height\" content=\"800\" \/>\n\t<meta property=\"og:image:type\" content=\"image\/jpeg\" \/>\n<meta name=\"twitter:card\" content=\"summary_large_image\" \/>\n<meta name=\"twitter:label1\" content=\"Tiempo de lectura\" \/>\n\t<meta name=\"twitter:data1\" content=\"3 minutos\" \/>\n<script type=\"application\/ld+json\" class=\"yoast-schema-graph\">{\"@context\":\"https:\/\/schema.org\",\"@graph\":[{\"@type\":\"WebPage\",\"@id\":\"https:\/\/aesthedgewallpanel.com\/product\/wpc-louvers\/\",\"url\":\"https:\/\/aesthedgewallpanel.com\/product\/wpc-louvers\/\",\"name\":\"Premium WPC Louvers Suppliers - Competitive Pricing\",\"isPartOf\":{\"@id\":\"https:\/\/aesthedgewallpanel.com\/#website\"},\"primaryImageOfPage\":{\"@id\":\"https:\/\/aesthedgewallpanel.com\/product\/wpc-louvers\/#primaryimage\"},\"image\":{\"@id\":\"https:\/\/aesthedgewallpanel.com\/product\/wpc-louvers\/#primaryimage\"},\"thumbnailUrl\":\"https:\/\/aesthedgewallpanel.com\/wp-content\/uploads\/2024\/06\/wpc-louver-15017-1.jpg\",\"datePublished\":\"2024-06-15T11:48:20+00:00\",\"dateModified\":\"2025-01-20T09:15:43+00:00\",\"description\":\"Discover our premium WPC Louvers designed for global export. Ideal for diverse applications in various markets. Contact us today for inquiries and orders.\",\"breadcrumb\":{\"@id\":\"https:\/\/aesthedgewallpanel.com\/product\/wpc-louvers\/#breadcrumb\"},\"inLanguage\":\"es\",\"potentialAction\":[{\"@type\":\"ReadAction\",\"target\":[\"https:\/\/aesthedgewallpanel.com\/product\/wpc-louvers\/\"]}]},{\"@type\":\"ImageObject\",\"inLanguage\":\"es\",\"@id\":\"https:\/\/aesthedgewallpanel.com\/product\/wpc-louvers\/#primaryimage\",\"url\":\"https:\/\/aesthedgewallpanel.com\/wp-content\/uploads\/2024\/06\/wpc-louver-15017-1.jpg\",\"contentUrl\":\"https:\/\/aesthedgewallpanel.com\/wp-content\/uploads\/2024\/06\/wpc-louver-15017-1.jpg\",\"width\":800,\"height\":800},{\"@type\":\"BreadcrumbList\",\"@id\":\"https:\/\/aesthedgewallpanel.com\/product\/wpc-louvers\/#breadcrumb\",\"itemListElement\":[{\"@type\":\"ListItem\",\"position\":1,\"name\":\"Home\",\"item\":\"https:\/\/aesthedgewallpanel.com\/\"},{\"@type\":\"ListItem\",\"position\":2,\"name\":\"WPC WALL PANEL\",\"item\":\"https:\/\/aesthedgewallpanel.com\/product-category\/wpc-wall-panel\/\"},{\"@type\":\"ListItem\",\"position\":3,\"name\":\"Premium WPC Louvers CSW-150&#215;17\"}]},{\"@type\":\"WebSite\",\"@id\":\"https:\/\/aesthedgewallpanel.com\/#website\",\"url\":\"https:\/\/aesthedgewallpanel.com\/\",\"name\":\"AesthedgeWallPanel\",\"description\":\"Aesthedge Solutions for Modern Spaces\",\"potentialAction\":[{\"@type\":\"SearchAction\",\"target\":{\"@type\":\"EntryPoint\",\"urlTemplate\":\"https:\/\/aesthedgewallpanel.com\/?s={search_term_string}\"},\"query-input\":{\"@type\":\"PropertyValueSpecification\",\"valueRequired\":true,\"valueName\":\"search_term_string\"}}],\"inLanguage\":\"es\"}]}<\/script>\n<!-- \/ Yoast SEO plugin. -->","yoast_head_json":{"title":"Premium WPC Louvers Suppliers - Competitive Pricing","description":"Discover our premium WPC Louvers designed for global export. Ideal for diverse applications in various markets. Contact us today for inquiries and orders.","robots":{"index":"index","follow":"follow","max-snippet":"max-snippet:-1","max-image-preview":"max-image-preview:large","max-video-preview":"max-video-preview:-1"},"canonical":"https:\/\/aesthedgewallpanel.com\/es\/product\/wpc-louvers\/","og_locale":"es_ES","og_type":"article","og_title":"Premium WPC Louvers Suppliers - Competitive Pricing","og_description":"Discover our premium WPC Louvers designed for global export. Ideal for diverse applications in various markets. Contact us today for inquiries and orders.","og_url":"https:\/\/aesthedgewallpanel.com\/es\/product\/wpc-louvers\/","og_site_name":"AesthedgeWallPanel","article_modified_time":"2025-01-20T09:15:43+00:00","og_image":[{"width":800,"height":800,"url":"https:\/\/aesthedgewallpanel.com\/wp-content\/uploads\/2024\/06\/wpc-louver-15017-1.jpg","type":"image\/jpeg"}],"twitter_card":"summary_large_image","twitter_misc":{"Tiempo de lectura":"3 minutos"},"schema":{"@context":"https:\/\/schema.org","@graph":[{"@type":"WebPage","@id":"https:\/\/aesthedgewallpanel.com\/product\/wpc-louvers\/","url":"https:\/\/aesthedgewallpanel.com\/product\/wpc-louvers\/","name":"Premium WPC Louvers Suppliers - Competitive Pricing","isPartOf":{"@id":"https:\/\/aesthedgewallpanel.com\/#website"},"primaryImageOfPage":{"@id":"https:\/\/aesthedgewallpanel.com\/product\/wpc-louvers\/#primaryimage"},"image":{"@id":"https:\/\/aesthedgewallpanel.com\/product\/wpc-louvers\/#primaryimage"},"thumbnailUrl":"https:\/\/aesthedgewallpanel.com\/wp-content\/uploads\/2024\/06\/wpc-louver-15017-1.jpg","datePublished":"2024-06-15T11:48:20+00:00","dateModified":"2025-01-20T09:15:43+00:00","description":"Discover our premium WPC Louvers designed for global export. Ideal for diverse applications in various markets. Contact us today for inquiries and orders.","breadcrumb":{"@id":"https:\/\/aesthedgewallpanel.com\/product\/wpc-louvers\/#breadcrumb"},"inLanguage":"es","potentialAction":[{"@type":"ReadAction","target":["https:\/\/aesthedgewallpanel.com\/product\/wpc-louvers\/"]}]},{"@type":"ImageObject","inLanguage":"es","@id":"https:\/\/aesthedgewallpanel.com\/product\/wpc-louvers\/#primaryimage","url":"https:\/\/aesthedgewallpanel.com\/wp-content\/uploads\/2024\/06\/wpc-louver-15017-1.jpg","contentUrl":"https:\/\/aesthedgewallpanel.com\/wp-content\/uploads\/2024\/06\/wpc-louver-15017-1.jpg","width":800,"height":800},{"@type":"BreadcrumbList","@id":"https:\/\/aesthedgewallpanel.com\/product\/wpc-louvers\/#breadcrumb","itemListElement":[{"@type":"ListItem","position":1,"name":"Home","item":"https:\/\/aesthedgewallpanel.com\/"},{"@type":"ListItem","position":2,"name":"WPC WALL PANEL","item":"https:\/\/aesthedgewallpanel.com\/product-category\/wpc-wall-panel\/"},{"@type":"ListItem","position":3,"name":"Premium WPC Louvers CSW-150&#215;17"}]},{"@type":"WebSite","@id":"https:\/\/aesthedgewallpanel.com\/#website","url":"https:\/\/aesthedgewallpanel.com\/","name":"AesthedgeWallPanel","description":"Aesthedge Solutions for Modern Spaces","potentialAction":[{"@type":"SearchAction","target":{"@type":"EntryPoint","urlTemplate":"https:\/\/aesthedgewallpanel.com\/?s={search_term_string}"},"query-input":{"@type":"PropertyValueSpecification","valueRequired":true,"valueName":"search_term_string"}}],"inLanguage":"es"}]}},"_links":{"self":[{"href":"https:\/\/aesthedgewallpanel.com\/es\/wp-json\/wp\/v2\/product\/146","targetHints":{"allow":["GET"]}}],"collection":[{"href":"https:\/\/aesthedgewallpanel.com\/es\/wp-json\/wp\/v2\/product"}],"about":[{"href":"https:\/\/aesthedgewallpanel.com\/es\/wp-json\/wp\/v2\/types\/product"}],"wp:featuredmedia":[{"embeddable":true,"href":"https:\/\/aesthedgewallpanel.com\/es\/wp-json\/wp\/v2\/media\/1586"}],"wp:attachment":[{"href":"https:\/\/aesthedgewallpanel.com\/es\/wp-json\/wp\/v2\/media?parent=146"}],"wp:term":[{"taxonomy":"products_category","embeddable":true,"href":"https:\/\/aesthedgewallpanel.com\/es\/wp-json\/wp\/v2\/products_category?post=146"},{"taxonomy":"surface_pvc_marble_sheet_","embeddable":true,"href":"https:\/\/aesthedgewallpanel.com\/es\/wp-json\/wp\/v2\/surface_pvc_marble_sheet_?post=146"},{"taxonomy":"style__acoustic_panel_","embeddable":true,"href":"https:\/\/aesthedgewallpanel.com\/es\/wp-json\/wp\/v2\/style__acoustic_panel_?post=146"},{"taxonomy":"film__bamboo_charcoal_wood_venee","embeddable":true,"href":"https:\/\/aesthedgewallpanel.com\/es\/wp-json\/wp\/v2\/film__bamboo_charcoal_wood_venee?post=146"},{"taxonomy":"color_wpc_wall_panel","embeddable":true,"href":"https:\/\/aesthedgewallpanel.com\/es\/wp-json\/wp\/v2\/color_wpc_wall_panel?post=146"},{"taxonomy":"color_spc_wall_panel_","embeddable":true,"href":"https:\/\/aesthedgewallpanel.com\/es\/wp-json\/wp\/v2\/color_spc_wall_panel_?post=146"},{"taxonomy":"shape","embeddable":true,"href":"https:\/\/aesthedgewallpanel.com\/es\/wp-json\/wp\/v2\/shape?post=146"}],"curies":[{"name":"wp","href":"https:\/\/api.w.org\/{rel}","templated":true}]}}