{"id":2191,"date":"2024-12-20T06:24:27","date_gmt":"2024-12-20T06:24:27","guid":{"rendered":"https:\/\/aesthedgewallpanel.com\/?post_type=product&#038;p=2191"},"modified":"2024-12-20T08:49:14","modified_gmt":"2024-12-20T08:49:14","slug":"diy-3d-wall-panel-slat-wall-panel","status":"publish","type":"product","link":"https:\/\/aesthedgewallpanel.com\/es\/product\/diy-3d-wall-panel-slat-wall-panel\/","title":{"rendered":"PANEL DE PARED 3D DIY - Panel de Pared de Lamas"},"content":{"rendered":"<h2 class=\"wp-block-heading\"><strong><strong>Accent wall Panels- Panel ac\u00fastico 3D de lamas de madera para pared<\/strong><\/strong><\/h2>\n\n\n\n<p>Los paneles de pared 3D Acoustic Slat son ideales para absorber eficazmente el sonido y reducir significativamente la reverberaci\u00f3n del ruido en interiores. Pueden bloquear eficazmente sonidos de hasta 29 decibelios, manteniendo el ambiente interior silencioso y confortable. Especialmente eficaces en la gama de frecuencias de 500-2000 Hz, donde el o\u00eddo humano es m\u00e1s sensible, presentan un coeficiente de absorci\u00f3n ac\u00fastica de 0,97 a 1000 Hz.<\/p>\n\n\n\n<h2 class=\"wp-block-heading\"><strong>Panel mural de lamas de f\u00e1cil instalaci\u00f3n<\/strong><\/h2>\n\n\n\n<p><strong>Panel mural de lamas 3D<\/strong> Los paneles ligeros pueden instalarse f\u00e1cilmente en techos o paredes, o incluso utilizarse como tabiques m\u00f3viles. En comparaci\u00f3n con los materiales fonoabsorbentes tradicionales, requieren una instalaci\u00f3n m\u00e1s sencilla y menos herramientas. <strong>El panel de pared de listones 3D se puede cortar para las necesidades de bricolaje de los clientes.<\/strong><\/p>\n\n\n\n<figure class=\"wp-block-image size-full\"><img decoding=\"async\" width=\"800\" height=\"800\" src=\"https:\/\/aesthedgewallpanel.com\/wp-content\/uploads\/2024\/12\/1-6-1.jpg\" alt=\"\" class=\"wp-image-2208\" srcset=\"https:\/\/aesthedgewallpanel.com\/wp-content\/uploads\/2024\/12\/1-6-1.jpg 800w, https:\/\/aesthedgewallpanel.com\/wp-content\/uploads\/2024\/12\/1-6-1-300x300.jpg 300w, https:\/\/aesthedgewallpanel.com\/wp-content\/uploads\/2024\/12\/1-6-1-150x150.jpg 150w, https:\/\/aesthedgewallpanel.com\/wp-content\/uploads\/2024\/12\/1-6-1-768x768.jpg 768w\" sizes=\"(max-width: 800px) 100vw, 800px\" \/><\/figure>\n\n\n\n<h2 class=\"wp-block-heading\"><strong>Paneles de pared de lamas de varios colores<\/strong><\/h2>\n\n\n\n<p>Los paneles 3D Slat Wall Panels est\u00e1n disponibles en una gran variedad de colores para adaptarse a las necesidades de su negocio.<\/p>\n\n\n\n<figure class=\"wp-block-image size-large\"><img decoding=\"async\" width=\"1024\" height=\"536\" src=\"https:\/\/aesthedgewallpanel.com\/wp-content\/uploads\/2024\/12\/8c01a237400098b9e047e8c6f8056db-1024x536.png\" alt=\"\" class=\"wp-image-2215\" srcset=\"https:\/\/aesthedgewallpanel.com\/wp-content\/uploads\/2024\/12\/8c01a237400098b9e047e8c6f8056db-1024x536.png 1024w, https:\/\/aesthedgewallpanel.com\/wp-content\/uploads\/2024\/12\/8c01a237400098b9e047e8c6f8056db-300x157.png 300w, https:\/\/aesthedgewallpanel.com\/wp-content\/uploads\/2024\/12\/8c01a237400098b9e047e8c6f8056db-768x402.png 768w, https:\/\/aesthedgewallpanel.com\/wp-content\/uploads\/2024\/12\/8c01a237400098b9e047e8c6f8056db-1536x804.png 1536w, https:\/\/aesthedgewallpanel.com\/wp-content\/uploads\/2024\/12\/8c01a237400098b9e047e8c6f8056db.png 1607w\" sizes=\"(max-width: 1024px) 100vw, 1024px\" \/><\/figure>\n\n\n\n<h2 class=\"wp-block-heading\"><strong>Paneles de pared de lamas 3D Aplicaci\u00f3n<\/strong><\/h2>\n\n\n\n<p>Los paneles fonoabsorbentes se utilizan en diversos entornos para reducir el ruido y mejorar la ac\u00fastica. Las aplicaciones m\u00e1s comunes son:<\/p>\n\n\n\n<p><strong>Espacios profesionales<\/strong>: Estudios de grabaci\u00f3n, salas de control y cabinas de emisi\u00f3n<\/p>\n\n\n\n<p><strong>Espacios p\u00fablicos<\/strong>: Salas de conciertos, teatros y auditorios<\/p>\n\n\n\n<p><strong>Espacios comerciales<\/strong>: Oficinas, salas de conferencias y restaurantes<\/p>\n\n\n\n<p><strong>Espacios residenciales<\/strong>: Cines en casa y salas multimedia<\/p>\n\n\n\n<h2 class=\"wp-block-heading\"><strong>Por qu\u00e9 elegir Aesthedge DIY 3D Slat Wall Panel<\/strong><\/h2>\n\n\n\n<p><strong>Calidad inigualable en la que puede confiar<\/strong><\/p>\n\n\n\n<p>Elegir AesthEdge significa apostar por una calidad excepcional. Nuestros paneles de pared de lamas 3D DIY est\u00e1n cuidadosamente dise\u00f1ados y fabricados con materiales ecol\u00f3gicos que cumplen rigurosas normas internacionales, incluida la certificaci\u00f3n CE. Con avanzadas t\u00e9cnicas de fabricaci\u00f3n y exhaustivos controles de calidad, refuerza la fidelidad de los clientes y mejora la reputaci\u00f3n de su marca.<\/p>\n\n\n\n<p><strong>F\u00e1brica interna<\/strong><\/p>\n\n\n\n<p>Con nuestra f\u00e1brica de \u00faltima generaci\u00f3n, AesthEdge mantiene un control total sobre todo el proceso de producci\u00f3n. Esto nos permite personalizar r\u00e1pidamente tama\u00f1os y colores para satisfacer sus necesidades espec\u00edficas de mercado, garantizando una entrega eficiente y un profundo conocimiento de las tendencias del mercado.<\/p>\n\n\n\n<figure class=\"wp-block-image size-full\"><img decoding=\"async\" width=\"750\" height=\"555\" src=\"https:\/\/aesthedgewallpanel.com\/wp-content\/uploads\/2024\/06\/image.png\" alt=\"\" class=\"wp-image-1931\" srcset=\"https:\/\/aesthedgewallpanel.com\/wp-content\/uploads\/2024\/06\/image.png 750w, https:\/\/aesthedgewallpanel.com\/wp-content\/uploads\/2024\/06\/image-300x222.png 300w\" sizes=\"(max-width: 750px) 100vw, 750px\" \/><\/figure>\n\n\n\n<p>Nuestra f\u00e1brica interna especializada es la piedra angular de nuestra asociaci\u00f3n. No solo reduce los costes y aumenta los m\u00e1rgenes de beneficio, sino que tambi\u00e9n nos permite ofrecer soluciones a medida para diversos mercados.<\/p>\n\n\n\n<p><strong>Sostenibilidad: Una ventaja ecol\u00f3gica para su mercado<\/strong><\/p>\n\n\n\n<p>At AesthEdge, we&#8217;re committed to sustainability. Our optimized production processes minimize waste, improving indoor air quality and reducing our carbon footprint. This eco-friendly approach aligns perfectly with the growing demand for sustainable products, giving you a competitive edge in today&#8217;s market.<\/p>\n\n\n\n<figure class=\"wp-block-image size-large\"><img decoding=\"async\" width=\"1024\" height=\"369\" src=\"https:\/\/aesthedgewallpanel.com\/wp-content\/uploads\/2024\/12\/1e7169865c497d77d58ed1615e26082-1024x369.jpg\" alt=\"\" class=\"wp-image-2200\" srcset=\"https:\/\/aesthedgewallpanel.com\/wp-content\/uploads\/2024\/12\/1e7169865c497d77d58ed1615e26082-1024x369.jpg 1024w, https:\/\/aesthedgewallpanel.com\/wp-content\/uploads\/2024\/12\/1e7169865c497d77d58ed1615e26082-300x108.jpg 300w, https:\/\/aesthedgewallpanel.com\/wp-content\/uploads\/2024\/12\/1e7169865c497d77d58ed1615e26082-768x276.jpg 768w, https:\/\/aesthedgewallpanel.com\/wp-content\/uploads\/2024\/12\/1e7169865c497d77d58ed1615e26082-1536x553.jpg 1536w, https:\/\/aesthedgewallpanel.com\/wp-content\/uploads\/2024\/12\/1e7169865c497d77d58ed1615e26082-2048x737.jpg 2048w\" sizes=\"(max-width: 1024px) 100vw, 1024px\" \/><\/figure>\n\n\n\n<p>As a valued partner, you&#8217;re part of the AesthEdge family. Our dedicated team is here to support you every step of the way, from answering questions to providing marketing advice. We&#8217;re committed to making your partnership experience seamless and rewarding.<\/p>\n\n\n\n<p><\/p>","protected":false},"excerpt":{"rendered":"<p>Reducci\u00f3n del ruido,Respetuoso con el medio ambiente<\/p>","protected":false},"featured_media":2193,"template":"","products_category":[190],"surface_pvc_marble_sheet_":[],"style__acoustic_panel_":[],"film__bamboo_charcoal_wood_venee":[],"color_wpc_wall_panel":[],"color_spc_wall_panel_":[],"shape":[191],"class_list":["post-2191","product","type-product","status-publish","has-post-thumbnail","hentry","products_category-diy-3d-wall-panel","shape-slat"],"yoast_head":"<!-- This site is optimized with the Yoast SEO plugin v25.5 - https:\/\/yoast.com\/wordpress\/plugins\/seo\/ -->\n<title>DIY 3D WALL PANEL - Slat Wall Panel - AesthedgeWallPanel<\/title>\n<meta name=\"robots\" content=\"index, follow, max-snippet:-1, max-image-preview:large, max-video-preview:-1\" \/>\n<link rel=\"canonical\" href=\"https:\/\/aesthedgewallpanel.com\/es\/product\/diy-3d-wall-panel-slat-wall-panel\/\" \/>\n<meta property=\"og:locale\" content=\"es_ES\" \/>\n<meta property=\"og:type\" content=\"article\" \/>\n<meta property=\"og:title\" content=\"DIY 3D WALL PANEL - Slat Wall Panel - AesthedgeWallPanel\" \/>\n<meta property=\"og:description\" content=\"Noise Reduction,Environmentally Friendly\" \/>\n<meta property=\"og:url\" content=\"https:\/\/aesthedgewallpanel.com\/es\/product\/diy-3d-wall-panel-slat-wall-panel\/\" \/>\n<meta property=\"og:site_name\" content=\"AesthedgeWallPanel\" \/>\n<meta property=\"article:modified_time\" content=\"2024-12-20T08:49:14+00:00\" \/>\n<meta property=\"og:image\" content=\"https:\/\/aesthedgewallpanel.com\/wp-content\/uploads\/2024\/12\/1-3-4.jpg\" \/>\n\t<meta property=\"og:image:width\" content=\"800\" \/>\n\t<meta property=\"og:image:height\" content=\"800\" \/>\n\t<meta property=\"og:image:type\" content=\"image\/jpeg\" \/>\n<meta name=\"twitter:card\" content=\"summary_large_image\" \/>\n<meta name=\"twitter:label1\" content=\"Tiempo de lectura\" \/>\n\t<meta name=\"twitter:data1\" content=\"3 minutos\" \/>\n<script type=\"application\/ld+json\" class=\"yoast-schema-graph\">{\"@context\":\"https:\/\/schema.org\",\"@graph\":[{\"@type\":\"WebPage\",\"@id\":\"https:\/\/aesthedgewallpanel.com\/product\/diy-3d-wall-panel-slat-wall-panel\/\",\"url\":\"https:\/\/aesthedgewallpanel.com\/product\/diy-3d-wall-panel-slat-wall-panel\/\",\"name\":\"DIY 3D WALL PANEL - Slat Wall Panel - AesthedgeWallPanel\",\"isPartOf\":{\"@id\":\"https:\/\/aesthedgewallpanel.com\/#website\"},\"primaryImageOfPage\":{\"@id\":\"https:\/\/aesthedgewallpanel.com\/product\/diy-3d-wall-panel-slat-wall-panel\/#primaryimage\"},\"image\":{\"@id\":\"https:\/\/aesthedgewallpanel.com\/product\/diy-3d-wall-panel-slat-wall-panel\/#primaryimage\"},\"thumbnailUrl\":\"https:\/\/aesthedgewallpanel.com\/wp-content\/uploads\/2024\/12\/1-3-4.jpg\",\"datePublished\":\"2024-12-20T06:24:27+00:00\",\"dateModified\":\"2024-12-20T08:49:14+00:00\",\"breadcrumb\":{\"@id\":\"https:\/\/aesthedgewallpanel.com\/product\/diy-3d-wall-panel-slat-wall-panel\/#breadcrumb\"},\"inLanguage\":\"es\",\"potentialAction\":[{\"@type\":\"ReadAction\",\"target\":[\"https:\/\/aesthedgewallpanel.com\/product\/diy-3d-wall-panel-slat-wall-panel\/\"]}]},{\"@type\":\"ImageObject\",\"inLanguage\":\"es\",\"@id\":\"https:\/\/aesthedgewallpanel.com\/product\/diy-3d-wall-panel-slat-wall-panel\/#primaryimage\",\"url\":\"https:\/\/aesthedgewallpanel.com\/wp-content\/uploads\/2024\/12\/1-3-4.jpg\",\"contentUrl\":\"https:\/\/aesthedgewallpanel.com\/wp-content\/uploads\/2024\/12\/1-3-4.jpg\",\"width\":800,\"height\":800},{\"@type\":\"BreadcrumbList\",\"@id\":\"https:\/\/aesthedgewallpanel.com\/product\/diy-3d-wall-panel-slat-wall-panel\/#breadcrumb\",\"itemListElement\":[{\"@type\":\"ListItem\",\"position\":1,\"name\":\"Home\",\"item\":\"https:\/\/aesthedgewallpanel.com\/\"},{\"@type\":\"ListItem\",\"position\":2,\"name\":\"DIY 3D WALL PANEL\",\"item\":\"https:\/\/aesthedgewallpanel.com\/product-category\/diy-3d-wall-panel\/\"},{\"@type\":\"ListItem\",\"position\":3,\"name\":\"DIY 3D WALL PANEL &#8211; Slat Wall Panel\"}]},{\"@type\":\"WebSite\",\"@id\":\"https:\/\/aesthedgewallpanel.com\/#website\",\"url\":\"https:\/\/aesthedgewallpanel.com\/\",\"name\":\"AesthedgeWallPanel\",\"description\":\"Aesthedge Solutions for Modern Spaces\",\"potentialAction\":[{\"@type\":\"SearchAction\",\"target\":{\"@type\":\"EntryPoint\",\"urlTemplate\":\"https:\/\/aesthedgewallpanel.com\/?s={search_term_string}\"},\"query-input\":{\"@type\":\"PropertyValueSpecification\",\"valueRequired\":true,\"valueName\":\"search_term_string\"}}],\"inLanguage\":\"es\"}]}<\/script>\n<!-- \/ Yoast SEO plugin. -->","yoast_head_json":{"title":"DIY 3D WALL PANEL - Slat Wall Panel - AesthedgeWallPanel","robots":{"index":"index","follow":"follow","max-snippet":"max-snippet:-1","max-image-preview":"max-image-preview:large","max-video-preview":"max-video-preview:-1"},"canonical":"https:\/\/aesthedgewallpanel.com\/es\/product\/diy-3d-wall-panel-slat-wall-panel\/","og_locale":"es_ES","og_type":"article","og_title":"DIY 3D WALL PANEL - Slat Wall Panel - AesthedgeWallPanel","og_description":"Noise Reduction,Environmentally Friendly","og_url":"https:\/\/aesthedgewallpanel.com\/es\/product\/diy-3d-wall-panel-slat-wall-panel\/","og_site_name":"AesthedgeWallPanel","article_modified_time":"2024-12-20T08:49:14+00:00","og_image":[{"width":800,"height":800,"url":"https:\/\/aesthedgewallpanel.com\/wp-content\/uploads\/2024\/12\/1-3-4.jpg","type":"image\/jpeg"}],"twitter_card":"summary_large_image","twitter_misc":{"Tiempo de lectura":"3 minutos"},"schema":{"@context":"https:\/\/schema.org","@graph":[{"@type":"WebPage","@id":"https:\/\/aesthedgewallpanel.com\/product\/diy-3d-wall-panel-slat-wall-panel\/","url":"https:\/\/aesthedgewallpanel.com\/product\/diy-3d-wall-panel-slat-wall-panel\/","name":"DIY 3D WALL PANEL - Slat Wall Panel - AesthedgeWallPanel","isPartOf":{"@id":"https:\/\/aesthedgewallpanel.com\/#website"},"primaryImageOfPage":{"@id":"https:\/\/aesthedgewallpanel.com\/product\/diy-3d-wall-panel-slat-wall-panel\/#primaryimage"},"image":{"@id":"https:\/\/aesthedgewallpanel.com\/product\/diy-3d-wall-panel-slat-wall-panel\/#primaryimage"},"thumbnailUrl":"https:\/\/aesthedgewallpanel.com\/wp-content\/uploads\/2024\/12\/1-3-4.jpg","datePublished":"2024-12-20T06:24:27+00:00","dateModified":"2024-12-20T08:49:14+00:00","breadcrumb":{"@id":"https:\/\/aesthedgewallpanel.com\/product\/diy-3d-wall-panel-slat-wall-panel\/#breadcrumb"},"inLanguage":"es","potentialAction":[{"@type":"ReadAction","target":["https:\/\/aesthedgewallpanel.com\/product\/diy-3d-wall-panel-slat-wall-panel\/"]}]},{"@type":"ImageObject","inLanguage":"es","@id":"https:\/\/aesthedgewallpanel.com\/product\/diy-3d-wall-panel-slat-wall-panel\/#primaryimage","url":"https:\/\/aesthedgewallpanel.com\/wp-content\/uploads\/2024\/12\/1-3-4.jpg","contentUrl":"https:\/\/aesthedgewallpanel.com\/wp-content\/uploads\/2024\/12\/1-3-4.jpg","width":800,"height":800},{"@type":"BreadcrumbList","@id":"https:\/\/aesthedgewallpanel.com\/product\/diy-3d-wall-panel-slat-wall-panel\/#breadcrumb","itemListElement":[{"@type":"ListItem","position":1,"name":"Home","item":"https:\/\/aesthedgewallpanel.com\/"},{"@type":"ListItem","position":2,"name":"DIY 3D WALL PANEL","item":"https:\/\/aesthedgewallpanel.com\/product-category\/diy-3d-wall-panel\/"},{"@type":"ListItem","position":3,"name":"DIY 3D WALL PANEL &#8211; Slat Wall Panel"}]},{"@type":"WebSite","@id":"https:\/\/aesthedgewallpanel.com\/#website","url":"https:\/\/aesthedgewallpanel.com\/","name":"AesthedgeWallPanel","description":"Aesthedge Solutions for Modern Spaces","potentialAction":[{"@type":"SearchAction","target":{"@type":"EntryPoint","urlTemplate":"https:\/\/aesthedgewallpanel.com\/?s={search_term_string}"},"query-input":{"@type":"PropertyValueSpecification","valueRequired":true,"valueName":"search_term_string"}}],"inLanguage":"es"}]}},"_links":{"self":[{"href":"https:\/\/aesthedgewallpanel.com\/es\/wp-json\/wp\/v2\/product\/2191","targetHints":{"allow":["GET"]}}],"collection":[{"href":"https:\/\/aesthedgewallpanel.com\/es\/wp-json\/wp\/v2\/product"}],"about":[{"href":"https:\/\/aesthedgewallpanel.com\/es\/wp-json\/wp\/v2\/types\/product"}],"wp:featuredmedia":[{"embeddable":true,"href":"https:\/\/aesthedgewallpanel.com\/es\/wp-json\/wp\/v2\/media\/2193"}],"wp:attachment":[{"href":"https:\/\/aesthedgewallpanel.com\/es\/wp-json\/wp\/v2\/media?parent=2191"}],"wp:term":[{"taxonomy":"products_category","embeddable":true,"href":"https:\/\/aesthedgewallpanel.com\/es\/wp-json\/wp\/v2\/products_category?post=2191"},{"taxonomy":"surface_pvc_marble_sheet_","embeddable":true,"href":"https:\/\/aesthedgewallpanel.com\/es\/wp-json\/wp\/v2\/surface_pvc_marble_sheet_?post=2191"},{"taxonomy":"style__acoustic_panel_","embeddable":true,"href":"https:\/\/aesthedgewallpanel.com\/es\/wp-json\/wp\/v2\/style__acoustic_panel_?post=2191"},{"taxonomy":"film__bamboo_charcoal_wood_venee","embeddable":true,"href":"https:\/\/aesthedgewallpanel.com\/es\/wp-json\/wp\/v2\/film__bamboo_charcoal_wood_venee?post=2191"},{"taxonomy":"color_wpc_wall_panel","embeddable":true,"href":"https:\/\/aesthedgewallpanel.com\/es\/wp-json\/wp\/v2\/color_wpc_wall_panel?post=2191"},{"taxonomy":"color_spc_wall_panel_","embeddable":true,"href":"https:\/\/aesthedgewallpanel.com\/es\/wp-json\/wp\/v2\/color_spc_wall_panel_?post=2191"},{"taxonomy":"shape","embeddable":true,"href":"https:\/\/aesthedgewallpanel.com\/es\/wp-json\/wp\/v2\/shape?post=2191"}],"curies":[{"name":"wp","href":"https:\/\/api.w.org\/{rel}","templated":true}]}}