{"id":2813,"date":"2025-03-07T07:25:59","date_gmt":"2025-03-07T07:25:59","guid":{"rendered":"https:\/\/aesthedgewallpanel.com\/?post_type=product&#038;p=2813"},"modified":"2025-11-11T07:04:18","modified_gmt":"2025-11-11T07:04:18","slug":"uv-marble-sheet-design","status":"publish","type":"product","link":"https:\/\/aesthedgewallpanel.com\/es\/product\/uv-marble-sheet-design\/","title":{"rendered":"L\u00e1mina de m\u00e1rmol UV - Dise\u00f1o dorado"},"content":{"rendered":"<h2 class=\"wp-block-heading\"><br>Descripci\u00f3n de la l\u00e1mina de m\u00e1rmol UV<\/h2>\n\n\n\n<p>Realce sus espacios interiores con la sofisticada elegancia de las planchas de m\u00e1rmol UV (planchas de m\u00e1rmol de PVC). Dise\u00f1adas para imitar el lujoso aspecto del m\u00e1rmol natural, estas planchas ofrecen una alternativa rentable y ligera que es tan sorprendente como pr\u00e1ctica. Disponibles en varios colores, dise\u00f1os y acabados, se adaptan a las preferencias de dise\u00f1o tradicionales y modernas, lo que las convierte en la mejor opci\u00f3n para cualquier hogar o establecimiento comercial.<\/p>\n\n\n\n<figure class=\"wp-block-image size-large\"><img decoding=\"async\" width=\"1024\" height=\"320\" src=\"https:\/\/aesthedgewallpanel.com\/wp-content\/uploads\/2024\/07\/\u5fae\u4fe1\u622a\u56fe_20241127160753-1024x320.jpg\" alt=\"\" class=\"wp-image-1815\" srcset=\"https:\/\/aesthedgewallpanel.com\/wp-content\/uploads\/2024\/07\/\u5fae\u4fe1\u622a\u56fe_20241127160753-1024x320.jpg 1024w, https:\/\/aesthedgewallpanel.com\/wp-content\/uploads\/2024\/07\/\u5fae\u4fe1\u622a\u56fe_20241127160753-300x94.jpg 300w, https:\/\/aesthedgewallpanel.com\/wp-content\/uploads\/2024\/07\/\u5fae\u4fe1\u622a\u56fe_20241127160753-768x240.jpg 768w, https:\/\/aesthedgewallpanel.com\/wp-content\/uploads\/2024\/07\/\u5fae\u4fe1\u622a\u56fe_20241127160753.jpg 1381w\" sizes=\"(max-width: 1024px) 100vw, 1024px\" \/><\/figure>\n\n\n\n<p>Para tama\u00f1os, colores, superficies en relieve y acabados personalizados, por favor&nbsp;<a href=\"https:\/\/aesthedgewallpanel.com\/es\/contact\/\">p\u00f3ngase en contacto con nosotros aqu\u00ed.<\/a><\/p>\n\n\n\n<h2 class=\"wp-block-heading\"><strong>\u00bfPor qu\u00e9 elegir la l\u00e1mina de m\u00e1rmol UV AesthEdge?<\/strong><\/h2>\n\n\n\n<p><a href=\"https:\/\/aesthedgewallpanel.com\/es\/about\/\">AesthEdge<\/a> Las planchas de m\u00e1rmol UV para pared combinan el atractivo visual con una durabilidad duradera, a\u00f1adiendo elegancia y funcionalidad a cualquier espacio. Perfectas para paneles de pared, encimeras y acentos decorativos, estas l\u00e1minas son f\u00e1ciles de instalar y mantener. Sus superficies no porosas e impermeables resisten las manchas y la humedad, lo que las hace ideales para zonas de mucho tr\u00e1nsito, cocinas y ba\u00f1os.<\/p>\n\n\n\n<div class=\"wp-block-columns is-layout-flex wp-container-core-columns-is-layout-9d6595d7 wp-block-columns-is-layout-flex\">\n<div class=\"wp-block-column is-layout-flow wp-block-column-is-layout-flow\">\n<figure class=\"wp-block-image size-large\"><img decoding=\"async\" width=\"1024\" height=\"576\" src=\"https:\/\/aesthedgewallpanel.com\/wp-content\/uploads\/2024\/07\/kln1-1024x576.jpg\" alt=\"\" class=\"wp-image-1730\" srcset=\"https:\/\/aesthedgewallpanel.com\/wp-content\/uploads\/2024\/07\/kln1-1024x576.jpg 1024w, https:\/\/aesthedgewallpanel.com\/wp-content\/uploads\/2024\/07\/kln1-300x169.jpg 300w, https:\/\/aesthedgewallpanel.com\/wp-content\/uploads\/2024\/07\/kln1-768x432.jpg 768w, https:\/\/aesthedgewallpanel.com\/wp-content\/uploads\/2024\/07\/kln1-1536x864.jpg 1536w, https:\/\/aesthedgewallpanel.com\/wp-content\/uploads\/2024\/07\/kln1-2048x1152.jpg 2048w, https:\/\/aesthedgewallpanel.com\/wp-content\/uploads\/2024\/07\/kln1-1920x1080.jpg 1920w\" sizes=\"(max-width: 1024px) 100vw, 1024px\" \/><\/figure>\n<\/div>\n\n\n\n<div class=\"wp-block-column is-layout-flow wp-block-column-is-layout-flow\">\n<figure class=\"wp-block-image size-large\"><img decoding=\"async\" width=\"1024\" height=\"576\" src=\"https:\/\/aesthedgewallpanel.com\/wp-content\/uploads\/2024\/07\/kln-1024x576.jpg\" alt=\"AesethEdge UV Marble Sheet Cullinan Suit\" class=\"wp-image-1732\" srcset=\"https:\/\/aesthedgewallpanel.com\/wp-content\/uploads\/2024\/07\/kln-1024x576.jpg 1024w, https:\/\/aesthedgewallpanel.com\/wp-content\/uploads\/2024\/07\/kln-300x169.jpg 300w, https:\/\/aesthedgewallpanel.com\/wp-content\/uploads\/2024\/07\/kln-768x432.jpg 768w, https:\/\/aesthedgewallpanel.com\/wp-content\/uploads\/2024\/07\/kln-1536x864.jpg 1536w, https:\/\/aesthedgewallpanel.com\/wp-content\/uploads\/2024\/07\/kln-2048x1152.jpg 2048w, https:\/\/aesthedgewallpanel.com\/wp-content\/uploads\/2024\/07\/kln-1920x1080.jpg 1920w\" sizes=\"(max-width: 1024px) 100vw, 1024px\" \/><\/figure>\n<\/div>\n<\/div>\n\n\n\n<p>Disponible en varios colores y dise\u00f1os, la l\u00e1mina de m\u00e1rmol AesthEdge UV ofrece vers\u00e1tiles posibilidades de dise\u00f1o, desde estilos tradicionales a contempor\u00e1neos. Como alternativa ecol\u00f3gica al m\u00e1rmol natural, reduce el impacto medioambiental a la vez que realza cualquier interior con belleza atemporal y practicidad.<\/p>\n\n\n\n<h2 class=\"wp-block-heading has-text-align-left\"><strong>L\u00e1mina de m\u00e1rmol UV frente a panel de pared tradicional<\/strong><\/h2>\n\n\n\n<figure class=\"wp-block-table\"><table class=\"has-fixed-layout\"><tbody><tr><td class=\"has-text-align-center\" data-align=\"center\"><strong>Comparaci\u00f3n de art\u00edculos<\/strong><\/td><td class=\"has-text-align-center\" data-align=\"center\"><strong>L\u00e1mina de m\u00e1rmol UV<\/strong><\/td><td class=\"has-text-align-center\" data-align=\"center\"><strong>Panel mural tradicional<\/strong><\/td><\/tr><tr><td class=\"has-text-align-center\" data-align=\"center\">Apariencia<\/td><td class=\"has-text-align-center\" data-align=\"center\">Aspecto de m\u00e1rmol<\/td><td class=\"has-text-align-center\" data-align=\"center\">Estilo sencillo o espec\u00edfico<\/td><\/tr><tr><td class=\"has-text-align-center\" data-align=\"center\">precio<\/td><td class=\"has-text-align-center\" data-align=\"center\">Rentable<\/td><td class=\"has-text-align-center\" data-align=\"center\">Var\u00eda, algunas son costosas<\/td><\/tr><tr><td class=\"has-text-align-center\" data-align=\"center\">Instalaci\u00f3n<\/td><td class=\"has-text-align-center\" data-align=\"center\">F\u00e1cil y r\u00e1pido<\/td><td class=\"has-text-align-center\" data-align=\"center\">Puede ser complejo<\/td><\/tr><tr><td class=\"has-text-align-center\" data-align=\"center\">Mantenimiento<\/td><td class=\"has-text-align-center\" data-align=\"center\">Esfuerzo reducido<\/td><td class=\"has-text-align-center\" data-align=\"center\">M\u00e1s exigentes<\/td><\/tr><tr><td class=\"has-text-align-center\" data-align=\"center\">Durabilidad<\/td><td class=\"has-text-align-center\" data-align=\"center\">De larga duraci\u00f3n<\/td><td class=\"has-text-align-center\" data-align=\"center\">Propenso a sufrir da\u00f1os<\/td><\/tr><tr><td class=\"has-text-align-center\" data-align=\"center\">Impermeable<\/td><td class=\"has-text-align-center\" data-align=\"center\">Excelente<\/td><td class=\"has-text-align-center\" data-align=\"center\">Limitado<\/td><\/tr><tr><td class=\"has-text-align-center\" data-align=\"center\">Resistencia UV<\/td><td class=\"has-text-align-center\" data-align=\"center\">Bueno<\/td><td class=\"has-text-align-center\" data-align=\"center\">Variable<\/td><\/tr><tr><td class=\"has-text-align-center\" data-align=\"center\">Aplicaci\u00f3n<\/td><td class=\"has-text-align-center\" data-align=\"center\">Vers\u00e1til<\/td><td class=\"has-text-align-center\" data-align=\"center\">Menos flexible<\/td><\/tr><tr><td class=\"has-text-align-center\" data-align=\"center\">Aislamiento t\u00e9rmico<\/td><td class=\"has-text-align-center\" data-align=\"center\">Algunos se benefician<\/td><td class=\"has-text-align-center\" data-align=\"center\">Desigual<\/td><\/tr><tr><td class=\"has-text-align-center\" data-align=\"center\">Protecci\u00f3n del medio ambiente<\/td><td class=\"has-text-align-center\" data-align=\"center\">ecol\u00f3gico<\/td><td class=\"has-text-align-center\" data-align=\"center\">Potencialmente perjudicial<\/td><\/tr><\/tbody><\/table><\/figure>\n\n\n\n<h2 class=\"wp-block-heading\">Dise\u00f1o de l\u00e1minas de m\u00e1rmol UV<\/h2>\n\n\n\n<p>Las planchas de m\u00e1rmol UV son duraderas, flexibles y elegantes, por lo que resultan ideales para diversas aplicaciones en hogares y empresas. Funcionan bien como paneles de pared en cocinas, ba\u00f1os y salones, y son perfectas para encimeras y tocadores en zonas de mucho tr\u00e1nsito. Estas planchas tambi\u00e9n pueden cubrir muebles como mesas y estanter\u00edas y a\u00f1adir sofisticaci\u00f3n a los techos. Adem\u00e1s, pueden cortarse en paneles decorativos para paredes y columnas, realzando la belleza de cualquier espacio.<\/p>\n\n\n\n<div class=\"wp-block-columns is-layout-flex wp-container-core-columns-is-layout-9d6595d7 wp-block-columns-is-layout-flex\">\n<div class=\"wp-block-column is-layout-flow wp-block-column-is-layout-flow\">\n<figure class=\"wp-block-image size-large\"><img decoding=\"async\" width=\"1024\" height=\"595\" src=\"https:\/\/aesthedgewallpanel.com\/wp-content\/uploads\/2024\/07\/\u5fae\u4fe1\u622a\u56fe_20241127144407-1024x595.webp\" alt=\"UV Marble Sheet \" class=\"wp-image-1823\" srcset=\"https:\/\/aesthedgewallpanel.com\/wp-content\/uploads\/2024\/07\/\u5fae\u4fe1\u622a\u56fe_20241127144407-1024x595.webp 1024w, https:\/\/aesthedgewallpanel.com\/wp-content\/uploads\/2024\/07\/\u5fae\u4fe1\u622a\u56fe_20241127144407-300x174.webp 300w, https:\/\/aesthedgewallpanel.com\/wp-content\/uploads\/2024\/07\/\u5fae\u4fe1\u622a\u56fe_20241127144407-768x446.webp 768w, https:\/\/aesthedgewallpanel.com\/wp-content\/uploads\/2024\/07\/\u5fae\u4fe1\u622a\u56fe_20241127144407.webp 1479w\" sizes=\"(max-width: 1024px) 100vw, 1024px\" \/><\/figure>\n<\/div>\n\n\n\n<div class=\"wp-block-column is-layout-flow wp-block-column-is-layout-flow\">\n<figure class=\"wp-block-image size-large\"><img decoding=\"async\" width=\"1024\" height=\"595\" src=\"https:\/\/aesthedgewallpanel.com\/wp-content\/uploads\/2024\/07\/\u5fae\u4fe1\u622a\u56fe_20241127144407-3-1024x595.webp\" alt=\"UV Marble Sheet \" class=\"wp-image-1822\" srcset=\"https:\/\/aesthedgewallpanel.com\/wp-content\/uploads\/2024\/07\/\u5fae\u4fe1\u622a\u56fe_20241127144407-3-1024x595.webp 1024w, https:\/\/aesthedgewallpanel.com\/wp-content\/uploads\/2024\/07\/\u5fae\u4fe1\u622a\u56fe_20241127144407-3-300x174.webp 300w, https:\/\/aesthedgewallpanel.com\/wp-content\/uploads\/2024\/07\/\u5fae\u4fe1\u622a\u56fe_20241127144407-3-768x446.webp 768w, https:\/\/aesthedgewallpanel.com\/wp-content\/uploads\/2024\/07\/\u5fae\u4fe1\u622a\u56fe_20241127144407-3.webp 1479w\" sizes=\"(max-width: 1024px) 100vw, 1024px\" \/><\/figure>\n<\/div>\n<\/div>\n\n\n\n<div class=\"wp-block-columns is-layout-flex wp-container-core-columns-is-layout-9d6595d7 wp-block-columns-is-layout-flex\">\n<div class=\"wp-block-column is-layout-flow wp-block-column-is-layout-flow\">\n<figure class=\"wp-block-image size-large\"><img decoding=\"async\" width=\"1024\" height=\"595\" src=\"https:\/\/aesthedgewallpanel.com\/wp-content\/uploads\/2024\/07\/\u5fae\u4fe1\u622a\u56fe_20241127144407-2-1024x595.webp\" alt=\"\" class=\"wp-image-1821\" srcset=\"https:\/\/aesthedgewallpanel.com\/wp-content\/uploads\/2024\/07\/\u5fae\u4fe1\u622a\u56fe_20241127144407-2-1024x595.webp 1024w, https:\/\/aesthedgewallpanel.com\/wp-content\/uploads\/2024\/07\/\u5fae\u4fe1\u622a\u56fe_20241127144407-2-300x174.webp 300w, https:\/\/aesthedgewallpanel.com\/wp-content\/uploads\/2024\/07\/\u5fae\u4fe1\u622a\u56fe_20241127144407-2-768x446.webp 768w, https:\/\/aesthedgewallpanel.com\/wp-content\/uploads\/2024\/07\/\u5fae\u4fe1\u622a\u56fe_20241127144407-2.webp 1479w\" sizes=\"(max-width: 1024px) 100vw, 1024px\" \/><\/figure>\n<\/div>\n\n\n\n<div class=\"wp-block-column is-layout-flow wp-block-column-is-layout-flow\">\n<figure class=\"wp-block-image size-large\"><img decoding=\"async\" width=\"1024\" height=\"595\" src=\"https:\/\/aesthedgewallpanel.com\/wp-content\/uploads\/2024\/07\/\u5fae\u4fe1\u622a\u56fe_20241127144407-1-1024x595.webp\" alt=\"UV Marble Sheet\" class=\"wp-image-1820\" srcset=\"https:\/\/aesthedgewallpanel.com\/wp-content\/uploads\/2024\/07\/\u5fae\u4fe1\u622a\u56fe_20241127144407-1-1024x595.webp 1024w, https:\/\/aesthedgewallpanel.com\/wp-content\/uploads\/2024\/07\/\u5fae\u4fe1\u622a\u56fe_20241127144407-1-300x174.webp 300w, https:\/\/aesthedgewallpanel.com\/wp-content\/uploads\/2024\/07\/\u5fae\u4fe1\u622a\u56fe_20241127144407-1-768x446.webp 768w, https:\/\/aesthedgewallpanel.com\/wp-content\/uploads\/2024\/07\/\u5fae\u4fe1\u622a\u56fe_20241127144407-1.webp 1479w\" sizes=\"(max-width: 1024px) 100vw, 1024px\" \/><\/figure>\n<\/div>\n<\/div>\n\n\n\n<p>Para tama\u00f1os, colores, superficies en relieve y acabados personalizados, <span style=\"box-sizing: border-box; margin: 0px; padding: 0px;\">ple<\/span>ase&nbsp;<a href=\"https:\/\/aesthedgewallpanel.com\/es\/contact\/\">p\u00f3ngase en contacto con nosotros aqu\u00ed.<\/a><\/p>\n\n\n\n<p><strong>Si desea m\u00e1s informaci\u00f3n sobre nuestra l\u00e1mina de m\u00e1rmol de PVC, p\u00f3ngase en contacto con nosotros.&nbsp;<a href=\"https:\/\/aesthedgewallpanel.com\/wp-content\/uploads\/2024\/07\/Aesthedge-Catalog.pdf\">Descargar el cat\u00e1logo de Aesthedge<\/a><\/strong><\/p>\n\n\n\n<p><\/p>","protected":false},"excerpt":{"rendered":"<p>Est\u00e9tica, durabilidad y mantenimiento<\/p>","protected":false},"featured_media":2816,"template":"","products_category":[4],"surface_pvc_marble_sheet_":[188],"style__acoustic_panel_":[],"film__bamboo_charcoal_wood_venee":[],"color_wpc_wall_panel":[],"color_spc_wall_panel_":[],"shape":[],"class_list":["post-2813","product","type-product","status-publish","has-post-thumbnail","hentry","products_category-pvc-marble-sheet","surface_pvc_marble_sheet_-cullinan-gilded"],"yoast_head":"<!-- This site is optimized with the Yoast SEO plugin v25.5 - https:\/\/yoast.com\/wordpress\/plugins\/seo\/ -->\n<title>High-Quality UV PVC Marble sheets design for indoor decoration<\/title>\n<meta name=\"description\" content=\"Looking for a cost-effective and stylish alternative to natural marble? UV Marble Sheets offer the luxury of real stone with added benefits!\" \/>\n<meta name=\"robots\" content=\"index, follow, max-snippet:-1, max-image-preview:large, max-video-preview:-1\" \/>\n<link rel=\"canonical\" href=\"https:\/\/aesthedgewallpanel.com\/es\/product\/uv-marble-sheet-design\/\" \/>\n<meta property=\"og:locale\" content=\"es_ES\" \/>\n<meta property=\"og:type\" content=\"article\" \/>\n<meta property=\"og:title\" content=\"High-Quality UV PVC Marble sheets design for indoor decoration\" \/>\n<meta property=\"og:description\" content=\"Looking for a cost-effective and stylish alternative to natural marble? UV Marble Sheets offer the luxury of real stone with added benefits!\" \/>\n<meta property=\"og:url\" content=\"https:\/\/aesthedgewallpanel.com\/es\/product\/uv-marble-sheet-design\/\" \/>\n<meta property=\"og:site_name\" content=\"AesthedgeWallPanel\" \/>\n<meta property=\"article:modified_time\" content=\"2025-11-11T07:04:18+00:00\" \/>\n<meta property=\"og:image\" content=\"https:\/\/aesthedgewallpanel.com\/wp-content\/uploads\/2025\/03\/gilded-design.jpg\" \/>\n\t<meta property=\"og:image:width\" content=\"800\" \/>\n\t<meta property=\"og:image:height\" content=\"800\" \/>\n\t<meta property=\"og:image:type\" content=\"image\/jpeg\" \/>\n<meta name=\"twitter:card\" content=\"summary_large_image\" \/>\n<meta name=\"twitter:label1\" content=\"Tiempo de lectura\" \/>\n\t<meta name=\"twitter:data1\" content=\"4 minutos\" \/>\n<script type=\"application\/ld+json\" class=\"yoast-schema-graph\">{\"@context\":\"https:\/\/schema.org\",\"@graph\":[{\"@type\":\"WebPage\",\"@id\":\"https:\/\/aesthedgewallpanel.com\/product\/uv-marble-sheet-design\/\",\"url\":\"https:\/\/aesthedgewallpanel.com\/product\/uv-marble-sheet-design\/\",\"name\":\"High-Quality UV PVC Marble sheets design for indoor decoration\",\"isPartOf\":{\"@id\":\"https:\/\/aesthedgewallpanel.com\/#website\"},\"primaryImageOfPage\":{\"@id\":\"https:\/\/aesthedgewallpanel.com\/product\/uv-marble-sheet-design\/#primaryimage\"},\"image\":{\"@id\":\"https:\/\/aesthedgewallpanel.com\/product\/uv-marble-sheet-design\/#primaryimage\"},\"thumbnailUrl\":\"https:\/\/aesthedgewallpanel.com\/wp-content\/uploads\/2025\/03\/gilded-design.jpg\",\"datePublished\":\"2025-03-07T07:25:59+00:00\",\"dateModified\":\"2025-11-11T07:04:18+00:00\",\"description\":\"Looking for a cost-effective and stylish alternative to natural marble? UV Marble Sheets offer the luxury of real stone with added benefits!\",\"breadcrumb\":{\"@id\":\"https:\/\/aesthedgewallpanel.com\/product\/uv-marble-sheet-design\/#breadcrumb\"},\"inLanguage\":\"es\",\"potentialAction\":[{\"@type\":\"ReadAction\",\"target\":[\"https:\/\/aesthedgewallpanel.com\/product\/uv-marble-sheet-design\/\"]}]},{\"@type\":\"ImageObject\",\"inLanguage\":\"es\",\"@id\":\"https:\/\/aesthedgewallpanel.com\/product\/uv-marble-sheet-design\/#primaryimage\",\"url\":\"https:\/\/aesthedgewallpanel.com\/wp-content\/uploads\/2025\/03\/gilded-design.jpg\",\"contentUrl\":\"https:\/\/aesthedgewallpanel.com\/wp-content\/uploads\/2025\/03\/gilded-design.jpg\",\"width\":800,\"height\":800},{\"@type\":\"BreadcrumbList\",\"@id\":\"https:\/\/aesthedgewallpanel.com\/product\/uv-marble-sheet-design\/#breadcrumb\",\"itemListElement\":[{\"@type\":\"ListItem\",\"position\":1,\"name\":\"Home\",\"item\":\"https:\/\/aesthedgewallpanel.com\/\"},{\"@type\":\"ListItem\",\"position\":2,\"name\":\"PVC MARBLE SHEET\",\"item\":\"https:\/\/aesthedgewallpanel.com\/product-category\/pvc-marble-sheet\/\"},{\"@type\":\"ListItem\",\"position\":3,\"name\":\"UV Marble Sheet- Gilded Design\"}]},{\"@type\":\"WebSite\",\"@id\":\"https:\/\/aesthedgewallpanel.com\/#website\",\"url\":\"https:\/\/aesthedgewallpanel.com\/\",\"name\":\"AesthedgeWallPanel\",\"description\":\"Aesthedge Solutions for Modern Spaces\",\"potentialAction\":[{\"@type\":\"SearchAction\",\"target\":{\"@type\":\"EntryPoint\",\"urlTemplate\":\"https:\/\/aesthedgewallpanel.com\/?s={search_term_string}\"},\"query-input\":{\"@type\":\"PropertyValueSpecification\",\"valueRequired\":true,\"valueName\":\"search_term_string\"}}],\"inLanguage\":\"es\"}]}<\/script>\n<!-- \/ Yoast SEO plugin. -->","yoast_head_json":{"title":"High-Quality UV PVC Marble sheets design for indoor decoration","description":"Looking for a cost-effective and stylish alternative to natural marble? UV Marble Sheets offer the luxury of real stone with added benefits!","robots":{"index":"index","follow":"follow","max-snippet":"max-snippet:-1","max-image-preview":"max-image-preview:large","max-video-preview":"max-video-preview:-1"},"canonical":"https:\/\/aesthedgewallpanel.com\/es\/product\/uv-marble-sheet-design\/","og_locale":"es_ES","og_type":"article","og_title":"High-Quality UV PVC Marble sheets design for indoor decoration","og_description":"Looking for a cost-effective and stylish alternative to natural marble? UV Marble Sheets offer the luxury of real stone with added benefits!","og_url":"https:\/\/aesthedgewallpanel.com\/es\/product\/uv-marble-sheet-design\/","og_site_name":"AesthedgeWallPanel","article_modified_time":"2025-11-11T07:04:18+00:00","og_image":[{"width":800,"height":800,"url":"https:\/\/aesthedgewallpanel.com\/wp-content\/uploads\/2025\/03\/gilded-design.jpg","type":"image\/jpeg"}],"twitter_card":"summary_large_image","twitter_misc":{"Tiempo de lectura":"4 minutos"},"schema":{"@context":"https:\/\/schema.org","@graph":[{"@type":"WebPage","@id":"https:\/\/aesthedgewallpanel.com\/product\/uv-marble-sheet-design\/","url":"https:\/\/aesthedgewallpanel.com\/product\/uv-marble-sheet-design\/","name":"High-Quality UV PVC Marble sheets design for indoor decoration","isPartOf":{"@id":"https:\/\/aesthedgewallpanel.com\/#website"},"primaryImageOfPage":{"@id":"https:\/\/aesthedgewallpanel.com\/product\/uv-marble-sheet-design\/#primaryimage"},"image":{"@id":"https:\/\/aesthedgewallpanel.com\/product\/uv-marble-sheet-design\/#primaryimage"},"thumbnailUrl":"https:\/\/aesthedgewallpanel.com\/wp-content\/uploads\/2025\/03\/gilded-design.jpg","datePublished":"2025-03-07T07:25:59+00:00","dateModified":"2025-11-11T07:04:18+00:00","description":"Looking for a cost-effective and stylish alternative to natural marble? UV Marble Sheets offer the luxury of real stone with added benefits!","breadcrumb":{"@id":"https:\/\/aesthedgewallpanel.com\/product\/uv-marble-sheet-design\/#breadcrumb"},"inLanguage":"es","potentialAction":[{"@type":"ReadAction","target":["https:\/\/aesthedgewallpanel.com\/product\/uv-marble-sheet-design\/"]}]},{"@type":"ImageObject","inLanguage":"es","@id":"https:\/\/aesthedgewallpanel.com\/product\/uv-marble-sheet-design\/#primaryimage","url":"https:\/\/aesthedgewallpanel.com\/wp-content\/uploads\/2025\/03\/gilded-design.jpg","contentUrl":"https:\/\/aesthedgewallpanel.com\/wp-content\/uploads\/2025\/03\/gilded-design.jpg","width":800,"height":800},{"@type":"BreadcrumbList","@id":"https:\/\/aesthedgewallpanel.com\/product\/uv-marble-sheet-design\/#breadcrumb","itemListElement":[{"@type":"ListItem","position":1,"name":"Home","item":"https:\/\/aesthedgewallpanel.com\/"},{"@type":"ListItem","position":2,"name":"PVC MARBLE SHEET","item":"https:\/\/aesthedgewallpanel.com\/product-category\/pvc-marble-sheet\/"},{"@type":"ListItem","position":3,"name":"UV Marble Sheet- Gilded Design"}]},{"@type":"WebSite","@id":"https:\/\/aesthedgewallpanel.com\/#website","url":"https:\/\/aesthedgewallpanel.com\/","name":"AesthedgeWallPanel","description":"Aesthedge Solutions for Modern Spaces","potentialAction":[{"@type":"SearchAction","target":{"@type":"EntryPoint","urlTemplate":"https:\/\/aesthedgewallpanel.com\/?s={search_term_string}"},"query-input":{"@type":"PropertyValueSpecification","valueRequired":true,"valueName":"search_term_string"}}],"inLanguage":"es"}]}},"_links":{"self":[{"href":"https:\/\/aesthedgewallpanel.com\/es\/wp-json\/wp\/v2\/product\/2813","targetHints":{"allow":["GET"]}}],"collection":[{"href":"https:\/\/aesthedgewallpanel.com\/es\/wp-json\/wp\/v2\/product"}],"about":[{"href":"https:\/\/aesthedgewallpanel.com\/es\/wp-json\/wp\/v2\/types\/product"}],"wp:featuredmedia":[{"embeddable":true,"href":"https:\/\/aesthedgewallpanel.com\/es\/wp-json\/wp\/v2\/media\/2816"}],"wp:attachment":[{"href":"https:\/\/aesthedgewallpanel.com\/es\/wp-json\/wp\/v2\/media?parent=2813"}],"wp:term":[{"taxonomy":"products_category","embeddable":true,"href":"https:\/\/aesthedgewallpanel.com\/es\/wp-json\/wp\/v2\/products_category?post=2813"},{"taxonomy":"surface_pvc_marble_sheet_","embeddable":true,"href":"https:\/\/aesthedgewallpanel.com\/es\/wp-json\/wp\/v2\/surface_pvc_marble_sheet_?post=2813"},{"taxonomy":"style__acoustic_panel_","embeddable":true,"href":"https:\/\/aesthedgewallpanel.com\/es\/wp-json\/wp\/v2\/style__acoustic_panel_?post=2813"},{"taxonomy":"film__bamboo_charcoal_wood_venee","embeddable":true,"href":"https:\/\/aesthedgewallpanel.com\/es\/wp-json\/wp\/v2\/film__bamboo_charcoal_wood_venee?post=2813"},{"taxonomy":"color_wpc_wall_panel","embeddable":true,"href":"https:\/\/aesthedgewallpanel.com\/es\/wp-json\/wp\/v2\/color_wpc_wall_panel?post=2813"},{"taxonomy":"color_spc_wall_panel_","embeddable":true,"href":"https:\/\/aesthedgewallpanel.com\/es\/wp-json\/wp\/v2\/color_spc_wall_panel_?post=2813"},{"taxonomy":"shape","embeddable":true,"href":"https:\/\/aesthedgewallpanel.com\/es\/wp-json\/wp\/v2\/shape?post=2813"}],"curies":[{"name":"wp","href":"https:\/\/api.w.org\/{rel}","templated":true}]}}