{"id":939,"date":"2024-09-25T07:38:21","date_gmt":"2024-09-25T07:38:21","guid":{"rendered":"https:\/\/aesthedgewallpanel.com\/?post_type=product&#038;p=939"},"modified":"2024-12-05T07:27:45","modified_gmt":"2024-12-05T07:27:45","slug":"spc-wall-panel-stone-patterns","status":"publish","type":"product","link":"https:\/\/aesthedgewallpanel.com\/es\/product\/spc-wall-panel-stone-patterns\/","title":{"rendered":"Paneles de pared impermeables SPC-Patrones de piedra"},"content":{"rendered":"<h2 class=\"wp-block-heading\">Paneles murales SPC Descripci\u00f3n<\/h2>\n\n\n\n<p><a href=\"https:\/\/aesthedgewallpanel.com\/es\/product-category\/spc-wall-panel\/\">Paneles murales SPC<\/a> (con el nombre completo de Stone plastic composite wall panel), fabricados a partir de una mezcla de polvo de m\u00e1rmol natural y materiales de alto cristal molecular, ofrecen una versatilidad y facilidad de instalaci\u00f3n inigualables. Estos paneles de 3 mm de grosor se someten a un riguroso proceso de fabricaci\u00f3n, que da como resultado un producto duradero y de bajo mantenimiento.<\/p>\n\n\n\n<figure class=\"wp-block-image size-full\"><img decoding=\"async\" width=\"800\" height=\"495\" src=\"https:\/\/aesthedgewallpanel.com\/wp-content\/uploads\/2024\/09\/SPC-wall-panel_06.jpg\" alt=\"Durable wall panels\" class=\"wp-image-946\" srcset=\"https:\/\/aesthedgewallpanel.com\/wp-content\/uploads\/2024\/09\/SPC-wall-panel_06.jpg 800w, https:\/\/aesthedgewallpanel.com\/wp-content\/uploads\/2024\/09\/SPC-wall-panel_06-300x186.jpg 300w, https:\/\/aesthedgewallpanel.com\/wp-content\/uploads\/2024\/09\/SPC-wall-panel_06-768x475.jpg 768w\" sizes=\"(max-width: 800px) 100vw, 800px\" \/><\/figure>\n\n\n\n<p>La estructura multicapa, que incluye un revestimiento UV, una pel\u00edcula de PVC y una capa base de malla de alta densidad y fibra, garantiza un rendimiento duradero. La superficie, adornada con impresi\u00f3n digital de ultra alta definici\u00f3n o pel\u00edculas decorativas, ofrece una amplia gama de impresionantes acabados, desde el alto brillo espejo hasta el tacto piel de brillo suave y texturas realistas como el grano de madera, el grano de piedra y el cuero.  <a href=\"https:\/\/aesthedgewallpanel.com\/es\/download\/\">Pulse aqu\u00ed<\/a> para descargar nuestro cat\u00e1logo y obtener m\u00e1s informaci\u00f3n sobre los paneles de pared SPC.<\/p>\n\n\n\n<figure class=\"wp-block-image size-large\"><img decoding=\"async\" width=\"1024\" height=\"534\" src=\"https:\/\/aesthedgewallpanel.com\/wp-content\/uploads\/2024\/09\/\u82b1\u8272-1024x534.webp\" alt=\"\" class=\"wp-image-1500\" srcset=\"https:\/\/aesthedgewallpanel.com\/wp-content\/uploads\/2024\/09\/\u82b1\u8272-1024x534.webp 1024w, https:\/\/aesthedgewallpanel.com\/wp-content\/uploads\/2024\/09\/\u82b1\u8272-300x157.webp 300w, https:\/\/aesthedgewallpanel.com\/wp-content\/uploads\/2024\/09\/\u82b1\u8272-768x401.webp 768w, https:\/\/aesthedgewallpanel.com\/wp-content\/uploads\/2024\/09\/\u82b1\u8272-1536x802.webp 1536w, https:\/\/aesthedgewallpanel.com\/wp-content\/uploads\/2024\/09\/\u82b1\u8272.webp 1640w\" sizes=\"(max-width: 1024px) 100vw, 1024px\" \/><\/figure>\n\n\n\n<h2 class=\"wp-block-heading\">Caracter\u00edsticas destacadas de los paneles murales SPC<\/h2>\n\n\n\n<div class=\"wp-block-media-text alignwide has-media-on-the-right is-stacked-on-mobile is-vertically-aligned-center has-background\" style=\"background-color:#f1f5c7;grid-template-columns:auto 15%\"><div class=\"wp-block-media-text__content\">\n<p style=\"font-size:36px;line-height:1.2\"><strong>Duradero y protector<\/strong><\/p>\n\n\n\n<p class=\"has-extra-small-font-size\">Compuesto por materiales resistentes a la humedad, al moho y a la corrosi\u00f3n, totalmente impermeable, a prueba de humedad y moho, ign\u00edfugo de grado A, proporcionando una protecci\u00f3n integral y una larga vida \u00fatil.<\/p>\n<\/div><figure class=\"wp-block-media-text__media\"><img decoding=\"async\" src=\"https:\/\/aesthedgewallpanel.com\/wp-content\/uploads\/2024\/06\/durable-1.svg\" alt=\"\" class=\"wp-image-1366 size-full\"\/><\/figure><\/div>\n\n\n\n<div class=\"wp-block-media-text alignwide is-stacked-on-mobile is-vertically-aligned-center has-background\" style=\"background-color:#fffdea;grid-template-columns:15% auto\"><figure class=\"wp-block-media-text__media\"><img decoding=\"async\" src=\"https:\/\/aesthedgewallpanel.com\/wp-content\/uploads\/2024\/06\/install-2.svg\" alt=\"\" class=\"wp-image-1365 size-full\"\/><\/figure><div class=\"wp-block-media-text__content\">\n<div class=\"wp-block-group\" style=\"padding-top:2em;padding-right:2em;padding-bottom:2em;padding-left:2em\"><div class=\"wp-block-group__inner-container is-layout-flow wp-block-group-is-layout-flow\">\n<p style=\"font-size:36px;line-height:1.2\"><strong>Espacio eficiente y est\u00e9tica<\/strong><\/p>\n\n\n\n<p class=\"has-extra-small-font-size\">Dise\u00f1o ultraligero y delgado (3 mm de grosor) para optimizar el uso del espacio, con diversas texturas y acabados realistas para mejorar el atractivo visual.<\/p>\n<\/div><\/div>\n<\/div><\/div>\n\n\n\n<div class=\"wp-block-media-text alignwide has-media-on-the-right is-stacked-on-mobile is-vertically-aligned-center has-background\" style=\"background-color:#f1f5c7;grid-template-columns:auto 15%\"><div class=\"wp-block-media-text__content\">\n<p style=\"font-size:36px;line-height:1.2\"><strong>Saludable y sostenible<\/strong><\/p>\n\n\n\n<p class=\"has-extra-small-font-size\">Respetuoso con el medio ambiente, sin elementos radiactivos ni formaldeh\u00eddo, prensado en caliente para una r\u00e1pida instalaci\u00f3n y con alta resistencia al desgaste para una belleza duradera y un ambiente interior saludable.<\/p>\n<\/div><figure class=\"wp-block-media-text__media\"><img decoding=\"async\" width=\"491\" height=\"640\" src=\"https:\/\/aesthedgewallpanel.com\/wp-content\/uploads\/2024\/09\/house-157112_640.webp\" alt=\"\" class=\"wp-image-1478 size-full\" srcset=\"https:\/\/aesthedgewallpanel.com\/wp-content\/uploads\/2024\/09\/house-157112_640.webp 491w, https:\/\/aesthedgewallpanel.com\/wp-content\/uploads\/2024\/09\/house-157112_640-230x300.webp 230w\" sizes=\"(max-width: 491px) 100vw, 491px\" \/><\/figure><\/div>\n\n\n\n<h2 class=\"wp-block-heading\"><strong>Panel mural SPC Instalaci\u00f3n y entrega r\u00e1pidas<\/strong><\/h2>\n\n\n\n<p><strong>1. Renovaci\u00f3n f\u00e1cil, sin molestias<\/strong><\/p>\n\n\n\n<p>SPC wall panels can be directly installed on existing walls, skipping demolition. It causes no excessive waste or noise. Even in a hotel&#8217;s operation, installation won&#8217;t disrupt business, reducing complaints and offering a quiet, efficient upgrade.<\/p>\n\n\n\n<p><strong>2. Entrega r\u00e1pida, personalizable<\/strong><\/p>\n\n\n\n<p>The SPC wall panel delivers fast and supports deep customization. Style, shape, and colour can be personalized. In bathroom renovations, it&#8217;s waterproof, moisture-proof, and slip-resistant. Whole-panel installation is easy, with large-sized panels needing few to finish. The short construction period saves resources. It&#8217;s cuttable with a utility knife and usable 24 hours after pasting with eco-friendly glue.<\/p>\n\n\n\n<figure class=\"wp-block-image size-large\"><img decoding=\"async\" width=\"1024\" height=\"500\" src=\"https:\/\/aesthedgewallpanel.com\/wp-content\/uploads\/2024\/09\/640-14-1024x500.webp\" alt=\"\" class=\"wp-image-1501\" srcset=\"https:\/\/aesthedgewallpanel.com\/wp-content\/uploads\/2024\/09\/640-14-1024x500.webp 1024w, https:\/\/aesthedgewallpanel.com\/wp-content\/uploads\/2024\/09\/640-14-300x147.webp 300w, https:\/\/aesthedgewallpanel.com\/wp-content\/uploads\/2024\/09\/640-14-768x375.webp 768w, https:\/\/aesthedgewallpanel.com\/wp-content\/uploads\/2024\/09\/640-14-1536x751.webp 1536w, https:\/\/aesthedgewallpanel.com\/wp-content\/uploads\/2024\/09\/640-14.webp 1598w\" sizes=\"(max-width: 1024px) 100vw, 1024px\" \/><\/figure>\n\n\n\n<p><strong>3. Deleite visual sin fisuras<\/strong><\/p>\n\n\n\n<p>El panel de pared SPC Stone Patterns puede alcanzar los 3 metros por panel entero. La instalaci\u00f3n en toda la pared tiene juntas m\u00ednimas. El efecto sin juntas es suave y natural, proporcionando una gran experiencia visual. Muestra un aspecto elegante y refinado, realzando el encanto del espacio.<\/p>\n\n\n\n<figure class=\"wp-block-image size-large\"><img decoding=\"async\" width=\"1024\" height=\"534\" src=\"https:\/\/aesthedgewallpanel.com\/wp-content\/uploads\/2024\/09\/New-Project-4-1024x534.webp\" alt=\"\" class=\"wp-image-1502\" srcset=\"https:\/\/aesthedgewallpanel.com\/wp-content\/uploads\/2024\/09\/New-Project-4-1024x534.webp 1024w, https:\/\/aesthedgewallpanel.com\/wp-content\/uploads\/2024\/09\/New-Project-4-300x157.webp 300w, https:\/\/aesthedgewallpanel.com\/wp-content\/uploads\/2024\/09\/New-Project-4-768x401.webp 768w, https:\/\/aesthedgewallpanel.com\/wp-content\/uploads\/2024\/09\/New-Project-4-1536x802.webp 1536w, https:\/\/aesthedgewallpanel.com\/wp-content\/uploads\/2024\/09\/New-Project-4.webp 1640w\" sizes=\"(max-width: 1024px) 100vw, 1024px\" \/><\/figure>\n\n\n\n<h2 class=\"wp-block-heading\"><strong>Paneles de pared SPC AestgEdge: Excepcional rendimiento decorativo<\/strong><\/h2>\n\n\n\n<p>Los paneles de pared SPC en <a href=\"https:\/\/aesthedgewallpanel.com\/es\/about\/\">AestgEdge<\/a> Prefectura tienen una variedad de estilos de apariencia, y estilos y colores adecuados se pueden seleccionar de acuerdo a las diferentes necesidades de decoraci\u00f3n. Los paneles de pared de alta calidad deben tener buena estabilidad de color y textura y pueden presentar un efecto decorativo natural y hermoso.<\/p>\n\n\n\n<div class=\"wp-block-group is-nowrap is-layout-flex wp-container-core-group-is-layout-ad2f72ca wp-block-group-is-layout-flex\">\n<h2 class=\"wp-block-heading\"><strong>Paneles de pared impermeables SPC de primera calidad para el ba\u00f1o<\/strong><\/h2>\n<\/div>\n\n\n\n<p>Premium SPC waterproof wall panels are great for bathrooms. They&#8217;re highly waterproof, keeping walls dry and intact. The smooth surface is easy to clean with a damp or mild cleaner. Available in various stylish designs like marble and tile, they let you create a personalized look. <\/p>\n\n\n\n<figure class=\"wp-block-image size-large\"><img decoding=\"async\" width=\"1024\" height=\"437\" src=\"https:\/\/aesthedgewallpanel.com\/wp-content\/uploads\/2024\/09\/New-Project-1-1024x437.webp\" alt=\"\" class=\"wp-image-1497\" srcset=\"https:\/\/aesthedgewallpanel.com\/wp-content\/uploads\/2024\/09\/New-Project-1-1024x437.webp 1024w, https:\/\/aesthedgewallpanel.com\/wp-content\/uploads\/2024\/09\/New-Project-1-300x128.webp 300w, https:\/\/aesthedgewallpanel.com\/wp-content\/uploads\/2024\/09\/New-Project-1-768x328.webp 768w, https:\/\/aesthedgewallpanel.com\/wp-content\/uploads\/2024\/09\/New-Project-1-1536x656.webp 1536w, https:\/\/aesthedgewallpanel.com\/wp-content\/uploads\/2024\/09\/New-Project-1.webp 1640w\" sizes=\"(max-width: 1024px) 100vw, 1024px\" \/><\/figure>\n\n\n\n<p>Tambi\u00e9n est\u00e1n disponibles en muchos dise\u00f1os y acabados elegantes, como el m\u00e1rmol, los azulejos de moda y mucho m\u00e1s. Esto le permite crear un espacio de ba\u00f1o lujoso y personalizado que se adapte a su gusto \u00fanico y a su visi\u00f3n del dise\u00f1o de interiores.<\/p>\n\n\n\n<figure class=\"wp-block-image size-large\"><img decoding=\"async\" width=\"1024\" height=\"341\" src=\"https:\/\/aesthedgewallpanel.com\/wp-content\/uploads\/2024\/09\/New-Project-2-1024x341.webp\" alt=\"\" class=\"wp-image-1498\" srcset=\"https:\/\/aesthedgewallpanel.com\/wp-content\/uploads\/2024\/09\/New-Project-2-1024x341.webp 1024w, https:\/\/aesthedgewallpanel.com\/wp-content\/uploads\/2024\/09\/New-Project-2-300x100.webp 300w, https:\/\/aesthedgewallpanel.com\/wp-content\/uploads\/2024\/09\/New-Project-2-768x256.webp 768w, https:\/\/aesthedgewallpanel.com\/wp-content\/uploads\/2024\/09\/New-Project-2.webp 1500w\" sizes=\"(max-width: 1024px) 100vw, 1024px\" \/><\/figure>\n\n\n\n<h2 class=\"wp-block-heading\"><strong>SPC Paneles De Pared Para Cocina<\/strong><\/h2>\n\n\n\n<p>SPC wall panels are perfect for kitchens. They&#8217;re waterproof and easy to clean, resisting steam, splashes, and spills without warping or moulding. Various designs, such as stone and wood, suit any style. Durable against daily impacts, they enhance kitchen walls both practically and aesthetically.<\/p>\n\n\n\n<figure class=\"wp-block-image size-large\"><img decoding=\"async\" width=\"1024\" height=\"341\" src=\"https:\/\/aesthedgewallpanel.com\/wp-content\/uploads\/2024\/09\/New-Project-6-1024x341.webp\" alt=\"\" class=\"wp-image-1511\" srcset=\"https:\/\/aesthedgewallpanel.com\/wp-content\/uploads\/2024\/09\/New-Project-6-1024x341.webp 1024w, https:\/\/aesthedgewallpanel.com\/wp-content\/uploads\/2024\/09\/New-Project-6-300x100.webp 300w, https:\/\/aesthedgewallpanel.com\/wp-content\/uploads\/2024\/09\/New-Project-6-768x256.webp 768w, https:\/\/aesthedgewallpanel.com\/wp-content\/uploads\/2024\/09\/New-Project-6.webp 1500w\" sizes=\"(max-width: 1024px) 100vw, 1024px\" \/><\/figure>\n\n\n\n<p>Para tama\u00f1os, colores, relieves y acabados personalizados, p\u00f3ngase en contacto con&nbsp;<a href=\"\/es\/contact\/\">p\u00f3ngase en contacto con nosotros<\/a>.<\/p>\n\n\n\n<p><\/p>","protected":false},"excerpt":{"rendered":"<p>Impermeable, ign\u00edfugo y con estilo<\/p>","protected":false},"featured_media":941,"template":"","products_category":[160],"surface_pvc_marble_sheet_":[],"style__acoustic_panel_":[],"film__bamboo_charcoal_wood_venee":[],"color_wpc_wall_panel":[],"color_spc_wall_panel_":[162],"shape":[],"class_list":["post-939","product","type-product","status-publish","has-post-thumbnail","hentry","products_category-spc-wall-panel","color_spc_wall_panel_-stone-patterns"],"yoast_head":"<!-- This site is optimized with the Yoast SEO plugin v25.5 - https:\/\/yoast.com\/wordpress\/plugins\/seo\/ -->\n<title>Superior SPC Wall Panels for International Deals<\/title>\n<meta name=\"description\" content=\"Premium SPC waterproof wall panels for bathrooms. Durable and stylish, they are ideal for foreign businesses and various projects overseas.\" \/>\n<meta name=\"robots\" content=\"index, follow, max-snippet:-1, max-image-preview:large, max-video-preview:-1\" \/>\n<link rel=\"canonical\" href=\"https:\/\/aesthedgewallpanel.com\/es\/product\/spc-wall-panel-stone-patterns\/\" \/>\n<meta property=\"og:locale\" content=\"es_ES\" \/>\n<meta property=\"og:type\" content=\"article\" \/>\n<meta property=\"og:title\" content=\"Superior SPC Wall Panels for International Deals\" \/>\n<meta property=\"og:description\" content=\"Premium SPC waterproof wall panels for bathrooms. Durable and stylish, they are ideal for foreign businesses and various projects overseas.\" \/>\n<meta property=\"og:url\" content=\"https:\/\/aesthedgewallpanel.com\/es\/product\/spc-wall-panel-stone-patterns\/\" \/>\n<meta property=\"og:site_name\" content=\"AesthedgeWallPanel\" \/>\n<meta property=\"article:modified_time\" content=\"2024-12-05T07:27:45+00:00\" \/>\n<meta property=\"og:image\" content=\"https:\/\/aesthedgewallpanel.com\/wp-content\/uploads\/2024\/09\/spc-wall-panel-1.jpg\" \/>\n\t<meta property=\"og:image:width\" content=\"800\" \/>\n\t<meta property=\"og:image:height\" content=\"800\" \/>\n\t<meta property=\"og:image:type\" content=\"image\/jpeg\" \/>\n<meta name=\"twitter:card\" content=\"summary_large_image\" \/>\n<meta name=\"twitter:label1\" content=\"Tiempo de lectura\" \/>\n\t<meta name=\"twitter:data1\" content=\"5 minutos\" \/>\n<script type=\"application\/ld+json\" class=\"yoast-schema-graph\">{\"@context\":\"https:\/\/schema.org\",\"@graph\":[{\"@type\":\"WebPage\",\"@id\":\"https:\/\/aesthedgewallpanel.com\/product\/spc-wall-panel-stone-patterns\/\",\"url\":\"https:\/\/aesthedgewallpanel.com\/product\/spc-wall-panel-stone-patterns\/\",\"name\":\"Superior SPC Wall Panels for International Deals\",\"isPartOf\":{\"@id\":\"https:\/\/aesthedgewallpanel.com\/#website\"},\"primaryImageOfPage\":{\"@id\":\"https:\/\/aesthedgewallpanel.com\/product\/spc-wall-panel-stone-patterns\/#primaryimage\"},\"image\":{\"@id\":\"https:\/\/aesthedgewallpanel.com\/product\/spc-wall-panel-stone-patterns\/#primaryimage\"},\"thumbnailUrl\":\"https:\/\/aesthedgewallpanel.com\/wp-content\/uploads\/2024\/09\/spc-wall-panel-1.jpg\",\"datePublished\":\"2024-09-25T07:38:21+00:00\",\"dateModified\":\"2024-12-05T07:27:45+00:00\",\"description\":\"Premium SPC waterproof wall panels for bathrooms. Durable and stylish, they are ideal for foreign businesses and various projects overseas.\",\"breadcrumb\":{\"@id\":\"https:\/\/aesthedgewallpanel.com\/product\/spc-wall-panel-stone-patterns\/#breadcrumb\"},\"inLanguage\":\"es\",\"potentialAction\":[{\"@type\":\"ReadAction\",\"target\":[\"https:\/\/aesthedgewallpanel.com\/product\/spc-wall-panel-stone-patterns\/\"]}]},{\"@type\":\"ImageObject\",\"inLanguage\":\"es\",\"@id\":\"https:\/\/aesthedgewallpanel.com\/product\/spc-wall-panel-stone-patterns\/#primaryimage\",\"url\":\"https:\/\/aesthedgewallpanel.com\/wp-content\/uploads\/2024\/09\/spc-wall-panel-1.jpg\",\"contentUrl\":\"https:\/\/aesthedgewallpanel.com\/wp-content\/uploads\/2024\/09\/spc-wall-panel-1.jpg\",\"width\":800,\"height\":800,\"caption\":\"spc wall panel\"},{\"@type\":\"BreadcrumbList\",\"@id\":\"https:\/\/aesthedgewallpanel.com\/product\/spc-wall-panel-stone-patterns\/#breadcrumb\",\"itemListElement\":[{\"@type\":\"ListItem\",\"position\":1,\"name\":\"Home\",\"item\":\"https:\/\/aesthedgewallpanel.com\/\"},{\"@type\":\"ListItem\",\"position\":2,\"name\":\"SPC WALL PANEL\",\"item\":\"https:\/\/aesthedgewallpanel.com\/product-category\/spc-wall-panel\/\"},{\"@type\":\"ListItem\",\"position\":3,\"name\":\"SPC Waterproof Wall Panels-Stone Patterns\"}]},{\"@type\":\"WebSite\",\"@id\":\"https:\/\/aesthedgewallpanel.com\/#website\",\"url\":\"https:\/\/aesthedgewallpanel.com\/\",\"name\":\"AesthedgeWallPanel\",\"description\":\"Aesthedge Solutions for Modern Spaces\",\"potentialAction\":[{\"@type\":\"SearchAction\",\"target\":{\"@type\":\"EntryPoint\",\"urlTemplate\":\"https:\/\/aesthedgewallpanel.com\/?s={search_term_string}\"},\"query-input\":{\"@type\":\"PropertyValueSpecification\",\"valueRequired\":true,\"valueName\":\"search_term_string\"}}],\"inLanguage\":\"es\"}]}<\/script>\n<!-- \/ Yoast SEO plugin. -->","yoast_head_json":{"title":"Superior SPC Wall Panels for International Deals","description":"Premium SPC waterproof wall panels for bathrooms. Durable and stylish, they are ideal for foreign businesses and various projects overseas.","robots":{"index":"index","follow":"follow","max-snippet":"max-snippet:-1","max-image-preview":"max-image-preview:large","max-video-preview":"max-video-preview:-1"},"canonical":"https:\/\/aesthedgewallpanel.com\/es\/product\/spc-wall-panel-stone-patterns\/","og_locale":"es_ES","og_type":"article","og_title":"Superior SPC Wall Panels for International Deals","og_description":"Premium SPC waterproof wall panels for bathrooms. Durable and stylish, they are ideal for foreign businesses and various projects overseas.","og_url":"https:\/\/aesthedgewallpanel.com\/es\/product\/spc-wall-panel-stone-patterns\/","og_site_name":"AesthedgeWallPanel","article_modified_time":"2024-12-05T07:27:45+00:00","og_image":[{"width":800,"height":800,"url":"https:\/\/aesthedgewallpanel.com\/wp-content\/uploads\/2024\/09\/spc-wall-panel-1.jpg","type":"image\/jpeg"}],"twitter_card":"summary_large_image","twitter_misc":{"Tiempo de lectura":"5 minutos"},"schema":{"@context":"https:\/\/schema.org","@graph":[{"@type":"WebPage","@id":"https:\/\/aesthedgewallpanel.com\/product\/spc-wall-panel-stone-patterns\/","url":"https:\/\/aesthedgewallpanel.com\/product\/spc-wall-panel-stone-patterns\/","name":"Superior SPC Wall Panels for International Deals","isPartOf":{"@id":"https:\/\/aesthedgewallpanel.com\/#website"},"primaryImageOfPage":{"@id":"https:\/\/aesthedgewallpanel.com\/product\/spc-wall-panel-stone-patterns\/#primaryimage"},"image":{"@id":"https:\/\/aesthedgewallpanel.com\/product\/spc-wall-panel-stone-patterns\/#primaryimage"},"thumbnailUrl":"https:\/\/aesthedgewallpanel.com\/wp-content\/uploads\/2024\/09\/spc-wall-panel-1.jpg","datePublished":"2024-09-25T07:38:21+00:00","dateModified":"2024-12-05T07:27:45+00:00","description":"Premium SPC waterproof wall panels for bathrooms. Durable and stylish, they are ideal for foreign businesses and various projects overseas.","breadcrumb":{"@id":"https:\/\/aesthedgewallpanel.com\/product\/spc-wall-panel-stone-patterns\/#breadcrumb"},"inLanguage":"es","potentialAction":[{"@type":"ReadAction","target":["https:\/\/aesthedgewallpanel.com\/product\/spc-wall-panel-stone-patterns\/"]}]},{"@type":"ImageObject","inLanguage":"es","@id":"https:\/\/aesthedgewallpanel.com\/product\/spc-wall-panel-stone-patterns\/#primaryimage","url":"https:\/\/aesthedgewallpanel.com\/wp-content\/uploads\/2024\/09\/spc-wall-panel-1.jpg","contentUrl":"https:\/\/aesthedgewallpanel.com\/wp-content\/uploads\/2024\/09\/spc-wall-panel-1.jpg","width":800,"height":800,"caption":"spc wall panel"},{"@type":"BreadcrumbList","@id":"https:\/\/aesthedgewallpanel.com\/product\/spc-wall-panel-stone-patterns\/#breadcrumb","itemListElement":[{"@type":"ListItem","position":1,"name":"Home","item":"https:\/\/aesthedgewallpanel.com\/"},{"@type":"ListItem","position":2,"name":"SPC WALL PANEL","item":"https:\/\/aesthedgewallpanel.com\/product-category\/spc-wall-panel\/"},{"@type":"ListItem","position":3,"name":"SPC Waterproof Wall Panels-Stone Patterns"}]},{"@type":"WebSite","@id":"https:\/\/aesthedgewallpanel.com\/#website","url":"https:\/\/aesthedgewallpanel.com\/","name":"AesthedgeWallPanel","description":"Aesthedge Solutions for Modern Spaces","potentialAction":[{"@type":"SearchAction","target":{"@type":"EntryPoint","urlTemplate":"https:\/\/aesthedgewallpanel.com\/?s={search_term_string}"},"query-input":{"@type":"PropertyValueSpecification","valueRequired":true,"valueName":"search_term_string"}}],"inLanguage":"es"}]}},"_links":{"self":[{"href":"https:\/\/aesthedgewallpanel.com\/es\/wp-json\/wp\/v2\/product\/939","targetHints":{"allow":["GET"]}}],"collection":[{"href":"https:\/\/aesthedgewallpanel.com\/es\/wp-json\/wp\/v2\/product"}],"about":[{"href":"https:\/\/aesthedgewallpanel.com\/es\/wp-json\/wp\/v2\/types\/product"}],"wp:featuredmedia":[{"embeddable":true,"href":"https:\/\/aesthedgewallpanel.com\/es\/wp-json\/wp\/v2\/media\/941"}],"wp:attachment":[{"href":"https:\/\/aesthedgewallpanel.com\/es\/wp-json\/wp\/v2\/media?parent=939"}],"wp:term":[{"taxonomy":"products_category","embeddable":true,"href":"https:\/\/aesthedgewallpanel.com\/es\/wp-json\/wp\/v2\/products_category?post=939"},{"taxonomy":"surface_pvc_marble_sheet_","embeddable":true,"href":"https:\/\/aesthedgewallpanel.com\/es\/wp-json\/wp\/v2\/surface_pvc_marble_sheet_?post=939"},{"taxonomy":"style__acoustic_panel_","embeddable":true,"href":"https:\/\/aesthedgewallpanel.com\/es\/wp-json\/wp\/v2\/style__acoustic_panel_?post=939"},{"taxonomy":"film__bamboo_charcoal_wood_venee","embeddable":true,"href":"https:\/\/aesthedgewallpanel.com\/es\/wp-json\/wp\/v2\/film__bamboo_charcoal_wood_venee?post=939"},{"taxonomy":"color_wpc_wall_panel","embeddable":true,"href":"https:\/\/aesthedgewallpanel.com\/es\/wp-json\/wp\/v2\/color_wpc_wall_panel?post=939"},{"taxonomy":"color_spc_wall_panel_","embeddable":true,"href":"https:\/\/aesthedgewallpanel.com\/es\/wp-json\/wp\/v2\/color_spc_wall_panel_?post=939"},{"taxonomy":"shape","embeddable":true,"href":"https:\/\/aesthedgewallpanel.com\/es\/wp-json\/wp\/v2\/shape?post=939"}],"curies":[{"name":"wp","href":"https:\/\/api.w.org\/{rel}","templated":true}]}}