{"id":1038,"date":"2024-10-08T03:42:48","date_gmt":"2024-10-08T03:42:48","guid":{"rendered":"https:\/\/aesthedgewallpanel.com\/?post_type=product&#038;p=1038"},"modified":"2024-11-29T06:42:41","modified_gmt":"2024-11-29T06:42:41","slug":"spc-wall-panel-wood-grain","status":"publish","type":"product","link":"https:\/\/aesthedgewallpanel.com\/fr\/product\/spc-wall-panel-wood-grain\/","title":{"rendered":"Panneau mural SPC-Grain de bois"},"content":{"rendered":"<h2 class=\"wp-block-heading\">Panneau mural SPC Description<\/h2>\n\n\n\n<p>Unlike stone-plastic flooring, which primarily uses plastic, SPC \uff08Stone Plastic Composite\uff09wall panel is made from natural limestone (calcium carbonate), the same material found in pearls and marble. It&#8217;s combined with polymer materials at a molecular level and extruded into a single piece under high temperature and pressure. This process creates a wear-resistant surface and a high-definition decorative layer. SPC wall panels are 4mm~6mm solid wall panels with a tongue-and-groove connection on all four sides.<\/p>\n\n\n\n<figure class=\"wp-block-image size-full\"><img decoding=\"async\" width=\"1000\" height=\"516\" src=\"https:\/\/aesthedgewallpanel.com\/wp-content\/uploads\/2024\/10\/image.webp\" alt=\"\" class=\"wp-image-1646\" srcset=\"https:\/\/aesthedgewallpanel.com\/wp-content\/uploads\/2024\/10\/image.webp 1000w, https:\/\/aesthedgewallpanel.com\/wp-content\/uploads\/2024\/10\/image-300x155.webp 300w, https:\/\/aesthedgewallpanel.com\/wp-content\/uploads\/2024\/10\/image-768x396.webp 768w\" sizes=\"(max-width: 1000px) 100vw, 1000px\" \/><\/figure>\n\n\n\n<h2 class=\"wp-block-heading\"><strong>Avantages du panneau mural SPC AesthEdge<\/strong><\/h2>\n\n\n\n<p><a href=\"https:\/\/aesthedgewallpanel.com\/fr\/product-category\/spc-wall-panel\/\" target=\"_blank\" rel=\"noreferrer noopener\">Panneaux muraux SPC<\/a> offrent des avantages uniques en tant que mat\u00e9riau d\u00e9coratif moderne. Ils sont respectueux de l'environnement, durables et exempts de formald\u00e9hyde. Avec une installation rapide et une utilisation imm\u00e9diate, ils permettent d'\u00e9conomiser du temps et de l'argent.<\/p>\n\n\n\n<p>Pour des tailles, des couleurs, des gaufrages et des finitions sur mesure, veuillez contacter\u00a0<a href=\"\/fr\/contact\/\">contactez-nous ici<\/a>.<\/p>\n\n\n\n<div class=\"wp-block-columns alignwide is-layout-flex wp-container-core-columns-is-layout-9d6595d7 wp-block-columns-is-layout-flex\">\n<div class=\"wp-block-column has-text-color has-background has-link-color wp-elements-998423e6584842584f77cc1ce6569efe is-layout-flow wp-block-column-is-layout-flow\" style=\"color:#000000;background-color:#ffe97d;padding-top:2em;padding-right:2em;padding-bottom:2em;padding-left:2em\">\n<p class=\"has-normal-font-size\" style=\"line-height:1.5\"><strong>Pas de d\u00e9molition n\u00e9cessaire, moins de d\u00e9chets et peu de bruit<\/strong><\/p>\n\n\n\n<hr class=\"wp-block-separator has-text-color has-css-opacity has-background is-style-wide\" style=\"background-color:#000000;color:#000000\"\/>\n\n\n\n<p>Il peut \u00eatre install\u00e9 directement sur le mur existant sans qu'il soit n\u00e9cessaire de le d\u00e9molir, ce qui r\u00e9duit les d\u00e9chets et le bruit. La construction peut ainsi avoir lieu pendant que l'h\u00f4tel reste ouvert, sans perturber les op\u00e9rations ni augmenter les plaintes des utilisateurs.<\/p>\n<\/div>\n\n\n\n<div class=\"wp-block-column has-text-color has-background has-link-color wp-elements-4d62c49992129d33ad94fcbaed9d295a is-layout-flow wp-block-column-is-layout-flow\" style=\"color:#000000;background-color:#d1d1e1;padding-top:2em;padding-right:2em;padding-bottom:2em;padding-left:2em\">\n<p class=\"has-normal-font-size\" style=\"line-height:1.5\"><strong>Livraison rapide, personnalisation, faible co\u00fbt<\/strong><\/p>\n\n\n\n<hr class=\"wp-block-separator has-css-opacity is-style-wide\"\/>\n\n\n\n<p>Avec les panneaux muraux SPC, vous b\u00e9n\u00e9ficiez d'une installation rapide, d'une personnalisation et d'un prix abordable. Ces panneaux polyvalents se d\u00e9coupent et s'installent facilement et peuvent \u00eatre adapt\u00e9s \u00e0 n'importe quel espace et \u00e0 n'importe quel style personnel.<\/p>\n<\/div>\n\n\n\n<div class=\"wp-block-column has-text-color has-background has-link-color wp-elements-0ae3cf4f5ff967540d95d464c5ff41f0 is-layout-flow wp-block-column-is-layout-flow\" style=\"color:#000000;background-color:#c0ebf1;padding-top:2em;padding-right:2em;padding-bottom:2em;padding-left:2em\">\n<p class=\"has-normal-font-size\"><strong>Installation sur tout le panneau avec de petites coutures.<\/strong><\/p>\n\n\n\n<hr class=\"wp-block-separator has-css-opacity is-style-wide\"\/>\n\n\n\n<p>Pouvant atteindre 3 m\u00e8tres de long, les panneaux muraux SPC r\u00e9duisent consid\u00e9rablement le nombre de joints n\u00e9cessaires \u00e0 l'installation. Cela permet d'obtenir un aspect propre et ininterrompu qui am\u00e9liore l'attrait esth\u00e9tique g\u00e9n\u00e9ral.<\/p>\n<\/div>\n<\/div>\n\n\n\n<p><strong>B1 Ignifug\u00e9<\/strong> <\/p>\n\n\n\n<p>Les panneaux muraux SPC, principalement compos\u00e9s de poudre de pierre et de r\u00e9sine polym\u00e8re, sont intrins\u00e8quement r\u00e9sistants aux flammes. Ils sont donc id\u00e9aux pour la d\u00e9coration int\u00e9rieure, en particulier dans les zones \u00e0 haut risque telles que les espaces publics et les immeubles de grande hauteur.<\/p>\n\n\n\n<h2 class=\"wp-block-heading\">Panneaux muraux SPC pour murs int\u00e9rieurs<\/h2>\n\n\n\n<p>Les panneaux muraux SPC poss\u00e8dent les caract\u00e9ristiques d'\u00e9tanch\u00e9it\u00e9 100%, ce qui les rend particuli\u00e8rement adapt\u00e9s aux zones \u00e0 forte humidit\u00e9 telles que les salles de bains, les cuisines et les balcons.<\/p>\n\n\n\n<div class=\"wp-block-columns is-layout-flex wp-container-core-columns-is-layout-9d6595d7 wp-block-columns-is-layout-flex\">\n<div class=\"wp-block-column is-layout-flow wp-block-column-is-layout-flow\">\n<figure class=\"wp-block-image size-full\"><img decoding=\"async\" width=\"1080\" height=\"1350\" src=\"https:\/\/aesthedgewallpanel.com\/wp-content\/uploads\/2024\/10\/New-Project-21-3.webp\" alt=\"\" class=\"wp-image-1658\" srcset=\"https:\/\/aesthedgewallpanel.com\/wp-content\/uploads\/2024\/10\/New-Project-21-3.webp 1080w, https:\/\/aesthedgewallpanel.com\/wp-content\/uploads\/2024\/10\/New-Project-21-3-240x300.webp 240w, https:\/\/aesthedgewallpanel.com\/wp-content\/uploads\/2024\/10\/New-Project-21-3-819x1024.webp 819w, https:\/\/aesthedgewallpanel.com\/wp-content\/uploads\/2024\/10\/New-Project-21-3-768x960.webp 768w\" sizes=\"(max-width: 1080px) 100vw, 1080px\" \/><\/figure>\n<\/div>\n\n\n\n<div class=\"wp-block-column is-layout-flow wp-block-column-is-layout-flow\">\n<figure class=\"wp-block-image size-large\"><img decoding=\"async\" width=\"819\" height=\"1024\" src=\"https:\/\/aesthedgewallpanel.com\/wp-content\/uploads\/2024\/10\/New-Project-21-819x1024.webp\" alt=\"\" class=\"wp-image-1651\" srcset=\"https:\/\/aesthedgewallpanel.com\/wp-content\/uploads\/2024\/10\/New-Project-21-819x1024.webp 819w, https:\/\/aesthedgewallpanel.com\/wp-content\/uploads\/2024\/10\/New-Project-21-240x300.webp 240w, https:\/\/aesthedgewallpanel.com\/wp-content\/uploads\/2024\/10\/New-Project-21-768x960.webp 768w, https:\/\/aesthedgewallpanel.com\/wp-content\/uploads\/2024\/10\/New-Project-21.webp 1080w\" sizes=\"(max-width: 819px) 100vw, 819px\" \/><\/figure>\n<\/div>\n\n\n\n<div class=\"wp-block-column is-layout-flow wp-block-column-is-layout-flow\">\n<figure class=\"wp-block-image size-large\"><img decoding=\"async\" width=\"819\" height=\"1024\" src=\"https:\/\/aesthedgewallpanel.com\/wp-content\/uploads\/2024\/10\/New-Project-20-819x1024.webp\" alt=\"\" class=\"wp-image-1650\" srcset=\"https:\/\/aesthedgewallpanel.com\/wp-content\/uploads\/2024\/10\/New-Project-20-819x1024.webp 819w, https:\/\/aesthedgewallpanel.com\/wp-content\/uploads\/2024\/10\/New-Project-20-240x300.webp 240w, https:\/\/aesthedgewallpanel.com\/wp-content\/uploads\/2024\/10\/New-Project-20-768x960.webp 768w, https:\/\/aesthedgewallpanel.com\/wp-content\/uploads\/2024\/10\/New-Project-20.webp 1080w\" sizes=\"(max-width: 819px) 100vw, 819px\" \/><\/figure>\n<\/div>\n<\/div>\n\n\n\n<p>Ces panneaux sont principalement utilis\u00e9s pour les murs int\u00e9rieurs, les plafonds, les sols et divers projets de d\u00e9coration dans les constructions de grande et de petite hauteur.<\/p>\n\n\n\n<div class=\"wp-block-columns is-layout-flex wp-container-core-columns-is-layout-9d6595d7 wp-block-columns-is-layout-flex\">\n<div class=\"wp-block-column is-layout-flow wp-block-column-is-layout-flow\">\n<figure class=\"wp-block-image size-full\"><img decoding=\"async\" width=\"600\" height=\"500\" src=\"https:\/\/aesthedgewallpanel.com\/wp-content\/uploads\/2024\/10\/New-Project-22.webp\" alt=\"\" class=\"wp-image-1653\" srcset=\"https:\/\/aesthedgewallpanel.com\/wp-content\/uploads\/2024\/10\/New-Project-22.webp 600w, https:\/\/aesthedgewallpanel.com\/wp-content\/uploads\/2024\/10\/New-Project-22-300x250.webp 300w\" sizes=\"(max-width: 600px) 100vw, 600px\" \/><\/figure>\n<\/div>\n\n\n\n<div class=\"wp-block-column is-layout-flow wp-block-column-is-layout-flow\">\n<figure class=\"wp-block-image size-full\"><img decoding=\"async\" width=\"600\" height=\"500\" src=\"https:\/\/aesthedgewallpanel.com\/wp-content\/uploads\/2024\/10\/New-Project-22-2.webp\" alt=\"\" class=\"wp-image-1656\" srcset=\"https:\/\/aesthedgewallpanel.com\/wp-content\/uploads\/2024\/10\/New-Project-22-2.webp 600w, https:\/\/aesthedgewallpanel.com\/wp-content\/uploads\/2024\/10\/New-Project-22-2-300x250.webp 300w\" sizes=\"(max-width: 600px) 100vw, 600px\" \/><\/figure>\n<\/div>\n<\/div>\n\n\n\n<p>Ne manquez pas cette occasion en or !\u00a0<a href=\"https:\/\/aesthedgewallpanel.com\/fr\/contact\/\" target=\"_blank\" rel=\"noreferrer noopener\">Contactez nous<\/a>\u00a0pour obtenir votre \u00e9chantillon gratuit et b\u00e9n\u00e9ficier d'offres et de remises exclusives r\u00e9serv\u00e9es \u00e0 nos chers clients.<\/p>\n\n\n\n<p><\/p>","protected":false},"excerpt":{"rendered":"<p>Imperm\u00e9able, ignifuge et \u00e9l\u00e9gant<\/p>","protected":false},"featured_media":1056,"template":"","products_category":[160],"surface_pvc_marble_sheet_":[],"style__acoustic_panel_":[],"film__bamboo_charcoal_wood_venee":[],"color_wpc_wall_panel":[],"color_spc_wall_panel_":[161],"shape":[],"class_list":["post-1038","product","type-product","status-publish","has-post-thumbnail","hentry","products_category-spc-wall-panel","color_spc_wall_panel_-wood-grain"],"yoast_head":"<!-- This site is optimized with the Yoast SEO plugin v25.5 - https:\/\/yoast.com\/wordpress\/plugins\/seo\/ -->\n<title>Premium SPC Wall Panel for Export from Linyi, Shandong, China<\/title>\n<meta name=\"description\" content=\"Our company offers top-quality SPC wall panels with wood grain. Rely on our export services for premium products and smooth business transactions.\" \/>\n<meta name=\"robots\" content=\"index, follow, max-snippet:-1, max-image-preview:large, max-video-preview:-1\" \/>\n<link rel=\"canonical\" href=\"https:\/\/aesthedgewallpanel.com\/fr\/product\/spc-wall-panel-wood-grain\/\" \/>\n<meta property=\"og:locale\" content=\"fr_FR\" \/>\n<meta property=\"og:type\" content=\"article\" \/>\n<meta property=\"og:title\" content=\"Premium SPC Wall Panel for Export from Linyi, Shandong, China\" \/>\n<meta property=\"og:description\" content=\"Our company offers top-quality SPC wall panels with wood grain. Rely on our export services for premium products and smooth business transactions.\" \/>\n<meta property=\"og:url\" content=\"https:\/\/aesthedgewallpanel.com\/fr\/product\/spc-wall-panel-wood-grain\/\" \/>\n<meta property=\"og:site_name\" content=\"AesthedgeWallPanel\" \/>\n<meta property=\"article:modified_time\" content=\"2024-11-29T06:42:41+00:00\" \/>\n<meta property=\"og:image\" content=\"https:\/\/aesthedgewallpanel.com\/wp-content\/uploads\/2024\/10\/spc-wall-panel-wood-grain-1.jpg\" \/>\n\t<meta property=\"og:image:width\" content=\"800\" \/>\n\t<meta property=\"og:image:height\" content=\"800\" \/>\n\t<meta property=\"og:image:type\" content=\"image\/jpeg\" \/>\n<meta name=\"twitter:card\" content=\"summary_large_image\" \/>\n<meta name=\"twitter:label1\" content=\"Dur\u00e9e de lecture estim\u00e9e\" \/>\n\t<meta name=\"twitter:data1\" content=\"3 minutes\" \/>\n<script type=\"application\/ld+json\" class=\"yoast-schema-graph\">{\"@context\":\"https:\/\/schema.org\",\"@graph\":[{\"@type\":\"WebPage\",\"@id\":\"https:\/\/aesthedgewallpanel.com\/product\/spc-wall-panel-wood-grain\/\",\"url\":\"https:\/\/aesthedgewallpanel.com\/product\/spc-wall-panel-wood-grain\/\",\"name\":\"Premium SPC Wall Panel for Export from Linyi, Shandong, China\",\"isPartOf\":{\"@id\":\"https:\/\/aesthedgewallpanel.com\/#website\"},\"primaryImageOfPage\":{\"@id\":\"https:\/\/aesthedgewallpanel.com\/product\/spc-wall-panel-wood-grain\/#primaryimage\"},\"image\":{\"@id\":\"https:\/\/aesthedgewallpanel.com\/product\/spc-wall-panel-wood-grain\/#primaryimage\"},\"thumbnailUrl\":\"https:\/\/aesthedgewallpanel.com\/wp-content\/uploads\/2024\/10\/spc-wall-panel-wood-grain-1.jpg\",\"datePublished\":\"2024-10-08T03:42:48+00:00\",\"dateModified\":\"2024-11-29T06:42:41+00:00\",\"description\":\"Our company offers top-quality SPC wall panels with wood grain. Rely on our export services for premium products and smooth business transactions.\",\"breadcrumb\":{\"@id\":\"https:\/\/aesthedgewallpanel.com\/product\/spc-wall-panel-wood-grain\/#breadcrumb\"},\"inLanguage\":\"fr-FR\",\"potentialAction\":[{\"@type\":\"ReadAction\",\"target\":[\"https:\/\/aesthedgewallpanel.com\/product\/spc-wall-panel-wood-grain\/\"]}]},{\"@type\":\"ImageObject\",\"inLanguage\":\"fr-FR\",\"@id\":\"https:\/\/aesthedgewallpanel.com\/product\/spc-wall-panel-wood-grain\/#primaryimage\",\"url\":\"https:\/\/aesthedgewallpanel.com\/wp-content\/uploads\/2024\/10\/spc-wall-panel-wood-grain-1.jpg\",\"contentUrl\":\"https:\/\/aesthedgewallpanel.com\/wp-content\/uploads\/2024\/10\/spc-wall-panel-wood-grain-1.jpg\",\"width\":800,\"height\":800,\"caption\":\"spc wall panel wood grain 1\"},{\"@type\":\"BreadcrumbList\",\"@id\":\"https:\/\/aesthedgewallpanel.com\/product\/spc-wall-panel-wood-grain\/#breadcrumb\",\"itemListElement\":[{\"@type\":\"ListItem\",\"position\":1,\"name\":\"Home\",\"item\":\"https:\/\/aesthedgewallpanel.com\/\"},{\"@type\":\"ListItem\",\"position\":2,\"name\":\"SPC WALL PANEL\",\"item\":\"https:\/\/aesthedgewallpanel.com\/product-category\/spc-wall-panel\/\"},{\"@type\":\"ListItem\",\"position\":3,\"name\":\"SPC Wall Panel-Wood Grain\"}]},{\"@type\":\"WebSite\",\"@id\":\"https:\/\/aesthedgewallpanel.com\/#website\",\"url\":\"https:\/\/aesthedgewallpanel.com\/\",\"name\":\"AesthedgeWallPanel\",\"description\":\"Aesthedge Solutions for Modern Spaces\",\"potentialAction\":[{\"@type\":\"SearchAction\",\"target\":{\"@type\":\"EntryPoint\",\"urlTemplate\":\"https:\/\/aesthedgewallpanel.com\/?s={search_term_string}\"},\"query-input\":{\"@type\":\"PropertyValueSpecification\",\"valueRequired\":true,\"valueName\":\"search_term_string\"}}],\"inLanguage\":\"fr-FR\"}]}<\/script>\n<!-- \/ Yoast SEO plugin. -->","yoast_head_json":{"title":"Premium SPC Wall Panel for Export from Linyi, Shandong, China","description":"Our company offers top-quality SPC wall panels with wood grain. Rely on our export services for premium products and smooth business transactions.","robots":{"index":"index","follow":"follow","max-snippet":"max-snippet:-1","max-image-preview":"max-image-preview:large","max-video-preview":"max-video-preview:-1"},"canonical":"https:\/\/aesthedgewallpanel.com\/fr\/product\/spc-wall-panel-wood-grain\/","og_locale":"fr_FR","og_type":"article","og_title":"Premium SPC Wall Panel for Export from Linyi, Shandong, China","og_description":"Our company offers top-quality SPC wall panels with wood grain. Rely on our export services for premium products and smooth business transactions.","og_url":"https:\/\/aesthedgewallpanel.com\/fr\/product\/spc-wall-panel-wood-grain\/","og_site_name":"AesthedgeWallPanel","article_modified_time":"2024-11-29T06:42:41+00:00","og_image":[{"width":800,"height":800,"url":"https:\/\/aesthedgewallpanel.com\/wp-content\/uploads\/2024\/10\/spc-wall-panel-wood-grain-1.jpg","type":"image\/jpeg"}],"twitter_card":"summary_large_image","twitter_misc":{"Dur\u00e9e de lecture estim\u00e9e":"3 minutes"},"schema":{"@context":"https:\/\/schema.org","@graph":[{"@type":"WebPage","@id":"https:\/\/aesthedgewallpanel.com\/product\/spc-wall-panel-wood-grain\/","url":"https:\/\/aesthedgewallpanel.com\/product\/spc-wall-panel-wood-grain\/","name":"Premium SPC Wall Panel for Export from Linyi, Shandong, China","isPartOf":{"@id":"https:\/\/aesthedgewallpanel.com\/#website"},"primaryImageOfPage":{"@id":"https:\/\/aesthedgewallpanel.com\/product\/spc-wall-panel-wood-grain\/#primaryimage"},"image":{"@id":"https:\/\/aesthedgewallpanel.com\/product\/spc-wall-panel-wood-grain\/#primaryimage"},"thumbnailUrl":"https:\/\/aesthedgewallpanel.com\/wp-content\/uploads\/2024\/10\/spc-wall-panel-wood-grain-1.jpg","datePublished":"2024-10-08T03:42:48+00:00","dateModified":"2024-11-29T06:42:41+00:00","description":"Our company offers top-quality SPC wall panels with wood grain. Rely on our export services for premium products and smooth business transactions.","breadcrumb":{"@id":"https:\/\/aesthedgewallpanel.com\/product\/spc-wall-panel-wood-grain\/#breadcrumb"},"inLanguage":"fr-FR","potentialAction":[{"@type":"ReadAction","target":["https:\/\/aesthedgewallpanel.com\/product\/spc-wall-panel-wood-grain\/"]}]},{"@type":"ImageObject","inLanguage":"fr-FR","@id":"https:\/\/aesthedgewallpanel.com\/product\/spc-wall-panel-wood-grain\/#primaryimage","url":"https:\/\/aesthedgewallpanel.com\/wp-content\/uploads\/2024\/10\/spc-wall-panel-wood-grain-1.jpg","contentUrl":"https:\/\/aesthedgewallpanel.com\/wp-content\/uploads\/2024\/10\/spc-wall-panel-wood-grain-1.jpg","width":800,"height":800,"caption":"spc wall panel wood grain 1"},{"@type":"BreadcrumbList","@id":"https:\/\/aesthedgewallpanel.com\/product\/spc-wall-panel-wood-grain\/#breadcrumb","itemListElement":[{"@type":"ListItem","position":1,"name":"Home","item":"https:\/\/aesthedgewallpanel.com\/"},{"@type":"ListItem","position":2,"name":"SPC WALL PANEL","item":"https:\/\/aesthedgewallpanel.com\/product-category\/spc-wall-panel\/"},{"@type":"ListItem","position":3,"name":"SPC Wall Panel-Wood Grain"}]},{"@type":"WebSite","@id":"https:\/\/aesthedgewallpanel.com\/#website","url":"https:\/\/aesthedgewallpanel.com\/","name":"AesthedgeWallPanel","description":"Aesthedge Solutions for Modern Spaces","potentialAction":[{"@type":"SearchAction","target":{"@type":"EntryPoint","urlTemplate":"https:\/\/aesthedgewallpanel.com\/?s={search_term_string}"},"query-input":{"@type":"PropertyValueSpecification","valueRequired":true,"valueName":"search_term_string"}}],"inLanguage":"fr-FR"}]}},"_links":{"self":[{"href":"https:\/\/aesthedgewallpanel.com\/fr\/wp-json\/wp\/v2\/product\/1038","targetHints":{"allow":["GET"]}}],"collection":[{"href":"https:\/\/aesthedgewallpanel.com\/fr\/wp-json\/wp\/v2\/product"}],"about":[{"href":"https:\/\/aesthedgewallpanel.com\/fr\/wp-json\/wp\/v2\/types\/product"}],"wp:featuredmedia":[{"embeddable":true,"href":"https:\/\/aesthedgewallpanel.com\/fr\/wp-json\/wp\/v2\/media\/1056"}],"wp:attachment":[{"href":"https:\/\/aesthedgewallpanel.com\/fr\/wp-json\/wp\/v2\/media?parent=1038"}],"wp:term":[{"taxonomy":"products_category","embeddable":true,"href":"https:\/\/aesthedgewallpanel.com\/fr\/wp-json\/wp\/v2\/products_category?post=1038"},{"taxonomy":"surface_pvc_marble_sheet_","embeddable":true,"href":"https:\/\/aesthedgewallpanel.com\/fr\/wp-json\/wp\/v2\/surface_pvc_marble_sheet_?post=1038"},{"taxonomy":"style__acoustic_panel_","embeddable":true,"href":"https:\/\/aesthedgewallpanel.com\/fr\/wp-json\/wp\/v2\/style__acoustic_panel_?post=1038"},{"taxonomy":"film__bamboo_charcoal_wood_venee","embeddable":true,"href":"https:\/\/aesthedgewallpanel.com\/fr\/wp-json\/wp\/v2\/film__bamboo_charcoal_wood_venee?post=1038"},{"taxonomy":"color_wpc_wall_panel","embeddable":true,"href":"https:\/\/aesthedgewallpanel.com\/fr\/wp-json\/wp\/v2\/color_wpc_wall_panel?post=1038"},{"taxonomy":"color_spc_wall_panel_","embeddable":true,"href":"https:\/\/aesthedgewallpanel.com\/fr\/wp-json\/wp\/v2\/color_spc_wall_panel_?post=1038"},{"taxonomy":"shape","embeddable":true,"href":"https:\/\/aesthedgewallpanel.com\/fr\/wp-json\/wp\/v2\/shape?post=1038"}],"curies":[{"name":"wp","href":"https:\/\/api.w.org\/{rel}","templated":true}]}}