{"id":1045,"date":"2024-09-30T06:33:06","date_gmt":"2024-09-30T06:33:06","guid":{"rendered":"https:\/\/aesthedgewallpanel.com\/?post_type=product&#038;p=1045"},"modified":"2024-12-13T02:30:45","modified_gmt":"2024-12-13T02:30:45","slug":"bamboo-charcoal-wood-veneer-wood-grain","status":"publish","type":"product","link":"https:\/\/aesthedgewallpanel.com\/fr\/product\/bamboo-charcoal-wood-veneer-wood-grain\/","title":{"rendered":"Placage de bois de bambou anthracite - Grain de bois"},"content":{"rendered":"<h2 class=\"wp-block-heading\"><br>Placage Bambou Charcoal Description du produit<\/h2>\n\n\n\n<p>Le placage bois Bamboo Charcoal allie luxe et durabilit\u00e9, ce qui en fait un choix de premier ordre pour une d\u00e9coration d'int\u00e9rieur soucieuse de l'environnement. Fabriqu\u00e9 \u00e0 partir de bambou renouvelable \u00e0 croissance rapide, il offre une alternative \u00e0 faible impact aux mat\u00e9riaux traditionnels, en se caract\u00e9risant par sa rentabilit\u00e9, sa durabilit\u00e9 environnementale et sa facilit\u00e9 d'installation.<\/p>\n\n\n\n<p>L'attrait \u00e9cologique du placage en charbon de bambou est encore renforc\u00e9 par l'incorporation de charbon de bambou, un sous-produit de l'industrie du bambou qui garantit qu'aucune ressource n'est gaspill\u00e9e. Ses propri\u00e9t\u00e9s naturelles de purification de l'air permettent d'absorber les odeurs, l'humidit\u00e9 et les produits chimiques nocifs, am\u00e9liorant ainsi la qualit\u00e9 de l'air int\u00e9rieur pour un environnement de vie plus sain.<\/p>\n\n\n\n<figure class=\"wp-block-image size-full\"><img decoding=\"async\" width=\"710\" height=\"400\" src=\"https:\/\/aesthedgewallpanel.com\/wp-content\/uploads\/2024\/09\/wood-grain-decoration-6.jpg\" alt=\"bamboo charcoal wood veneer\" class=\"wp-image-1048\" srcset=\"https:\/\/aesthedgewallpanel.com\/wp-content\/uploads\/2024\/09\/wood-grain-decoration-6.jpg 710w, https:\/\/aesthedgewallpanel.com\/wp-content\/uploads\/2024\/09\/wood-grain-decoration-6-300x169.jpg 300w\" sizes=\"(max-width: 710px) 100vw, 710px\" \/><figcaption class=\"wp-element-caption\">bambou placage bois charbon de bois<\/figcaption><\/figure>\n\n\n\n<p><strong>Placage Bambou Charcoal Caract\u00e9ristiques du produit<\/strong><\/p>\n\n\n\n<p><strong>Respect de l'environnement<\/strong>: Fabriqu\u00e9s \u00e0 partir de mat\u00e9riaux renouvelables en bambou qui peuvent \u00eatre recycl\u00e9s, ces panneaux muraux en placage de bois de bambou et de charbon de bois constituent une alternative \u00e9cologique aux mat\u00e9riaux traditionnels tels que le marbre et la pierre.<\/p>\n\n\n\n<p><strong>Personnalisable<\/strong>: Le placage de bois de bambou et de charbon de bois peut \u00eatre coup\u00e9 et fa\u00e7onn\u00e9 pour s'adapter \u00e0 n'importe quel design, y compris les murs courbes et les piliers. Les panneaux muraux peuvent imiter diff\u00e9rents mat\u00e9riaux, tels que le marbre, le bois ou le m\u00e9tal, afin de s'adapter \u00e0 un large \u00e9ventail de styles d'int\u00e9rieur.<\/p>\n\n\n\n<div class=\"wp-block-columns is-layout-flex wp-container-core-columns-is-layout-9d6595d7 wp-block-columns-is-layout-flex\">\n<div class=\"wp-block-column is-layout-flow wp-block-column-is-layout-flow\">\n<figure class=\"wp-block-image size-full\"><img decoding=\"async\" width=\"800\" height=\"688\" src=\"https:\/\/aesthedgewallpanel.com\/wp-content\/uploads\/2024\/09\/uv.jpg\" alt=\"Bamboo Charcoal Wood Veneer size\" class=\"wp-image-2077\" srcset=\"https:\/\/aesthedgewallpanel.com\/wp-content\/uploads\/2024\/09\/uv.jpg 800w, https:\/\/aesthedgewallpanel.com\/wp-content\/uploads\/2024\/09\/uv-300x258.jpg 300w, https:\/\/aesthedgewallpanel.com\/wp-content\/uploads\/2024\/09\/uv-768x660.jpg 768w\" sizes=\"(max-width: 800px) 100vw, 800px\" \/><\/figure>\n<\/div>\n\n\n\n<div class=\"wp-block-column is-layout-flow wp-block-column-is-layout-flow\">\n<figure class=\"wp-block-image size-full\"><img decoding=\"async\" width=\"800\" height=\"669\" src=\"https:\/\/aesthedgewallpanel.com\/wp-content\/uploads\/2024\/09\/\u6728\u9970\u9762\u8be6\u60c5_04-\u526f\u672c.jpg\" alt=\"\" class=\"wp-image-2081\" srcset=\"https:\/\/aesthedgewallpanel.com\/wp-content\/uploads\/2024\/09\/\u6728\u9970\u9762\u8be6\u60c5_04-\u526f\u672c.jpg 800w, https:\/\/aesthedgewallpanel.com\/wp-content\/uploads\/2024\/09\/\u6728\u9970\u9762\u8be6\u60c5_04-\u526f\u672c-300x251.jpg 300w, https:\/\/aesthedgewallpanel.com\/wp-content\/uploads\/2024\/09\/\u6728\u9970\u9762\u8be6\u60c5_04-\u526f\u672c-768x642.jpg 768w\" sizes=\"(max-width: 800px) 100vw, 800px\" \/><\/figure>\n<\/div>\n\n\n\n<div class=\"wp-block-column is-layout-flow wp-block-column-is-layout-flow\">\n<figure class=\"wp-block-image size-full\"><img decoding=\"async\" width=\"800\" height=\"636\" src=\"https:\/\/aesthedgewallpanel.com\/wp-content\/uploads\/2024\/09\/\u6728\u9970\u9762\u8be6\u60c5_01.jpg\" alt=\"Bamboo Charcoal Wood Veneer\" class=\"wp-image-2078\" srcset=\"https:\/\/aesthedgewallpanel.com\/wp-content\/uploads\/2024\/09\/\u6728\u9970\u9762\u8be6\u60c5_01.jpg 800w, https:\/\/aesthedgewallpanel.com\/wp-content\/uploads\/2024\/09\/\u6728\u9970\u9762\u8be6\u60c5_01-300x239.jpg 300w, https:\/\/aesthedgewallpanel.com\/wp-content\/uploads\/2024\/09\/\u6728\u9970\u9762\u8be6\u60c5_01-768x611.jpg 768w\" sizes=\"(max-width: 800px) 100vw, 800px\" \/><\/figure>\n<\/div>\n<\/div>\n\n\n\n<p><strong>Durable et r\u00e9sistant \u00e0 l'eau<\/strong>: Con\u00e7us pour r\u00e9sister \u00e0 l'humidit\u00e9, ces panneaux muraux en placage de bois de bambou et de charbon de bois sont imperm\u00e9ables et tr\u00e8s r\u00e9sistants aux moisissures, ce qui les rend parfaits pour les climats humides.<\/p>\n\n\n\n<p><strong>L\u00e9ger et flexible<\/strong>: Ces panneaux l\u00e9gers peuvent \u00eatre personnalis\u00e9s avec des motifs sans couture et imprim\u00e9s en plus de 100 couleurs. Les placages en charbon de bambou sont faciles \u00e0 manipuler et \u00e0 installer.<\/p>\n\n\n\n<p><strong>Applications polyvalentes<\/strong>: Le placage en bois de charbon de bambou est id\u00e9al pour les espaces r\u00e9sidentiels et commerciaux. Il peut \u00eatre utilis\u00e9 dans les salons, les chambres \u00e0 coucher, les salles \u00e0 manger, les b\u00e2timents d'entreprise et les boutiques de haute couture.<\/p>\n\n\n\n<div class=\"wp-block-media-text is-stacked-on-mobile\"><figure class=\"wp-block-media-text__media\"><img decoding=\"async\" width=\"710\" height=\"400\" src=\"https:\/\/aesthedgewallpanel.com\/wp-content\/uploads\/2024\/09\/wood-grain-decoration-3.jpg\" alt=\"bamboo charcoal veneer\" class=\"wp-image-1053 size-full\" srcset=\"https:\/\/aesthedgewallpanel.com\/wp-content\/uploads\/2024\/09\/wood-grain-decoration-3.jpg 710w, https:\/\/aesthedgewallpanel.com\/wp-content\/uploads\/2024\/09\/wood-grain-decoration-3-300x169.jpg 300w\" sizes=\"(max-width: 710px) 100vw, 710px\" \/><\/figure><div class=\"wp-block-media-text__content\">\n<p>Le placage bois Bamboo Charcoal est facile \u00e0 installer et \u00e0 entretenir. Il peut \u00eatre appliqu\u00e9 \u00e0 l'aide d'outils de menuiserie et d'adh\u00e9sifs standard, et ne n\u00e9cessite aucune comp\u00e9tence ou formation particuli\u00e8re. Le placage est \u00e9galement facile \u00e0 nettoyer et \u00e0 entretenir. Il suffit d'un chiffon humide ou d'une solution de nettoyage douce pour qu'il conserve son \u00e9clat.<\/p>\n<\/div><\/div>\n\n\n\n<p>Chez AesthEdge Wall Panel, nous sommes sp\u00e9cialis\u00e9s dans les int\u00e9rieurs modernes et \u00e9l\u00e9gants adapt\u00e9s \u00e0 vos besoins. Contactez-nous d\u00e8s aujourd'hui pour obtenir un devis gratuit pour le placage de bois de charbon de bambou et d'autres mat\u00e9riaux durables.&nbsp;<a href=\"\/fr\/contact\/\">Contactez nous ici<\/a>.<\/p>\n\n\n\n<figure class=\"wp-block-table\"><table><tbody><tr><td><strong>Mat\u00e9riau<\/strong><\/td><td>Bois composite<\/td><\/tr><tr><td><strong>\u00c9paisseur<\/strong><\/td><td>5\/8mm<\/td><\/tr><tr><td><strong>Taille<\/strong><\/td><td>1220*<em>2440mm(4<\/em>*8feet), sur mesure<\/td><\/tr><tr><td><strong>Service de traitement<\/strong><\/td><td>Coupe, courbure, emballage, etc.<\/td><\/tr><tr><td><strong>Densit\u00e9<\/strong><\/td><td>0,6-1,0 tonnes\/m3<\/td><\/tr><tr><td><strong>Couleur<\/strong><\/td><td>Couleur bois, couleur marbre, etc.<\/td><\/tr><tr><td><strong>Applications<\/strong><\/td><td>Coupe, courbure, emballage, etc.<\/td><\/tr><\/tbody><\/table><\/figure>","protected":false},"excerpt":{"rendered":"<p>L\u00e9ger\uff0cR\u00e9sistance \u00e0 l'humidit\u00e9\uff0cDurabilit\u00e9<\/p>","protected":false},"featured_media":1046,"template":"","products_category":[55],"surface_pvc_marble_sheet_":[],"style__acoustic_panel_":[],"film__bamboo_charcoal_wood_venee":[159],"color_wpc_wall_panel":[],"color_spc_wall_panel_":[],"shape":[],"class_list":["post-1045","product","type-product","status-publish","has-post-thumbnail","hentry","products_category-bamboo-charcoal-wood-veneer","film__bamboo_charcoal_wood_venee-pvc-film"],"yoast_head":"<!-- This site is optimized with the Yoast SEO plugin v25.5 - https:\/\/yoast.com\/wordpress\/plugins\/seo\/ -->\n<title>Premium Bamboo Charcoal Wood Veneer - AesthEdge Wall Panel<\/title>\n<meta name=\"description\" content=\"Get a free quote for premium bamboo charcoal wood veneer. Our durable and waterproof bamboo charcoal veneer offers stylish interior design solutions.\" \/>\n<meta name=\"robots\" content=\"index, follow, max-snippet:-1, max-image-preview:large, max-video-preview:-1\" \/>\n<link rel=\"canonical\" href=\"https:\/\/aesthedgewallpanel.com\/fr\/product\/bamboo-charcoal-wood-veneer-wood-grain\/\" \/>\n<meta property=\"og:locale\" content=\"fr_FR\" \/>\n<meta property=\"og:type\" content=\"article\" \/>\n<meta property=\"og:title\" content=\"Premium Bamboo Charcoal Wood Veneer - AesthEdge Wall Panel\" \/>\n<meta property=\"og:description\" content=\"Get a free quote for premium bamboo charcoal wood veneer. Our durable and waterproof bamboo charcoal veneer offers stylish interior design solutions.\" \/>\n<meta property=\"og:url\" content=\"https:\/\/aesthedgewallpanel.com\/fr\/product\/bamboo-charcoal-wood-veneer-wood-grain\/\" \/>\n<meta property=\"og:site_name\" content=\"AesthedgeWallPanel\" \/>\n<meta property=\"article:modified_time\" content=\"2024-12-13T02:30:45+00:00\" \/>\n<meta property=\"og:image\" content=\"https:\/\/aesthedgewallpanel.com\/wp-content\/uploads\/2024\/09\/bamboo-charcoal-wood-veneer-1.jpg\" \/>\n\t<meta property=\"og:image:width\" content=\"710\" \/>\n\t<meta property=\"og:image:height\" content=\"500\" \/>\n\t<meta property=\"og:image:type\" content=\"image\/jpeg\" \/>\n<meta name=\"twitter:card\" content=\"summary_large_image\" \/>\n<meta name=\"twitter:label1\" content=\"Dur\u00e9e de lecture estim\u00e9e\" \/>\n\t<meta name=\"twitter:data1\" content=\"3 minutes\" \/>\n<script type=\"application\/ld+json\" class=\"yoast-schema-graph\">{\"@context\":\"https:\/\/schema.org\",\"@graph\":[{\"@type\":\"WebPage\",\"@id\":\"https:\/\/aesthedgewallpanel.com\/product\/bamboo-charcoal-wood-veneer-wood-grain\/\",\"url\":\"https:\/\/aesthedgewallpanel.com\/product\/bamboo-charcoal-wood-veneer-wood-grain\/\",\"name\":\"Premium Bamboo Charcoal Wood Veneer - AesthEdge Wall Panel\",\"isPartOf\":{\"@id\":\"https:\/\/aesthedgewallpanel.com\/#website\"},\"primaryImageOfPage\":{\"@id\":\"https:\/\/aesthedgewallpanel.com\/product\/bamboo-charcoal-wood-veneer-wood-grain\/#primaryimage\"},\"image\":{\"@id\":\"https:\/\/aesthedgewallpanel.com\/product\/bamboo-charcoal-wood-veneer-wood-grain\/#primaryimage\"},\"thumbnailUrl\":\"https:\/\/aesthedgewallpanel.com\/wp-content\/uploads\/2024\/09\/bamboo-charcoal-wood-veneer-1.jpg\",\"datePublished\":\"2024-09-30T06:33:06+00:00\",\"dateModified\":\"2024-12-13T02:30:45+00:00\",\"description\":\"Get a free quote for premium bamboo charcoal wood veneer. Our durable and waterproof bamboo charcoal veneer offers stylish interior design solutions.\",\"breadcrumb\":{\"@id\":\"https:\/\/aesthedgewallpanel.com\/product\/bamboo-charcoal-wood-veneer-wood-grain\/#breadcrumb\"},\"inLanguage\":\"fr-FR\",\"potentialAction\":[{\"@type\":\"ReadAction\",\"target\":[\"https:\/\/aesthedgewallpanel.com\/product\/bamboo-charcoal-wood-veneer-wood-grain\/\"]}]},{\"@type\":\"ImageObject\",\"inLanguage\":\"fr-FR\",\"@id\":\"https:\/\/aesthedgewallpanel.com\/product\/bamboo-charcoal-wood-veneer-wood-grain\/#primaryimage\",\"url\":\"https:\/\/aesthedgewallpanel.com\/wp-content\/uploads\/2024\/09\/bamboo-charcoal-wood-veneer-1.jpg\",\"contentUrl\":\"https:\/\/aesthedgewallpanel.com\/wp-content\/uploads\/2024\/09\/bamboo-charcoal-wood-veneer-1.jpg\",\"width\":710,\"height\":500,\"caption\":\"bamboo charcoal wood veneer-1\"},{\"@type\":\"BreadcrumbList\",\"@id\":\"https:\/\/aesthedgewallpanel.com\/product\/bamboo-charcoal-wood-veneer-wood-grain\/#breadcrumb\",\"itemListElement\":[{\"@type\":\"ListItem\",\"position\":1,\"name\":\"Home\",\"item\":\"https:\/\/aesthedgewallpanel.com\/\"},{\"@type\":\"ListItem\",\"position\":2,\"name\":\"BAMBOO CHARCOAL WOOD VENEER\",\"item\":\"https:\/\/aesthedgewallpanel.com\/product-category\/bamboo-charcoal-wood-veneer\/\"},{\"@type\":\"ListItem\",\"position\":3,\"name\":\"Bamboo Charcoal Wood Veneer-Wood Grain\"}]},{\"@type\":\"WebSite\",\"@id\":\"https:\/\/aesthedgewallpanel.com\/#website\",\"url\":\"https:\/\/aesthedgewallpanel.com\/\",\"name\":\"AesthedgeWallPanel\",\"description\":\"Aesthedge Solutions for Modern Spaces\",\"potentialAction\":[{\"@type\":\"SearchAction\",\"target\":{\"@type\":\"EntryPoint\",\"urlTemplate\":\"https:\/\/aesthedgewallpanel.com\/?s={search_term_string}\"},\"query-input\":{\"@type\":\"PropertyValueSpecification\",\"valueRequired\":true,\"valueName\":\"search_term_string\"}}],\"inLanguage\":\"fr-FR\"}]}<\/script>\n<!-- \/ Yoast SEO plugin. -->","yoast_head_json":{"title":"Premium Bamboo Charcoal Wood Veneer - AesthEdge Wall Panel","description":"Get a free quote for premium bamboo charcoal wood veneer. Our durable and waterproof bamboo charcoal veneer offers stylish interior design solutions.","robots":{"index":"index","follow":"follow","max-snippet":"max-snippet:-1","max-image-preview":"max-image-preview:large","max-video-preview":"max-video-preview:-1"},"canonical":"https:\/\/aesthedgewallpanel.com\/fr\/product\/bamboo-charcoal-wood-veneer-wood-grain\/","og_locale":"fr_FR","og_type":"article","og_title":"Premium Bamboo Charcoal Wood Veneer - AesthEdge Wall Panel","og_description":"Get a free quote for premium bamboo charcoal wood veneer. Our durable and waterproof bamboo charcoal veneer offers stylish interior design solutions.","og_url":"https:\/\/aesthedgewallpanel.com\/fr\/product\/bamboo-charcoal-wood-veneer-wood-grain\/","og_site_name":"AesthedgeWallPanel","article_modified_time":"2024-12-13T02:30:45+00:00","og_image":[{"width":710,"height":500,"url":"https:\/\/aesthedgewallpanel.com\/wp-content\/uploads\/2024\/09\/bamboo-charcoal-wood-veneer-1.jpg","type":"image\/jpeg"}],"twitter_card":"summary_large_image","twitter_misc":{"Dur\u00e9e de lecture estim\u00e9e":"3 minutes"},"schema":{"@context":"https:\/\/schema.org","@graph":[{"@type":"WebPage","@id":"https:\/\/aesthedgewallpanel.com\/product\/bamboo-charcoal-wood-veneer-wood-grain\/","url":"https:\/\/aesthedgewallpanel.com\/product\/bamboo-charcoal-wood-veneer-wood-grain\/","name":"Premium Bamboo Charcoal Wood Veneer - AesthEdge Wall Panel","isPartOf":{"@id":"https:\/\/aesthedgewallpanel.com\/#website"},"primaryImageOfPage":{"@id":"https:\/\/aesthedgewallpanel.com\/product\/bamboo-charcoal-wood-veneer-wood-grain\/#primaryimage"},"image":{"@id":"https:\/\/aesthedgewallpanel.com\/product\/bamboo-charcoal-wood-veneer-wood-grain\/#primaryimage"},"thumbnailUrl":"https:\/\/aesthedgewallpanel.com\/wp-content\/uploads\/2024\/09\/bamboo-charcoal-wood-veneer-1.jpg","datePublished":"2024-09-30T06:33:06+00:00","dateModified":"2024-12-13T02:30:45+00:00","description":"Get a free quote for premium bamboo charcoal wood veneer. Our durable and waterproof bamboo charcoal veneer offers stylish interior design solutions.","breadcrumb":{"@id":"https:\/\/aesthedgewallpanel.com\/product\/bamboo-charcoal-wood-veneer-wood-grain\/#breadcrumb"},"inLanguage":"fr-FR","potentialAction":[{"@type":"ReadAction","target":["https:\/\/aesthedgewallpanel.com\/product\/bamboo-charcoal-wood-veneer-wood-grain\/"]}]},{"@type":"ImageObject","inLanguage":"fr-FR","@id":"https:\/\/aesthedgewallpanel.com\/product\/bamboo-charcoal-wood-veneer-wood-grain\/#primaryimage","url":"https:\/\/aesthedgewallpanel.com\/wp-content\/uploads\/2024\/09\/bamboo-charcoal-wood-veneer-1.jpg","contentUrl":"https:\/\/aesthedgewallpanel.com\/wp-content\/uploads\/2024\/09\/bamboo-charcoal-wood-veneer-1.jpg","width":710,"height":500,"caption":"bamboo charcoal wood veneer-1"},{"@type":"BreadcrumbList","@id":"https:\/\/aesthedgewallpanel.com\/product\/bamboo-charcoal-wood-veneer-wood-grain\/#breadcrumb","itemListElement":[{"@type":"ListItem","position":1,"name":"Home","item":"https:\/\/aesthedgewallpanel.com\/"},{"@type":"ListItem","position":2,"name":"BAMBOO CHARCOAL WOOD VENEER","item":"https:\/\/aesthedgewallpanel.com\/product-category\/bamboo-charcoal-wood-veneer\/"},{"@type":"ListItem","position":3,"name":"Bamboo Charcoal Wood Veneer-Wood Grain"}]},{"@type":"WebSite","@id":"https:\/\/aesthedgewallpanel.com\/#website","url":"https:\/\/aesthedgewallpanel.com\/","name":"AesthedgeWallPanel","description":"Aesthedge Solutions for Modern Spaces","potentialAction":[{"@type":"SearchAction","target":{"@type":"EntryPoint","urlTemplate":"https:\/\/aesthedgewallpanel.com\/?s={search_term_string}"},"query-input":{"@type":"PropertyValueSpecification","valueRequired":true,"valueName":"search_term_string"}}],"inLanguage":"fr-FR"}]}},"_links":{"self":[{"href":"https:\/\/aesthedgewallpanel.com\/fr\/wp-json\/wp\/v2\/product\/1045","targetHints":{"allow":["GET"]}}],"collection":[{"href":"https:\/\/aesthedgewallpanel.com\/fr\/wp-json\/wp\/v2\/product"}],"about":[{"href":"https:\/\/aesthedgewallpanel.com\/fr\/wp-json\/wp\/v2\/types\/product"}],"wp:featuredmedia":[{"embeddable":true,"href":"https:\/\/aesthedgewallpanel.com\/fr\/wp-json\/wp\/v2\/media\/1046"}],"wp:attachment":[{"href":"https:\/\/aesthedgewallpanel.com\/fr\/wp-json\/wp\/v2\/media?parent=1045"}],"wp:term":[{"taxonomy":"products_category","embeddable":true,"href":"https:\/\/aesthedgewallpanel.com\/fr\/wp-json\/wp\/v2\/products_category?post=1045"},{"taxonomy":"surface_pvc_marble_sheet_","embeddable":true,"href":"https:\/\/aesthedgewallpanel.com\/fr\/wp-json\/wp\/v2\/surface_pvc_marble_sheet_?post=1045"},{"taxonomy":"style__acoustic_panel_","embeddable":true,"href":"https:\/\/aesthedgewallpanel.com\/fr\/wp-json\/wp\/v2\/style__acoustic_panel_?post=1045"},{"taxonomy":"film__bamboo_charcoal_wood_venee","embeddable":true,"href":"https:\/\/aesthedgewallpanel.com\/fr\/wp-json\/wp\/v2\/film__bamboo_charcoal_wood_venee?post=1045"},{"taxonomy":"color_wpc_wall_panel","embeddable":true,"href":"https:\/\/aesthedgewallpanel.com\/fr\/wp-json\/wp\/v2\/color_wpc_wall_panel?post=1045"},{"taxonomy":"color_spc_wall_panel_","embeddable":true,"href":"https:\/\/aesthedgewallpanel.com\/fr\/wp-json\/wp\/v2\/color_spc_wall_panel_?post=1045"},{"taxonomy":"shape","embeddable":true,"href":"https:\/\/aesthedgewallpanel.com\/fr\/wp-json\/wp\/v2\/shape?post=1045"}],"curies":[{"name":"wp","href":"https:\/\/api.w.org\/{rel}","templated":true}]}}