{"id":1204,"date":"2024-10-24T02:43:28","date_gmt":"2024-10-24T02:43:28","guid":{"rendered":"https:\/\/aesthedgewallpanel.com\/?post_type=product&#038;p=1204"},"modified":"2025-02-12T08:41:43","modified_gmt":"2025-02-12T08:41:43","slug":"wpc-wall-panel-csw-19925","status":"publish","type":"product","link":"https:\/\/aesthedgewallpanel.com\/fr\/product\/wpc-wall-panel-csw-19925\/","title":{"rendered":"Panneau mural en WPC CSW-199\u00d725"},"content":{"rendered":"<h2 class=\"wp-block-heading\"><br>Vue d'ensemble des panneaux muraux WPC<\/h2>\n\n\n\n<p>Notre panneau mural WPC (Wood Plastic Composite) combine des plastiques de poly\u00e9thyl\u00e8ne recycl\u00e9s et des fibres de bois naturelles, offrant ainsi une alternative durable aux panneaux traditionnels en bois ou en PVC. Id\u00e9al pour\u00a0<strong>r\u00e9sidentiel<\/strong>\u00a0(maisons, jardins, salles de bains) et\u00a0<strong>commercial<\/strong>\u00a0(bureaux, h\u00f4tels, usines), il offre l'attrait esth\u00e9tique du bois massif avec une durabilit\u00e9 accrue et un entretien minimal.<\/p>\n\n\n\n<div class=\"wp-block-columns is-layout-flex wp-container-core-columns-is-layout-9d6595d7 wp-block-columns-is-layout-flex\">\n<div class=\"wp-block-column is-layout-flow wp-block-column-is-layout-flow\">\n<figure class=\"wp-block-image size-large\"><img decoding=\"async\" width=\"1024\" height=\"683\" src=\"https:\/\/aesthedgewallpanel.com\/wp-content\/uploads\/2024\/10\/\u672a\u6807\u9898-2-1-1024x683.webp\" alt=\"wpc wall panel\" class=\"wp-image-2073\" srcset=\"https:\/\/aesthedgewallpanel.com\/wp-content\/uploads\/2024\/10\/\u672a\u6807\u9898-2-1-1024x683.webp 1024w, https:\/\/aesthedgewallpanel.com\/wp-content\/uploads\/2024\/10\/\u672a\u6807\u9898-2-1-300x200.webp 300w, https:\/\/aesthedgewallpanel.com\/wp-content\/uploads\/2024\/10\/\u672a\u6807\u9898-2-1-768x512.webp 768w, https:\/\/aesthedgewallpanel.com\/wp-content\/uploads\/2024\/10\/\u672a\u6807\u9898-2-1-1536x1024.webp 1536w, https:\/\/aesthedgewallpanel.com\/wp-content\/uploads\/2024\/10\/\u672a\u6807\u9898-2-1-2048x1365.webp 2048w, https:\/\/aesthedgewallpanel.com\/wp-content\/uploads\/2024\/10\/\u672a\u6807\u9898-2-1-990x660.webp 990w\" sizes=\"(max-width: 1024px) 100vw, 1024px\" \/><\/figure>\n<\/div>\n\n\n\n<div class=\"wp-block-column is-layout-flow wp-block-column-is-layout-flow\">\n<figure class=\"wp-block-image size-large\"><img decoding=\"async\" width=\"1024\" height=\"683\" src=\"https:\/\/aesthedgewallpanel.com\/wp-content\/uploads\/2024\/10\/\u672a\u6807\u9898-2-1024x683.webp\" alt=\"wpc wall panel\" class=\"wp-image-2074\" srcset=\"https:\/\/aesthedgewallpanel.com\/wp-content\/uploads\/2024\/10\/\u672a\u6807\u9898-2-1024x683.webp 1024w, https:\/\/aesthedgewallpanel.com\/wp-content\/uploads\/2024\/10\/\u672a\u6807\u9898-2-300x200.webp 300w, https:\/\/aesthedgewallpanel.com\/wp-content\/uploads\/2024\/10\/\u672a\u6807\u9898-2-768x512.webp 768w, https:\/\/aesthedgewallpanel.com\/wp-content\/uploads\/2024\/10\/\u672a\u6807\u9898-2-1536x1024.webp 1536w, https:\/\/aesthedgewallpanel.com\/wp-content\/uploads\/2024\/10\/\u672a\u6807\u9898-2-2048x1365.webp 2048w, https:\/\/aesthedgewallpanel.com\/wp-content\/uploads\/2024\/10\/\u672a\u6807\u9898-2-990x660.webp 990w\" sizes=\"(max-width: 1024px) 100vw, 1024px\" \/><\/figure>\n<\/div>\n<\/div>\n\n\n\n<p><strong>Sp\u00e9cifications techniques<\/strong><\/p>\n\n\n\n<div class=\"wp-block-columns is-layout-flex wp-container-core-columns-is-layout-9d6595d7 wp-block-columns-is-layout-flex\">\n<div class=\"wp-block-column is-layout-flow wp-block-column-is-layout-flow\" style=\"flex-basis:50%\">\n<ul class=\"wp-block-list\">\n<li><strong>Mod\u00e8le<\/strong>&nbsp;CSW-199*25<\/li>\n\n\n\n<li class=\"translation-block\">Type : Panneau mural<\/li>\n\n\n\n<li class=\"translation-block\">Surface : Rev\u00eatement<\/li>\n<\/ul>\n<\/div>\n\n\n\n<div class=\"wp-block-column is-layout-flow wp-block-column-is-layout-flow\" style=\"flex-basis:50%\">\n<ul class=\"wp-block-list\">\n<li><strong>Dimension :<\/strong>&nbsp;204mm * 25mm<\/li>\n\n\n\n<li class=\"translation-block\">Longueur : 2,9 m ou personnalis\u00e9<\/li>\n\n\n\n<li class=\"translation-block\">Pour les tailles personnalis\u00e9es, les <a href=\"\/fr\/contact\/\" target=\"_blank\" rel=\"noreferrer noopener\">couleurs<\/a>, les gaufrages de surface et les finitions, veuillez <a href=\"\/fr\/contact\/\" target=\"_self\">nous contacter ici<\/a>.<\/li>\n<\/ul>\n<\/div>\n<\/div>\n\n\n\n<h2 class=\"wp-block-heading\"><strong>Avantages des panneaux muraux en WPC<\/strong><\/h2>\n\n\n\n<p><strong><strong>Durabilit\u00e9 sup\u00e9rieure<\/strong><\/strong><\/p>\n\n\n\n<p><strong>Imperm\u00e9able et r\u00e9sistant \u00e0 la corrosion<\/strong>: Parfait pour les zones \u00e0 forte humidit\u00e9 comme les salles de bains et les fa\u00e7ades de b\u00e2timents.<\/p>\n\n\n\n<p><strong>Ignifuge et r\u00e9sistant aux UV<\/strong>: Conforme aux normes de s\u00e9curit\u00e9 internationales.<\/p>\n\n\n\n<p><strong>Dur\u00e9e de vie de plus de 20 ans<\/strong>: R\u00e9siste aux conditions m\u00e9t\u00e9orologiques extr\u00eames, ce qui r\u00e9duit les co\u00fbts de remplacement \u00e0 long terme.<\/p>\n\n\n\n<div style=\"text-align: center;\">\n    <button style=\"background-color: #FF770F; color: white; padding: 15px 32px; text-align: center; text-decoration: none; display: inline-block; font-size: 16px; margin: 4px 2px; cursor: pointer;\" \n            onclick=\"window.open('https:\/\/aesthedgewallpanel.com\/contact', '_blank')\">\n        OBTENIR DES \u00c9CHANTILLONS GRATUITS\n    <\/button>\n<\/div>\n\n\n\n<p><strong>Innovation \u00e9cologique<\/strong><\/p>\n\n\n\n<p>Z\u00e9ro \u00e9mission de formald\u00e9hyde, conforme aux certifications CE<\/p>\n\n\n\n<p>Fabriqu\u00e9 \u00e0 partir de\u00a0<strong>70% mat\u00e9riaux recycl\u00e9s<\/strong>\u00a0(plastiques PE + fibres de bois), soutenant ainsi les objectifs de l'\u00e9conomie circulaire.<\/p>\n\n\n\n<p><strong>Installation et personnalisation faciles<\/strong><\/p>\n\n\n\n<ul class=\"wp-block-list\">\n<li><strong>Conception l\u00e9g\u00e8re pour une installation rapide<\/strong>Les panneaux : peuvent \u00eatre sci\u00e9s, perc\u00e9s ou rabot\u00e9s comme du bois naturel.<\/li>\n\n\n\n<li><strong>Mod\u00e8les multiples<\/strong>: Motifs de marbre, grains de bois et textures modernes disponibles pour divers styles architecturaux<\/li>\n<\/ul>\n\n\n\n<div class=\"wp-block-columns is-layout-flex wp-container-core-columns-is-layout-9d6595d7 wp-block-columns-is-layout-flex\">\n<div class=\"wp-block-column is-layout-flow wp-block-column-is-layout-flow\">\n<figure class=\"wp-block-image size-large\"><img decoding=\"async\" width=\"1024\" height=\"669\" src=\"https:\/\/aesthedgewallpanel.com\/wp-content\/uploads\/2024\/10\/4-3-1-1024x669.webp\" alt=\"\" class=\"wp-image-2068\" srcset=\"https:\/\/aesthedgewallpanel.com\/wp-content\/uploads\/2024\/10\/4-3-1-1024x669.webp 1024w, https:\/\/aesthedgewallpanel.com\/wp-content\/uploads\/2024\/10\/4-3-1-300x196.webp 300w, https:\/\/aesthedgewallpanel.com\/wp-content\/uploads\/2024\/10\/4-3-1-768x501.webp 768w, https:\/\/aesthedgewallpanel.com\/wp-content\/uploads\/2024\/10\/4-3-1-1536x1003.webp 1536w, https:\/\/aesthedgewallpanel.com\/wp-content\/uploads\/2024\/10\/4-3-1.webp 1899w\" sizes=\"(max-width: 1024px) 100vw, 1024px\" \/><\/figure>\n<\/div>\n\n\n\n<div class=\"wp-block-column is-layout-flow wp-block-column-is-layout-flow\">\n<figure class=\"wp-block-image size-large\"><img decoding=\"async\" width=\"1024\" height=\"669\" src=\"https:\/\/aesthedgewallpanel.com\/wp-content\/uploads\/2024\/10\/4-3-1024x669.webp\" alt=\"\" class=\"wp-image-2069\" srcset=\"https:\/\/aesthedgewallpanel.com\/wp-content\/uploads\/2024\/10\/4-3-1024x669.webp 1024w, https:\/\/aesthedgewallpanel.com\/wp-content\/uploads\/2024\/10\/4-3-300x196.webp 300w, https:\/\/aesthedgewallpanel.com\/wp-content\/uploads\/2024\/10\/4-3-768x501.webp 768w, https:\/\/aesthedgewallpanel.com\/wp-content\/uploads\/2024\/10\/4-3-1536x1003.webp 1536w, https:\/\/aesthedgewallpanel.com\/wp-content\/uploads\/2024\/10\/4-3.webp 1899w\" sizes=\"(max-width: 1024px) 100vw, 1024px\" \/><\/figure>\n<\/div>\n<\/div>\n\n\n\n<p><strong>Rapport co\u00fbt-efficacit\u00e9<\/strong><\/p>\n\n\n\n<p>Pas de peinture ni de scellement n\u00e9cessaires, ce qui permet d'\u00e9conomiser 30%+ sur les co\u00fbts d'entretien par rapport au bois traditionnel.<\/p>\n\n\n\n<h2 class=\"wp-block-heading\"><strong>Pourquoi nous choisir ?<\/strong><\/h2>\n\n\n\n<p><strong>Expertise de plus de 10 ans<\/strong>: Fabricant certifi\u00e9 ISO avec\u00a0<strong>Capacit\u00e9 annuelle de 10 000 tonnes<\/strong>.<\/p>\n\n\n\n<p><strong>Logistique mondiale<\/strong>: D\u00e9lai de livraison de 15 jours via le port de Qingdao, avec paiement par L\/C ou T\/T.<\/p>\n\n\n\n<p><strong>Gamme compl\u00e8te de produits<\/strong>: Des terrasses en WPC aux cl\u00f4tures, en passant par les pavillons de jardin et les dalles de bricolage, le tout sous un m\u00eame toit.<\/p>\n\n\n\n<p><strong>Un service centr\u00e9 sur le client<\/strong>: Assistance technique et solutions de conception sur mesure<\/p>\n\n\n\n<div class=\"wp-block-columns is-layout-flex wp-container-core-columns-is-layout-9d6595d7 wp-block-columns-is-layout-flex\">\n<div class=\"wp-block-column is-layout-flow wp-block-column-is-layout-flow\">\n<figure class=\"wp-block-image size-full\"><img decoding=\"async\" width=\"800\" height=\"688\" src=\"https:\/\/aesthedgewallpanel.com\/wp-content\/uploads\/2024\/10\/19512\u5c3a\u5bf8.jpg\" alt=\"\" class=\"wp-image-2060\" srcset=\"https:\/\/aesthedgewallpanel.com\/wp-content\/uploads\/2024\/10\/19512\u5c3a\u5bf8.jpg 800w, https:\/\/aesthedgewallpanel.com\/wp-content\/uploads\/2024\/10\/19512\u5c3a\u5bf8-300x258.jpg 300w, https:\/\/aesthedgewallpanel.com\/wp-content\/uploads\/2024\/10\/19512\u5c3a\u5bf8-768x660.jpg 768w\" sizes=\"(max-width: 800px) 100vw, 800px\" \/><\/figure>\n<\/div>\n\n\n\n<div class=\"wp-block-column is-layout-flow wp-block-column-is-layout-flow\">\n<figure class=\"wp-block-image size-full\"><img decoding=\"async\" width=\"800\" height=\"688\" src=\"https:\/\/aesthedgewallpanel.com\/wp-content\/uploads\/2024\/10\/16024\u5c3a\u5bf8.jpg\" alt=\"\" class=\"wp-image-2061\" srcset=\"https:\/\/aesthedgewallpanel.com\/wp-content\/uploads\/2024\/10\/16024\u5c3a\u5bf8.jpg 800w, https:\/\/aesthedgewallpanel.com\/wp-content\/uploads\/2024\/10\/16024\u5c3a\u5bf8-300x258.jpg 300w, https:\/\/aesthedgewallpanel.com\/wp-content\/uploads\/2024\/10\/16024\u5c3a\u5bf8-768x660.jpg 768w\" sizes=\"(max-width: 800px) 100vw, 800px\" \/><\/figure>\n<\/div>\n\n\n\n<div class=\"wp-block-column is-layout-flow wp-block-column-is-layout-flow\">\n<figure class=\"wp-block-image size-full\"><img decoding=\"async\" width=\"800\" height=\"688\" src=\"https:\/\/aesthedgewallpanel.com\/wp-content\/uploads\/2024\/10\/15015\u5c3a\u5bf8.jpg\" alt=\"\" class=\"wp-image-2062\" srcset=\"https:\/\/aesthedgewallpanel.com\/wp-content\/uploads\/2024\/10\/15015\u5c3a\u5bf8.jpg 800w, https:\/\/aesthedgewallpanel.com\/wp-content\/uploads\/2024\/10\/15015\u5c3a\u5bf8-300x258.jpg 300w, https:\/\/aesthedgewallpanel.com\/wp-content\/uploads\/2024\/10\/15015\u5c3a\u5bf8-768x660.jpg 768w\" sizes=\"(max-width: 800px) 100vw, 800px\" \/><\/figure>\n<\/div>\n<\/div>\n\n\n\n<p><strong>Soutien des experts<\/strong>: Notre \u00e9quipe s'attache \u00e0 fournir un service \u00e0 la client\u00e8le exceptionnel.<\/p>\n\n\n\n<p><strong>Livraison rapide<\/strong>: Une logistique efficace pour garantir une livraison dans les d\u00e9lais.<\/p>\n\n\n\n<div style=\"text-align: center;\">\n    <button style=\"background-color: #FF770F; color: white; padding: 15px 32px; text-align: center; text-decoration: none; display: inline-block; font-size: 16px; margin: 4px 2px; cursor: pointer;\" \n            onclick=\"window.open('https:\/\/aesthedgewallpanel.com\/contact', '_blank')\">\n       Nous contacter\n    <\/button>\n<\/div>\n\n\n\n<p>Contactez-nous d\u00e8s aujourd'hui pour en savoir plus sur nos solutions de panneaux muraux en WPC et pour discuter des exigences sp\u00e9cifiques de votre projet ou de l'expansion de votre entreprise.<\/p>\n\n\n\n<h2 class=\"wp-block-heading\">Panneaux muraux WPC polyvalents et faciles \u00e0 installer<\/h2>\n\n\n\n<div class=\"wp-block-group\"><div class=\"wp-block-group__inner-container is-layout-constrained wp-block-group-is-layout-constrained\">\n<p>Les panneaux muraux en WPC sont disponibles dans une grande vari\u00e9t\u00e9 de motifs et de couleurs, ce qui offre aux consommateurs de nombreuses options pour s'adapter \u00e0 leur style. Ces panneaux sont faciles \u00e0 installer et am\u00e9liorent instantan\u00e9ment la qualit\u00e9 g\u00e9n\u00e9rale de tout espace. Ils sont couramment utilis\u00e9s pour les murs int\u00e9rieurs dans des lieux tels que les salles de spectacles, les chambres \u00e0 coucher, les cuisines et les espaces commerciaux.<\/p>\n\n\n\n<div class=\"wp-block-columns is-layout-flex wp-container-core-columns-is-layout-9d6595d7 wp-block-columns-is-layout-flex\">\n<div class=\"wp-block-column is-layout-flow wp-block-column-is-layout-flow\">\n<figure class=\"wp-block-image size-large\"><img decoding=\"async\" width=\"703\" height=\"1024\" src=\"https:\/\/aesthedgewallpanel.com\/wp-content\/uploads\/2024\/10\/4-1-1-703x1024.webp\" alt=\"\" class=\"wp-image-2064\" srcset=\"https:\/\/aesthedgewallpanel.com\/wp-content\/uploads\/2024\/10\/4-1-1-703x1024.webp 703w, https:\/\/aesthedgewallpanel.com\/wp-content\/uploads\/2024\/10\/4-1-1-206x300.webp 206w, https:\/\/aesthedgewallpanel.com\/wp-content\/uploads\/2024\/10\/4-1-1-768x1119.webp 768w, https:\/\/aesthedgewallpanel.com\/wp-content\/uploads\/2024\/10\/4-1-1-1054x1536.webp 1054w, https:\/\/aesthedgewallpanel.com\/wp-content\/uploads\/2024\/10\/4-1-1-1406x2048.webp 1406w, https:\/\/aesthedgewallpanel.com\/wp-content\/uploads\/2024\/10\/4-1-1-scaled.webp 1757w\" sizes=\"(max-width: 703px) 100vw, 703px\" \/><\/figure>\n<\/div>\n\n\n\n<div class=\"wp-block-column is-layout-flow wp-block-column-is-layout-flow\">\n<figure class=\"wp-block-image size-full\"><img decoding=\"async\" src=\"https:\/\/aesthedgewallpanel.com\/wp-content\/uploads\/2024\/10\/4-1-2.webp\" alt=\"\" class=\"wp-image-2065\"\/><\/figure>\n<\/div>\n\n\n\n<div class=\"wp-block-column is-layout-flow wp-block-column-is-layout-flow\">\n<figure class=\"wp-block-image size-large\"><img decoding=\"async\" width=\"703\" height=\"1024\" src=\"https:\/\/aesthedgewallpanel.com\/wp-content\/uploads\/2024\/10\/4-1-703x1024.webp\" alt=\"\" class=\"wp-image-2066\" srcset=\"https:\/\/aesthedgewallpanel.com\/wp-content\/uploads\/2024\/10\/4-1-703x1024.webp 703w, https:\/\/aesthedgewallpanel.com\/wp-content\/uploads\/2024\/10\/4-1-206x300.webp 206w, https:\/\/aesthedgewallpanel.com\/wp-content\/uploads\/2024\/10\/4-1-768x1119.webp 768w, https:\/\/aesthedgewallpanel.com\/wp-content\/uploads\/2024\/10\/4-1-1054x1536.webp 1054w, https:\/\/aesthedgewallpanel.com\/wp-content\/uploads\/2024\/10\/4-1-1406x2048.webp 1406w, https:\/\/aesthedgewallpanel.com\/wp-content\/uploads\/2024\/10\/4-1-scaled.webp 1757w\" sizes=\"(max-width: 703px) 100vw, 703px\" \/><\/figure>\n<\/div>\n<\/div>\n<\/div><\/div>\n\n\n\n<div class=\"wp-block-group\"><div class=\"wp-block-group__inner-container is-layout-constrained wp-block-group-is-layout-constrained\">\n<div class=\"wp-block-columns is-layout-flex wp-container-core-columns-is-layout-9d6595d7 wp-block-columns-is-layout-flex\">\n<div class=\"wp-block-column is-layout-flow wp-block-column-is-layout-flow\"><\/div>\n<\/div>\n<\/div><\/div>","protected":false},"excerpt":{"rendered":"<p>\u00c9cologique, imperm\u00e9able, ignifuge<\/p>","protected":false},"featured_media":1206,"template":"","products_category":[3],"surface_pvc_marble_sheet_":[],"style__acoustic_panel_":[],"film__bamboo_charcoal_wood_venee":[],"color_wpc_wall_panel":[151],"color_spc_wall_panel_":[],"shape":[],"class_list":["post-1204","product","type-product","status-publish","has-post-thumbnail","hentry","products_category-wpc-wall-panel","color_wpc_wall_panel-solid-color"],"yoast_head":"<!-- This site is optimized with the Yoast SEO plugin v25.5 - https:\/\/yoast.com\/wordpress\/plugins\/seo\/ -->\n<title>Premium WPC Wall Panels by Shangdong, China Suppliers<\/title>\n<meta name=\"description\" content=\"WPC wall panels from Linyi, China are eco-friendly, crafted from recycled wood and plastic. This sustainable manufacturing process reduces waste.\" \/>\n<meta name=\"robots\" content=\"index, follow, max-snippet:-1, max-image-preview:large, max-video-preview:-1\" \/>\n<link rel=\"canonical\" href=\"https:\/\/aesthedgewallpanel.com\/fr\/product\/wpc-wall-panel-csw-19925\/\" \/>\n<meta property=\"og:locale\" content=\"fr_FR\" \/>\n<meta property=\"og:type\" content=\"article\" \/>\n<meta property=\"og:title\" content=\"Premium WPC Wall Panels by Shangdong, China Suppliers\" \/>\n<meta property=\"og:description\" content=\"WPC wall panels from Linyi, China are eco-friendly, crafted from recycled wood and plastic. This sustainable manufacturing process reduces waste.\" \/>\n<meta property=\"og:url\" content=\"https:\/\/aesthedgewallpanel.com\/fr\/product\/wpc-wall-panel-csw-19925\/\" \/>\n<meta property=\"og:site_name\" content=\"AesthedgeWallPanel\" \/>\n<meta property=\"article:modified_time\" content=\"2025-02-12T08:41:43+00:00\" \/>\n<meta property=\"og:image\" content=\"https:\/\/aesthedgewallpanel.com\/wp-content\/uploads\/2024\/10\/wpc-wall-panel-19925.jpg\" \/>\n\t<meta property=\"og:image:width\" content=\"710\" \/>\n\t<meta property=\"og:image:height\" content=\"500\" \/>\n\t<meta property=\"og:image:type\" content=\"image\/jpeg\" \/>\n<meta name=\"twitter:card\" content=\"summary_large_image\" \/>\n<meta name=\"twitter:label1\" content=\"Dur\u00e9e de lecture estim\u00e9e\" \/>\n\t<meta name=\"twitter:data1\" content=\"4 minutes\" \/>\n<script type=\"application\/ld+json\" class=\"yoast-schema-graph\">{\"@context\":\"https:\/\/schema.org\",\"@graph\":[{\"@type\":\"WebPage\",\"@id\":\"https:\/\/aesthedgewallpanel.com\/product\/wpc-wall-panel-csw-19925\/\",\"url\":\"https:\/\/aesthedgewallpanel.com\/product\/wpc-wall-panel-csw-19925\/\",\"name\":\"Premium WPC Wall Panels by Shangdong, China Suppliers\",\"isPartOf\":{\"@id\":\"https:\/\/aesthedgewallpanel.com\/#website\"},\"primaryImageOfPage\":{\"@id\":\"https:\/\/aesthedgewallpanel.com\/product\/wpc-wall-panel-csw-19925\/#primaryimage\"},\"image\":{\"@id\":\"https:\/\/aesthedgewallpanel.com\/product\/wpc-wall-panel-csw-19925\/#primaryimage\"},\"thumbnailUrl\":\"https:\/\/aesthedgewallpanel.com\/wp-content\/uploads\/2024\/10\/wpc-wall-panel-19925.jpg\",\"datePublished\":\"2024-10-24T02:43:28+00:00\",\"dateModified\":\"2025-02-12T08:41:43+00:00\",\"description\":\"WPC wall panels from Linyi, China are eco-friendly, crafted from recycled wood and plastic. This sustainable manufacturing process reduces waste.\",\"breadcrumb\":{\"@id\":\"https:\/\/aesthedgewallpanel.com\/product\/wpc-wall-panel-csw-19925\/#breadcrumb\"},\"inLanguage\":\"fr-FR\",\"potentialAction\":[{\"@type\":\"ReadAction\",\"target\":[\"https:\/\/aesthedgewallpanel.com\/product\/wpc-wall-panel-csw-19925\/\"]}]},{\"@type\":\"ImageObject\",\"inLanguage\":\"fr-FR\",\"@id\":\"https:\/\/aesthedgewallpanel.com\/product\/wpc-wall-panel-csw-19925\/#primaryimage\",\"url\":\"https:\/\/aesthedgewallpanel.com\/wp-content\/uploads\/2024\/10\/wpc-wall-panel-19925.jpg\",\"contentUrl\":\"https:\/\/aesthedgewallpanel.com\/wp-content\/uploads\/2024\/10\/wpc-wall-panel-19925.jpg\",\"width\":710,\"height\":500},{\"@type\":\"BreadcrumbList\",\"@id\":\"https:\/\/aesthedgewallpanel.com\/product\/wpc-wall-panel-csw-19925\/#breadcrumb\",\"itemListElement\":[{\"@type\":\"ListItem\",\"position\":1,\"name\":\"Home\",\"item\":\"https:\/\/aesthedgewallpanel.com\/\"},{\"@type\":\"ListItem\",\"position\":2,\"name\":\"WPC WALL PANEL\",\"item\":\"https:\/\/aesthedgewallpanel.com\/product-category\/wpc-wall-panel\/\"},{\"@type\":\"ListItem\",\"position\":3,\"name\":\"WPC wall panel CSW-199&#215;25\"}]},{\"@type\":\"WebSite\",\"@id\":\"https:\/\/aesthedgewallpanel.com\/#website\",\"url\":\"https:\/\/aesthedgewallpanel.com\/\",\"name\":\"AesthedgeWallPanel\",\"description\":\"Aesthedge Solutions for Modern Spaces\",\"potentialAction\":[{\"@type\":\"SearchAction\",\"target\":{\"@type\":\"EntryPoint\",\"urlTemplate\":\"https:\/\/aesthedgewallpanel.com\/?s={search_term_string}\"},\"query-input\":{\"@type\":\"PropertyValueSpecification\",\"valueRequired\":true,\"valueName\":\"search_term_string\"}}],\"inLanguage\":\"fr-FR\"}]}<\/script>\n<!-- \/ Yoast SEO plugin. -->","yoast_head_json":{"title":"Premium WPC Wall Panels by Shangdong, China Suppliers","description":"WPC wall panels from Linyi, China are eco-friendly, crafted from recycled wood and plastic. This sustainable manufacturing process reduces waste.","robots":{"index":"index","follow":"follow","max-snippet":"max-snippet:-1","max-image-preview":"max-image-preview:large","max-video-preview":"max-video-preview:-1"},"canonical":"https:\/\/aesthedgewallpanel.com\/fr\/product\/wpc-wall-panel-csw-19925\/","og_locale":"fr_FR","og_type":"article","og_title":"Premium WPC Wall Panels by Shangdong, China Suppliers","og_description":"WPC wall panels from Linyi, China are eco-friendly, crafted from recycled wood and plastic. This sustainable manufacturing process reduces waste.","og_url":"https:\/\/aesthedgewallpanel.com\/fr\/product\/wpc-wall-panel-csw-19925\/","og_site_name":"AesthedgeWallPanel","article_modified_time":"2025-02-12T08:41:43+00:00","og_image":[{"url":"https:\/\/aesthedgewallpanel.com\/wp-content\/uploads\/2024\/10\/wpc-wall-panel-19925.jpg","width":710,"height":500,"type":"image\/jpeg"}],"twitter_card":"summary_large_image","twitter_misc":{"Dur\u00e9e de lecture estim\u00e9e":"4 minutes"},"schema":{"@context":"https:\/\/schema.org","@graph":[{"@type":"WebPage","@id":"https:\/\/aesthedgewallpanel.com\/product\/wpc-wall-panel-csw-19925\/","url":"https:\/\/aesthedgewallpanel.com\/product\/wpc-wall-panel-csw-19925\/","name":"Premium WPC Wall Panels by Shangdong, China Suppliers","isPartOf":{"@id":"https:\/\/aesthedgewallpanel.com\/#website"},"primaryImageOfPage":{"@id":"https:\/\/aesthedgewallpanel.com\/product\/wpc-wall-panel-csw-19925\/#primaryimage"},"image":{"@id":"https:\/\/aesthedgewallpanel.com\/product\/wpc-wall-panel-csw-19925\/#primaryimage"},"thumbnailUrl":"https:\/\/aesthedgewallpanel.com\/wp-content\/uploads\/2024\/10\/wpc-wall-panel-19925.jpg","datePublished":"2024-10-24T02:43:28+00:00","dateModified":"2025-02-12T08:41:43+00:00","description":"WPC wall panels from Linyi, China are eco-friendly, crafted from recycled wood and plastic. This sustainable manufacturing process reduces waste.","breadcrumb":{"@id":"https:\/\/aesthedgewallpanel.com\/product\/wpc-wall-panel-csw-19925\/#breadcrumb"},"inLanguage":"fr-FR","potentialAction":[{"@type":"ReadAction","target":["https:\/\/aesthedgewallpanel.com\/product\/wpc-wall-panel-csw-19925\/"]}]},{"@type":"ImageObject","inLanguage":"fr-FR","@id":"https:\/\/aesthedgewallpanel.com\/product\/wpc-wall-panel-csw-19925\/#primaryimage","url":"https:\/\/aesthedgewallpanel.com\/wp-content\/uploads\/2024\/10\/wpc-wall-panel-19925.jpg","contentUrl":"https:\/\/aesthedgewallpanel.com\/wp-content\/uploads\/2024\/10\/wpc-wall-panel-19925.jpg","width":710,"height":500},{"@type":"BreadcrumbList","@id":"https:\/\/aesthedgewallpanel.com\/product\/wpc-wall-panel-csw-19925\/#breadcrumb","itemListElement":[{"@type":"ListItem","position":1,"name":"Home","item":"https:\/\/aesthedgewallpanel.com\/"},{"@type":"ListItem","position":2,"name":"WPC WALL PANEL","item":"https:\/\/aesthedgewallpanel.com\/product-category\/wpc-wall-panel\/"},{"@type":"ListItem","position":3,"name":"WPC wall panel CSW-199&#215;25"}]},{"@type":"WebSite","@id":"https:\/\/aesthedgewallpanel.com\/#website","url":"https:\/\/aesthedgewallpanel.com\/","name":"AesthedgeWallPanel","description":"Aesthedge Solutions for Modern Spaces","potentialAction":[{"@type":"SearchAction","target":{"@type":"EntryPoint","urlTemplate":"https:\/\/aesthedgewallpanel.com\/?s={search_term_string}"},"query-input":{"@type":"PropertyValueSpecification","valueRequired":true,"valueName":"search_term_string"}}],"inLanguage":"fr-FR"}]}},"_links":{"self":[{"href":"https:\/\/aesthedgewallpanel.com\/fr\/wp-json\/wp\/v2\/product\/1204","targetHints":{"allow":["GET"]}}],"collection":[{"href":"https:\/\/aesthedgewallpanel.com\/fr\/wp-json\/wp\/v2\/product"}],"about":[{"href":"https:\/\/aesthedgewallpanel.com\/fr\/wp-json\/wp\/v2\/types\/product"}],"wp:featuredmedia":[{"embeddable":true,"href":"https:\/\/aesthedgewallpanel.com\/fr\/wp-json\/wp\/v2\/media\/1206"}],"wp:attachment":[{"href":"https:\/\/aesthedgewallpanel.com\/fr\/wp-json\/wp\/v2\/media?parent=1204"}],"wp:term":[{"taxonomy":"products_category","embeddable":true,"href":"https:\/\/aesthedgewallpanel.com\/fr\/wp-json\/wp\/v2\/products_category?post=1204"},{"taxonomy":"surface_pvc_marble_sheet_","embeddable":true,"href":"https:\/\/aesthedgewallpanel.com\/fr\/wp-json\/wp\/v2\/surface_pvc_marble_sheet_?post=1204"},{"taxonomy":"style__acoustic_panel_","embeddable":true,"href":"https:\/\/aesthedgewallpanel.com\/fr\/wp-json\/wp\/v2\/style__acoustic_panel_?post=1204"},{"taxonomy":"film__bamboo_charcoal_wood_venee","embeddable":true,"href":"https:\/\/aesthedgewallpanel.com\/fr\/wp-json\/wp\/v2\/film__bamboo_charcoal_wood_venee?post=1204"},{"taxonomy":"color_wpc_wall_panel","embeddable":true,"href":"https:\/\/aesthedgewallpanel.com\/fr\/wp-json\/wp\/v2\/color_wpc_wall_panel?post=1204"},{"taxonomy":"color_spc_wall_panel_","embeddable":true,"href":"https:\/\/aesthedgewallpanel.com\/fr\/wp-json\/wp\/v2\/color_spc_wall_panel_?post=1204"},{"taxonomy":"shape","embeddable":true,"href":"https:\/\/aesthedgewallpanel.com\/fr\/wp-json\/wp\/v2\/shape?post=1204"}],"curies":[{"name":"wp","href":"https:\/\/api.w.org\/{rel}","templated":true}]}}