{"id":132,"date":"2026-02-07T10:07:00","date_gmt":"2026-02-07T10:07:00","guid":{"rendered":"https:\/\/aesthedgewallpanel.com\/?post_type=product&#038;p=132"},"modified":"2026-02-09T08:22:33","modified_gmt":"2026-02-09T08:22:33","slug":"acoustic-panel-1","status":"publish","type":"product","link":"https:\/\/aesthedgewallpanel.com\/fr\/product\/acoustic-panel-1\/","title":{"rendered":"Panneau mural en bois \u00e0 lamelles acoustiques 78 in"},"content":{"rendered":"<h2 class=\"wp-block-heading\">Panneau mural acoustique en bois<\/h2>\n\n\n\n<p>Cr\u00e9ez un look magnifique dans n'importe quel espace avec nos panneaux muraux acoustiques en bois de 78 pouces. Ces panneaux muraux \u00e0 lamelles en bois allient un design moderne unique et attrayant \u00e0 des performances d'absorption acoustique id\u00e9ales.<\/p>\n\n\n\n<figure class=\"wp-block-image size-large\"><img decoding=\"async\" width=\"1024\" height=\"324\" src=\"https:\/\/aesthedgewallpanel.com\/wp-content\/uploads\/2024\/06\/\u5fae\u4fe1\u622a\u56fe_20241127130631-1024x324.jpg\" alt=\"\" class=\"wp-image-1802\" srcset=\"https:\/\/aesthedgewallpanel.com\/wp-content\/uploads\/2024\/06\/\u5fae\u4fe1\u622a\u56fe_20241127130631-1024x324.jpg 1024w, https:\/\/aesthedgewallpanel.com\/wp-content\/uploads\/2024\/06\/\u5fae\u4fe1\u622a\u56fe_20241127130631-300x95.jpg 300w, https:\/\/aesthedgewallpanel.com\/wp-content\/uploads\/2024\/06\/\u5fae\u4fe1\u622a\u56fe_20241127130631-768x243.jpg 768w, https:\/\/aesthedgewallpanel.com\/wp-content\/uploads\/2024\/06\/\u5fae\u4fe1\u622a\u56fe_20241127130631.jpg 1234w\" sizes=\"(max-width: 1024px) 100vw, 1024px\" \/><\/figure>\n\n\n\n<p> AesthEdge&#8217;s wall panels make spaces look and sound better! The 78-inch acoustic slat wood wall panels offer valuable opportunities for B2B clients across industries. Their aesthetic appeal and sound absorption capabilities make them ideal for enhancing environments.<\/p>\n\n\n\n<div class=\"wp-block-columns alignwide are-vertically-aligned-center is-layout-flex wp-container-core-columns-is-layout-9d6595d7 wp-block-columns-is-layout-flex\">\n<div class=\"wp-block-column is-vertically-aligned-center is-layout-flow wp-block-column-is-layout-flow\">\n<div class=\"wp-block-buttons is-layout-flex wp-block-buttons-is-layout-flex\">\n<div class=\"wp-block-button has-custom-width wp-block-button__width-100 is-style-fill\"><a class=\"wp-block-button__link has-text-color has-background wp-element-button\" href=\"https:\/\/aesthedgewallpanel.com\/fr\/contact\/\" style=\"color:#efefef;background-color:#262626\" target=\"_blank\" rel=\"noreferrer noopener\">Nous contacter <\/a><\/div>\n<\/div>\n<\/div>\n<\/div>\n\n\n\n<h2 class=\"wp-block-heading\">\u00c9lever l'espace gr\u00e2ce \u00e0 l'excellence acoustique<\/h2>\n\n\n\n<div class=\"wp-block-columns is-layout-flex wp-container-core-columns-is-layout-9d6595d7 wp-block-columns-is-layout-flex\">\n<div class=\"wp-block-column is-layout-flow wp-block-column-is-layout-flow\">\n<figure class=\"wp-block-image size-full\"><img decoding=\"async\" width=\"800\" height=\"800\" src=\"https:\/\/aesthedgewallpanel.com\/wp-content\/uploads\/2024\/06\/New-Project-11.webp\" alt=\"\" class=\"wp-image-1916\" srcset=\"https:\/\/aesthedgewallpanel.com\/wp-content\/uploads\/2024\/06\/New-Project-11.webp 800w, https:\/\/aesthedgewallpanel.com\/wp-content\/uploads\/2024\/06\/New-Project-11-300x300.webp 300w, https:\/\/aesthedgewallpanel.com\/wp-content\/uploads\/2024\/06\/New-Project-11-150x150.webp 150w, https:\/\/aesthedgewallpanel.com\/wp-content\/uploads\/2024\/06\/New-Project-11-768x768.webp 768w\" sizes=\"(max-width: 800px) 100vw, 800px\" \/><\/figure>\n<\/div>\n\n\n\n<div class=\"wp-block-column is-layout-flow wp-block-column-is-layout-flow\">\n<p>Alors que les conceptions ouvertes dominent les espaces de travail modernes et les lieux publics, la demande d'une gestion efficace du son n'a jamais \u00e9t\u00e9 aussi forte. Nos panneaux acoustiques en bois de 78 pouces offrent une solution sophistiqu\u00e9e pour lutter contre la pollution sonore et am\u00e9liorer le confort auditif.<\/p>\n\n\n\n<p>Nous sommes un producteur professionnel de panneaux muraux acoustiques en bois. Contactez-nous pour obtenir des informations actualis\u00e9es sur les prix !<\/p>\n\n\n\n<div style=\"text-align: center;\">\n    <button style=\"background-color: #FF770F; color: white; padding: 15px 32px; text-align: center; text-decoration: none; display: inline-block; font-size: 16px; margin: 4px 2px; cursor: pointer;\" \n            onclick=\"window.open('https:\/\/aesthedgewallpanel.com\/contact', '_blank')\">\n        OBTENIR DES \u00c9CHANTILLONS GRATUITS\n    <\/button>\n<\/div>\n<\/div>\n<\/div>\n\n\n\n<h2 class=\"wp-block-heading\">Panneaux acoustiques : mat\u00e9riaux et d\u00e9corations<\/h2>\n\n\n\n<figure class=\"wp-block-image alignwide size-full\"><a href=\"https:\/\/aesthedgewallpanel.com\/fr\/contact\/\"><img decoding=\"async\" width=\"2560\" height=\"1440\" src=\"https:\/\/aesthedgewallpanel.com\/wp-content\/uploads\/2024\/06\/Thank-You_00-scaled.jpg\" alt=\"78 inch Acoustic Slat Wood Wall Panels\" class=\"wp-image-1803\" srcset=\"https:\/\/aesthedgewallpanel.com\/wp-content\/uploads\/2024\/06\/Thank-You_00-scaled.jpg 2560w, https:\/\/aesthedgewallpanel.com\/wp-content\/uploads\/2024\/06\/Thank-You_00-300x169.jpg 300w, https:\/\/aesthedgewallpanel.com\/wp-content\/uploads\/2024\/06\/Thank-You_00-1024x576.jpg 1024w, https:\/\/aesthedgewallpanel.com\/wp-content\/uploads\/2024\/06\/Thank-You_00-768x432.jpg 768w, https:\/\/aesthedgewallpanel.com\/wp-content\/uploads\/2024\/06\/Thank-You_00-1536x864.jpg 1536w, https:\/\/aesthedgewallpanel.com\/wp-content\/uploads\/2024\/06\/Thank-You_00-2048x1152.jpg 2048w, https:\/\/aesthedgewallpanel.com\/wp-content\/uploads\/2024\/06\/Thank-You_00-1920x1080.jpg 1920w\" sizes=\"(max-width: 2560px) 100vw, 2560px\" \/><\/a><\/figure>\n\n\n\n<p><a href=\"https:\/\/aesthedgewallpanel.com\/fr\/product-category\/acoustic-panel\/\" target=\"_blank\" rel=\"noreferrer noopener\">Panneaux acoustiques<\/a> sont fabriqu\u00e9s \u00e0 partir d'innombrables fibres de polyester qui s'entrelacent pour cr\u00e9er de nombreux petits espaces, absorbant efficacement l'\u00e9nergie sonore et r\u00e9duisant \u00e0 la fois les ondes sonores r\u00e9fl\u00e9chies et transmises. Pour renforcer leur aspect tridimensionnel et leur attrait d\u00e9coratif, des bandes de bois sont appos\u00e9es sur les panneaux de fibres. <\/p>\n\n\n\n<div class=\"wp-block-columns is-layout-flex wp-container-core-columns-is-layout-9d6595d7 wp-block-columns-is-layout-flex\">\n<div class=\"wp-block-column is-layout-flow wp-block-column-is-layout-flow\">\n<figure class=\"wp-block-image size-full\"><img decoding=\"async\" width=\"1024\" height=\"1024\" src=\"https:\/\/aesthedgewallpanel.com\/wp-content\/uploads\/2024\/06\/38-4.webp\" alt=\"Acoustic Panels\" class=\"wp-image-1973\" srcset=\"https:\/\/aesthedgewallpanel.com\/wp-content\/uploads\/2024\/06\/38-4.webp 1024w, https:\/\/aesthedgewallpanel.com\/wp-content\/uploads\/2024\/06\/38-4-300x300.webp 300w, https:\/\/aesthedgewallpanel.com\/wp-content\/uploads\/2024\/06\/38-4-150x150.webp 150w, https:\/\/aesthedgewallpanel.com\/wp-content\/uploads\/2024\/06\/38-4-768x768.webp 768w\" sizes=\"(max-width: 1024px) 100vw, 1024px\" \/><\/figure>\n<\/div>\n\n\n\n<div class=\"wp-block-column is-layout-flow wp-block-column-is-layout-flow\">\n<figure class=\"wp-block-image size-full\"><img decoding=\"async\" width=\"1024\" height=\"1024\" src=\"https:\/\/aesthedgewallpanel.com\/wp-content\/uploads\/2024\/06\/38-1.webp\" alt=\"\" class=\"wp-image-1969\" srcset=\"https:\/\/aesthedgewallpanel.com\/wp-content\/uploads\/2024\/06\/38-1.webp 1024w, https:\/\/aesthedgewallpanel.com\/wp-content\/uploads\/2024\/06\/38-1-300x300.webp 300w, https:\/\/aesthedgewallpanel.com\/wp-content\/uploads\/2024\/06\/38-1-150x150.webp 150w, https:\/\/aesthedgewallpanel.com\/wp-content\/uploads\/2024\/06\/38-1-768x768.webp 768w\" sizes=\"(max-width: 1024px) 100vw, 1024px\" \/><\/figure>\n<\/div>\n\n\n\n<div class=\"wp-block-column is-layout-flow wp-block-column-is-layout-flow\">\n<figure class=\"wp-block-image size-full\"><img decoding=\"async\" width=\"1024\" height=\"1024\" src=\"https:\/\/aesthedgewallpanel.com\/wp-content\/uploads\/2024\/06\/38-3.webp\" alt=\"Acoustic Panels\" class=\"wp-image-1971\" srcset=\"https:\/\/aesthedgewallpanel.com\/wp-content\/uploads\/2024\/06\/38-3.webp 1024w, https:\/\/aesthedgewallpanel.com\/wp-content\/uploads\/2024\/06\/38-3-300x300.webp 300w, https:\/\/aesthedgewallpanel.com\/wp-content\/uploads\/2024\/06\/38-3-150x150.webp 150w, https:\/\/aesthedgewallpanel.com\/wp-content\/uploads\/2024\/06\/38-3-768x768.webp 768w\" sizes=\"(max-width: 1024px) 100vw, 1024px\" \/><\/figure>\n<\/div>\n<\/div>\n\n\n\n<p>Ces bandes, qui peuvent \u00eatre droites ou courbes, sont fabriqu\u00e9es en MDF (panneau de fibres \u00e0 densit\u00e9 moyenne) ou en WPC (composite bois-plastique). La surface peut \u00eatre recouverte d'un placage de bois technologique, d'un placage de bois naturel ou d'un film PVC, ce qui offre un large \u00e9ventail d'options de conception et de textures pour r\u00e9pondre aux diff\u00e9rentes pr\u00e9f\u00e9rences esth\u00e9tiques.<\/p>\n\n\n\n<figure class=\"wp-block-image size-full\"><img decoding=\"async\" width=\"800\" height=\"800\" src=\"https:\/\/aesthedgewallpanel.com\/wp-content\/uploads\/2024\/06\/New-Project-6-1.webp\" alt=\"\" class=\"wp-image-1810\" srcset=\"https:\/\/aesthedgewallpanel.com\/wp-content\/uploads\/2024\/06\/New-Project-6-1.webp 800w, https:\/\/aesthedgewallpanel.com\/wp-content\/uploads\/2024\/06\/New-Project-6-1-300x300.webp 300w, https:\/\/aesthedgewallpanel.com\/wp-content\/uploads\/2024\/06\/New-Project-6-1-150x150.webp 150w, https:\/\/aesthedgewallpanel.com\/wp-content\/uploads\/2024\/06\/New-Project-6-1-768x768.webp 768w\" sizes=\"(max-width: 800px) 100vw, 800px\" \/><\/figure>\n\n\n\n<div style=\"text-align: center;\">\n    <button style=\"background-color: #FF770F; color: white; padding: 15px 32px; text-align: center; text-decoration: none; display: inline-block; font-size: 16px; margin: 4px 2px; cursor: pointer;\" \n            onclick=\"window.open('https:\/\/aesthedgewallpanel.com\/contact', '_blank')\">\n        OBTENIR UN DEVIS GRATUIT\n    <\/button>\n<\/div>\n\n\n\n<h2 class=\"wp-block-heading\">Panneaux muraux en bois \u00e0 lamelles acoustiques Caract\u00e9ristiques<\/h2>\n\n\n\n<div class=\"wp-block-columns alignwide is-layout-flex wp-container-core-columns-is-layout-9d6595d7 wp-block-columns-is-layout-flex\">\n<div class=\"wp-block-column has-text-color has-background has-link-color wp-elements-f6c01d07e182349b7d688a8a3512aea0 is-layout-flow wp-block-column-is-layout-flow\" style=\"color:#000000;background-color:#ffe97d;padding-top:2em;padding-right:2em;padding-bottom:2em;padding-left:2em\">\n<p><strong><strong><strong>Rapport co\u00fbt-efficacit\u00e9<\/strong><\/strong><\/strong><\/p>\n\n\n\n<hr class=\"wp-block-separator has-text-color has-css-opacity has-background is-style-wide\" style=\"background-color:#000000;color:#000000\"\/>\n\n\n\n<p>En investissant dans des panneaux muraux acoustiques en bois de 78 pouces, vous pouvez profiter des avantages \u00e0 long terme d'une durabilit\u00e9 accrue et d'une r\u00e9duction des co\u00fbts \u00e9nerg\u00e9tiques.<\/p>\n<\/div>\n\n\n\n<div class=\"wp-block-column has-text-color has-background has-link-color wp-elements-372d65c4ef586f613e46f911495b1bd1 is-layout-flow wp-block-column-is-layout-flow\" style=\"color:#000000;background-color:#d1d1e1;padding-top:2em;padding-right:2em;padding-bottom:2em;padding-left:2em\">\n<p><strong><strong><strong><strong>Installation et entretien faciles<\/strong><\/strong><\/strong><\/strong><\/p>\n\n\n\n<hr class=\"wp-block-separator has-css-opacity is-style-wide\"\/>\n\n\n\n<p>Les fabricants de panneaux muraux acoustiques en bois s'appuient sur une technologie de pointe, un savoir-faire artisanal et une innovation permanente pour garantir une qualit\u00e9 constante, des performances acoustiques accrues et une meilleure durabilit\u00e9.<\/p>\n<\/div>\n\n\n\n<div class=\"wp-block-column has-text-color has-background has-link-color wp-elements-cc4238b35ad3ff6522b8f6d440abd173 is-layout-flow wp-block-column-is-layout-flow\" style=\"color:#000000;background-color:#c0ebf1;padding-top:2em;padding-right:2em;padding-bottom:2em;padding-left:2em\">\n<p><strong><strong><strong><strong>La force et l'expertise de l'usine<\/strong><\/strong><\/strong><\/strong><\/p>\n\n\n\n<hr class=\"wp-block-separator has-css-opacity is-style-wide\"\/>\n\n\n\n<p>Les fabricants de panneaux muraux acoustiques en bois s'appuient sur une technologie de pointe, un savoir-faire artisanal et une innovation permanente pour garantir une qualit\u00e9 constante, des performances acoustiques accrues et une meilleure durabilit\u00e9.<\/p>\n<\/div>\n<\/div>\n\n\n\n<h2 class=\"wp-block-heading\"><strong>Applications polyvalentes<\/strong><\/h2>\n\n\n\n<p>La s\u00e9rie de panneaux insonorisants int\u00e8gre les fonctions de d\u00e9coration et d'insonorisation, en incorporant de nombreux \u00e9l\u00e9ments culturels et artistiques personnalis\u00e9s. Chaque style de produit est riche et color\u00e9, ce qui permet aux concepteurs d'\u00e9largir leur esprit et de cr\u00e9er librement une belle image de d\u00e9coration int\u00e9rieure ! Leurs propri\u00e9t\u00e9s d'insonorisation et leur design \u00e9l\u00e9gant en font des produits id\u00e9aux pour les bureaux d'entreprise, les magasins, les habitations et les lieux publics.<\/p>\n\n\n\n<div class=\"wp-block-columns is-layout-flex wp-container-core-columns-is-layout-9d6595d7 wp-block-columns-is-layout-flex\">\n<div class=\"wp-block-column is-layout-flow wp-block-column-is-layout-flow\">\n<figure class=\"wp-block-image size-full\"><img decoding=\"async\" width=\"800\" height=\"800\" src=\"https:\/\/aesthedgewallpanel.com\/wp-content\/uploads\/2024\/06\/New-Project-3-2.webp\" alt=\"\" class=\"wp-image-1804\" srcset=\"https:\/\/aesthedgewallpanel.com\/wp-content\/uploads\/2024\/06\/New-Project-3-2.webp 800w, https:\/\/aesthedgewallpanel.com\/wp-content\/uploads\/2024\/06\/New-Project-3-2-300x300.webp 300w, https:\/\/aesthedgewallpanel.com\/wp-content\/uploads\/2024\/06\/New-Project-3-2-150x150.webp 150w, https:\/\/aesthedgewallpanel.com\/wp-content\/uploads\/2024\/06\/New-Project-3-2-768x768.webp 768w\" sizes=\"(max-width: 800px) 100vw, 800px\" \/><\/figure>\n<\/div>\n\n\n\n<div class=\"wp-block-column is-layout-flow wp-block-column-is-layout-flow\">\n<figure class=\"wp-block-image size-full\"><img decoding=\"async\" width=\"800\" height=\"800\" src=\"https:\/\/aesthedgewallpanel.com\/wp-content\/uploads\/2024\/06\/New-Project-4-2.webp\" alt=\"\" class=\"wp-image-1805\" srcset=\"https:\/\/aesthedgewallpanel.com\/wp-content\/uploads\/2024\/06\/New-Project-4-2.webp 800w, https:\/\/aesthedgewallpanel.com\/wp-content\/uploads\/2024\/06\/New-Project-4-2-300x300.webp 300w, https:\/\/aesthedgewallpanel.com\/wp-content\/uploads\/2024\/06\/New-Project-4-2-150x150.webp 150w, https:\/\/aesthedgewallpanel.com\/wp-content\/uploads\/2024\/06\/New-Project-4-2-768x768.webp 768w\" sizes=\"(max-width: 800px) 100vw, 800px\" \/><\/figure>\n<\/div>\n\n\n\n<div class=\"wp-block-column is-layout-flow wp-block-column-is-layout-flow\">\n<figure class=\"wp-block-image size-full\"><img decoding=\"async\" width=\"800\" height=\"800\" src=\"https:\/\/aesthedgewallpanel.com\/wp-content\/uploads\/2024\/06\/New-Project-5-1.webp\" alt=\"\" class=\"wp-image-1806\" srcset=\"https:\/\/aesthedgewallpanel.com\/wp-content\/uploads\/2024\/06\/New-Project-5-1.webp 800w, https:\/\/aesthedgewallpanel.com\/wp-content\/uploads\/2024\/06\/New-Project-5-1-300x300.webp 300w, https:\/\/aesthedgewallpanel.com\/wp-content\/uploads\/2024\/06\/New-Project-5-1-150x150.webp 150w, https:\/\/aesthedgewallpanel.com\/wp-content\/uploads\/2024\/06\/New-Project-5-1-768x768.webp 768w\" sizes=\"(max-width: 800px) 100vw, 800px\" \/><\/figure>\n<\/div>\n<\/div>\n\n\n\n<div class=\"wp-block-columns is-layout-flex wp-container-core-columns-is-layout-9d6595d7 wp-block-columns-is-layout-flex\">\n<div class=\"wp-block-column is-layout-flow wp-block-column-is-layout-flow\"><\/div>\n\n\n\n<div class=\"wp-block-column is-layout-flow wp-block-column-is-layout-flow\"><\/div>\n<\/div>\n\n\n\n<div class=\"wp-block-columns is-layout-flex wp-container-core-columns-is-layout-9d6595d7 wp-block-columns-is-layout-flex\">\n<div class=\"wp-block-column is-layout-flow wp-block-column-is-layout-flow\"><\/div>\n<\/div>\n\n\n\n<p><\/p>","protected":false},"excerpt":{"rendered":"<p>R\u00e9duction du bruit, respect de l'environnement<\/p>","protected":false},"featured_media":1284,"template":"","products_category":[56],"surface_pvc_marble_sheet_":[],"style__acoustic_panel_":[138],"film__bamboo_charcoal_wood_venee":[],"color_wpc_wall_panel":[],"color_spc_wall_panel_":[],"shape":[],"class_list":["post-132","product","type-product","status-publish","has-post-thumbnail","hentry","products_category-acoustic-panel","style__acoustic_panel_-slat"],"yoast_head":"<!-- This site is optimized with the Yoast SEO plugin v25.5 - https:\/\/yoast.com\/wordpress\/plugins\/seo\/ -->\n<title>Premium 78 in Acoustic Slat Wood Wall Panel - AesthEdge Wall Panel<\/title>\n<meta name=\"description\" content=\"Our Linyi Shandong China-based company in Shandong offers premium Acoustic Slat Wood Wall Panel . Rely on our export services for premium products.\" \/>\n<meta name=\"robots\" content=\"index, follow, max-snippet:-1, max-image-preview:large, max-video-preview:-1\" \/>\n<link rel=\"canonical\" href=\"https:\/\/aesthedgewallpanel.com\/fr\/product\/acoustic-panel-1\/\" \/>\n<meta property=\"og:locale\" content=\"fr_FR\" \/>\n<meta property=\"og:type\" content=\"article\" \/>\n<meta property=\"og:title\" content=\"Premium 78 in Acoustic Slat Wood Wall Panel - AesthEdge Wall Panel\" \/>\n<meta property=\"og:description\" content=\"Our Linyi Shandong China-based company in Shandong offers premium Acoustic Slat Wood Wall Panel . Rely on our export services for premium products.\" \/>\n<meta property=\"og:url\" content=\"https:\/\/aesthedgewallpanel.com\/fr\/product\/acoustic-panel-1\/\" \/>\n<meta property=\"og:site_name\" content=\"AesthedgeWallPanel\" \/>\n<meta property=\"article:modified_time\" content=\"2026-02-09T08:22:33+00:00\" \/>\n<meta property=\"og:image\" content=\"https:\/\/aesthedgewallpanel.com\/wp-content\/uploads\/2024\/06\/white-oak-1.jpg\" \/>\n\t<meta property=\"og:image:width\" content=\"800\" \/>\n\t<meta property=\"og:image:height\" content=\"800\" \/>\n\t<meta property=\"og:image:type\" content=\"image\/jpeg\" \/>\n<meta name=\"twitter:card\" content=\"summary_large_image\" \/>\n<meta name=\"twitter:label1\" content=\"Dur\u00e9e de lecture estim\u00e9e\" \/>\n\t<meta name=\"twitter:data1\" content=\"4 minutes\" \/>\n<script type=\"application\/ld+json\" class=\"yoast-schema-graph\">{\"@context\":\"https:\/\/schema.org\",\"@graph\":[{\"@type\":\"WebPage\",\"@id\":\"https:\/\/aesthedgewallpanel.com\/product\/acoustic-panel-1\/\",\"url\":\"https:\/\/aesthedgewallpanel.com\/product\/acoustic-panel-1\/\",\"name\":\"Premium 78 in Acoustic Slat Wood Wall Panel - AesthEdge Wall Panel\",\"isPartOf\":{\"@id\":\"https:\/\/aesthedgewallpanel.com\/#website\"},\"primaryImageOfPage\":{\"@id\":\"https:\/\/aesthedgewallpanel.com\/product\/acoustic-panel-1\/#primaryimage\"},\"image\":{\"@id\":\"https:\/\/aesthedgewallpanel.com\/product\/acoustic-panel-1\/#primaryimage\"},\"thumbnailUrl\":\"https:\/\/aesthedgewallpanel.com\/wp-content\/uploads\/2024\/06\/white-oak-1.jpg\",\"datePublished\":\"2026-02-07T10:07:00+00:00\",\"dateModified\":\"2026-02-09T08:22:33+00:00\",\"description\":\"Our Linyi Shandong China-based company in Shandong offers premium Acoustic Slat Wood Wall Panel . Rely on our export services for premium products.\",\"breadcrumb\":{\"@id\":\"https:\/\/aesthedgewallpanel.com\/product\/acoustic-panel-1\/#breadcrumb\"},\"inLanguage\":\"fr-FR\",\"potentialAction\":[{\"@type\":\"ReadAction\",\"target\":[\"https:\/\/aesthedgewallpanel.com\/product\/acoustic-panel-1\/\"]}]},{\"@type\":\"ImageObject\",\"inLanguage\":\"fr-FR\",\"@id\":\"https:\/\/aesthedgewallpanel.com\/product\/acoustic-panel-1\/#primaryimage\",\"url\":\"https:\/\/aesthedgewallpanel.com\/wp-content\/uploads\/2024\/06\/white-oak-1.jpg\",\"contentUrl\":\"https:\/\/aesthedgewallpanel.com\/wp-content\/uploads\/2024\/06\/white-oak-1.jpg\",\"width\":800,\"height\":800},{\"@type\":\"BreadcrumbList\",\"@id\":\"https:\/\/aesthedgewallpanel.com\/product\/acoustic-panel-1\/#breadcrumb\",\"itemListElement\":[{\"@type\":\"ListItem\",\"position\":1,\"name\":\"Home\",\"item\":\"https:\/\/aesthedgewallpanel.com\/\"},{\"@type\":\"ListItem\",\"position\":2,\"name\":\"ACOUSTIC PANEL\",\"item\":\"https:\/\/aesthedgewallpanel.com\/product-category\/acoustic-panel\/\"},{\"@type\":\"ListItem\",\"position\":3,\"name\":\"78 in Acoustic Slat Wood Wall Panel\"}]},{\"@type\":\"WebSite\",\"@id\":\"https:\/\/aesthedgewallpanel.com\/#website\",\"url\":\"https:\/\/aesthedgewallpanel.com\/\",\"name\":\"AesthedgeWallPanel\",\"description\":\"Aesthedge Solutions for Modern Spaces\",\"potentialAction\":[{\"@type\":\"SearchAction\",\"target\":{\"@type\":\"EntryPoint\",\"urlTemplate\":\"https:\/\/aesthedgewallpanel.com\/?s={search_term_string}\"},\"query-input\":{\"@type\":\"PropertyValueSpecification\",\"valueRequired\":true,\"valueName\":\"search_term_string\"}}],\"inLanguage\":\"fr-FR\"}]}<\/script>\n<!-- \/ Yoast SEO plugin. -->","yoast_head_json":{"title":"Premium 78 in Acoustic Slat Wood Wall Panel - AesthEdge Wall Panel","description":"Our Linyi Shandong China-based company in Shandong offers premium Acoustic Slat Wood Wall Panel . Rely on our export services for premium products.","robots":{"index":"index","follow":"follow","max-snippet":"max-snippet:-1","max-image-preview":"max-image-preview:large","max-video-preview":"max-video-preview:-1"},"canonical":"https:\/\/aesthedgewallpanel.com\/fr\/product\/acoustic-panel-1\/","og_locale":"fr_FR","og_type":"article","og_title":"Premium 78 in Acoustic Slat Wood Wall Panel - AesthEdge Wall Panel","og_description":"Our Linyi Shandong China-based company in Shandong offers premium Acoustic Slat Wood Wall Panel . Rely on our export services for premium products.","og_url":"https:\/\/aesthedgewallpanel.com\/fr\/product\/acoustic-panel-1\/","og_site_name":"AesthedgeWallPanel","article_modified_time":"2026-02-09T08:22:33+00:00","og_image":[{"width":800,"height":800,"url":"https:\/\/aesthedgewallpanel.com\/wp-content\/uploads\/2024\/06\/white-oak-1.jpg","type":"image\/jpeg"}],"twitter_card":"summary_large_image","twitter_misc":{"Dur\u00e9e de lecture estim\u00e9e":"4 minutes"},"schema":{"@context":"https:\/\/schema.org","@graph":[{"@type":"WebPage","@id":"https:\/\/aesthedgewallpanel.com\/product\/acoustic-panel-1\/","url":"https:\/\/aesthedgewallpanel.com\/product\/acoustic-panel-1\/","name":"Premium 78 in Acoustic Slat Wood Wall Panel - AesthEdge Wall Panel","isPartOf":{"@id":"https:\/\/aesthedgewallpanel.com\/#website"},"primaryImageOfPage":{"@id":"https:\/\/aesthedgewallpanel.com\/product\/acoustic-panel-1\/#primaryimage"},"image":{"@id":"https:\/\/aesthedgewallpanel.com\/product\/acoustic-panel-1\/#primaryimage"},"thumbnailUrl":"https:\/\/aesthedgewallpanel.com\/wp-content\/uploads\/2024\/06\/white-oak-1.jpg","datePublished":"2026-02-07T10:07:00+00:00","dateModified":"2026-02-09T08:22:33+00:00","description":"Our Linyi Shandong China-based company in Shandong offers premium Acoustic Slat Wood Wall Panel . Rely on our export services for premium products.","breadcrumb":{"@id":"https:\/\/aesthedgewallpanel.com\/product\/acoustic-panel-1\/#breadcrumb"},"inLanguage":"fr-FR","potentialAction":[{"@type":"ReadAction","target":["https:\/\/aesthedgewallpanel.com\/product\/acoustic-panel-1\/"]}]},{"@type":"ImageObject","inLanguage":"fr-FR","@id":"https:\/\/aesthedgewallpanel.com\/product\/acoustic-panel-1\/#primaryimage","url":"https:\/\/aesthedgewallpanel.com\/wp-content\/uploads\/2024\/06\/white-oak-1.jpg","contentUrl":"https:\/\/aesthedgewallpanel.com\/wp-content\/uploads\/2024\/06\/white-oak-1.jpg","width":800,"height":800},{"@type":"BreadcrumbList","@id":"https:\/\/aesthedgewallpanel.com\/product\/acoustic-panel-1\/#breadcrumb","itemListElement":[{"@type":"ListItem","position":1,"name":"Home","item":"https:\/\/aesthedgewallpanel.com\/"},{"@type":"ListItem","position":2,"name":"ACOUSTIC PANEL","item":"https:\/\/aesthedgewallpanel.com\/product-category\/acoustic-panel\/"},{"@type":"ListItem","position":3,"name":"78 in Acoustic Slat Wood Wall Panel"}]},{"@type":"WebSite","@id":"https:\/\/aesthedgewallpanel.com\/#website","url":"https:\/\/aesthedgewallpanel.com\/","name":"AesthedgeWallPanel","description":"Aesthedge Solutions for Modern Spaces","potentialAction":[{"@type":"SearchAction","target":{"@type":"EntryPoint","urlTemplate":"https:\/\/aesthedgewallpanel.com\/?s={search_term_string}"},"query-input":{"@type":"PropertyValueSpecification","valueRequired":true,"valueName":"search_term_string"}}],"inLanguage":"fr-FR"}]}},"_links":{"self":[{"href":"https:\/\/aesthedgewallpanel.com\/fr\/wp-json\/wp\/v2\/product\/132","targetHints":{"allow":["GET"]}}],"collection":[{"href":"https:\/\/aesthedgewallpanel.com\/fr\/wp-json\/wp\/v2\/product"}],"about":[{"href":"https:\/\/aesthedgewallpanel.com\/fr\/wp-json\/wp\/v2\/types\/product"}],"wp:featuredmedia":[{"embeddable":true,"href":"https:\/\/aesthedgewallpanel.com\/fr\/wp-json\/wp\/v2\/media\/1284"}],"wp:attachment":[{"href":"https:\/\/aesthedgewallpanel.com\/fr\/wp-json\/wp\/v2\/media?parent=132"}],"wp:term":[{"taxonomy":"products_category","embeddable":true,"href":"https:\/\/aesthedgewallpanel.com\/fr\/wp-json\/wp\/v2\/products_category?post=132"},{"taxonomy":"surface_pvc_marble_sheet_","embeddable":true,"href":"https:\/\/aesthedgewallpanel.com\/fr\/wp-json\/wp\/v2\/surface_pvc_marble_sheet_?post=132"},{"taxonomy":"style__acoustic_panel_","embeddable":true,"href":"https:\/\/aesthedgewallpanel.com\/fr\/wp-json\/wp\/v2\/style__acoustic_panel_?post=132"},{"taxonomy":"film__bamboo_charcoal_wood_venee","embeddable":true,"href":"https:\/\/aesthedgewallpanel.com\/fr\/wp-json\/wp\/v2\/film__bamboo_charcoal_wood_venee?post=132"},{"taxonomy":"color_wpc_wall_panel","embeddable":true,"href":"https:\/\/aesthedgewallpanel.com\/fr\/wp-json\/wp\/v2\/color_wpc_wall_panel?post=132"},{"taxonomy":"color_spc_wall_panel_","embeddable":true,"href":"https:\/\/aesthedgewallpanel.com\/fr\/wp-json\/wp\/v2\/color_spc_wall_panel_?post=132"},{"taxonomy":"shape","embeddable":true,"href":"https:\/\/aesthedgewallpanel.com\/fr\/wp-json\/wp\/v2\/shape?post=132"}],"curies":[{"name":"wp","href":"https:\/\/api.w.org\/{rel}","templated":true}]}}