{"id":138,"date":"2024-06-15T10:07:48","date_gmt":"2024-06-15T10:07:48","guid":{"rendered":"https:\/\/aesthedgewallpanel.com\/?post_type=product&#038;p=138"},"modified":"2024-12-05T07:27:32","modified_gmt":"2024-12-05T07:27:32","slug":"bamboo-charcoal-wood-veneer-1","status":"publish","type":"product","link":"https:\/\/aesthedgewallpanel.com\/fr\/product\/bamboo-charcoal-wood-veneer-1\/","title":{"rendered":"Bambou Charbon Placage bois-Film PVC"},"content":{"rendered":"<h2 class=\"wp-block-heading\">Description du produit<\/h2>\n\n\n\n<p>Le placage de bois de charbon de bambou est fabriqu\u00e9 \u00e0 partir de r\u00e9sine de chlorure de polyinyle, combin\u00e9e \u00e0 de la poudre de bois et \u00e0 des additifs sp\u00e9ciaux, puis extrud\u00e9e. Il s'agit d'un panneau de plastique rigide expans\u00e9, l\u00e9ger et imperm\u00e9able qui convient \u00e0 diverses applications, notamment les armoires de cuisine et de salle de bains, la d\u00e9coration int\u00e9rieure, les stands, les enseignes et les pr\u00e9sentoirs publicitaires, les prototypes, etc. Le placage de bois de charbon de bambou peut \u00eatre facilement trait\u00e9 par sciage, d\u00e9coupe CNC, impression, pon\u00e7age, routage, peinture, stratification et autres m\u00e9thodes.<\/p>\n\n\n\n<p>Pour des tailles, des couleurs, des gaufrages et des finitions sur mesure, veuillez contacter&nbsp;<a href=\"\/fr\/contact\/\">contactez-nous ici<\/a>.<\/p>\n\n\n\n<figure class=\"wp-block-table\"><table><tbody><tr><td class=\"has-text-align-center\" data-align=\"center\"><strong>Mat\u00e9riau<\/strong><\/td><td>Bois composite<\/td><\/tr><tr><td class=\"has-text-align-center\" data-align=\"center\"><strong>\u00c9paisseur<\/strong><\/td><td>5\/8mm<\/td><\/tr><tr><td class=\"has-text-align-center\" data-align=\"center\"><strong>Taille<\/strong><\/td><td>1220*<em>2440mm(4<\/em>*8feet), sur mesure<\/td><\/tr><tr><td class=\"has-text-align-center\" data-align=\"center\"><strong>Service de traitement<\/strong><\/td><td>Coupe, courbure, emballage, etc.<\/td><\/tr><tr><td class=\"has-text-align-center\" data-align=\"center\"><strong>Densit\u00e9<\/strong><\/td><td>0,6-1,0 tonnes\/m3<\/td><\/tr><tr><td class=\"has-text-align-center\" data-align=\"center\"><strong>Couleur<\/strong><\/td><td>Couleur bois, couleur marbre, etc.<\/td><\/tr><tr><td class=\"has-text-align-center\" data-align=\"center\"><strong>Applications<\/strong><\/td><td>Salon, chambre \u00e0 coucher, restaurant, h\u00f4tel, salle de spectacle, centre de vill\u00e9giature, etc.<\/td><\/tr><\/tbody><\/table><\/figure>\n\n\n\n<figure class=\"wp-block-image size-full\"><img decoding=\"async\" width=\"800\" height=\"800\" src=\"https:\/\/aesthedgewallpanel.com\/wp-content\/uploads\/2024\/06\/wpcfoamboardpvcfilm.jpg\" alt=\"\" class=\"wp-image-215\" srcset=\"https:\/\/aesthedgewallpanel.com\/wp-content\/uploads\/2024\/06\/wpcfoamboardpvcfilm.jpg 800w, https:\/\/aesthedgewallpanel.com\/wp-content\/uploads\/2024\/06\/wpcfoamboardpvcfilm-300x300.jpg 300w, https:\/\/aesthedgewallpanel.com\/wp-content\/uploads\/2024\/06\/wpcfoamboardpvcfilm-150x150.jpg 150w, https:\/\/aesthedgewallpanel.com\/wp-content\/uploads\/2024\/06\/wpcfoamboardpvcfilm-768x768.jpg 768w\" sizes=\"(max-width: 800px) 100vw, 800px\" \/><\/figure>","protected":false},"excerpt":{"rendered":"<p>L\u00e9ger\uff0cR\u00e9sistance \u00e0 l'humidit\u00e9\uff0cDurabilit\u00e9<\/p>","protected":false},"featured_media":215,"template":"","products_category":[55],"surface_pvc_marble_sheet_":[],"style__acoustic_panel_":[],"film__bamboo_charcoal_wood_venee":[159],"color_wpc_wall_panel":[],"color_spc_wall_panel_":[],"shape":[],"class_list":["post-138","product","type-product","status-publish","has-post-thumbnail","hentry","products_category-bamboo-charcoal-wood-veneer","film__bamboo_charcoal_wood_venee-pvc-film"],"yoast_head":"<!-- This site is optimized with the Yoast SEO plugin v25.5 - https:\/\/yoast.com\/wordpress\/plugins\/seo\/ -->\n<title>Bamboo Charcoal Wood Veneer-Pvc Film - AesthedgeWallPanel<\/title>\n<meta name=\"robots\" content=\"index, follow, max-snippet:-1, max-image-preview:large, max-video-preview:-1\" \/>\n<link rel=\"canonical\" href=\"https:\/\/aesthedgewallpanel.com\/fr\/product\/bamboo-charcoal-wood-veneer-1\/\" \/>\n<meta property=\"og:locale\" content=\"fr_FR\" \/>\n<meta property=\"og:type\" content=\"article\" \/>\n<meta property=\"og:title\" content=\"Bamboo Charcoal Wood Veneer-Pvc Film - AesthedgeWallPanel\" \/>\n<meta property=\"og:description\" content=\"Lightweight\uff0cMoisture Resistance\uff0cDurability\" \/>\n<meta property=\"og:url\" content=\"https:\/\/aesthedgewallpanel.com\/fr\/product\/bamboo-charcoal-wood-veneer-1\/\" \/>\n<meta property=\"og:site_name\" content=\"AesthedgeWallPanel\" \/>\n<meta property=\"article:modified_time\" content=\"2024-12-05T07:27:32+00:00\" \/>\n<meta property=\"og:image\" content=\"https:\/\/aesthedgewallpanel.com\/wp-content\/uploads\/2024\/06\/wpcfoamboardpvcfilm.jpg\" \/>\n\t<meta property=\"og:image:width\" content=\"800\" \/>\n\t<meta property=\"og:image:height\" content=\"800\" \/>\n\t<meta property=\"og:image:type\" content=\"image\/jpeg\" \/>\n<meta name=\"twitter:card\" content=\"summary_large_image\" \/>\n<meta name=\"twitter:label1\" content=\"Dur\u00e9e de lecture estim\u00e9e\" \/>\n\t<meta name=\"twitter:data1\" content=\"1 minute\" \/>\n<script type=\"application\/ld+json\" class=\"yoast-schema-graph\">{\"@context\":\"https:\/\/schema.org\",\"@graph\":[{\"@type\":\"WebPage\",\"@id\":\"https:\/\/aesthedgewallpanel.com\/product\/bamboo-charcoal-wood-veneer-1\/\",\"url\":\"https:\/\/aesthedgewallpanel.com\/product\/bamboo-charcoal-wood-veneer-1\/\",\"name\":\"Bamboo Charcoal Wood Veneer-Pvc Film - AesthedgeWallPanel\",\"isPartOf\":{\"@id\":\"https:\/\/aesthedgewallpanel.com\/#website\"},\"primaryImageOfPage\":{\"@id\":\"https:\/\/aesthedgewallpanel.com\/product\/bamboo-charcoal-wood-veneer-1\/#primaryimage\"},\"image\":{\"@id\":\"https:\/\/aesthedgewallpanel.com\/product\/bamboo-charcoal-wood-veneer-1\/#primaryimage\"},\"thumbnailUrl\":\"https:\/\/aesthedgewallpanel.com\/wp-content\/uploads\/2024\/06\/wpcfoamboardpvcfilm.jpg\",\"datePublished\":\"2024-06-15T10:07:48+00:00\",\"dateModified\":\"2024-12-05T07:27:32+00:00\",\"breadcrumb\":{\"@id\":\"https:\/\/aesthedgewallpanel.com\/product\/bamboo-charcoal-wood-veneer-1\/#breadcrumb\"},\"inLanguage\":\"fr-FR\",\"potentialAction\":[{\"@type\":\"ReadAction\",\"target\":[\"https:\/\/aesthedgewallpanel.com\/product\/bamboo-charcoal-wood-veneer-1\/\"]}]},{\"@type\":\"ImageObject\",\"inLanguage\":\"fr-FR\",\"@id\":\"https:\/\/aesthedgewallpanel.com\/product\/bamboo-charcoal-wood-veneer-1\/#primaryimage\",\"url\":\"https:\/\/aesthedgewallpanel.com\/wp-content\/uploads\/2024\/06\/wpcfoamboardpvcfilm.jpg\",\"contentUrl\":\"https:\/\/aesthedgewallpanel.com\/wp-content\/uploads\/2024\/06\/wpcfoamboardpvcfilm.jpg\",\"width\":800,\"height\":800},{\"@type\":\"BreadcrumbList\",\"@id\":\"https:\/\/aesthedgewallpanel.com\/product\/bamboo-charcoal-wood-veneer-1\/#breadcrumb\",\"itemListElement\":[{\"@type\":\"ListItem\",\"position\":1,\"name\":\"Home\",\"item\":\"https:\/\/aesthedgewallpanel.com\/\"},{\"@type\":\"ListItem\",\"position\":2,\"name\":\"BAMBOO CHARCOAL WOOD VENEER\",\"item\":\"https:\/\/aesthedgewallpanel.com\/product-category\/bamboo-charcoal-wood-veneer\/\"},{\"@type\":\"ListItem\",\"position\":3,\"name\":\"Bamboo Charcoal Wood Veneer-Pvc Film\"}]},{\"@type\":\"WebSite\",\"@id\":\"https:\/\/aesthedgewallpanel.com\/#website\",\"url\":\"https:\/\/aesthedgewallpanel.com\/\",\"name\":\"AesthedgeWallPanel\",\"description\":\"Aesthedge Solutions for Modern Spaces\",\"potentialAction\":[{\"@type\":\"SearchAction\",\"target\":{\"@type\":\"EntryPoint\",\"urlTemplate\":\"https:\/\/aesthedgewallpanel.com\/?s={search_term_string}\"},\"query-input\":{\"@type\":\"PropertyValueSpecification\",\"valueRequired\":true,\"valueName\":\"search_term_string\"}}],\"inLanguage\":\"fr-FR\"}]}<\/script>\n<!-- \/ Yoast SEO plugin. -->","yoast_head_json":{"title":"Bamboo Charcoal Wood Veneer-Pvc Film - AesthedgeWallPanel","robots":{"index":"index","follow":"follow","max-snippet":"max-snippet:-1","max-image-preview":"max-image-preview:large","max-video-preview":"max-video-preview:-1"},"canonical":"https:\/\/aesthedgewallpanel.com\/fr\/product\/bamboo-charcoal-wood-veneer-1\/","og_locale":"fr_FR","og_type":"article","og_title":"Bamboo Charcoal Wood Veneer-Pvc Film - AesthedgeWallPanel","og_description":"Lightweight\uff0cMoisture Resistance\uff0cDurability","og_url":"https:\/\/aesthedgewallpanel.com\/fr\/product\/bamboo-charcoal-wood-veneer-1\/","og_site_name":"AesthedgeWallPanel","article_modified_time":"2024-12-05T07:27:32+00:00","og_image":[{"width":800,"height":800,"url":"https:\/\/aesthedgewallpanel.com\/wp-content\/uploads\/2024\/06\/wpcfoamboardpvcfilm.jpg","type":"image\/jpeg"}],"twitter_card":"summary_large_image","twitter_misc":{"Dur\u00e9e de lecture estim\u00e9e":"1 minute"},"schema":{"@context":"https:\/\/schema.org","@graph":[{"@type":"WebPage","@id":"https:\/\/aesthedgewallpanel.com\/product\/bamboo-charcoal-wood-veneer-1\/","url":"https:\/\/aesthedgewallpanel.com\/product\/bamboo-charcoal-wood-veneer-1\/","name":"Bamboo Charcoal Wood Veneer-Pvc Film - AesthedgeWallPanel","isPartOf":{"@id":"https:\/\/aesthedgewallpanel.com\/#website"},"primaryImageOfPage":{"@id":"https:\/\/aesthedgewallpanel.com\/product\/bamboo-charcoal-wood-veneer-1\/#primaryimage"},"image":{"@id":"https:\/\/aesthedgewallpanel.com\/product\/bamboo-charcoal-wood-veneer-1\/#primaryimage"},"thumbnailUrl":"https:\/\/aesthedgewallpanel.com\/wp-content\/uploads\/2024\/06\/wpcfoamboardpvcfilm.jpg","datePublished":"2024-06-15T10:07:48+00:00","dateModified":"2024-12-05T07:27:32+00:00","breadcrumb":{"@id":"https:\/\/aesthedgewallpanel.com\/product\/bamboo-charcoal-wood-veneer-1\/#breadcrumb"},"inLanguage":"fr-FR","potentialAction":[{"@type":"ReadAction","target":["https:\/\/aesthedgewallpanel.com\/product\/bamboo-charcoal-wood-veneer-1\/"]}]},{"@type":"ImageObject","inLanguage":"fr-FR","@id":"https:\/\/aesthedgewallpanel.com\/product\/bamboo-charcoal-wood-veneer-1\/#primaryimage","url":"https:\/\/aesthedgewallpanel.com\/wp-content\/uploads\/2024\/06\/wpcfoamboardpvcfilm.jpg","contentUrl":"https:\/\/aesthedgewallpanel.com\/wp-content\/uploads\/2024\/06\/wpcfoamboardpvcfilm.jpg","width":800,"height":800},{"@type":"BreadcrumbList","@id":"https:\/\/aesthedgewallpanel.com\/product\/bamboo-charcoal-wood-veneer-1\/#breadcrumb","itemListElement":[{"@type":"ListItem","position":1,"name":"Home","item":"https:\/\/aesthedgewallpanel.com\/"},{"@type":"ListItem","position":2,"name":"BAMBOO CHARCOAL WOOD VENEER","item":"https:\/\/aesthedgewallpanel.com\/product-category\/bamboo-charcoal-wood-veneer\/"},{"@type":"ListItem","position":3,"name":"Bamboo Charcoal Wood Veneer-Pvc Film"}]},{"@type":"WebSite","@id":"https:\/\/aesthedgewallpanel.com\/#website","url":"https:\/\/aesthedgewallpanel.com\/","name":"AesthedgeWallPanel","description":"Aesthedge Solutions for Modern Spaces","potentialAction":[{"@type":"SearchAction","target":{"@type":"EntryPoint","urlTemplate":"https:\/\/aesthedgewallpanel.com\/?s={search_term_string}"},"query-input":{"@type":"PropertyValueSpecification","valueRequired":true,"valueName":"search_term_string"}}],"inLanguage":"fr-FR"}]}},"_links":{"self":[{"href":"https:\/\/aesthedgewallpanel.com\/fr\/wp-json\/wp\/v2\/product\/138","targetHints":{"allow":["GET"]}}],"collection":[{"href":"https:\/\/aesthedgewallpanel.com\/fr\/wp-json\/wp\/v2\/product"}],"about":[{"href":"https:\/\/aesthedgewallpanel.com\/fr\/wp-json\/wp\/v2\/types\/product"}],"wp:featuredmedia":[{"embeddable":true,"href":"https:\/\/aesthedgewallpanel.com\/fr\/wp-json\/wp\/v2\/media\/215"}],"wp:attachment":[{"href":"https:\/\/aesthedgewallpanel.com\/fr\/wp-json\/wp\/v2\/media?parent=138"}],"wp:term":[{"taxonomy":"products_category","embeddable":true,"href":"https:\/\/aesthedgewallpanel.com\/fr\/wp-json\/wp\/v2\/products_category?post=138"},{"taxonomy":"surface_pvc_marble_sheet_","embeddable":true,"href":"https:\/\/aesthedgewallpanel.com\/fr\/wp-json\/wp\/v2\/surface_pvc_marble_sheet_?post=138"},{"taxonomy":"style__acoustic_panel_","embeddable":true,"href":"https:\/\/aesthedgewallpanel.com\/fr\/wp-json\/wp\/v2\/style__acoustic_panel_?post=138"},{"taxonomy":"film__bamboo_charcoal_wood_venee","embeddable":true,"href":"https:\/\/aesthedgewallpanel.com\/fr\/wp-json\/wp\/v2\/film__bamboo_charcoal_wood_venee?post=138"},{"taxonomy":"color_wpc_wall_panel","embeddable":true,"href":"https:\/\/aesthedgewallpanel.com\/fr\/wp-json\/wp\/v2\/color_wpc_wall_panel?post=138"},{"taxonomy":"color_spc_wall_panel_","embeddable":true,"href":"https:\/\/aesthedgewallpanel.com\/fr\/wp-json\/wp\/v2\/color_spc_wall_panel_?post=138"},{"taxonomy":"shape","embeddable":true,"href":"https:\/\/aesthedgewallpanel.com\/fr\/wp-json\/wp\/v2\/shape?post=138"}],"curies":[{"name":"wp","href":"https:\/\/api.w.org\/{rel}","templated":true}]}}