{"id":146,"date":"2024-06-15T11:48:20","date_gmt":"2024-06-15T11:48:20","guid":{"rendered":"https:\/\/aesthedgewallpanel.com\/?post_type=product&#038;p=146"},"modified":"2025-01-20T09:15:43","modified_gmt":"2025-01-20T09:15:43","slug":"wpc-louvers","status":"publish","type":"product","link":"https:\/\/aesthedgewallpanel.com\/fr\/product\/wpc-louvers\/","title":{"rendered":"Persiennes en WPC de qualit\u00e9 sup\u00e9rieure CSW-150\u00d717"},"content":{"rendered":"<h2 class=\"wp-block-heading\">Persiennes WPC Description<\/h2>\n\n\n\n<figure class=\"wp-block-image size-large\"><img decoding=\"async\" width=\"1024\" height=\"310\" src=\"https:\/\/aesthedgewallpanel.com\/wp-content\/uploads\/2024\/06\/image-1-1024x310.png\" alt=\"\" class=\"wp-image-2541\" srcset=\"https:\/\/aesthedgewallpanel.com\/wp-content\/uploads\/2024\/06\/image-1-1024x310.png 1024w, https:\/\/aesthedgewallpanel.com\/wp-content\/uploads\/2024\/06\/image-1-300x91.png 300w, https:\/\/aesthedgewallpanel.com\/wp-content\/uploads\/2024\/06\/image-1-768x232.png 768w, https:\/\/aesthedgewallpanel.com\/wp-content\/uploads\/2024\/06\/image-1.png 1077w\" sizes=\"(max-width: 1024px) 100vw, 1024px\" \/><\/figure>\n\n\n\n<p>Les persiennes WPC, \u00e9galement connues sous le nom de <a href=\"https:\/\/aesthedgewallpanel.com\/fr\/product-category\/wpc-wall-panel\/\">Panneaux muraux en WPC<\/a> ou bardage en composite bois-plastique, sont des rev\u00eatements muraux qui associent des fibres de bois \u00e0 des mati\u00e8res thermoplastiques, ce qui donne un produit tr\u00e8s durable et aux multiples facettes. En raison de leurs qualit\u00e9s esth\u00e9tiques et fonctionnelles, les persiennes en WPC ont de nombreuses applications dans les contextes r\u00e9sidentiels et commerciaux.<\/p>\n\n\n\n<h2 class=\"wp-block-heading\">Couleurs des persiennes WPC<\/h2>\n\n\n\n<p>Pour les tailles personnalis\u00e9es,\u00a0<a href=\"https:\/\/aesthedgewallpanel.com\/fr\/contact\/\" target=\"_blank\" rel=\"noreferrer noopener\">couleurs<\/a>Pour toute question relative \u00e0 l'application de la loi, aux gaufrages de surface et aux finitions, veuillez vous adresser \u00e0 la direction de l'entreprise.\u00a0<a href=\"https:\/\/aesthedgewallpanel.com\/fr\/contact\/\">contactez-nous ici<\/a>.<\/p>\n\n\n\n<h2 class=\"wp-block-heading\"><strong>Avantages des persiennes WPC<\/strong><\/h2>\n\n\n\n<div class=\"wp-block-columns alignwide is-layout-flex wp-container-core-columns-is-layout-9d6595d7 wp-block-columns-is-layout-flex\">\n<div class=\"wp-block-column has-text-color has-background has-link-color wp-elements-e19910fae8cd2c99e036c464d4365c2f is-layout-flow wp-block-column-is-layout-flow\" style=\"color:#000000;background-color:#ffe97d;padding-top:2em;padding-right:2em;padding-bottom:2em;padding-left:2em\">\n<p><strong>peu d'entretien<\/strong><\/p>\n\n\n\n<p>Les persiennes en WPC n\u00e9cessitent tr\u00e8s peu d'entretien. Elles sont r\u00e9sistantes \u00e0 la salet\u00e9 et aux intemp\u00e9ries et n\u00e9cessitent beaucoup moins d'entretien que les panneaux en bois traditionnels.<\/p>\n<\/div>\n\n\n\n<div class=\"wp-block-column has-text-color has-background has-link-color wp-elements-74598b5764c045aa6e1418f3a640c7f3 is-layout-flow wp-block-column-is-layout-flow\" style=\"color:#000000;background-color:#d1d1e1;padding-top:2em;padding-right:2em;padding-bottom:2em;padding-left:2em\">\n<p class=\"has-normal-font-size\" style=\"line-height:1.5\"><strong><strong>Diverses couleurs attrayantes<\/strong><\/strong><\/p>\n\n\n\n<p>Les persiennes en WPC sont disponibles dans diff\u00e9rentes couleurs et textures attrayantes. Alors que le bois traditionnel offre plus de possibilit\u00e9s de personnalisation, les panneaux modernes en WPC imitent parfaitement l'aspect et le toucher du bois naturel.<\/p>\n<\/div>\n\n\n\n<div class=\"wp-block-column has-text-color has-background has-link-color wp-elements-8fab91725dfacde2e67ba33244d6dcfb is-layout-flow wp-block-column-is-layout-flow\" style=\"color:#000000;background-color:#c0ebf1;padding-top:2em;padding-right:2em;padding-bottom:2em;padding-left:2em\">\n<p><strong>Relativement durable<\/strong><\/p>\n\n\n\n<p>Les persiennes en WPC sont incroyablement durables, combinant la r\u00e9sistance du bois et la r\u00e9silience du plastique. Elles peuvent r\u00e9sister aux chocs, aux bosses et aux rayures.<\/p>\n<\/div>\n<\/div>\n\n\n\n<h2 class=\"wp-block-heading\"><strong>Obtenez des persiennes en WPC de haute qualit\u00e9 aupr\u00e8s d'AesthEdge !<\/strong><\/h2>\n\n\n\n<div class=\"wp-block-media-text is-stacked-on-mobile\"><figure class=\"wp-block-media-text__media\"><video controls src=\"https:\/\/aesthedgewallpanel.com\/wp-content\/uploads\/2024\/10\/wpc-wall-panel-19925.mp4\"><\/video><\/figure><div class=\"wp-block-media-text__content\">\n<p>Pour des persiennes en WPC de haute qualit\u00e9 qui allient durabilit\u00e9, long\u00e9vit\u00e9 et esth\u00e9tique, <a href=\"https:\/\/aesthedgewallpanel.com\/fr\/about\/\">AesthEdge<\/a> est votre meilleur choix !<\/p>\n\n\n\n<p>En tant qu'innovateur majeur dans le domaine des mat\u00e9riaux composites, AesthEdge \u00e9tablit la norme de l'industrie en mati\u00e8re de qualit\u00e9, de durabilit\u00e9 et de p\u00e9rennit\u00e9. Notre gamme \u00e9tendue de persiennes en WPC offre la solution parfaite pour tous vos besoins. T\u00e9l\u00e9charger le <a href=\"https:\/\/aesthedgewallpanel.com\/wp-content\/uploads\/2024\/09\/WPC-Wall-Panel.pdf\">Catalogue des persiennes WPC<\/a> pour en savoir plus.<\/p>\n\n\n\n<p>Ne manquez pas cette occasion en or ! <a href=\"https:\/\/aesthedgewallpanel.com\/fr\/contact\/\">Contactez nous<\/a> pour obtenir votre \u00e9chantillon gratuit et b\u00e9n\u00e9ficier d'offres et de remises exclusives r\u00e9serv\u00e9es \u00e0 nos chers clients.<\/p>\n<\/div><\/div>\n\n\n\n<h2 class=\"wp-block-heading\"><strong>Conception de persiennes en WPC<\/strong><\/h2>\n\n\n\n<div class=\"wp-block-columns is-layout-flex wp-container-core-columns-is-layout-9d6595d7 wp-block-columns-is-layout-flex\">\n<div class=\"wp-block-column is-layout-flow wp-block-column-is-layout-flow\" style=\"flex-basis:100%\">\n<p>Gr\u00e2ce \u00e0 leurs avantages uniques en termes de performances, les persiennes en WPC sont devenues un choix incontournable dans l'industrie du b\u00e2timent et de la d\u00e9coration. Qu'il s'agisse de rehausser et de prot\u00e9ger les murs ext\u00e9rieurs, d'am\u00e9liorer l'esth\u00e9tique et la fonctionnalit\u00e9 des espaces int\u00e9rieurs ou de d\u00e9finir le style des zones commerciales, les persiennes en WPC jouent un r\u00f4le essentiel et irrempla\u00e7able.<\/p>\n\n\n\n<div class=\"wp-block-columns is-layout-flex wp-container-core-columns-is-layout-9d6595d7 wp-block-columns-is-layout-flex\">\n<div class=\"wp-block-column is-layout-flow wp-block-column-is-layout-flow\">\n<figure class=\"wp-block-image size-full\"><img decoding=\"async\" width=\"842\" height=\"497\" src=\"https:\/\/aesthedgewallpanel.com\/wp-content\/uploads\/2024\/06\/\u5fae\u4fe1\u622a\u56fe_20241113162051.webp\" alt=\"\" class=\"wp-image-1603\" srcset=\"https:\/\/aesthedgewallpanel.com\/wp-content\/uploads\/2024\/06\/\u5fae\u4fe1\u622a\u56fe_20241113162051.webp 842w, https:\/\/aesthedgewallpanel.com\/wp-content\/uploads\/2024\/06\/\u5fae\u4fe1\u622a\u56fe_20241113162051-300x177.webp 300w, https:\/\/aesthedgewallpanel.com\/wp-content\/uploads\/2024\/06\/\u5fae\u4fe1\u622a\u56fe_20241113162051-768x453.webp 768w\" sizes=\"(max-width: 842px) 100vw, 842px\" \/><\/figure>\n<\/div>\n\n\n\n<div class=\"wp-block-column is-layout-flow wp-block-column-is-layout-flow\">\n<figure class=\"wp-block-image size-full\"><img decoding=\"async\" width=\"842\" height=\"497\" src=\"https:\/\/aesthedgewallpanel.com\/wp-content\/uploads\/2024\/06\/\u5fae\u4fe1\u622a\u56fe_20241113162051-4.webp\" alt=\"\" class=\"wp-image-1602\" srcset=\"https:\/\/aesthedgewallpanel.com\/wp-content\/uploads\/2024\/06\/\u5fae\u4fe1\u622a\u56fe_20241113162051-4.webp 842w, https:\/\/aesthedgewallpanel.com\/wp-content\/uploads\/2024\/06\/\u5fae\u4fe1\u622a\u56fe_20241113162051-4-300x177.webp 300w, https:\/\/aesthedgewallpanel.com\/wp-content\/uploads\/2024\/06\/\u5fae\u4fe1\u622a\u56fe_20241113162051-4-768x453.webp 768w\" sizes=\"(max-width: 842px) 100vw, 842px\" \/><\/figure>\n<\/div>\n<\/div>\n<\/div>\n<\/div>\n\n\n\n<div class=\"wp-block-columns is-layout-flex wp-container-core-columns-is-layout-9d6595d7 wp-block-columns-is-layout-flex\">\n<div class=\"wp-block-column is-layout-flow wp-block-column-is-layout-flow\">\n<figure class=\"wp-block-image size-full\"><img decoding=\"async\" width=\"842\" height=\"497\" src=\"https:\/\/aesthedgewallpanel.com\/wp-content\/uploads\/2024\/06\/\u5fae\u4fe1\u622a\u56fe_20241113162051-3.webp\" alt=\"bedroom pvc wall panels\" class=\"wp-image-1601\" srcset=\"https:\/\/aesthedgewallpanel.com\/wp-content\/uploads\/2024\/06\/\u5fae\u4fe1\u622a\u56fe_20241113162051-3.webp 842w, https:\/\/aesthedgewallpanel.com\/wp-content\/uploads\/2024\/06\/\u5fae\u4fe1\u622a\u56fe_20241113162051-3-300x177.webp 300w, https:\/\/aesthedgewallpanel.com\/wp-content\/uploads\/2024\/06\/\u5fae\u4fe1\u622a\u56fe_20241113162051-3-768x453.webp 768w\" sizes=\"(max-width: 842px) 100vw, 842px\" \/><\/figure>\n<\/div>\n\n\n\n<div class=\"wp-block-column is-layout-flow wp-block-column-is-layout-flow\">\n<figure class=\"wp-block-image size-full\"><img decoding=\"async\" width=\"842\" height=\"497\" src=\"https:\/\/aesthedgewallpanel.com\/wp-content\/uploads\/2024\/06\/\u5fae\u4fe1\u622a\u56fe_20241113162051-1.webp\" alt=\"\" class=\"wp-image-1600\" srcset=\"https:\/\/aesthedgewallpanel.com\/wp-content\/uploads\/2024\/06\/\u5fae\u4fe1\u622a\u56fe_20241113162051-1.webp 842w, https:\/\/aesthedgewallpanel.com\/wp-content\/uploads\/2024\/06\/\u5fae\u4fe1\u622a\u56fe_20241113162051-1-300x177.webp 300w, https:\/\/aesthedgewallpanel.com\/wp-content\/uploads\/2024\/06\/\u5fae\u4fe1\u622a\u56fe_20241113162051-1-768x453.webp 768w\" sizes=\"(max-width: 842px) 100vw, 842px\" \/><\/figure>\n<\/div>\n<\/div>\n\n\n\n<p>Pour des tailles, des couleurs, des gaufrages et des finitions sur mesure, veuillez contacter&nbsp;<a href=\"\/fr\/contact\/\">contactez-nous ici<\/a>.<\/p>","protected":false},"excerpt":{"rendered":"<p>\u00c9cologique, imperm\u00e9able, ignifuge<\/p>","protected":false},"featured_media":1586,"template":"","products_category":[3],"surface_pvc_marble_sheet_":[],"style__acoustic_panel_":[],"film__bamboo_charcoal_wood_venee":[],"color_wpc_wall_panel":[149],"color_spc_wall_panel_":[],"shape":[],"class_list":["post-146","product","type-product","status-publish","has-post-thumbnail","hentry","products_category-wpc-wall-panel","color_wpc_wall_panel-wood-grain"],"yoast_head":"<!-- This site is optimized with the Yoast SEO plugin v25.5 - https:\/\/yoast.com\/wordpress\/plugins\/seo\/ -->\n<title>Premium WPC Louvers Suppliers - Competitive Pricing<\/title>\n<meta name=\"description\" content=\"Discover our premium WPC Louvers designed for global export. Ideal for diverse applications in various markets. Contact us today for inquiries and orders.\" \/>\n<meta name=\"robots\" content=\"index, follow, max-snippet:-1, max-image-preview:large, max-video-preview:-1\" \/>\n<link rel=\"canonical\" href=\"https:\/\/aesthedgewallpanel.com\/fr\/product\/wpc-louvers\/\" \/>\n<meta property=\"og:locale\" content=\"fr_FR\" \/>\n<meta property=\"og:type\" content=\"article\" \/>\n<meta property=\"og:title\" content=\"Premium WPC Louvers Suppliers - Competitive Pricing\" \/>\n<meta property=\"og:description\" content=\"Discover our premium WPC Louvers designed for global export. Ideal for diverse applications in various markets. Contact us today for inquiries and orders.\" \/>\n<meta property=\"og:url\" content=\"https:\/\/aesthedgewallpanel.com\/fr\/product\/wpc-louvers\/\" \/>\n<meta property=\"og:site_name\" content=\"AesthedgeWallPanel\" \/>\n<meta property=\"article:modified_time\" content=\"2025-01-20T09:15:43+00:00\" \/>\n<meta property=\"og:image\" content=\"https:\/\/aesthedgewallpanel.com\/wp-content\/uploads\/2024\/06\/wpc-louver-15017-1.jpg\" \/>\n\t<meta property=\"og:image:width\" content=\"800\" \/>\n\t<meta property=\"og:image:height\" content=\"800\" \/>\n\t<meta property=\"og:image:type\" content=\"image\/jpeg\" \/>\n<meta name=\"twitter:card\" content=\"summary_large_image\" \/>\n<meta name=\"twitter:label1\" content=\"Dur\u00e9e de lecture estim\u00e9e\" \/>\n\t<meta name=\"twitter:data1\" content=\"3 minutes\" \/>\n<script type=\"application\/ld+json\" class=\"yoast-schema-graph\">{\"@context\":\"https:\/\/schema.org\",\"@graph\":[{\"@type\":\"WebPage\",\"@id\":\"https:\/\/aesthedgewallpanel.com\/product\/wpc-louvers\/\",\"url\":\"https:\/\/aesthedgewallpanel.com\/product\/wpc-louvers\/\",\"name\":\"Premium WPC Louvers Suppliers - Competitive Pricing\",\"isPartOf\":{\"@id\":\"https:\/\/aesthedgewallpanel.com\/#website\"},\"primaryImageOfPage\":{\"@id\":\"https:\/\/aesthedgewallpanel.com\/product\/wpc-louvers\/#primaryimage\"},\"image\":{\"@id\":\"https:\/\/aesthedgewallpanel.com\/product\/wpc-louvers\/#primaryimage\"},\"thumbnailUrl\":\"https:\/\/aesthedgewallpanel.com\/wp-content\/uploads\/2024\/06\/wpc-louver-15017-1.jpg\",\"datePublished\":\"2024-06-15T11:48:20+00:00\",\"dateModified\":\"2025-01-20T09:15:43+00:00\",\"description\":\"Discover our premium WPC Louvers designed for global export. Ideal for diverse applications in various markets. Contact us today for inquiries and orders.\",\"breadcrumb\":{\"@id\":\"https:\/\/aesthedgewallpanel.com\/product\/wpc-louvers\/#breadcrumb\"},\"inLanguage\":\"fr-FR\",\"potentialAction\":[{\"@type\":\"ReadAction\",\"target\":[\"https:\/\/aesthedgewallpanel.com\/product\/wpc-louvers\/\"]}]},{\"@type\":\"ImageObject\",\"inLanguage\":\"fr-FR\",\"@id\":\"https:\/\/aesthedgewallpanel.com\/product\/wpc-louvers\/#primaryimage\",\"url\":\"https:\/\/aesthedgewallpanel.com\/wp-content\/uploads\/2024\/06\/wpc-louver-15017-1.jpg\",\"contentUrl\":\"https:\/\/aesthedgewallpanel.com\/wp-content\/uploads\/2024\/06\/wpc-louver-15017-1.jpg\",\"width\":800,\"height\":800},{\"@type\":\"BreadcrumbList\",\"@id\":\"https:\/\/aesthedgewallpanel.com\/product\/wpc-louvers\/#breadcrumb\",\"itemListElement\":[{\"@type\":\"ListItem\",\"position\":1,\"name\":\"Home\",\"item\":\"https:\/\/aesthedgewallpanel.com\/\"},{\"@type\":\"ListItem\",\"position\":2,\"name\":\"WPC WALL PANEL\",\"item\":\"https:\/\/aesthedgewallpanel.com\/product-category\/wpc-wall-panel\/\"},{\"@type\":\"ListItem\",\"position\":3,\"name\":\"Premium WPC Louvers CSW-150&#215;17\"}]},{\"@type\":\"WebSite\",\"@id\":\"https:\/\/aesthedgewallpanel.com\/#website\",\"url\":\"https:\/\/aesthedgewallpanel.com\/\",\"name\":\"AesthedgeWallPanel\",\"description\":\"Aesthedge Solutions for Modern Spaces\",\"potentialAction\":[{\"@type\":\"SearchAction\",\"target\":{\"@type\":\"EntryPoint\",\"urlTemplate\":\"https:\/\/aesthedgewallpanel.com\/?s={search_term_string}\"},\"query-input\":{\"@type\":\"PropertyValueSpecification\",\"valueRequired\":true,\"valueName\":\"search_term_string\"}}],\"inLanguage\":\"fr-FR\"}]}<\/script>\n<!-- \/ Yoast SEO plugin. -->","yoast_head_json":{"title":"Premium WPC Louvers Suppliers - Competitive Pricing","description":"Discover our premium WPC Louvers designed for global export. Ideal for diverse applications in various markets. Contact us today for inquiries and orders.","robots":{"index":"index","follow":"follow","max-snippet":"max-snippet:-1","max-image-preview":"max-image-preview:large","max-video-preview":"max-video-preview:-1"},"canonical":"https:\/\/aesthedgewallpanel.com\/fr\/product\/wpc-louvers\/","og_locale":"fr_FR","og_type":"article","og_title":"Premium WPC Louvers Suppliers - Competitive Pricing","og_description":"Discover our premium WPC Louvers designed for global export. Ideal for diverse applications in various markets. Contact us today for inquiries and orders.","og_url":"https:\/\/aesthedgewallpanel.com\/fr\/product\/wpc-louvers\/","og_site_name":"AesthedgeWallPanel","article_modified_time":"2025-01-20T09:15:43+00:00","og_image":[{"width":800,"height":800,"url":"https:\/\/aesthedgewallpanel.com\/wp-content\/uploads\/2024\/06\/wpc-louver-15017-1.jpg","type":"image\/jpeg"}],"twitter_card":"summary_large_image","twitter_misc":{"Dur\u00e9e de lecture estim\u00e9e":"3 minutes"},"schema":{"@context":"https:\/\/schema.org","@graph":[{"@type":"WebPage","@id":"https:\/\/aesthedgewallpanel.com\/product\/wpc-louvers\/","url":"https:\/\/aesthedgewallpanel.com\/product\/wpc-louvers\/","name":"Premium WPC Louvers Suppliers - Competitive Pricing","isPartOf":{"@id":"https:\/\/aesthedgewallpanel.com\/#website"},"primaryImageOfPage":{"@id":"https:\/\/aesthedgewallpanel.com\/product\/wpc-louvers\/#primaryimage"},"image":{"@id":"https:\/\/aesthedgewallpanel.com\/product\/wpc-louvers\/#primaryimage"},"thumbnailUrl":"https:\/\/aesthedgewallpanel.com\/wp-content\/uploads\/2024\/06\/wpc-louver-15017-1.jpg","datePublished":"2024-06-15T11:48:20+00:00","dateModified":"2025-01-20T09:15:43+00:00","description":"Discover our premium WPC Louvers designed for global export. Ideal for diverse applications in various markets. Contact us today for inquiries and orders.","breadcrumb":{"@id":"https:\/\/aesthedgewallpanel.com\/product\/wpc-louvers\/#breadcrumb"},"inLanguage":"fr-FR","potentialAction":[{"@type":"ReadAction","target":["https:\/\/aesthedgewallpanel.com\/product\/wpc-louvers\/"]}]},{"@type":"ImageObject","inLanguage":"fr-FR","@id":"https:\/\/aesthedgewallpanel.com\/product\/wpc-louvers\/#primaryimage","url":"https:\/\/aesthedgewallpanel.com\/wp-content\/uploads\/2024\/06\/wpc-louver-15017-1.jpg","contentUrl":"https:\/\/aesthedgewallpanel.com\/wp-content\/uploads\/2024\/06\/wpc-louver-15017-1.jpg","width":800,"height":800},{"@type":"BreadcrumbList","@id":"https:\/\/aesthedgewallpanel.com\/product\/wpc-louvers\/#breadcrumb","itemListElement":[{"@type":"ListItem","position":1,"name":"Home","item":"https:\/\/aesthedgewallpanel.com\/"},{"@type":"ListItem","position":2,"name":"WPC WALL PANEL","item":"https:\/\/aesthedgewallpanel.com\/product-category\/wpc-wall-panel\/"},{"@type":"ListItem","position":3,"name":"Premium WPC Louvers CSW-150&#215;17"}]},{"@type":"WebSite","@id":"https:\/\/aesthedgewallpanel.com\/#website","url":"https:\/\/aesthedgewallpanel.com\/","name":"AesthedgeWallPanel","description":"Aesthedge Solutions for Modern Spaces","potentialAction":[{"@type":"SearchAction","target":{"@type":"EntryPoint","urlTemplate":"https:\/\/aesthedgewallpanel.com\/?s={search_term_string}"},"query-input":{"@type":"PropertyValueSpecification","valueRequired":true,"valueName":"search_term_string"}}],"inLanguage":"fr-FR"}]}},"_links":{"self":[{"href":"https:\/\/aesthedgewallpanel.com\/fr\/wp-json\/wp\/v2\/product\/146","targetHints":{"allow":["GET"]}}],"collection":[{"href":"https:\/\/aesthedgewallpanel.com\/fr\/wp-json\/wp\/v2\/product"}],"about":[{"href":"https:\/\/aesthedgewallpanel.com\/fr\/wp-json\/wp\/v2\/types\/product"}],"wp:featuredmedia":[{"embeddable":true,"href":"https:\/\/aesthedgewallpanel.com\/fr\/wp-json\/wp\/v2\/media\/1586"}],"wp:attachment":[{"href":"https:\/\/aesthedgewallpanel.com\/fr\/wp-json\/wp\/v2\/media?parent=146"}],"wp:term":[{"taxonomy":"products_category","embeddable":true,"href":"https:\/\/aesthedgewallpanel.com\/fr\/wp-json\/wp\/v2\/products_category?post=146"},{"taxonomy":"surface_pvc_marble_sheet_","embeddable":true,"href":"https:\/\/aesthedgewallpanel.com\/fr\/wp-json\/wp\/v2\/surface_pvc_marble_sheet_?post=146"},{"taxonomy":"style__acoustic_panel_","embeddable":true,"href":"https:\/\/aesthedgewallpanel.com\/fr\/wp-json\/wp\/v2\/style__acoustic_panel_?post=146"},{"taxonomy":"film__bamboo_charcoal_wood_venee","embeddable":true,"href":"https:\/\/aesthedgewallpanel.com\/fr\/wp-json\/wp\/v2\/film__bamboo_charcoal_wood_venee?post=146"},{"taxonomy":"color_wpc_wall_panel","embeddable":true,"href":"https:\/\/aesthedgewallpanel.com\/fr\/wp-json\/wp\/v2\/color_wpc_wall_panel?post=146"},{"taxonomy":"color_spc_wall_panel_","embeddable":true,"href":"https:\/\/aesthedgewallpanel.com\/fr\/wp-json\/wp\/v2\/color_spc_wall_panel_?post=146"},{"taxonomy":"shape","embeddable":true,"href":"https:\/\/aesthedgewallpanel.com\/fr\/wp-json\/wp\/v2\/shape?post=146"}],"curies":[{"name":"wp","href":"https:\/\/api.w.org\/{rel}","templated":true}]}}