{"id":2191,"date":"2024-12-20T06:24:27","date_gmt":"2024-12-20T06:24:27","guid":{"rendered":"https:\/\/aesthedgewallpanel.com\/?post_type=product&#038;p=2191"},"modified":"2024-12-20T08:49:14","modified_gmt":"2024-12-20T08:49:14","slug":"diy-3d-wall-panel-slat-wall-panel","status":"publish","type":"product","link":"https:\/\/aesthedgewallpanel.com\/fr\/product\/diy-3d-wall-panel-slat-wall-panel\/","title":{"rendered":"Panneau mural 3D DIY - Panneau mural \u00e0 lamelles"},"content":{"rendered":"<h2 class=\"wp-block-heading\"><strong><strong>Panneaux muraux d'accent - Panneaux muraux acoustiques en bois \u00e0 lamelles 3D<\/strong><\/strong><\/h2>\n\n\n\n<p>Les panneaux muraux \u00e0 lamelles acoustiques 3D sont id\u00e9aux pour une absorption efficace des sons et une r\u00e9duction significative de la r\u00e9verb\u00e9ration des bruits int\u00e9rieurs. Ils peuvent bloquer efficacement les sons jusqu'\u00e0 29 d\u00e9cibels, ce qui permet de conserver un environnement int\u00e9rieur calme et confortable. Particuli\u00e8rement efficaces dans la gamme de fr\u00e9quences 500-2000 Hz, o\u00f9 l'ou\u00efe humaine est la plus sensible, ils affichent un coefficient d'absorption acoustique de 0,97 \u00e0 1000 Hz.<\/p>\n\n\n\n<h2 class=\"wp-block-heading\"><strong>Panneau mural \u00e0 lamelles facile \u00e0 installer<\/strong><\/h2>\n\n\n\n<p><strong>Panneau mural \u00e0 lamelles 3D<\/strong> Les panneaux l\u00e9gers peuvent \u00eatre facilement install\u00e9s sur les plafonds ou les murs, ou m\u00eame utilis\u00e9s comme cloisons mobiles. Par rapport aux mat\u00e9riaux insonorisants traditionnels, ils n\u00e9cessitent une installation plus simple et moins d'outils. <strong>Le panneau mural \u00e0 lamelles 3D peut \u00eatre d\u00e9coup\u00e9 pour r\u00e9pondre aux besoins de bricolage des clients.<\/strong><\/p>\n\n\n\n<figure class=\"wp-block-image size-full\"><img decoding=\"async\" width=\"800\" height=\"800\" src=\"https:\/\/aesthedgewallpanel.com\/wp-content\/uploads\/2024\/12\/1-6-1.jpg\" alt=\"\" class=\"wp-image-2208\" srcset=\"https:\/\/aesthedgewallpanel.com\/wp-content\/uploads\/2024\/12\/1-6-1.jpg 800w, https:\/\/aesthedgewallpanel.com\/wp-content\/uploads\/2024\/12\/1-6-1-300x300.jpg 300w, https:\/\/aesthedgewallpanel.com\/wp-content\/uploads\/2024\/12\/1-6-1-150x150.jpg 150w, https:\/\/aesthedgewallpanel.com\/wp-content\/uploads\/2024\/12\/1-6-1-768x768.jpg 768w\" sizes=\"(max-width: 800px) 100vw, 800px\" \/><\/figure>\n\n\n\n<h2 class=\"wp-block-heading\"><strong>Panneaux muraux \u00e0 lamelles de diff\u00e9rentes couleurs<\/strong><\/h2>\n\n\n\n<p>Les panneaux muraux \u00e0 lamelles 3D sont disponibles dans une vari\u00e9t\u00e9 de couleurs pour r\u00e9pondre aux besoins de votre entreprise.<\/p>\n\n\n\n<figure class=\"wp-block-image size-large\"><img decoding=\"async\" width=\"1024\" height=\"536\" src=\"https:\/\/aesthedgewallpanel.com\/wp-content\/uploads\/2024\/12\/8c01a237400098b9e047e8c6f8056db-1024x536.png\" alt=\"\" class=\"wp-image-2215\" srcset=\"https:\/\/aesthedgewallpanel.com\/wp-content\/uploads\/2024\/12\/8c01a237400098b9e047e8c6f8056db-1024x536.png 1024w, https:\/\/aesthedgewallpanel.com\/wp-content\/uploads\/2024\/12\/8c01a237400098b9e047e8c6f8056db-300x157.png 300w, https:\/\/aesthedgewallpanel.com\/wp-content\/uploads\/2024\/12\/8c01a237400098b9e047e8c6f8056db-768x402.png 768w, https:\/\/aesthedgewallpanel.com\/wp-content\/uploads\/2024\/12\/8c01a237400098b9e047e8c6f8056db-1536x804.png 1536w, https:\/\/aesthedgewallpanel.com\/wp-content\/uploads\/2024\/12\/8c01a237400098b9e047e8c6f8056db.png 1607w\" sizes=\"(max-width: 1024px) 100vw, 1024px\" \/><\/figure>\n\n\n\n<h2 class=\"wp-block-heading\"><strong>Panneaux muraux \u00e0 lamelles 3D Application<\/strong><\/h2>\n\n\n\n<p>Les panneaux insonorisants sont utilis\u00e9s dans divers contextes pour r\u00e9duire le bruit et am\u00e9liorer l'acoustique. Les applications les plus courantes sont les suivantes<\/p>\n\n\n\n<p><strong>Espaces professionnels<\/strong>: Studios d'enregistrement, salles de contr\u00f4le et cabines de diffusion<\/p>\n\n\n\n<p><strong>Espaces publics<\/strong>: Salles de concert, th\u00e9\u00e2tres et auditoriums<\/p>\n\n\n\n<p><strong>Espaces commerciaux<\/strong>: Bureaux, salles de conf\u00e9rence et restaurants<\/p>\n\n\n\n<p><strong>Espaces r\u00e9sidentiels<\/strong>: Th\u00e9\u00e2tres \u00e0 domicile et salles multim\u00e9dias<\/p>\n\n\n\n<h2 class=\"wp-block-heading\"><strong>Pourquoi choisir le panneau mural \u00e0 lamelles 3D de Aesthedge DIY ?<\/strong><\/h2>\n\n\n\n<p><strong>Une qualit\u00e9 in\u00e9gal\u00e9e en laquelle vous pouvez avoir confiance<\/strong><\/p>\n\n\n\n<p>Choisir AesthEdge, c'est opter pour une qualit\u00e9 exceptionnelle. Nos panneaux muraux DIY 3D sont con\u00e7us avec soin et fabriqu\u00e9s \u00e0 partir de mat\u00e9riaux respectueux de l'environnement qui r\u00e9pondent \u00e0 des normes internationales rigoureuses, y compris la certification CE. Gr\u00e2ce \u00e0 des techniques de fabrication avanc\u00e9es et \u00e0 des contr\u00f4les de qualit\u00e9 approfondis, ils renforcent la fid\u00e9lit\u00e9 des clients et am\u00e9liorent la r\u00e9putation de votre marque.<\/p>\n\n\n\n<p><strong>Usine interne<\/strong><\/p>\n\n\n\n<p>Gr\u00e2ce \u00e0 son usine ultramoderne, AesthEdge conserve un contr\u00f4le total sur l'ensemble du processus de production. Cela nous permet de personnaliser rapidement les tailles et les couleurs pour r\u00e9pondre aux besoins sp\u00e9cifiques de votre march\u00e9, en garantissant une livraison efficace et une compr\u00e9hension approfondie des tendances du march\u00e9.<\/p>\n\n\n\n<figure class=\"wp-block-image size-full\"><img decoding=\"async\" width=\"750\" height=\"555\" src=\"https:\/\/aesthedgewallpanel.com\/wp-content\/uploads\/2024\/06\/image.png\" alt=\"\" class=\"wp-image-1931\" srcset=\"https:\/\/aesthedgewallpanel.com\/wp-content\/uploads\/2024\/06\/image.png 750w, https:\/\/aesthedgewallpanel.com\/wp-content\/uploads\/2024\/06\/image-300x222.png 300w\" sizes=\"(max-width: 750px) 100vw, 750px\" \/><\/figure>\n\n\n\n<p>Notre usine interne sp\u00e9cialis\u00e9e est la pierre angulaire de notre partenariat. Elle permet non seulement de r\u00e9duire les co\u00fbts et d'augmenter les marges b\u00e9n\u00e9ficiaires, mais aussi de proposer des solutions sur mesure pour divers march\u00e9s.<\/p>\n\n\n\n<p><strong>Durabilit\u00e9 : Un avantage \u00e9cologique pour votre march\u00e9<\/strong><\/p>\n\n\n\n<p>At AesthEdge, we&#8217;re committed to sustainability. Our optimized production processes minimize waste, improving indoor air quality and reducing our carbon footprint. This eco-friendly approach aligns perfectly with the growing demand for sustainable products, giving you a competitive edge in today&#8217;s market.<\/p>\n\n\n\n<figure class=\"wp-block-image size-large\"><img decoding=\"async\" width=\"1024\" height=\"369\" src=\"https:\/\/aesthedgewallpanel.com\/wp-content\/uploads\/2024\/12\/1e7169865c497d77d58ed1615e26082-1024x369.jpg\" alt=\"\" class=\"wp-image-2200\" srcset=\"https:\/\/aesthedgewallpanel.com\/wp-content\/uploads\/2024\/12\/1e7169865c497d77d58ed1615e26082-1024x369.jpg 1024w, https:\/\/aesthedgewallpanel.com\/wp-content\/uploads\/2024\/12\/1e7169865c497d77d58ed1615e26082-300x108.jpg 300w, https:\/\/aesthedgewallpanel.com\/wp-content\/uploads\/2024\/12\/1e7169865c497d77d58ed1615e26082-768x276.jpg 768w, https:\/\/aesthedgewallpanel.com\/wp-content\/uploads\/2024\/12\/1e7169865c497d77d58ed1615e26082-1536x553.jpg 1536w, https:\/\/aesthedgewallpanel.com\/wp-content\/uploads\/2024\/12\/1e7169865c497d77d58ed1615e26082-2048x737.jpg 2048w\" sizes=\"(max-width: 1024px) 100vw, 1024px\" \/><\/figure>\n\n\n\n<p>As a valued partner, you&#8217;re part of the AesthEdge family. Our dedicated team is here to support you every step of the way, from answering questions to providing marketing advice. We&#8217;re committed to making your partnership experience seamless and rewarding.<\/p>\n\n\n\n<p><\/p>","protected":false},"excerpt":{"rendered":"<p>R\u00e9duction du bruit, respect de l'environnement<\/p>","protected":false},"featured_media":2193,"template":"","products_category":[190],"surface_pvc_marble_sheet_":[],"style__acoustic_panel_":[],"film__bamboo_charcoal_wood_venee":[],"color_wpc_wall_panel":[],"color_spc_wall_panel_":[],"shape":[191],"class_list":["post-2191","product","type-product","status-publish","has-post-thumbnail","hentry","products_category-diy-3d-wall-panel","shape-slat"],"yoast_head":"<!-- This site is optimized with the Yoast SEO plugin v25.5 - https:\/\/yoast.com\/wordpress\/plugins\/seo\/ -->\n<title>DIY 3D WALL PANEL - Slat Wall Panel - AesthedgeWallPanel<\/title>\n<meta name=\"robots\" content=\"index, follow, max-snippet:-1, max-image-preview:large, max-video-preview:-1\" \/>\n<link rel=\"canonical\" href=\"https:\/\/aesthedgewallpanel.com\/fr\/product\/diy-3d-wall-panel-slat-wall-panel\/\" \/>\n<meta property=\"og:locale\" content=\"fr_FR\" \/>\n<meta property=\"og:type\" content=\"article\" \/>\n<meta property=\"og:title\" content=\"DIY 3D WALL PANEL - Slat Wall Panel - AesthedgeWallPanel\" \/>\n<meta property=\"og:description\" content=\"Noise Reduction,Environmentally Friendly\" \/>\n<meta property=\"og:url\" content=\"https:\/\/aesthedgewallpanel.com\/fr\/product\/diy-3d-wall-panel-slat-wall-panel\/\" \/>\n<meta property=\"og:site_name\" content=\"AesthedgeWallPanel\" \/>\n<meta property=\"article:modified_time\" content=\"2024-12-20T08:49:14+00:00\" \/>\n<meta property=\"og:image\" content=\"https:\/\/aesthedgewallpanel.com\/wp-content\/uploads\/2024\/12\/1-3-4.jpg\" \/>\n\t<meta property=\"og:image:width\" content=\"800\" \/>\n\t<meta property=\"og:image:height\" content=\"800\" \/>\n\t<meta property=\"og:image:type\" content=\"image\/jpeg\" \/>\n<meta name=\"twitter:card\" content=\"summary_large_image\" \/>\n<meta name=\"twitter:label1\" content=\"Dur\u00e9e de lecture estim\u00e9e\" \/>\n\t<meta name=\"twitter:data1\" content=\"3 minutes\" \/>\n<script type=\"application\/ld+json\" class=\"yoast-schema-graph\">{\"@context\":\"https:\/\/schema.org\",\"@graph\":[{\"@type\":\"WebPage\",\"@id\":\"https:\/\/aesthedgewallpanel.com\/product\/diy-3d-wall-panel-slat-wall-panel\/\",\"url\":\"https:\/\/aesthedgewallpanel.com\/product\/diy-3d-wall-panel-slat-wall-panel\/\",\"name\":\"DIY 3D WALL PANEL - Slat Wall Panel - AesthedgeWallPanel\",\"isPartOf\":{\"@id\":\"https:\/\/aesthedgewallpanel.com\/#website\"},\"primaryImageOfPage\":{\"@id\":\"https:\/\/aesthedgewallpanel.com\/product\/diy-3d-wall-panel-slat-wall-panel\/#primaryimage\"},\"image\":{\"@id\":\"https:\/\/aesthedgewallpanel.com\/product\/diy-3d-wall-panel-slat-wall-panel\/#primaryimage\"},\"thumbnailUrl\":\"https:\/\/aesthedgewallpanel.com\/wp-content\/uploads\/2024\/12\/1-3-4.jpg\",\"datePublished\":\"2024-12-20T06:24:27+00:00\",\"dateModified\":\"2024-12-20T08:49:14+00:00\",\"breadcrumb\":{\"@id\":\"https:\/\/aesthedgewallpanel.com\/product\/diy-3d-wall-panel-slat-wall-panel\/#breadcrumb\"},\"inLanguage\":\"fr-FR\",\"potentialAction\":[{\"@type\":\"ReadAction\",\"target\":[\"https:\/\/aesthedgewallpanel.com\/product\/diy-3d-wall-panel-slat-wall-panel\/\"]}]},{\"@type\":\"ImageObject\",\"inLanguage\":\"fr-FR\",\"@id\":\"https:\/\/aesthedgewallpanel.com\/product\/diy-3d-wall-panel-slat-wall-panel\/#primaryimage\",\"url\":\"https:\/\/aesthedgewallpanel.com\/wp-content\/uploads\/2024\/12\/1-3-4.jpg\",\"contentUrl\":\"https:\/\/aesthedgewallpanel.com\/wp-content\/uploads\/2024\/12\/1-3-4.jpg\",\"width\":800,\"height\":800},{\"@type\":\"BreadcrumbList\",\"@id\":\"https:\/\/aesthedgewallpanel.com\/product\/diy-3d-wall-panel-slat-wall-panel\/#breadcrumb\",\"itemListElement\":[{\"@type\":\"ListItem\",\"position\":1,\"name\":\"Home\",\"item\":\"https:\/\/aesthedgewallpanel.com\/\"},{\"@type\":\"ListItem\",\"position\":2,\"name\":\"DIY 3D WALL PANEL\",\"item\":\"https:\/\/aesthedgewallpanel.com\/product-category\/diy-3d-wall-panel\/\"},{\"@type\":\"ListItem\",\"position\":3,\"name\":\"DIY 3D WALL PANEL &#8211; Slat Wall Panel\"}]},{\"@type\":\"WebSite\",\"@id\":\"https:\/\/aesthedgewallpanel.com\/#website\",\"url\":\"https:\/\/aesthedgewallpanel.com\/\",\"name\":\"AesthedgeWallPanel\",\"description\":\"Aesthedge Solutions for Modern Spaces\",\"potentialAction\":[{\"@type\":\"SearchAction\",\"target\":{\"@type\":\"EntryPoint\",\"urlTemplate\":\"https:\/\/aesthedgewallpanel.com\/?s={search_term_string}\"},\"query-input\":{\"@type\":\"PropertyValueSpecification\",\"valueRequired\":true,\"valueName\":\"search_term_string\"}}],\"inLanguage\":\"fr-FR\"}]}<\/script>\n<!-- \/ Yoast SEO plugin. -->","yoast_head_json":{"title":"DIY 3D WALL PANEL - Slat Wall Panel - AesthedgeWallPanel","robots":{"index":"index","follow":"follow","max-snippet":"max-snippet:-1","max-image-preview":"max-image-preview:large","max-video-preview":"max-video-preview:-1"},"canonical":"https:\/\/aesthedgewallpanel.com\/fr\/product\/diy-3d-wall-panel-slat-wall-panel\/","og_locale":"fr_FR","og_type":"article","og_title":"DIY 3D WALL PANEL - Slat Wall Panel - AesthedgeWallPanel","og_description":"Noise Reduction,Environmentally Friendly","og_url":"https:\/\/aesthedgewallpanel.com\/fr\/product\/diy-3d-wall-panel-slat-wall-panel\/","og_site_name":"AesthedgeWallPanel","article_modified_time":"2024-12-20T08:49:14+00:00","og_image":[{"width":800,"height":800,"url":"https:\/\/aesthedgewallpanel.com\/wp-content\/uploads\/2024\/12\/1-3-4.jpg","type":"image\/jpeg"}],"twitter_card":"summary_large_image","twitter_misc":{"Dur\u00e9e de lecture estim\u00e9e":"3 minutes"},"schema":{"@context":"https:\/\/schema.org","@graph":[{"@type":"WebPage","@id":"https:\/\/aesthedgewallpanel.com\/product\/diy-3d-wall-panel-slat-wall-panel\/","url":"https:\/\/aesthedgewallpanel.com\/product\/diy-3d-wall-panel-slat-wall-panel\/","name":"DIY 3D WALL PANEL - Slat Wall Panel - AesthedgeWallPanel","isPartOf":{"@id":"https:\/\/aesthedgewallpanel.com\/#website"},"primaryImageOfPage":{"@id":"https:\/\/aesthedgewallpanel.com\/product\/diy-3d-wall-panel-slat-wall-panel\/#primaryimage"},"image":{"@id":"https:\/\/aesthedgewallpanel.com\/product\/diy-3d-wall-panel-slat-wall-panel\/#primaryimage"},"thumbnailUrl":"https:\/\/aesthedgewallpanel.com\/wp-content\/uploads\/2024\/12\/1-3-4.jpg","datePublished":"2024-12-20T06:24:27+00:00","dateModified":"2024-12-20T08:49:14+00:00","breadcrumb":{"@id":"https:\/\/aesthedgewallpanel.com\/product\/diy-3d-wall-panel-slat-wall-panel\/#breadcrumb"},"inLanguage":"fr-FR","potentialAction":[{"@type":"ReadAction","target":["https:\/\/aesthedgewallpanel.com\/product\/diy-3d-wall-panel-slat-wall-panel\/"]}]},{"@type":"ImageObject","inLanguage":"fr-FR","@id":"https:\/\/aesthedgewallpanel.com\/product\/diy-3d-wall-panel-slat-wall-panel\/#primaryimage","url":"https:\/\/aesthedgewallpanel.com\/wp-content\/uploads\/2024\/12\/1-3-4.jpg","contentUrl":"https:\/\/aesthedgewallpanel.com\/wp-content\/uploads\/2024\/12\/1-3-4.jpg","width":800,"height":800},{"@type":"BreadcrumbList","@id":"https:\/\/aesthedgewallpanel.com\/product\/diy-3d-wall-panel-slat-wall-panel\/#breadcrumb","itemListElement":[{"@type":"ListItem","position":1,"name":"Home","item":"https:\/\/aesthedgewallpanel.com\/"},{"@type":"ListItem","position":2,"name":"DIY 3D WALL PANEL","item":"https:\/\/aesthedgewallpanel.com\/product-category\/diy-3d-wall-panel\/"},{"@type":"ListItem","position":3,"name":"DIY 3D WALL PANEL &#8211; Slat Wall Panel"}]},{"@type":"WebSite","@id":"https:\/\/aesthedgewallpanel.com\/#website","url":"https:\/\/aesthedgewallpanel.com\/","name":"AesthedgeWallPanel","description":"Aesthedge Solutions for Modern Spaces","potentialAction":[{"@type":"SearchAction","target":{"@type":"EntryPoint","urlTemplate":"https:\/\/aesthedgewallpanel.com\/?s={search_term_string}"},"query-input":{"@type":"PropertyValueSpecification","valueRequired":true,"valueName":"search_term_string"}}],"inLanguage":"fr-FR"}]}},"_links":{"self":[{"href":"https:\/\/aesthedgewallpanel.com\/fr\/wp-json\/wp\/v2\/product\/2191","targetHints":{"allow":["GET"]}}],"collection":[{"href":"https:\/\/aesthedgewallpanel.com\/fr\/wp-json\/wp\/v2\/product"}],"about":[{"href":"https:\/\/aesthedgewallpanel.com\/fr\/wp-json\/wp\/v2\/types\/product"}],"wp:featuredmedia":[{"embeddable":true,"href":"https:\/\/aesthedgewallpanel.com\/fr\/wp-json\/wp\/v2\/media\/2193"}],"wp:attachment":[{"href":"https:\/\/aesthedgewallpanel.com\/fr\/wp-json\/wp\/v2\/media?parent=2191"}],"wp:term":[{"taxonomy":"products_category","embeddable":true,"href":"https:\/\/aesthedgewallpanel.com\/fr\/wp-json\/wp\/v2\/products_category?post=2191"},{"taxonomy":"surface_pvc_marble_sheet_","embeddable":true,"href":"https:\/\/aesthedgewallpanel.com\/fr\/wp-json\/wp\/v2\/surface_pvc_marble_sheet_?post=2191"},{"taxonomy":"style__acoustic_panel_","embeddable":true,"href":"https:\/\/aesthedgewallpanel.com\/fr\/wp-json\/wp\/v2\/style__acoustic_panel_?post=2191"},{"taxonomy":"film__bamboo_charcoal_wood_venee","embeddable":true,"href":"https:\/\/aesthedgewallpanel.com\/fr\/wp-json\/wp\/v2\/film__bamboo_charcoal_wood_venee?post=2191"},{"taxonomy":"color_wpc_wall_panel","embeddable":true,"href":"https:\/\/aesthedgewallpanel.com\/fr\/wp-json\/wp\/v2\/color_wpc_wall_panel?post=2191"},{"taxonomy":"color_spc_wall_panel_","embeddable":true,"href":"https:\/\/aesthedgewallpanel.com\/fr\/wp-json\/wp\/v2\/color_spc_wall_panel_?post=2191"},{"taxonomy":"shape","embeddable":true,"href":"https:\/\/aesthedgewallpanel.com\/fr\/wp-json\/wp\/v2\/shape?post=2191"}],"curies":[{"name":"wp","href":"https:\/\/api.w.org\/{rel}","templated":true}]}}