{"id":1038,"date":"2024-10-08T03:42:48","date_gmt":"2024-10-08T03:42:48","guid":{"rendered":"https:\/\/aesthedgewallpanel.com\/?post_type=product&#038;p=1038"},"modified":"2024-11-29T06:42:41","modified_gmt":"2024-11-29T06:42:41","slug":"spc-wall-panel-wood-grain","status":"publish","type":"product","link":"https:\/\/aesthedgewallpanel.com\/pt\/product\/spc-wall-panel-wood-grain\/","title":{"rendered":"Painel de Parede SPC - Gr\u00e3o de Madeira"},"content":{"rendered":"<h2 class=\"wp-block-heading\">Descri\u00e7\u00e3o do painel de parede SPC<\/h2>\n\n\n\n<p>Unlike stone-plastic flooring, which primarily uses plastic, SPC \uff08Stone Plastic Composite\uff09wall panel is made from natural limestone (calcium carbonate), the same material found in pearls and marble. It&#8217;s combined with polymer materials at a molecular level and extruded into a single piece under high temperature and pressure. This process creates a wear-resistant surface and a high-definition decorative layer. SPC wall panels are 4mm~6mm solid wall panels with a tongue-and-groove connection on all four sides.<\/p>\n\n\n\n<figure class=\"wp-block-image size-full\"><img decoding=\"async\" width=\"1000\" height=\"516\" src=\"https:\/\/aesthedgewallpanel.com\/wp-content\/uploads\/2024\/10\/image.webp\" alt=\"\" class=\"wp-image-1646\" srcset=\"https:\/\/aesthedgewallpanel.com\/wp-content\/uploads\/2024\/10\/image.webp 1000w, https:\/\/aesthedgewallpanel.com\/wp-content\/uploads\/2024\/10\/image-300x155.webp 300w, https:\/\/aesthedgewallpanel.com\/wp-content\/uploads\/2024\/10\/image-768x396.webp 768w\" sizes=\"(max-width: 1000px) 100vw, 1000px\" \/><\/figure>\n\n\n\n<h2 class=\"wp-block-heading\"><strong>Vantagens do painel de parede AesthEdge SPC<\/strong><\/h2>\n\n\n\n<p><a href=\"https:\/\/aesthedgewallpanel.com\/pt\/product-category\/spc-wall-panel\/\" target=\"_blank\" rel=\"noreferrer noopener\">Pain\u00e9is de parede SPC<\/a> oferecem vantagens \u00fanicas como material decorativo moderno. S\u00e3o amigos do ambiente, duradouros e isentos de preocupa\u00e7\u00f5es com o formalde\u00eddo. Com uma instala\u00e7\u00e3o r\u00e1pida e utiliza\u00e7\u00e3o imediata, ajudam a poupar tempo e dinheiro.<\/p>\n\n\n\n<p>Para tamanhos, cores, relevo de superf\u00edcie e acabamentos personalizados, por favor\u00a0<a href=\"\/pt\/contact\/\">contacte-nos aqui<\/a>.<\/p>\n\n\n\n<div class=\"wp-block-columns alignwide is-layout-flex wp-container-core-columns-is-layout-9d6595d7 wp-block-columns-is-layout-flex\">\n<div class=\"wp-block-column has-text-color has-background has-link-color wp-elements-998423e6584842584f77cc1ce6569efe is-layout-flow wp-block-column-is-layout-flow\" style=\"color:#000000;background-color:#ffe97d;padding-top:2em;padding-right:2em;padding-bottom:2em;padding-left:2em\">\n<p class=\"has-normal-font-size\" style=\"line-height:1.5\"><strong>Sem necessidade de demoli\u00e7\u00e3o, menos lixo e baixo ru\u00eddo<\/strong><\/p>\n\n\n\n<hr class=\"wp-block-separator has-text-color has-css-opacity has-background is-style-wide\" style=\"background-color:#000000;color:#000000\"\/>\n\n\n\n<p>Pode ser instalado diretamente sobre a parede existente sem necessidade de demoli\u00e7\u00e3o, minimizando os res\u00edduos e o ru\u00eddo. Isto permite que a constru\u00e7\u00e3o tenha lugar enquanto o hotel permanece aberto, sem perturbar as opera\u00e7\u00f5es ou aumentar as queixas dos utilizadores.<\/p>\n<\/div>\n\n\n\n<div class=\"wp-block-column has-text-color has-background has-link-color wp-elements-4d62c49992129d33ad94fcbaed9d295a is-layout-flow wp-block-column-is-layout-flow\" style=\"color:#000000;background-color:#d1d1e1;padding-top:2em;padding-right:2em;padding-bottom:2em;padding-left:2em\">\n<p class=\"has-normal-font-size\" style=\"line-height:1.5\"><strong>Entrega r\u00e1pida, personaliz\u00e1vel, baixo custo<\/strong><\/p>\n\n\n\n<hr class=\"wp-block-separator has-css-opacity is-style-wide\"\/>\n\n\n\n<p>Desfrute de uma instala\u00e7\u00e3o r\u00e1pida, personaliza\u00e7\u00e3o e acessibilidade com os pain\u00e9is de parede SPC. Estes pain\u00e9is vers\u00e1teis podem ser facilmente cortados e instalados, e podem ser adaptados a qualquer espa\u00e7o e estilo pessoal.<\/p>\n<\/div>\n\n\n\n<div class=\"wp-block-column has-text-color has-background has-link-color wp-elements-0ae3cf4f5ff967540d95d464c5ff41f0 is-layout-flow wp-block-column-is-layout-flow\" style=\"color:#000000;background-color:#c0ebf1;padding-top:2em;padding-right:2em;padding-bottom:2em;padding-left:2em\">\n<p class=\"has-normal-font-size\"><strong>Instala\u00e7\u00e3o de painel completo com costuras pequenas.<\/strong><\/p>\n\n\n\n<hr class=\"wp-block-separator has-css-opacity is-style-wide\"\/>\n\n\n\n<p>Com at\u00e9 3 metros de comprimento, os pain\u00e9is de parede SPC reduzem significativamente o n\u00famero de costuras necess\u00e1rias para a instala\u00e7\u00e3o. Isto cria um aspeto limpo e ininterrupto que melhora o aspeto est\u00e9tico geral.<\/p>\n<\/div>\n<\/div>\n\n\n\n<p><strong>B1 \u00c0 prova de fogo<\/strong> <\/p>\n\n\n\n<p>Os pain\u00e9is de parede SPC, compostos principalmente por p\u00f3 de pedra e resina de pol\u00edmero, s\u00e3o inerentemente resistentes \u00e0s chamas. Isto torna-os ideais para a decora\u00e7\u00e3o de interiores, especialmente em \u00e1reas de alto risco, como espa\u00e7os p\u00fablicos e edif\u00edcios altos.<\/p>\n\n\n\n<h2 class=\"wp-block-heading\">Pain\u00e9is de parede SPC para paredes interiores<\/h2>\n\n\n\n<p>Os Pain\u00e9is Parede SPC possuem carater\u00edsticas de impermeabilidade 100%, o que os torna altamente adequados para \u00e1reas com elevada humidade, como casas de banho, cozinhas e varandas.<\/p>\n\n\n\n<div class=\"wp-block-columns is-layout-flex wp-container-core-columns-is-layout-9d6595d7 wp-block-columns-is-layout-flex\">\n<div class=\"wp-block-column is-layout-flow wp-block-column-is-layout-flow\">\n<figure class=\"wp-block-image size-full\"><img decoding=\"async\" width=\"1080\" height=\"1350\" src=\"https:\/\/aesthedgewallpanel.com\/wp-content\/uploads\/2024\/10\/New-Project-21-3.webp\" alt=\"\" class=\"wp-image-1658\" srcset=\"https:\/\/aesthedgewallpanel.com\/wp-content\/uploads\/2024\/10\/New-Project-21-3.webp 1080w, https:\/\/aesthedgewallpanel.com\/wp-content\/uploads\/2024\/10\/New-Project-21-3-240x300.webp 240w, https:\/\/aesthedgewallpanel.com\/wp-content\/uploads\/2024\/10\/New-Project-21-3-819x1024.webp 819w, https:\/\/aesthedgewallpanel.com\/wp-content\/uploads\/2024\/10\/New-Project-21-3-768x960.webp 768w\" sizes=\"(max-width: 1080px) 100vw, 1080px\" \/><\/figure>\n<\/div>\n\n\n\n<div class=\"wp-block-column is-layout-flow wp-block-column-is-layout-flow\">\n<figure class=\"wp-block-image size-large\"><img decoding=\"async\" width=\"819\" height=\"1024\" src=\"https:\/\/aesthedgewallpanel.com\/wp-content\/uploads\/2024\/10\/New-Project-21-819x1024.webp\" alt=\"\" class=\"wp-image-1651\" srcset=\"https:\/\/aesthedgewallpanel.com\/wp-content\/uploads\/2024\/10\/New-Project-21-819x1024.webp 819w, https:\/\/aesthedgewallpanel.com\/wp-content\/uploads\/2024\/10\/New-Project-21-240x300.webp 240w, https:\/\/aesthedgewallpanel.com\/wp-content\/uploads\/2024\/10\/New-Project-21-768x960.webp 768w, https:\/\/aesthedgewallpanel.com\/wp-content\/uploads\/2024\/10\/New-Project-21.webp 1080w\" sizes=\"(max-width: 819px) 100vw, 819px\" \/><\/figure>\n<\/div>\n\n\n\n<div class=\"wp-block-column is-layout-flow wp-block-column-is-layout-flow\">\n<figure class=\"wp-block-image size-large\"><img decoding=\"async\" width=\"819\" height=\"1024\" src=\"https:\/\/aesthedgewallpanel.com\/wp-content\/uploads\/2024\/10\/New-Project-20-819x1024.webp\" alt=\"\" class=\"wp-image-1650\" srcset=\"https:\/\/aesthedgewallpanel.com\/wp-content\/uploads\/2024\/10\/New-Project-20-819x1024.webp 819w, https:\/\/aesthedgewallpanel.com\/wp-content\/uploads\/2024\/10\/New-Project-20-240x300.webp 240w, https:\/\/aesthedgewallpanel.com\/wp-content\/uploads\/2024\/10\/New-Project-20-768x960.webp 768w, https:\/\/aesthedgewallpanel.com\/wp-content\/uploads\/2024\/10\/New-Project-20.webp 1080w\" sizes=\"(max-width: 819px) 100vw, 819px\" \/><\/figure>\n<\/div>\n<\/div>\n\n\n\n<p>Estes pain\u00e9is s\u00e3o predominantemente utilizados para paredes interiores, tectos, pavimentos e diversos projectos de decora\u00e7\u00e3o, tanto em edif\u00edcios altos como baixos.<\/p>\n\n\n\n<div class=\"wp-block-columns is-layout-flex wp-container-core-columns-is-layout-9d6595d7 wp-block-columns-is-layout-flex\">\n<div class=\"wp-block-column is-layout-flow wp-block-column-is-layout-flow\">\n<figure class=\"wp-block-image size-full\"><img decoding=\"async\" width=\"600\" height=\"500\" src=\"https:\/\/aesthedgewallpanel.com\/wp-content\/uploads\/2024\/10\/New-Project-22.webp\" alt=\"\" class=\"wp-image-1653\" srcset=\"https:\/\/aesthedgewallpanel.com\/wp-content\/uploads\/2024\/10\/New-Project-22.webp 600w, https:\/\/aesthedgewallpanel.com\/wp-content\/uploads\/2024\/10\/New-Project-22-300x250.webp 300w\" sizes=\"(max-width: 600px) 100vw, 600px\" \/><\/figure>\n<\/div>\n\n\n\n<div class=\"wp-block-column is-layout-flow wp-block-column-is-layout-flow\">\n<figure class=\"wp-block-image size-full\"><img decoding=\"async\" width=\"600\" height=\"500\" src=\"https:\/\/aesthedgewallpanel.com\/wp-content\/uploads\/2024\/10\/New-Project-22-2.webp\" alt=\"\" class=\"wp-image-1656\" srcset=\"https:\/\/aesthedgewallpanel.com\/wp-content\/uploads\/2024\/10\/New-Project-22-2.webp 600w, https:\/\/aesthedgewallpanel.com\/wp-content\/uploads\/2024\/10\/New-Project-22-2-300x250.webp 300w\" sizes=\"(max-width: 600px) 100vw, 600px\" \/><\/figure>\n<\/div>\n<\/div>\n\n\n\n<p>N\u00e3o perca esta oportunidade de ouro!\u00a0<a href=\"https:\/\/aesthedgewallpanel.com\/pt\/contact\/\" target=\"_blank\" rel=\"noreferrer noopener\">Contactar-nos<\/a>\u00a0imediatamente para solicitar a sua amostra gratuita e desbloquear ofertas e descontos exclusivos reservados apenas aos nossos estimados clientes.<\/p>\n\n\n\n<p><\/p>","protected":false},"excerpt":{"rendered":"<p>\u00c0 prova de \u00e1gua, \u00e0 prova de fogo e com estilo<\/p>","protected":false},"featured_media":1056,"template":"","products_category":[160],"surface_pvc_marble_sheet_":[],"style__acoustic_panel_":[],"film__bamboo_charcoal_wood_venee":[],"color_wpc_wall_panel":[],"color_spc_wall_panel_":[161],"shape":[],"class_list":["post-1038","product","type-product","status-publish","has-post-thumbnail","hentry","products_category-spc-wall-panel","color_spc_wall_panel_-wood-grain"],"yoast_head":"<!-- This site is optimized with the Yoast SEO plugin v25.5 - https:\/\/yoast.com\/wordpress\/plugins\/seo\/ -->\n<title>Premium SPC Wall Panel for Export from Linyi, Shandong, China<\/title>\n<meta name=\"description\" content=\"Our company offers top-quality SPC wall panels with wood grain. Rely on our export services for premium products and smooth business transactions.\" \/>\n<meta name=\"robots\" content=\"index, follow, max-snippet:-1, max-image-preview:large, max-video-preview:-1\" \/>\n<link rel=\"canonical\" href=\"https:\/\/aesthedgewallpanel.com\/pt\/product\/spc-wall-panel-wood-grain\/\" \/>\n<meta property=\"og:locale\" content=\"pt_PT\" \/>\n<meta property=\"og:type\" content=\"article\" \/>\n<meta property=\"og:title\" content=\"Premium SPC Wall Panel for Export from Linyi, Shandong, China\" \/>\n<meta property=\"og:description\" content=\"Our company offers top-quality SPC wall panels with wood grain. Rely on our export services for premium products and smooth business transactions.\" \/>\n<meta property=\"og:url\" content=\"https:\/\/aesthedgewallpanel.com\/pt\/product\/spc-wall-panel-wood-grain\/\" \/>\n<meta property=\"og:site_name\" content=\"AesthedgeWallPanel\" \/>\n<meta property=\"article:modified_time\" content=\"2024-11-29T06:42:41+00:00\" \/>\n<meta property=\"og:image\" content=\"https:\/\/aesthedgewallpanel.com\/wp-content\/uploads\/2024\/10\/spc-wall-panel-wood-grain-1.jpg\" \/>\n\t<meta property=\"og:image:width\" content=\"800\" \/>\n\t<meta property=\"og:image:height\" content=\"800\" \/>\n\t<meta property=\"og:image:type\" content=\"image\/jpeg\" \/>\n<meta name=\"twitter:card\" content=\"summary_large_image\" \/>\n<meta name=\"twitter:label1\" content=\"Tempo estimado de leitura\" \/>\n\t<meta name=\"twitter:data1\" content=\"3 minutos\" \/>\n<script type=\"application\/ld+json\" class=\"yoast-schema-graph\">{\"@context\":\"https:\/\/schema.org\",\"@graph\":[{\"@type\":\"WebPage\",\"@id\":\"https:\/\/aesthedgewallpanel.com\/product\/spc-wall-panel-wood-grain\/\",\"url\":\"https:\/\/aesthedgewallpanel.com\/product\/spc-wall-panel-wood-grain\/\",\"name\":\"Premium SPC Wall Panel for Export from Linyi, Shandong, China\",\"isPartOf\":{\"@id\":\"https:\/\/aesthedgewallpanel.com\/#website\"},\"primaryImageOfPage\":{\"@id\":\"https:\/\/aesthedgewallpanel.com\/product\/spc-wall-panel-wood-grain\/#primaryimage\"},\"image\":{\"@id\":\"https:\/\/aesthedgewallpanel.com\/product\/spc-wall-panel-wood-grain\/#primaryimage\"},\"thumbnailUrl\":\"https:\/\/aesthedgewallpanel.com\/wp-content\/uploads\/2024\/10\/spc-wall-panel-wood-grain-1.jpg\",\"datePublished\":\"2024-10-08T03:42:48+00:00\",\"dateModified\":\"2024-11-29T06:42:41+00:00\",\"description\":\"Our company offers top-quality SPC wall panels with wood grain. Rely on our export services for premium products and smooth business transactions.\",\"breadcrumb\":{\"@id\":\"https:\/\/aesthedgewallpanel.com\/product\/spc-wall-panel-wood-grain\/#breadcrumb\"},\"inLanguage\":\"pt-PT\",\"potentialAction\":[{\"@type\":\"ReadAction\",\"target\":[\"https:\/\/aesthedgewallpanel.com\/product\/spc-wall-panel-wood-grain\/\"]}]},{\"@type\":\"ImageObject\",\"inLanguage\":\"pt-PT\",\"@id\":\"https:\/\/aesthedgewallpanel.com\/product\/spc-wall-panel-wood-grain\/#primaryimage\",\"url\":\"https:\/\/aesthedgewallpanel.com\/wp-content\/uploads\/2024\/10\/spc-wall-panel-wood-grain-1.jpg\",\"contentUrl\":\"https:\/\/aesthedgewallpanel.com\/wp-content\/uploads\/2024\/10\/spc-wall-panel-wood-grain-1.jpg\",\"width\":800,\"height\":800,\"caption\":\"spc wall panel wood grain 1\"},{\"@type\":\"BreadcrumbList\",\"@id\":\"https:\/\/aesthedgewallpanel.com\/product\/spc-wall-panel-wood-grain\/#breadcrumb\",\"itemListElement\":[{\"@type\":\"ListItem\",\"position\":1,\"name\":\"Home\",\"item\":\"https:\/\/aesthedgewallpanel.com\/\"},{\"@type\":\"ListItem\",\"position\":2,\"name\":\"SPC WALL PANEL\",\"item\":\"https:\/\/aesthedgewallpanel.com\/product-category\/spc-wall-panel\/\"},{\"@type\":\"ListItem\",\"position\":3,\"name\":\"SPC Wall Panel-Wood Grain\"}]},{\"@type\":\"WebSite\",\"@id\":\"https:\/\/aesthedgewallpanel.com\/#website\",\"url\":\"https:\/\/aesthedgewallpanel.com\/\",\"name\":\"AesthedgeWallPanel\",\"description\":\"Aesthedge Solutions for Modern Spaces\",\"potentialAction\":[{\"@type\":\"SearchAction\",\"target\":{\"@type\":\"EntryPoint\",\"urlTemplate\":\"https:\/\/aesthedgewallpanel.com\/?s={search_term_string}\"},\"query-input\":{\"@type\":\"PropertyValueSpecification\",\"valueRequired\":true,\"valueName\":\"search_term_string\"}}],\"inLanguage\":\"pt-PT\"}]}<\/script>\n<!-- \/ Yoast SEO plugin. -->","yoast_head_json":{"title":"Premium SPC Wall Panel for Export from Linyi, Shandong, China","description":"Our company offers top-quality SPC wall panels with wood grain. Rely on our export services for premium products and smooth business transactions.","robots":{"index":"index","follow":"follow","max-snippet":"max-snippet:-1","max-image-preview":"max-image-preview:large","max-video-preview":"max-video-preview:-1"},"canonical":"https:\/\/aesthedgewallpanel.com\/pt\/product\/spc-wall-panel-wood-grain\/","og_locale":"pt_PT","og_type":"article","og_title":"Premium SPC Wall Panel for Export from Linyi, Shandong, China","og_description":"Our company offers top-quality SPC wall panels with wood grain. Rely on our export services for premium products and smooth business transactions.","og_url":"https:\/\/aesthedgewallpanel.com\/pt\/product\/spc-wall-panel-wood-grain\/","og_site_name":"AesthedgeWallPanel","article_modified_time":"2024-11-29T06:42:41+00:00","og_image":[{"width":800,"height":800,"url":"https:\/\/aesthedgewallpanel.com\/wp-content\/uploads\/2024\/10\/spc-wall-panel-wood-grain-1.jpg","type":"image\/jpeg"}],"twitter_card":"summary_large_image","twitter_misc":{"Tempo estimado de leitura":"3 minutos"},"schema":{"@context":"https:\/\/schema.org","@graph":[{"@type":"WebPage","@id":"https:\/\/aesthedgewallpanel.com\/product\/spc-wall-panel-wood-grain\/","url":"https:\/\/aesthedgewallpanel.com\/product\/spc-wall-panel-wood-grain\/","name":"Premium SPC Wall Panel for Export from Linyi, Shandong, China","isPartOf":{"@id":"https:\/\/aesthedgewallpanel.com\/#website"},"primaryImageOfPage":{"@id":"https:\/\/aesthedgewallpanel.com\/product\/spc-wall-panel-wood-grain\/#primaryimage"},"image":{"@id":"https:\/\/aesthedgewallpanel.com\/product\/spc-wall-panel-wood-grain\/#primaryimage"},"thumbnailUrl":"https:\/\/aesthedgewallpanel.com\/wp-content\/uploads\/2024\/10\/spc-wall-panel-wood-grain-1.jpg","datePublished":"2024-10-08T03:42:48+00:00","dateModified":"2024-11-29T06:42:41+00:00","description":"Our company offers top-quality SPC wall panels with wood grain. Rely on our export services for premium products and smooth business transactions.","breadcrumb":{"@id":"https:\/\/aesthedgewallpanel.com\/product\/spc-wall-panel-wood-grain\/#breadcrumb"},"inLanguage":"pt-PT","potentialAction":[{"@type":"ReadAction","target":["https:\/\/aesthedgewallpanel.com\/product\/spc-wall-panel-wood-grain\/"]}]},{"@type":"ImageObject","inLanguage":"pt-PT","@id":"https:\/\/aesthedgewallpanel.com\/product\/spc-wall-panel-wood-grain\/#primaryimage","url":"https:\/\/aesthedgewallpanel.com\/wp-content\/uploads\/2024\/10\/spc-wall-panel-wood-grain-1.jpg","contentUrl":"https:\/\/aesthedgewallpanel.com\/wp-content\/uploads\/2024\/10\/spc-wall-panel-wood-grain-1.jpg","width":800,"height":800,"caption":"spc wall panel wood grain 1"},{"@type":"BreadcrumbList","@id":"https:\/\/aesthedgewallpanel.com\/product\/spc-wall-panel-wood-grain\/#breadcrumb","itemListElement":[{"@type":"ListItem","position":1,"name":"Home","item":"https:\/\/aesthedgewallpanel.com\/"},{"@type":"ListItem","position":2,"name":"SPC WALL PANEL","item":"https:\/\/aesthedgewallpanel.com\/product-category\/spc-wall-panel\/"},{"@type":"ListItem","position":3,"name":"SPC Wall Panel-Wood Grain"}]},{"@type":"WebSite","@id":"https:\/\/aesthedgewallpanel.com\/#website","url":"https:\/\/aesthedgewallpanel.com\/","name":"AesthedgeWallPanel","description":"Aesthedge Solutions for Modern Spaces","potentialAction":[{"@type":"SearchAction","target":{"@type":"EntryPoint","urlTemplate":"https:\/\/aesthedgewallpanel.com\/?s={search_term_string}"},"query-input":{"@type":"PropertyValueSpecification","valueRequired":true,"valueName":"search_term_string"}}],"inLanguage":"pt-PT"}]}},"_links":{"self":[{"href":"https:\/\/aesthedgewallpanel.com\/pt\/wp-json\/wp\/v2\/product\/1038","targetHints":{"allow":["GET"]}}],"collection":[{"href":"https:\/\/aesthedgewallpanel.com\/pt\/wp-json\/wp\/v2\/product"}],"about":[{"href":"https:\/\/aesthedgewallpanel.com\/pt\/wp-json\/wp\/v2\/types\/product"}],"wp:featuredmedia":[{"embeddable":true,"href":"https:\/\/aesthedgewallpanel.com\/pt\/wp-json\/wp\/v2\/media\/1056"}],"wp:attachment":[{"href":"https:\/\/aesthedgewallpanel.com\/pt\/wp-json\/wp\/v2\/media?parent=1038"}],"wp:term":[{"taxonomy":"products_category","embeddable":true,"href":"https:\/\/aesthedgewallpanel.com\/pt\/wp-json\/wp\/v2\/products_category?post=1038"},{"taxonomy":"surface_pvc_marble_sheet_","embeddable":true,"href":"https:\/\/aesthedgewallpanel.com\/pt\/wp-json\/wp\/v2\/surface_pvc_marble_sheet_?post=1038"},{"taxonomy":"style__acoustic_panel_","embeddable":true,"href":"https:\/\/aesthedgewallpanel.com\/pt\/wp-json\/wp\/v2\/style__acoustic_panel_?post=1038"},{"taxonomy":"film__bamboo_charcoal_wood_venee","embeddable":true,"href":"https:\/\/aesthedgewallpanel.com\/pt\/wp-json\/wp\/v2\/film__bamboo_charcoal_wood_venee?post=1038"},{"taxonomy":"color_wpc_wall_panel","embeddable":true,"href":"https:\/\/aesthedgewallpanel.com\/pt\/wp-json\/wp\/v2\/color_wpc_wall_panel?post=1038"},{"taxonomy":"color_spc_wall_panel_","embeddable":true,"href":"https:\/\/aesthedgewallpanel.com\/pt\/wp-json\/wp\/v2\/color_spc_wall_panel_?post=1038"},{"taxonomy":"shape","embeddable":true,"href":"https:\/\/aesthedgewallpanel.com\/pt\/wp-json\/wp\/v2\/shape?post=1038"}],"curies":[{"name":"wp","href":"https:\/\/api.w.org\/{rel}","templated":true}]}}