{"id":132,"date":"2026-02-07T10:07:00","date_gmt":"2026-02-07T10:07:00","guid":{"rendered":"https:\/\/aesthedgewallpanel.com\/?post_type=product&#038;p=132"},"modified":"2026-02-09T08:22:33","modified_gmt":"2026-02-09T08:22:33","slug":"acoustic-panel-1","status":"publish","type":"product","link":"https:\/\/aesthedgewallpanel.com\/pt\/product\/acoustic-panel-1\/","title":{"rendered":"Painel de parede de madeira de ripas ac\u00fasticas de 78 pol."},"content":{"rendered":"<h2 class=\"wp-block-heading\">Painel de Parede de Madeira com L\u00e2minas Ac\u00fasticas<\/h2>\n\n\n\n<p>Crie um visual bonito em qualquer espa\u00e7o com os nossos pain\u00e9is de parede de madeira de ripas ac\u00fasticas de 78 polegadas. Estes pain\u00e9is de parede de ripas de madeira combinam um design moderno atrativo e \u00fanico com um desempenho ideal de absor\u00e7\u00e3o sonora.<\/p>\n\n\n\n<figure class=\"wp-block-image size-large\"><img decoding=\"async\" width=\"1024\" height=\"324\" src=\"https:\/\/aesthedgewallpanel.com\/wp-content\/uploads\/2024\/06\/\u5fae\u4fe1\u622a\u56fe_20241127130631-1024x324.jpg\" alt=\"\" class=\"wp-image-1802\" srcset=\"https:\/\/aesthedgewallpanel.com\/wp-content\/uploads\/2024\/06\/\u5fae\u4fe1\u622a\u56fe_20241127130631-1024x324.jpg 1024w, https:\/\/aesthedgewallpanel.com\/wp-content\/uploads\/2024\/06\/\u5fae\u4fe1\u622a\u56fe_20241127130631-300x95.jpg 300w, https:\/\/aesthedgewallpanel.com\/wp-content\/uploads\/2024\/06\/\u5fae\u4fe1\u622a\u56fe_20241127130631-768x243.jpg 768w, https:\/\/aesthedgewallpanel.com\/wp-content\/uploads\/2024\/06\/\u5fae\u4fe1\u622a\u56fe_20241127130631.jpg 1234w\" sizes=\"(max-width: 1024px) 100vw, 1024px\" \/><\/figure>\n\n\n\n<p> AesthEdge&#8217;s wall panels make spaces look and sound better! The 78-inch acoustic slat wood wall panels offer valuable opportunities for B2B clients across industries. Their aesthetic appeal and sound absorption capabilities make them ideal for enhancing environments.<\/p>\n\n\n\n<div class=\"wp-block-columns alignwide are-vertically-aligned-center is-layout-flex wp-container-core-columns-is-layout-9d6595d7 wp-block-columns-is-layout-flex\">\n<div class=\"wp-block-column is-vertically-aligned-center is-layout-flow wp-block-column-is-layout-flow\">\n<div class=\"wp-block-buttons is-layout-flex wp-block-buttons-is-layout-flex\">\n<div class=\"wp-block-button has-custom-width wp-block-button__width-100 is-style-fill\"><a class=\"wp-block-button__link has-text-color has-background wp-element-button\" href=\"https:\/\/aesthedgewallpanel.com\/pt\/contact\/\" style=\"color:#efefef;background-color:#262626\" target=\"_blank\" rel=\"noreferrer noopener\">Contactar-nos <\/a><\/div>\n<\/div>\n<\/div>\n<\/div>\n\n\n\n<h2 class=\"wp-block-heading\">Elevar o espa\u00e7o com excel\u00eancia ac\u00fastica<\/h2>\n\n\n\n<div class=\"wp-block-columns is-layout-flex wp-container-core-columns-is-layout-9d6595d7 wp-block-columns-is-layout-flex\">\n<div class=\"wp-block-column is-layout-flow wp-block-column-is-layout-flow\">\n<figure class=\"wp-block-image size-full\"><img decoding=\"async\" width=\"800\" height=\"800\" src=\"https:\/\/aesthedgewallpanel.com\/wp-content\/uploads\/2024\/06\/New-Project-11.webp\" alt=\"\" class=\"wp-image-1916\" srcset=\"https:\/\/aesthedgewallpanel.com\/wp-content\/uploads\/2024\/06\/New-Project-11.webp 800w, https:\/\/aesthedgewallpanel.com\/wp-content\/uploads\/2024\/06\/New-Project-11-300x300.webp 300w, https:\/\/aesthedgewallpanel.com\/wp-content\/uploads\/2024\/06\/New-Project-11-150x150.webp 150w, https:\/\/aesthedgewallpanel.com\/wp-content\/uploads\/2024\/06\/New-Project-11-768x768.webp 768w\" sizes=\"(max-width: 800px) 100vw, 800px\" \/><\/figure>\n<\/div>\n\n\n\n<div class=\"wp-block-column is-layout-flow wp-block-column-is-layout-flow\">\n<p>\u00c0 medida que os designs de conceito aberto dominam os espa\u00e7os de trabalho modernos e os locais p\u00fablicos, a procura de uma gest\u00e3o eficaz do som nunca foi t\u00e3o elevada. Os nossos pain\u00e9is de madeira com l\u00e2minas ac\u00fasticas de 78 polegadas oferecem uma solu\u00e7\u00e3o sofisticada para combater a polui\u00e7\u00e3o sonora e aumentar o conforto auditivo.<\/p>\n\n\n\n<p>N\u00f3s somos uma f\u00e1brica de produ\u00e7\u00e3o profissional de pain\u00e9is ac\u00fasticos de parede de madeira de ripas. Contacte-nos para obter informa\u00e7\u00f5es actualizadas sobre pre\u00e7os!<\/p>\n\n\n\n<div style=\"text-align: center;\">\n    <button style=\"background-color: #FF770F; color: white; padding: 15px 32px; text-align: center; text-decoration: none; display: inline-block; font-size: 16px; margin: 4px 2px; cursor: pointer;\" \n            onclick=\"window.open('https:\/\/aesthedgewallpanel.com\/contact', '_blank')\">\n        OBTER AMOSTRAS GR\u00c1TIS\n    <\/button>\n<\/div>\n<\/div>\n<\/div>\n\n\n\n<h2 class=\"wp-block-heading\">Material e decora\u00e7\u00e3o de pain\u00e9is ac\u00fasticos<\/h2>\n\n\n\n<figure class=\"wp-block-image alignwide size-full\"><a href=\"https:\/\/aesthedgewallpanel.com\/pt\/contact\/\"><img decoding=\"async\" width=\"2560\" height=\"1440\" src=\"https:\/\/aesthedgewallpanel.com\/wp-content\/uploads\/2024\/06\/Thank-You_00-scaled.jpg\" alt=\"78 inch Acoustic Slat Wood Wall Panels\" class=\"wp-image-1803\" srcset=\"https:\/\/aesthedgewallpanel.com\/wp-content\/uploads\/2024\/06\/Thank-You_00-scaled.jpg 2560w, https:\/\/aesthedgewallpanel.com\/wp-content\/uploads\/2024\/06\/Thank-You_00-300x169.jpg 300w, https:\/\/aesthedgewallpanel.com\/wp-content\/uploads\/2024\/06\/Thank-You_00-1024x576.jpg 1024w, https:\/\/aesthedgewallpanel.com\/wp-content\/uploads\/2024\/06\/Thank-You_00-768x432.jpg 768w, https:\/\/aesthedgewallpanel.com\/wp-content\/uploads\/2024\/06\/Thank-You_00-1536x864.jpg 1536w, https:\/\/aesthedgewallpanel.com\/wp-content\/uploads\/2024\/06\/Thank-You_00-2048x1152.jpg 2048w, https:\/\/aesthedgewallpanel.com\/wp-content\/uploads\/2024\/06\/Thank-You_00-1920x1080.jpg 1920w\" sizes=\"(max-width: 2560px) 100vw, 2560px\" \/><\/a><\/figure>\n\n\n\n<p><a href=\"https:\/\/aesthedgewallpanel.com\/pt\/product-category\/acoustic-panel\/\" target=\"_blank\" rel=\"noreferrer noopener\">Pain\u00e9is ac\u00fasticos<\/a> s\u00e3o fabricadas a partir de in\u00fameras fibras de poli\u00e9ster que se entrela\u00e7am para criar numerosos pequenos espa\u00e7os, absorvendo eficazmente a energia sonora e reduzindo as ondas sonoras reflectidas e transmitidas. Para melhorar o seu aspeto tridimensional e o seu atrativo decorativo, s\u00e3o fixadas tiras de madeira ao painel de fibras. <\/p>\n\n\n\n<div class=\"wp-block-columns is-layout-flex wp-container-core-columns-is-layout-9d6595d7 wp-block-columns-is-layout-flex\">\n<div class=\"wp-block-column is-layout-flow wp-block-column-is-layout-flow\">\n<figure class=\"wp-block-image size-full\"><img decoding=\"async\" width=\"1024\" height=\"1024\" src=\"https:\/\/aesthedgewallpanel.com\/wp-content\/uploads\/2024\/06\/38-4.webp\" alt=\"Acoustic Panels\" class=\"wp-image-1973\" srcset=\"https:\/\/aesthedgewallpanel.com\/wp-content\/uploads\/2024\/06\/38-4.webp 1024w, https:\/\/aesthedgewallpanel.com\/wp-content\/uploads\/2024\/06\/38-4-300x300.webp 300w, https:\/\/aesthedgewallpanel.com\/wp-content\/uploads\/2024\/06\/38-4-150x150.webp 150w, https:\/\/aesthedgewallpanel.com\/wp-content\/uploads\/2024\/06\/38-4-768x768.webp 768w\" sizes=\"(max-width: 1024px) 100vw, 1024px\" \/><\/figure>\n<\/div>\n\n\n\n<div class=\"wp-block-column is-layout-flow wp-block-column-is-layout-flow\">\n<figure class=\"wp-block-image size-full\"><img decoding=\"async\" width=\"1024\" height=\"1024\" src=\"https:\/\/aesthedgewallpanel.com\/wp-content\/uploads\/2024\/06\/38-1.webp\" alt=\"\" class=\"wp-image-1969\" srcset=\"https:\/\/aesthedgewallpanel.com\/wp-content\/uploads\/2024\/06\/38-1.webp 1024w, https:\/\/aesthedgewallpanel.com\/wp-content\/uploads\/2024\/06\/38-1-300x300.webp 300w, https:\/\/aesthedgewallpanel.com\/wp-content\/uploads\/2024\/06\/38-1-150x150.webp 150w, https:\/\/aesthedgewallpanel.com\/wp-content\/uploads\/2024\/06\/38-1-768x768.webp 768w\" sizes=\"(max-width: 1024px) 100vw, 1024px\" \/><\/figure>\n<\/div>\n\n\n\n<div class=\"wp-block-column is-layout-flow wp-block-column-is-layout-flow\">\n<figure class=\"wp-block-image size-full\"><img decoding=\"async\" width=\"1024\" height=\"1024\" src=\"https:\/\/aesthedgewallpanel.com\/wp-content\/uploads\/2024\/06\/38-3.webp\" alt=\"Acoustic Panels\" class=\"wp-image-1971\" srcset=\"https:\/\/aesthedgewallpanel.com\/wp-content\/uploads\/2024\/06\/38-3.webp 1024w, https:\/\/aesthedgewallpanel.com\/wp-content\/uploads\/2024\/06\/38-3-300x300.webp 300w, https:\/\/aesthedgewallpanel.com\/wp-content\/uploads\/2024\/06\/38-3-150x150.webp 150w, https:\/\/aesthedgewallpanel.com\/wp-content\/uploads\/2024\/06\/38-3-768x768.webp 768w\" sizes=\"(max-width: 1024px) 100vw, 1024px\" \/><\/figure>\n<\/div>\n<\/div>\n\n\n\n<p>Estas tiras, que podem ser rectas ou curvas, s\u00e3o fabricadas em MDF (painel de fibras de m\u00e9dia densidade) ou WPC (comp\u00f3sito madeira-pl\u00e1stico). A superf\u00edcie pode ser acabada com folha de madeira tecnol\u00f3gica, folha de madeira natural ou pel\u00edcula de PVC, oferecendo uma vasta gama de op\u00e7\u00f5es de design e texturas para corresponder a v\u00e1rias prefer\u00eancias est\u00e9ticas.<\/p>\n\n\n\n<figure class=\"wp-block-image size-full\"><img decoding=\"async\" width=\"800\" height=\"800\" src=\"https:\/\/aesthedgewallpanel.com\/wp-content\/uploads\/2024\/06\/New-Project-6-1.webp\" alt=\"\" class=\"wp-image-1810\" srcset=\"https:\/\/aesthedgewallpanel.com\/wp-content\/uploads\/2024\/06\/New-Project-6-1.webp 800w, https:\/\/aesthedgewallpanel.com\/wp-content\/uploads\/2024\/06\/New-Project-6-1-300x300.webp 300w, https:\/\/aesthedgewallpanel.com\/wp-content\/uploads\/2024\/06\/New-Project-6-1-150x150.webp 150w, https:\/\/aesthedgewallpanel.com\/wp-content\/uploads\/2024\/06\/New-Project-6-1-768x768.webp 768w\" sizes=\"(max-width: 800px) 100vw, 800px\" \/><\/figure>\n\n\n\n<div style=\"text-align: center;\">\n    <button style=\"background-color: #FF770F; color: white; padding: 15px 32px; text-align: center; text-decoration: none; display: inline-block; font-size: 16px; margin: 4px 2px; cursor: pointer;\" \n            onclick=\"window.open('https:\/\/aesthedgewallpanel.com\/contact', '_blank')\">\n        OBTER UM OR\u00c7AMENTO GRATUITO\n    <\/button>\n<\/div>\n\n\n\n<h2 class=\"wp-block-heading\">Carater\u00edsticas do painel de parede de madeira com l\u00e2minas ac\u00fasticas<\/h2>\n\n\n\n<div class=\"wp-block-columns alignwide is-layout-flex wp-container-core-columns-is-layout-9d6595d7 wp-block-columns-is-layout-flex\">\n<div class=\"wp-block-column has-text-color has-background has-link-color wp-elements-f6c01d07e182349b7d688a8a3512aea0 is-layout-flow wp-block-column-is-layout-flow\" style=\"color:#000000;background-color:#ffe97d;padding-top:2em;padding-right:2em;padding-bottom:2em;padding-left:2em\">\n<p><strong><strong><strong>Custo-efic\u00e1cia<\/strong><\/strong><\/strong><\/p>\n\n\n\n<hr class=\"wp-block-separator has-text-color has-css-opacity has-background is-style-wide\" style=\"background-color:#000000;color:#000000\"\/>\n\n\n\n<p>Ao investir em pain\u00e9is de parede de madeira de l\u00e2minas ac\u00fasticas de 78 polegadas, pode desfrutar das vantagens a longo prazo de uma maior durabilidade e de custos de energia reduzidos.<\/p>\n<\/div>\n\n\n\n<div class=\"wp-block-column has-text-color has-background has-link-color wp-elements-372d65c4ef586f613e46f911495b1bd1 is-layout-flow wp-block-column-is-layout-flow\" style=\"color:#000000;background-color:#d1d1e1;padding-top:2em;padding-right:2em;padding-bottom:2em;padding-left:2em\">\n<p><strong><strong><strong><strong>F\u00e1cil instala\u00e7\u00e3o e manuten\u00e7\u00e3o<\/strong><\/strong><\/strong><\/strong><\/p>\n\n\n\n<hr class=\"wp-block-separator has-css-opacity is-style-wide\"\/>\n\n\n\n<p>Os fabricantes de pain\u00e9is ac\u00fasticos de parede de ripas de madeira confiam na tecnologia de ponta, na habilidade artesanal e na inova\u00e7\u00e3o cont\u00ednua para garantir uma qualidade consistente, um melhor desempenho ac\u00fastico e uma maior durabilidade.<\/p>\n<\/div>\n\n\n\n<div class=\"wp-block-column has-text-color has-background has-link-color wp-elements-cc4238b35ad3ff6522b8f6d440abd173 is-layout-flow wp-block-column-is-layout-flow\" style=\"color:#000000;background-color:#c0ebf1;padding-top:2em;padding-right:2em;padding-bottom:2em;padding-left:2em\">\n<p><strong><strong><strong><strong>For\u00e7a e experi\u00eancia da f\u00e1brica<\/strong><\/strong><\/strong><\/strong><\/p>\n\n\n\n<hr class=\"wp-block-separator has-css-opacity is-style-wide\"\/>\n\n\n\n<p>Os fabricantes de pain\u00e9is ac\u00fasticos de parede de ripas de madeira confiam na tecnologia de ponta, na habilidade artesanal e na inova\u00e7\u00e3o cont\u00ednua para garantir uma qualidade consistente, um melhor desempenho ac\u00fastico e uma maior durabilidade.<\/p>\n<\/div>\n<\/div>\n\n\n\n<h2 class=\"wp-block-heading\"><strong>Aplica\u00e7\u00f5es vers\u00e1teis<\/strong><\/h2>\n\n\n\n<p>A s\u00e9rie de placas de absor\u00e7\u00e3o de som integra fun\u00e7\u00f5es de decora\u00e7\u00e3o e de absor\u00e7\u00e3o de som, incorporando muitos elementos culturais e art\u00edsticos personalizados. Cada estilo de produto \u00e9 rico e colorido, permitindo aos designers alargarem as suas mentes e criarem livremente uma bela imagem de decora\u00e7\u00e3o de interiores! As suas propriedades de amortecimento de som e o seu design elegante tornam-nos ideais para escrit\u00f3rios de empresas, ambientes comerciais, casas e \u00e1reas p\u00fablicas.<\/p>\n\n\n\n<div class=\"wp-block-columns is-layout-flex wp-container-core-columns-is-layout-9d6595d7 wp-block-columns-is-layout-flex\">\n<div class=\"wp-block-column is-layout-flow wp-block-column-is-layout-flow\">\n<figure class=\"wp-block-image size-full\"><img decoding=\"async\" width=\"800\" height=\"800\" src=\"https:\/\/aesthedgewallpanel.com\/wp-content\/uploads\/2024\/06\/New-Project-3-2.webp\" alt=\"\" class=\"wp-image-1804\" srcset=\"https:\/\/aesthedgewallpanel.com\/wp-content\/uploads\/2024\/06\/New-Project-3-2.webp 800w, https:\/\/aesthedgewallpanel.com\/wp-content\/uploads\/2024\/06\/New-Project-3-2-300x300.webp 300w, https:\/\/aesthedgewallpanel.com\/wp-content\/uploads\/2024\/06\/New-Project-3-2-150x150.webp 150w, https:\/\/aesthedgewallpanel.com\/wp-content\/uploads\/2024\/06\/New-Project-3-2-768x768.webp 768w\" sizes=\"(max-width: 800px) 100vw, 800px\" \/><\/figure>\n<\/div>\n\n\n\n<div class=\"wp-block-column is-layout-flow wp-block-column-is-layout-flow\">\n<figure class=\"wp-block-image size-full\"><img decoding=\"async\" width=\"800\" height=\"800\" src=\"https:\/\/aesthedgewallpanel.com\/wp-content\/uploads\/2024\/06\/New-Project-4-2.webp\" alt=\"\" class=\"wp-image-1805\" srcset=\"https:\/\/aesthedgewallpanel.com\/wp-content\/uploads\/2024\/06\/New-Project-4-2.webp 800w, https:\/\/aesthedgewallpanel.com\/wp-content\/uploads\/2024\/06\/New-Project-4-2-300x300.webp 300w, https:\/\/aesthedgewallpanel.com\/wp-content\/uploads\/2024\/06\/New-Project-4-2-150x150.webp 150w, https:\/\/aesthedgewallpanel.com\/wp-content\/uploads\/2024\/06\/New-Project-4-2-768x768.webp 768w\" sizes=\"(max-width: 800px) 100vw, 800px\" \/><\/figure>\n<\/div>\n\n\n\n<div class=\"wp-block-column is-layout-flow wp-block-column-is-layout-flow\">\n<figure class=\"wp-block-image size-full\"><img decoding=\"async\" width=\"800\" height=\"800\" src=\"https:\/\/aesthedgewallpanel.com\/wp-content\/uploads\/2024\/06\/New-Project-5-1.webp\" alt=\"\" class=\"wp-image-1806\" srcset=\"https:\/\/aesthedgewallpanel.com\/wp-content\/uploads\/2024\/06\/New-Project-5-1.webp 800w, https:\/\/aesthedgewallpanel.com\/wp-content\/uploads\/2024\/06\/New-Project-5-1-300x300.webp 300w, https:\/\/aesthedgewallpanel.com\/wp-content\/uploads\/2024\/06\/New-Project-5-1-150x150.webp 150w, https:\/\/aesthedgewallpanel.com\/wp-content\/uploads\/2024\/06\/New-Project-5-1-768x768.webp 768w\" sizes=\"(max-width: 800px) 100vw, 800px\" \/><\/figure>\n<\/div>\n<\/div>\n\n\n\n<div class=\"wp-block-columns is-layout-flex wp-container-core-columns-is-layout-9d6595d7 wp-block-columns-is-layout-flex\">\n<div class=\"wp-block-column is-layout-flow wp-block-column-is-layout-flow\"><\/div>\n\n\n\n<div class=\"wp-block-column is-layout-flow wp-block-column-is-layout-flow\"><\/div>\n<\/div>\n\n\n\n<div class=\"wp-block-columns is-layout-flex wp-container-core-columns-is-layout-9d6595d7 wp-block-columns-is-layout-flex\">\n<div class=\"wp-block-column is-layout-flow wp-block-column-is-layout-flow\"><\/div>\n<\/div>\n\n\n\n<p><\/p>","protected":false},"excerpt":{"rendered":"<p>Redu\u00e7\u00e3o do ru\u00eddo, amigo do ambiente<\/p>","protected":false},"featured_media":1284,"template":"","products_category":[56],"surface_pvc_marble_sheet_":[],"style__acoustic_panel_":[138],"film__bamboo_charcoal_wood_venee":[],"color_wpc_wall_panel":[],"color_spc_wall_panel_":[],"shape":[],"class_list":["post-132","product","type-product","status-publish","has-post-thumbnail","hentry","products_category-acoustic-panel","style__acoustic_panel_-slat"],"yoast_head":"<!-- This site is optimized with the Yoast SEO plugin v25.5 - https:\/\/yoast.com\/wordpress\/plugins\/seo\/ -->\n<title>Premium 78 in Acoustic Slat Wood Wall Panel - AesthEdge Wall Panel<\/title>\n<meta name=\"description\" content=\"Our Linyi Shandong China-based company in Shandong offers premium Acoustic Slat Wood Wall Panel . Rely on our export services for premium products.\" \/>\n<meta name=\"robots\" content=\"index, follow, max-snippet:-1, max-image-preview:large, max-video-preview:-1\" \/>\n<link rel=\"canonical\" href=\"https:\/\/aesthedgewallpanel.com\/pt\/product\/acoustic-panel-1\/\" \/>\n<meta property=\"og:locale\" content=\"pt_PT\" \/>\n<meta property=\"og:type\" content=\"article\" \/>\n<meta property=\"og:title\" content=\"Premium 78 in Acoustic Slat Wood Wall Panel - AesthEdge Wall Panel\" \/>\n<meta property=\"og:description\" content=\"Our Linyi Shandong China-based company in Shandong offers premium Acoustic Slat Wood Wall Panel . Rely on our export services for premium products.\" \/>\n<meta property=\"og:url\" content=\"https:\/\/aesthedgewallpanel.com\/pt\/product\/acoustic-panel-1\/\" \/>\n<meta property=\"og:site_name\" content=\"AesthedgeWallPanel\" \/>\n<meta property=\"article:modified_time\" content=\"2026-02-09T08:22:33+00:00\" \/>\n<meta property=\"og:image\" content=\"https:\/\/aesthedgewallpanel.com\/wp-content\/uploads\/2024\/06\/white-oak-1.jpg\" \/>\n\t<meta property=\"og:image:width\" content=\"800\" \/>\n\t<meta property=\"og:image:height\" content=\"800\" \/>\n\t<meta property=\"og:image:type\" content=\"image\/jpeg\" \/>\n<meta name=\"twitter:card\" content=\"summary_large_image\" \/>\n<meta name=\"twitter:label1\" content=\"Tempo estimado de leitura\" \/>\n\t<meta name=\"twitter:data1\" content=\"4 minutos\" \/>\n<script type=\"application\/ld+json\" class=\"yoast-schema-graph\">{\"@context\":\"https:\/\/schema.org\",\"@graph\":[{\"@type\":\"WebPage\",\"@id\":\"https:\/\/aesthedgewallpanel.com\/product\/acoustic-panel-1\/\",\"url\":\"https:\/\/aesthedgewallpanel.com\/product\/acoustic-panel-1\/\",\"name\":\"Premium 78 in Acoustic Slat Wood Wall Panel - AesthEdge Wall Panel\",\"isPartOf\":{\"@id\":\"https:\/\/aesthedgewallpanel.com\/#website\"},\"primaryImageOfPage\":{\"@id\":\"https:\/\/aesthedgewallpanel.com\/product\/acoustic-panel-1\/#primaryimage\"},\"image\":{\"@id\":\"https:\/\/aesthedgewallpanel.com\/product\/acoustic-panel-1\/#primaryimage\"},\"thumbnailUrl\":\"https:\/\/aesthedgewallpanel.com\/wp-content\/uploads\/2024\/06\/white-oak-1.jpg\",\"datePublished\":\"2026-02-07T10:07:00+00:00\",\"dateModified\":\"2026-02-09T08:22:33+00:00\",\"description\":\"Our Linyi Shandong China-based company in Shandong offers premium Acoustic Slat Wood Wall Panel . Rely on our export services for premium products.\",\"breadcrumb\":{\"@id\":\"https:\/\/aesthedgewallpanel.com\/product\/acoustic-panel-1\/#breadcrumb\"},\"inLanguage\":\"pt-PT\",\"potentialAction\":[{\"@type\":\"ReadAction\",\"target\":[\"https:\/\/aesthedgewallpanel.com\/product\/acoustic-panel-1\/\"]}]},{\"@type\":\"ImageObject\",\"inLanguage\":\"pt-PT\",\"@id\":\"https:\/\/aesthedgewallpanel.com\/product\/acoustic-panel-1\/#primaryimage\",\"url\":\"https:\/\/aesthedgewallpanel.com\/wp-content\/uploads\/2024\/06\/white-oak-1.jpg\",\"contentUrl\":\"https:\/\/aesthedgewallpanel.com\/wp-content\/uploads\/2024\/06\/white-oak-1.jpg\",\"width\":800,\"height\":800},{\"@type\":\"BreadcrumbList\",\"@id\":\"https:\/\/aesthedgewallpanel.com\/product\/acoustic-panel-1\/#breadcrumb\",\"itemListElement\":[{\"@type\":\"ListItem\",\"position\":1,\"name\":\"Home\",\"item\":\"https:\/\/aesthedgewallpanel.com\/\"},{\"@type\":\"ListItem\",\"position\":2,\"name\":\"ACOUSTIC PANEL\",\"item\":\"https:\/\/aesthedgewallpanel.com\/product-category\/acoustic-panel\/\"},{\"@type\":\"ListItem\",\"position\":3,\"name\":\"78 in Acoustic Slat Wood Wall Panel\"}]},{\"@type\":\"WebSite\",\"@id\":\"https:\/\/aesthedgewallpanel.com\/#website\",\"url\":\"https:\/\/aesthedgewallpanel.com\/\",\"name\":\"AesthedgeWallPanel\",\"description\":\"Aesthedge Solutions for Modern Spaces\",\"potentialAction\":[{\"@type\":\"SearchAction\",\"target\":{\"@type\":\"EntryPoint\",\"urlTemplate\":\"https:\/\/aesthedgewallpanel.com\/?s={search_term_string}\"},\"query-input\":{\"@type\":\"PropertyValueSpecification\",\"valueRequired\":true,\"valueName\":\"search_term_string\"}}],\"inLanguage\":\"pt-PT\"}]}<\/script>\n<!-- \/ Yoast SEO plugin. -->","yoast_head_json":{"title":"Premium 78 in Acoustic Slat Wood Wall Panel - AesthEdge Wall Panel","description":"Our Linyi Shandong China-based company in Shandong offers premium Acoustic Slat Wood Wall Panel . Rely on our export services for premium products.","robots":{"index":"index","follow":"follow","max-snippet":"max-snippet:-1","max-image-preview":"max-image-preview:large","max-video-preview":"max-video-preview:-1"},"canonical":"https:\/\/aesthedgewallpanel.com\/pt\/product\/acoustic-panel-1\/","og_locale":"pt_PT","og_type":"article","og_title":"Premium 78 in Acoustic Slat Wood Wall Panel - AesthEdge Wall Panel","og_description":"Our Linyi Shandong China-based company in Shandong offers premium Acoustic Slat Wood Wall Panel . Rely on our export services for premium products.","og_url":"https:\/\/aesthedgewallpanel.com\/pt\/product\/acoustic-panel-1\/","og_site_name":"AesthedgeWallPanel","article_modified_time":"2026-02-09T08:22:33+00:00","og_image":[{"width":800,"height":800,"url":"https:\/\/aesthedgewallpanel.com\/wp-content\/uploads\/2024\/06\/white-oak-1.jpg","type":"image\/jpeg"}],"twitter_card":"summary_large_image","twitter_misc":{"Tempo estimado de leitura":"4 minutos"},"schema":{"@context":"https:\/\/schema.org","@graph":[{"@type":"WebPage","@id":"https:\/\/aesthedgewallpanel.com\/product\/acoustic-panel-1\/","url":"https:\/\/aesthedgewallpanel.com\/product\/acoustic-panel-1\/","name":"Premium 78 in Acoustic Slat Wood Wall Panel - AesthEdge Wall Panel","isPartOf":{"@id":"https:\/\/aesthedgewallpanel.com\/#website"},"primaryImageOfPage":{"@id":"https:\/\/aesthedgewallpanel.com\/product\/acoustic-panel-1\/#primaryimage"},"image":{"@id":"https:\/\/aesthedgewallpanel.com\/product\/acoustic-panel-1\/#primaryimage"},"thumbnailUrl":"https:\/\/aesthedgewallpanel.com\/wp-content\/uploads\/2024\/06\/white-oak-1.jpg","datePublished":"2026-02-07T10:07:00+00:00","dateModified":"2026-02-09T08:22:33+00:00","description":"Our Linyi Shandong China-based company in Shandong offers premium Acoustic Slat Wood Wall Panel . Rely on our export services for premium products.","breadcrumb":{"@id":"https:\/\/aesthedgewallpanel.com\/product\/acoustic-panel-1\/#breadcrumb"},"inLanguage":"pt-PT","potentialAction":[{"@type":"ReadAction","target":["https:\/\/aesthedgewallpanel.com\/product\/acoustic-panel-1\/"]}]},{"@type":"ImageObject","inLanguage":"pt-PT","@id":"https:\/\/aesthedgewallpanel.com\/product\/acoustic-panel-1\/#primaryimage","url":"https:\/\/aesthedgewallpanel.com\/wp-content\/uploads\/2024\/06\/white-oak-1.jpg","contentUrl":"https:\/\/aesthedgewallpanel.com\/wp-content\/uploads\/2024\/06\/white-oak-1.jpg","width":800,"height":800},{"@type":"BreadcrumbList","@id":"https:\/\/aesthedgewallpanel.com\/product\/acoustic-panel-1\/#breadcrumb","itemListElement":[{"@type":"ListItem","position":1,"name":"Home","item":"https:\/\/aesthedgewallpanel.com\/"},{"@type":"ListItem","position":2,"name":"ACOUSTIC PANEL","item":"https:\/\/aesthedgewallpanel.com\/product-category\/acoustic-panel\/"},{"@type":"ListItem","position":3,"name":"78 in Acoustic Slat Wood Wall Panel"}]},{"@type":"WebSite","@id":"https:\/\/aesthedgewallpanel.com\/#website","url":"https:\/\/aesthedgewallpanel.com\/","name":"AesthedgeWallPanel","description":"Aesthedge Solutions for Modern Spaces","potentialAction":[{"@type":"SearchAction","target":{"@type":"EntryPoint","urlTemplate":"https:\/\/aesthedgewallpanel.com\/?s={search_term_string}"},"query-input":{"@type":"PropertyValueSpecification","valueRequired":true,"valueName":"search_term_string"}}],"inLanguage":"pt-PT"}]}},"_links":{"self":[{"href":"https:\/\/aesthedgewallpanel.com\/pt\/wp-json\/wp\/v2\/product\/132","targetHints":{"allow":["GET"]}}],"collection":[{"href":"https:\/\/aesthedgewallpanel.com\/pt\/wp-json\/wp\/v2\/product"}],"about":[{"href":"https:\/\/aesthedgewallpanel.com\/pt\/wp-json\/wp\/v2\/types\/product"}],"wp:featuredmedia":[{"embeddable":true,"href":"https:\/\/aesthedgewallpanel.com\/pt\/wp-json\/wp\/v2\/media\/1284"}],"wp:attachment":[{"href":"https:\/\/aesthedgewallpanel.com\/pt\/wp-json\/wp\/v2\/media?parent=132"}],"wp:term":[{"taxonomy":"products_category","embeddable":true,"href":"https:\/\/aesthedgewallpanel.com\/pt\/wp-json\/wp\/v2\/products_category?post=132"},{"taxonomy":"surface_pvc_marble_sheet_","embeddable":true,"href":"https:\/\/aesthedgewallpanel.com\/pt\/wp-json\/wp\/v2\/surface_pvc_marble_sheet_?post=132"},{"taxonomy":"style__acoustic_panel_","embeddable":true,"href":"https:\/\/aesthedgewallpanel.com\/pt\/wp-json\/wp\/v2\/style__acoustic_panel_?post=132"},{"taxonomy":"film__bamboo_charcoal_wood_venee","embeddable":true,"href":"https:\/\/aesthedgewallpanel.com\/pt\/wp-json\/wp\/v2\/film__bamboo_charcoal_wood_venee?post=132"},{"taxonomy":"color_wpc_wall_panel","embeddable":true,"href":"https:\/\/aesthedgewallpanel.com\/pt\/wp-json\/wp\/v2\/color_wpc_wall_panel?post=132"},{"taxonomy":"color_spc_wall_panel_","embeddable":true,"href":"https:\/\/aesthedgewallpanel.com\/pt\/wp-json\/wp\/v2\/color_spc_wall_panel_?post=132"},{"taxonomy":"shape","embeddable":true,"href":"https:\/\/aesthedgewallpanel.com\/pt\/wp-json\/wp\/v2\/shape?post=132"}],"curies":[{"name":"wp","href":"https:\/\/api.w.org\/{rel}","templated":true}]}}