{"id":138,"date":"2024-06-15T10:07:48","date_gmt":"2024-06-15T10:07:48","guid":{"rendered":"https:\/\/aesthedgewallpanel.com\/?post_type=product&#038;p=138"},"modified":"2024-12-05T07:27:32","modified_gmt":"2024-12-05T07:27:32","slug":"bamboo-charcoal-wood-veneer-1","status":"publish","type":"product","link":"https:\/\/aesthedgewallpanel.com\/pt\/product\/bamboo-charcoal-wood-veneer-1\/","title":{"rendered":"Folheado de madeira de bambu-carv\u00e3o-Filme de pvc"},"content":{"rendered":"<h2 class=\"wp-block-heading\">Descri\u00e7\u00e3o do produto<\/h2>\n\n\n\n<p>Bamboo Charcoal Wood Veneer \u00e9 feito de clorideresina de polinil, combinado com p\u00f3 de madeira e aditivos especiais, em seguida, extrudado.lt \u00e9 uma placa de pl\u00e1stico r\u00edgido expandido \u00e0 prova d'\u00e1gua, leve, adequado para v\u00e1rias aplica\u00e7\u00f5es, incluindo arm\u00e1rios de cozinha e banheiro, decora\u00e7\u00e3o de interiores.booths, sinais de publicidade e displays, prot\u00f3tipos e muito mais.Devido \u00e0 sua alta trabalhabilidade. O folheado de madeira de bambu pode ser facilmente processado por serragem, impress\u00e3o de corte CNC, lixamento, roteamento, pintura, lamina\u00e7\u00e3o e outros m\u00e9todos.<\/p>\n\n\n\n<p>Para tamanhos, cores, relevo de superf\u00edcie e acabamentos personalizados, por favor&nbsp;<a href=\"\/pt\/contact\/\">contacte-nos aqui<\/a>.<\/p>\n\n\n\n<figure class=\"wp-block-table\"><table><tbody><tr><td class=\"has-text-align-center\" data-align=\"center\"><strong>Material<\/strong><\/td><td>Comp\u00f3sito de madeira e pl\u00e1stico<\/td><\/tr><tr><td class=\"has-text-align-center\" data-align=\"center\"><strong>Espessura<\/strong><\/td><td>5\/8 mm<\/td><\/tr><tr><td class=\"has-text-align-center\" data-align=\"center\"><strong>Tamanho<\/strong><\/td><td>1220*<em>2440mm(4<\/em>*8 p\u00e9s), personalizado<\/td><\/tr><tr><td class=\"has-text-align-center\" data-align=\"center\"><strong>Servi\u00e7o de processamento<\/strong><\/td><td>Corte, curvatura, embalagem, etc.<\/td><\/tr><tr><td class=\"has-text-align-center\" data-align=\"center\"><strong>Densidade<\/strong><\/td><td>0,6-1,0tons\/m3<\/td><\/tr><tr><td class=\"has-text-align-center\" data-align=\"center\"><strong>Cor<\/strong><\/td><td>Cor de madeira, cor de m\u00e1rmore e assim por diante<\/td><\/tr><tr><td class=\"has-text-align-center\" data-align=\"center\"><strong>Aplica\u00e7\u00f5es<\/strong><\/td><td>ClSala de estar, quarto, restaurante, hotel, local de entretenimento, resort, etc. Parede interior, teto<\/td><\/tr><\/tbody><\/table><\/figure>\n\n\n\n<figure class=\"wp-block-image size-full\"><img decoding=\"async\" width=\"800\" height=\"800\" src=\"https:\/\/aesthedgewallpanel.com\/wp-content\/uploads\/2024\/06\/wpcfoamboardpvcfilm.jpg\" alt=\"\" class=\"wp-image-215\" srcset=\"https:\/\/aesthedgewallpanel.com\/wp-content\/uploads\/2024\/06\/wpcfoamboardpvcfilm.jpg 800w, https:\/\/aesthedgewallpanel.com\/wp-content\/uploads\/2024\/06\/wpcfoamboardpvcfilm-300x300.jpg 300w, https:\/\/aesthedgewallpanel.com\/wp-content\/uploads\/2024\/06\/wpcfoamboardpvcfilm-150x150.jpg 150w, https:\/\/aesthedgewallpanel.com\/wp-content\/uploads\/2024\/06\/wpcfoamboardpvcfilm-768x768.jpg 768w\" sizes=\"(max-width: 800px) 100vw, 800px\" \/><\/figure>","protected":false},"excerpt":{"rendered":"<p>Leve\uff0cResist\u00eancia \u00e0 humidade\uff0cDurabilidade<\/p>","protected":false},"featured_media":215,"template":"","products_category":[55],"surface_pvc_marble_sheet_":[],"style__acoustic_panel_":[],"film__bamboo_charcoal_wood_venee":[159],"color_wpc_wall_panel":[],"color_spc_wall_panel_":[],"shape":[],"class_list":["post-138","product","type-product","status-publish","has-post-thumbnail","hentry","products_category-bamboo-charcoal-wood-veneer","film__bamboo_charcoal_wood_venee-pvc-film"],"yoast_head":"<!-- This site is optimized with the Yoast SEO plugin v25.5 - https:\/\/yoast.com\/wordpress\/plugins\/seo\/ -->\n<title>Bamboo Charcoal Wood Veneer-Pvc Film - AesthedgeWallPanel<\/title>\n<meta name=\"robots\" content=\"index, follow, max-snippet:-1, max-image-preview:large, max-video-preview:-1\" \/>\n<link rel=\"canonical\" href=\"https:\/\/aesthedgewallpanel.com\/pt\/product\/bamboo-charcoal-wood-veneer-1\/\" \/>\n<meta property=\"og:locale\" content=\"pt_PT\" \/>\n<meta property=\"og:type\" content=\"article\" \/>\n<meta property=\"og:title\" content=\"Bamboo Charcoal Wood Veneer-Pvc Film - AesthedgeWallPanel\" \/>\n<meta property=\"og:description\" content=\"Lightweight\uff0cMoisture Resistance\uff0cDurability\" \/>\n<meta property=\"og:url\" content=\"https:\/\/aesthedgewallpanel.com\/pt\/product\/bamboo-charcoal-wood-veneer-1\/\" \/>\n<meta property=\"og:site_name\" content=\"AesthedgeWallPanel\" \/>\n<meta property=\"article:modified_time\" content=\"2024-12-05T07:27:32+00:00\" \/>\n<meta property=\"og:image\" content=\"https:\/\/aesthedgewallpanel.com\/wp-content\/uploads\/2024\/06\/wpcfoamboardpvcfilm.jpg\" \/>\n\t<meta property=\"og:image:width\" content=\"800\" \/>\n\t<meta property=\"og:image:height\" content=\"800\" \/>\n\t<meta property=\"og:image:type\" content=\"image\/jpeg\" \/>\n<meta name=\"twitter:card\" content=\"summary_large_image\" \/>\n<meta name=\"twitter:label1\" content=\"Tempo estimado de leitura\" \/>\n\t<meta name=\"twitter:data1\" content=\"1 minuto\" \/>\n<script type=\"application\/ld+json\" class=\"yoast-schema-graph\">{\"@context\":\"https:\/\/schema.org\",\"@graph\":[{\"@type\":\"WebPage\",\"@id\":\"https:\/\/aesthedgewallpanel.com\/product\/bamboo-charcoal-wood-veneer-1\/\",\"url\":\"https:\/\/aesthedgewallpanel.com\/product\/bamboo-charcoal-wood-veneer-1\/\",\"name\":\"Bamboo Charcoal Wood Veneer-Pvc Film - AesthedgeWallPanel\",\"isPartOf\":{\"@id\":\"https:\/\/aesthedgewallpanel.com\/#website\"},\"primaryImageOfPage\":{\"@id\":\"https:\/\/aesthedgewallpanel.com\/product\/bamboo-charcoal-wood-veneer-1\/#primaryimage\"},\"image\":{\"@id\":\"https:\/\/aesthedgewallpanel.com\/product\/bamboo-charcoal-wood-veneer-1\/#primaryimage\"},\"thumbnailUrl\":\"https:\/\/aesthedgewallpanel.com\/wp-content\/uploads\/2024\/06\/wpcfoamboardpvcfilm.jpg\",\"datePublished\":\"2024-06-15T10:07:48+00:00\",\"dateModified\":\"2024-12-05T07:27:32+00:00\",\"breadcrumb\":{\"@id\":\"https:\/\/aesthedgewallpanel.com\/product\/bamboo-charcoal-wood-veneer-1\/#breadcrumb\"},\"inLanguage\":\"pt-PT\",\"potentialAction\":[{\"@type\":\"ReadAction\",\"target\":[\"https:\/\/aesthedgewallpanel.com\/product\/bamboo-charcoal-wood-veneer-1\/\"]}]},{\"@type\":\"ImageObject\",\"inLanguage\":\"pt-PT\",\"@id\":\"https:\/\/aesthedgewallpanel.com\/product\/bamboo-charcoal-wood-veneer-1\/#primaryimage\",\"url\":\"https:\/\/aesthedgewallpanel.com\/wp-content\/uploads\/2024\/06\/wpcfoamboardpvcfilm.jpg\",\"contentUrl\":\"https:\/\/aesthedgewallpanel.com\/wp-content\/uploads\/2024\/06\/wpcfoamboardpvcfilm.jpg\",\"width\":800,\"height\":800},{\"@type\":\"BreadcrumbList\",\"@id\":\"https:\/\/aesthedgewallpanel.com\/product\/bamboo-charcoal-wood-veneer-1\/#breadcrumb\",\"itemListElement\":[{\"@type\":\"ListItem\",\"position\":1,\"name\":\"Home\",\"item\":\"https:\/\/aesthedgewallpanel.com\/\"},{\"@type\":\"ListItem\",\"position\":2,\"name\":\"BAMBOO CHARCOAL WOOD VENEER\",\"item\":\"https:\/\/aesthedgewallpanel.com\/product-category\/bamboo-charcoal-wood-veneer\/\"},{\"@type\":\"ListItem\",\"position\":3,\"name\":\"Bamboo Charcoal Wood Veneer-Pvc Film\"}]},{\"@type\":\"WebSite\",\"@id\":\"https:\/\/aesthedgewallpanel.com\/#website\",\"url\":\"https:\/\/aesthedgewallpanel.com\/\",\"name\":\"AesthedgeWallPanel\",\"description\":\"Aesthedge Solutions for Modern Spaces\",\"potentialAction\":[{\"@type\":\"SearchAction\",\"target\":{\"@type\":\"EntryPoint\",\"urlTemplate\":\"https:\/\/aesthedgewallpanel.com\/?s={search_term_string}\"},\"query-input\":{\"@type\":\"PropertyValueSpecification\",\"valueRequired\":true,\"valueName\":\"search_term_string\"}}],\"inLanguage\":\"pt-PT\"}]}<\/script>\n<!-- \/ Yoast SEO plugin. -->","yoast_head_json":{"title":"Bamboo Charcoal Wood Veneer-Pvc Film - AesthedgeWallPanel","robots":{"index":"index","follow":"follow","max-snippet":"max-snippet:-1","max-image-preview":"max-image-preview:large","max-video-preview":"max-video-preview:-1"},"canonical":"https:\/\/aesthedgewallpanel.com\/pt\/product\/bamboo-charcoal-wood-veneer-1\/","og_locale":"pt_PT","og_type":"article","og_title":"Bamboo Charcoal Wood Veneer-Pvc Film - AesthedgeWallPanel","og_description":"Lightweight\uff0cMoisture Resistance\uff0cDurability","og_url":"https:\/\/aesthedgewallpanel.com\/pt\/product\/bamboo-charcoal-wood-veneer-1\/","og_site_name":"AesthedgeWallPanel","article_modified_time":"2024-12-05T07:27:32+00:00","og_image":[{"width":800,"height":800,"url":"https:\/\/aesthedgewallpanel.com\/wp-content\/uploads\/2024\/06\/wpcfoamboardpvcfilm.jpg","type":"image\/jpeg"}],"twitter_card":"summary_large_image","twitter_misc":{"Tempo estimado de leitura":"1 minuto"},"schema":{"@context":"https:\/\/schema.org","@graph":[{"@type":"WebPage","@id":"https:\/\/aesthedgewallpanel.com\/product\/bamboo-charcoal-wood-veneer-1\/","url":"https:\/\/aesthedgewallpanel.com\/product\/bamboo-charcoal-wood-veneer-1\/","name":"Bamboo Charcoal Wood Veneer-Pvc Film - AesthedgeWallPanel","isPartOf":{"@id":"https:\/\/aesthedgewallpanel.com\/#website"},"primaryImageOfPage":{"@id":"https:\/\/aesthedgewallpanel.com\/product\/bamboo-charcoal-wood-veneer-1\/#primaryimage"},"image":{"@id":"https:\/\/aesthedgewallpanel.com\/product\/bamboo-charcoal-wood-veneer-1\/#primaryimage"},"thumbnailUrl":"https:\/\/aesthedgewallpanel.com\/wp-content\/uploads\/2024\/06\/wpcfoamboardpvcfilm.jpg","datePublished":"2024-06-15T10:07:48+00:00","dateModified":"2024-12-05T07:27:32+00:00","breadcrumb":{"@id":"https:\/\/aesthedgewallpanel.com\/product\/bamboo-charcoal-wood-veneer-1\/#breadcrumb"},"inLanguage":"pt-PT","potentialAction":[{"@type":"ReadAction","target":["https:\/\/aesthedgewallpanel.com\/product\/bamboo-charcoal-wood-veneer-1\/"]}]},{"@type":"ImageObject","inLanguage":"pt-PT","@id":"https:\/\/aesthedgewallpanel.com\/product\/bamboo-charcoal-wood-veneer-1\/#primaryimage","url":"https:\/\/aesthedgewallpanel.com\/wp-content\/uploads\/2024\/06\/wpcfoamboardpvcfilm.jpg","contentUrl":"https:\/\/aesthedgewallpanel.com\/wp-content\/uploads\/2024\/06\/wpcfoamboardpvcfilm.jpg","width":800,"height":800},{"@type":"BreadcrumbList","@id":"https:\/\/aesthedgewallpanel.com\/product\/bamboo-charcoal-wood-veneer-1\/#breadcrumb","itemListElement":[{"@type":"ListItem","position":1,"name":"Home","item":"https:\/\/aesthedgewallpanel.com\/"},{"@type":"ListItem","position":2,"name":"BAMBOO CHARCOAL WOOD VENEER","item":"https:\/\/aesthedgewallpanel.com\/product-category\/bamboo-charcoal-wood-veneer\/"},{"@type":"ListItem","position":3,"name":"Bamboo Charcoal Wood Veneer-Pvc Film"}]},{"@type":"WebSite","@id":"https:\/\/aesthedgewallpanel.com\/#website","url":"https:\/\/aesthedgewallpanel.com\/","name":"AesthedgeWallPanel","description":"Aesthedge Solutions for Modern Spaces","potentialAction":[{"@type":"SearchAction","target":{"@type":"EntryPoint","urlTemplate":"https:\/\/aesthedgewallpanel.com\/?s={search_term_string}"},"query-input":{"@type":"PropertyValueSpecification","valueRequired":true,"valueName":"search_term_string"}}],"inLanguage":"pt-PT"}]}},"_links":{"self":[{"href":"https:\/\/aesthedgewallpanel.com\/pt\/wp-json\/wp\/v2\/product\/138","targetHints":{"allow":["GET"]}}],"collection":[{"href":"https:\/\/aesthedgewallpanel.com\/pt\/wp-json\/wp\/v2\/product"}],"about":[{"href":"https:\/\/aesthedgewallpanel.com\/pt\/wp-json\/wp\/v2\/types\/product"}],"wp:featuredmedia":[{"embeddable":true,"href":"https:\/\/aesthedgewallpanel.com\/pt\/wp-json\/wp\/v2\/media\/215"}],"wp:attachment":[{"href":"https:\/\/aesthedgewallpanel.com\/pt\/wp-json\/wp\/v2\/media?parent=138"}],"wp:term":[{"taxonomy":"products_category","embeddable":true,"href":"https:\/\/aesthedgewallpanel.com\/pt\/wp-json\/wp\/v2\/products_category?post=138"},{"taxonomy":"surface_pvc_marble_sheet_","embeddable":true,"href":"https:\/\/aesthedgewallpanel.com\/pt\/wp-json\/wp\/v2\/surface_pvc_marble_sheet_?post=138"},{"taxonomy":"style__acoustic_panel_","embeddable":true,"href":"https:\/\/aesthedgewallpanel.com\/pt\/wp-json\/wp\/v2\/style__acoustic_panel_?post=138"},{"taxonomy":"film__bamboo_charcoal_wood_venee","embeddable":true,"href":"https:\/\/aesthedgewallpanel.com\/pt\/wp-json\/wp\/v2\/film__bamboo_charcoal_wood_venee?post=138"},{"taxonomy":"color_wpc_wall_panel","embeddable":true,"href":"https:\/\/aesthedgewallpanel.com\/pt\/wp-json\/wp\/v2\/color_wpc_wall_panel?post=138"},{"taxonomy":"color_spc_wall_panel_","embeddable":true,"href":"https:\/\/aesthedgewallpanel.com\/pt\/wp-json\/wp\/v2\/color_spc_wall_panel_?post=138"},{"taxonomy":"shape","embeddable":true,"href":"https:\/\/aesthedgewallpanel.com\/pt\/wp-json\/wp\/v2\/shape?post=138"}],"curies":[{"name":"wp","href":"https:\/\/api.w.org\/{rel}","templated":true}]}}