{"id":139,"date":"2024-10-15T10:07:00","date_gmt":"2024-10-15T10:07:00","guid":{"rendered":"https:\/\/aesthedgewallpanel.com\/?post_type=product&#038;p=139"},"modified":"2024-12-06T06:29:55","modified_gmt":"2024-12-06T06:29:55","slug":"pvc-marble-sheet-2","status":"publish","type":"product","link":"https:\/\/aesthedgewallpanel.com\/pt\/product\/pvc-marble-sheet-2\/","title":{"rendered":"Folha de m\u00e1rmore UV Premium dourada"},"content":{"rendered":"<h2 class=\"wp-block-heading\"><br><strong>O que s\u00e3o placas de m\u00e1rmore UV<\/strong><\/h2>\n\n\n\n<p>As placas de m\u00e1rmore UV s\u00e3o pain\u00e9is decorativos feitos de cloreto de polivinilo (PVC) que reproduzem a eleg\u00e2ncia do m\u00e1rmore natural. Estas folhas proporcionam o aspeto luxuoso do m\u00e1rmore a uma fra\u00e7\u00e3o do custo, s\u00e3o leves e de baixa manuten\u00e7\u00e3o, o que as torna uma alternativa pr\u00e1tica \u00e0 pedra verdadeira.<\/p>\n\n\n\n<h2 class=\"wp-block-heading\"><strong>Folhas de m\u00e1rmore UV Destaques e vantagens<\/strong><\/h2>\n\n\n\n<h3 class=\"wp-block-heading\"><strong>Apar\u00eancia<\/strong><\/h3>\n\n\n\n<p>As placas de m\u00e1rmore UV t\u00eam um aspeto de m\u00e1rmore altamente realista. A tecnologia de impress\u00e3o UV replica as texturas, cores e padr\u00f5es intrincados do m\u00e1rmore natural, dando aos espa\u00e7os um aspeto elegante e luxuoso.<\/p>\n\n\n\n<h3 class=\"wp-block-heading\"><strong>Desempenho<\/strong><\/h3>\n\n\n\n<div class=\"wp-block-columns alignwide is-layout-flex wp-container-core-columns-is-layout-9d6595d7 wp-block-columns-is-layout-flex\">\n<div class=\"wp-block-column has-text-color has-background has-link-color wp-elements-6ea3cc3b89610768962a76067fabf3aa is-layout-flow wp-block-column-is-layout-flow\" style=\"color:#000000;background-color:#ffe97d;padding-top:2em;padding-right:2em;padding-bottom:2em;padding-left:2em\">\n<p><strong>Altamente resistente ao desgaste<\/strong><\/p>\n\n\n\n<p>As folhas de m\u00e1rmore UV possuem um revestimento de superf\u00edcie protetor que protege contra riscos e abras\u00f5es, assegurando que o seu aspeto imaculado dura anos.<\/p>\n<\/div>\n\n\n\n<div class=\"wp-block-column has-text-color has-background has-link-color wp-elements-6271f3c899fc1f10b014839382213035 is-layout-flow wp-block-column-is-layout-flow\" style=\"color:#000000;background-color:#d1d1e1;padding-top:2em;padding-right:2em;padding-bottom:2em;padding-left:2em\">\n<p><strong>Resist\u00eancia ao fogo<\/strong><\/p>\n\n\n\n<p>As chapas de m\u00e1rmore UV t\u00eam normalmente um certo n\u00edvel de resist\u00eancia ao fogo, cumprindo os requisitos b\u00e1sicos de prote\u00e7\u00e3o contra o fogo para a decora\u00e7\u00e3o de interiores. As chapas de m\u00e1rmore UV AesthEdge podem atingir uma classifica\u00e7\u00e3o de fogo de n\u00edvel B1.<\/p>\n<\/div>\n\n\n\n<div class=\"wp-block-column has-text-color has-background has-link-color wp-elements-0f5b896b8914a01ecc99b1a87e84db94 is-layout-flow wp-block-column-is-layout-flow\" style=\"color:#000000;background-color:#c0ebf1;padding-top:2em;padding-right:2em;padding-bottom:2em;padding-left:2em\">\n<p><strong>Resistente \u00e0 \u00e1gua<\/strong><\/p>\n\n\n\n<p>Estas placas UV s\u00e3o a escolha perfeita para ambientes com elevada humidade, como casas de banho e cozinhas. Foram concebidas para resistir \u00e0 humidade sem se deformarem ou deteriorarem.<\/p>\n<\/div>\n<\/div>\n\n\n\n<div class=\"wp-block-group is-nowrap is-layout-flex wp-container-core-group-is-layout-ad2f72ca wp-block-group-is-layout-flex\">\n<h3 class=\"wp-block-heading\"><strong>Instala\u00e7\u00e3o e manuten\u00e7\u00e3o<\/strong><\/h3>\n\n\n\n<p><br><\/p>\n<\/div>\n\n\n\n<p><strong>F\u00e1cil de instalar e limpar<\/strong><\/p>\n\n\n\n<p>S\u00e3o relativamente leves, as placas uv para paredes s\u00e3o f\u00e1ceis de transportar e instalar. A instala\u00e7\u00e3o \u00e9 um processo simples, poupando-lhe tempo e dinheiro. Uma simples passagem de pano \u00e9 normalmente suficiente para manter as placas de prote\u00e7\u00e3o UV para paredes com um aspeto limpo, reduzindo os esfor\u00e7os de manuten\u00e7\u00e3o.<\/p>\n\n\n\n<p><strong>Custo-efic\u00e1cia<\/strong><\/p>\n\n\n\n<p>As placas de m\u00e1rmore UV oferecem uma alternativa econ\u00f3mica ao m\u00e1rmore natural sem comprometer a est\u00e9tica. O seu aspeto apelativo torna-as uma excelente escolha para projectos que d\u00e3o prioridade ao estilo e \u00e0 acessibilidade.<\/p>\n\n\n\n<h2 class=\"wp-block-heading\"><strong>Folhas de m\u00e1rmore UV Aplica\u00e7\u00f5es<\/strong><\/h2>\n\n\n\n<div class=\"wp-block-columns is-layout-flex wp-container-core-columns-is-layout-9d6595d7 wp-block-columns-is-layout-flex\">\n<div class=\"wp-block-column is-layout-flow wp-block-column-is-layout-flow\">\n<figure class=\"wp-block-gallery has-nested-images columns-default is-cropped wp-block-gallery-1 is-layout-flex wp-block-gallery-is-layout-flex\">\n<figure class=\"wp-block-image size-full\"><img decoding=\"async\" width=\"1024\" height=\"900\" data-id=\"1421\" src=\"https:\/\/aesthedgewallpanel.com\/wp-content\/uploads\/2024\/06\/New-Project.webp\" alt=\"uv marble sheet\" class=\"wp-image-1421\" srcset=\"https:\/\/aesthedgewallpanel.com\/wp-content\/uploads\/2024\/06\/New-Project.webp 1024w, https:\/\/aesthedgewallpanel.com\/wp-content\/uploads\/2024\/06\/New-Project-300x264.webp 300w, https:\/\/aesthedgewallpanel.com\/wp-content\/uploads\/2024\/06\/New-Project-768x675.webp 768w\" sizes=\"(max-width: 1024px) 100vw, 1024px\" \/><\/figure>\n<\/figure>\n\n\n\n<figure class=\"wp-block-image size-full\"><img decoding=\"async\" width=\"1024\" height=\"900\" src=\"https:\/\/aesthedgewallpanel.com\/wp-content\/uploads\/2024\/06\/New-Project-2.webp\" alt=\"\" class=\"wp-image-1422\" srcset=\"https:\/\/aesthedgewallpanel.com\/wp-content\/uploads\/2024\/06\/New-Project-2.webp 1024w, https:\/\/aesthedgewallpanel.com\/wp-content\/uploads\/2024\/06\/New-Project-2-300x264.webp 300w, https:\/\/aesthedgewallpanel.com\/wp-content\/uploads\/2024\/06\/New-Project-2-768x675.webp 768w\" sizes=\"(max-width: 1024px) 100vw, 1024px\" \/><\/figure>\n<\/div>\n\n\n\n<div class=\"wp-block-column is-layout-flow wp-block-column-is-layout-flow\">\n<figure class=\"wp-block-image size-full\"><img decoding=\"async\" width=\"1024\" height=\"900\" src=\"https:\/\/aesthedgewallpanel.com\/wp-content\/uploads\/2024\/06\/New-Project-1.webp\" alt=\"\" class=\"wp-image-1423\" srcset=\"https:\/\/aesthedgewallpanel.com\/wp-content\/uploads\/2024\/06\/New-Project-1.webp 1024w, https:\/\/aesthedgewallpanel.com\/wp-content\/uploads\/2024\/06\/New-Project-1-300x264.webp 300w, https:\/\/aesthedgewallpanel.com\/wp-content\/uploads\/2024\/06\/New-Project-1-768x675.webp 768w\" sizes=\"(max-width: 1024px) 100vw, 1024px\" \/><\/figure>\n\n\n\n<figure class=\"wp-block-image size-full\"><img decoding=\"async\" width=\"1024\" height=\"900\" src=\"https:\/\/aesthedgewallpanel.com\/wp-content\/uploads\/2024\/06\/New-Project-3.webp\" alt=\"uv sheet\" class=\"wp-image-1424\" srcset=\"https:\/\/aesthedgewallpanel.com\/wp-content\/uploads\/2024\/06\/New-Project-3.webp 1024w, https:\/\/aesthedgewallpanel.com\/wp-content\/uploads\/2024\/06\/New-Project-3-300x264.webp 300w, https:\/\/aesthedgewallpanel.com\/wp-content\/uploads\/2024\/06\/New-Project-3-768x675.webp 768w\" sizes=\"(max-width: 1024px) 100vw, 1024px\" \/><\/figure>\n<\/div>\n<\/div>\n\n\n\n<p>As placas de m\u00e1rmore UV oferecem uma solu\u00e7\u00e3o vers\u00e1til para uma vasta gama de aplica\u00e7\u00f5es, tornando-as uma escolha popular para espa\u00e7os residenciais e comerciais.<\/p>\n\n\n\n<p><strong>Instala\u00e7\u00f5es comerciais<\/strong><\/p>\n\n\n\n<p>Causar uma impress\u00e3o duradoura nos h\u00f3spedes com as placas de m\u00e1rmore UV em hot\u00e9is, centros comerciais e restaurantes. Melhore a imagem da marca e atraia mais clientes com as nossas elegantes e duradouras placas de m\u00e1rmore UV.<\/p>\n\n\n\n<p><strong>Decora\u00e7\u00e3o de interiores<\/strong><\/p>\n\n\n\n<p>Eleve os espa\u00e7os habitacionais com placas de m\u00e1rmore UV, acrescentando um toque de sofistica\u00e7\u00e3o \u00e0s paredes, tectos e backsplashes.<\/p>\n\n\n\n<p>Crie uma cozinha e uma casa de banho luxuosas e higi\u00e9nicas com as nossas placas de m\u00e1rmore UV \u00e0 prova de \u00e1gua e f\u00e1ceis de limpar.<\/p>\n\n\n\n<p><strong>Instala\u00e7\u00f5es de escrit\u00f3rios<\/strong><\/p>\n\n\n\n<p>Promova um ambiente profissional e convidativo nos edif\u00edcios de escrit\u00f3rios com as nossas elegantes placas de m\u00e1rmore UV.<\/p>\n\n\n\n<p>Crie uma sala de reuni\u00f5es moderna e funcional que deixe uma impress\u00e3o duradoura.<\/p>\n\n\n\n<p>Para tamanhos, cores, relevo de superf\u00edcie e acabamentos personalizados, por favor&nbsp;<a href=\"\/pt\/contact\/\">contacte-nos aqui<\/a>.<\/p>\n\n\n\n<p><strong>Quer saber mais sobre a nossa Chapa de m\u00e1rmore de PVC, pls&nbsp;<a href=\"https:\/\/aesthedgewallpanel.com\/wp-content\/uploads\/2024\/07\/Aesthedge-Catalog.pdf\">Descarregar o cat\u00e1logo Aesthedge<\/a><\/strong><\/p>\n\n\n\n<p><\/p>","protected":false},"excerpt":{"rendered":"<p>6 pol. Wide x 36 in. Long Low Gloss<\/p>","protected":false},"featured_media":1321,"template":"","products_category":[4],"surface_pvc_marble_sheet_":[126],"style__acoustic_panel_":[],"film__bamboo_charcoal_wood_venee":[],"color_wpc_wall_panel":[],"color_spc_wall_panel_":[],"shape":[],"class_list":["post-139","product","type-product","status-publish","has-post-thumbnail","hentry","products_category-pvc-marble-sheet","surface_pvc_marble_sheet_-gilded-marble-sheet"],"yoast_head":"<!-- This site is optimized with the Yoast SEO plugin v25.5 - https:\/\/yoast.com\/wordpress\/plugins\/seo\/ -->\n<title>Premium UV Marble Sheets: Realistic Marble, Easy Installation<\/title>\n<meta name=\"description\" content=\"Our UV marble sheets offer a high-quality, cost-effective alternative to natural marble. Perfect for interior design projects. Contact us for a quote today.\" \/>\n<meta name=\"robots\" content=\"index, follow, max-snippet:-1, max-image-preview:large, max-video-preview:-1\" \/>\n<link rel=\"canonical\" href=\"https:\/\/aesthedgewallpanel.com\/pt\/product\/pvc-marble-sheet-2\/\" \/>\n<meta property=\"og:locale\" content=\"pt_PT\" \/>\n<meta property=\"og:type\" content=\"article\" \/>\n<meta property=\"og:title\" content=\"Premium UV Marble Sheets: Realistic Marble, Easy Installation\" \/>\n<meta property=\"og:description\" content=\"Our UV marble sheets offer a high-quality, cost-effective alternative to natural marble. Perfect for interior design projects. Contact us for a quote today.\" \/>\n<meta property=\"og:url\" content=\"https:\/\/aesthedgewallpanel.com\/pt\/product\/pvc-marble-sheet-2\/\" \/>\n<meta property=\"og:site_name\" content=\"AesthedgeWallPanel\" \/>\n<meta property=\"article:modified_time\" content=\"2024-12-06T06:29:55+00:00\" \/>\n<meta property=\"og:image\" content=\"https:\/\/aesthedgewallpanel.com\/wp-content\/uploads\/2024\/06\/pvc-marble-sheet-black.jpg\" \/>\n\t<meta property=\"og:image:width\" content=\"710\" \/>\n\t<meta property=\"og:image:height\" content=\"500\" \/>\n\t<meta property=\"og:image:type\" content=\"image\/jpeg\" \/>\n<meta name=\"twitter:card\" content=\"summary_large_image\" \/>\n<meta name=\"twitter:label1\" content=\"Tempo estimado de leitura\" \/>\n\t<meta name=\"twitter:data1\" content=\"3 minutos\" \/>\n<script type=\"application\/ld+json\" class=\"yoast-schema-graph\">{\"@context\":\"https:\/\/schema.org\",\"@graph\":[{\"@type\":\"WebPage\",\"@id\":\"https:\/\/aesthedgewallpanel.com\/product\/pvc-marble-sheet-2\/\",\"url\":\"https:\/\/aesthedgewallpanel.com\/product\/pvc-marble-sheet-2\/\",\"name\":\"Premium UV Marble Sheets: Realistic Marble, Easy Installation\",\"isPartOf\":{\"@id\":\"https:\/\/aesthedgewallpanel.com\/#website\"},\"primaryImageOfPage\":{\"@id\":\"https:\/\/aesthedgewallpanel.com\/product\/pvc-marble-sheet-2\/#primaryimage\"},\"image\":{\"@id\":\"https:\/\/aesthedgewallpanel.com\/product\/pvc-marble-sheet-2\/#primaryimage\"},\"thumbnailUrl\":\"https:\/\/aesthedgewallpanel.com\/wp-content\/uploads\/2024\/06\/pvc-marble-sheet-black.jpg\",\"datePublished\":\"2024-10-15T10:07:00+00:00\",\"dateModified\":\"2024-12-06T06:29:55+00:00\",\"description\":\"Our UV marble sheets offer a high-quality, cost-effective alternative to natural marble. Perfect for interior design projects. Contact us for a quote today.\",\"breadcrumb\":{\"@id\":\"https:\/\/aesthedgewallpanel.com\/product\/pvc-marble-sheet-2\/#breadcrumb\"},\"inLanguage\":\"pt-PT\",\"potentialAction\":[{\"@type\":\"ReadAction\",\"target\":[\"https:\/\/aesthedgewallpanel.com\/product\/pvc-marble-sheet-2\/\"]}]},{\"@type\":\"ImageObject\",\"inLanguage\":\"pt-PT\",\"@id\":\"https:\/\/aesthedgewallpanel.com\/product\/pvc-marble-sheet-2\/#primaryimage\",\"url\":\"https:\/\/aesthedgewallpanel.com\/wp-content\/uploads\/2024\/06\/pvc-marble-sheet-black.jpg\",\"contentUrl\":\"https:\/\/aesthedgewallpanel.com\/wp-content\/uploads\/2024\/06\/pvc-marble-sheet-black.jpg\",\"width\":710,\"height\":500},{\"@type\":\"BreadcrumbList\",\"@id\":\"https:\/\/aesthedgewallpanel.com\/product\/pvc-marble-sheet-2\/#breadcrumb\",\"itemListElement\":[{\"@type\":\"ListItem\",\"position\":1,\"name\":\"Home\",\"item\":\"https:\/\/aesthedgewallpanel.com\/\"},{\"@type\":\"ListItem\",\"position\":2,\"name\":\"PVC MARBLE SHEET\",\"item\":\"https:\/\/aesthedgewallpanel.com\/product-category\/pvc-marble-sheet\/\"},{\"@type\":\"ListItem\",\"position\":3,\"name\":\"Premium UV Marble Sheet-Gilded\"}]},{\"@type\":\"WebSite\",\"@id\":\"https:\/\/aesthedgewallpanel.com\/#website\",\"url\":\"https:\/\/aesthedgewallpanel.com\/\",\"name\":\"AesthedgeWallPanel\",\"description\":\"Aesthedge Solutions for Modern Spaces\",\"potentialAction\":[{\"@type\":\"SearchAction\",\"target\":{\"@type\":\"EntryPoint\",\"urlTemplate\":\"https:\/\/aesthedgewallpanel.com\/?s={search_term_string}\"},\"query-input\":{\"@type\":\"PropertyValueSpecification\",\"valueRequired\":true,\"valueName\":\"search_term_string\"}}],\"inLanguage\":\"pt-PT\"}]}<\/script>\n<!-- \/ Yoast SEO plugin. -->","yoast_head_json":{"title":"Premium UV Marble Sheets: Realistic Marble, Easy Installation","description":"Our UV marble sheets offer a high-quality, cost-effective alternative to natural marble. Perfect for interior design projects. Contact us for a quote today.","robots":{"index":"index","follow":"follow","max-snippet":"max-snippet:-1","max-image-preview":"max-image-preview:large","max-video-preview":"max-video-preview:-1"},"canonical":"https:\/\/aesthedgewallpanel.com\/pt\/product\/pvc-marble-sheet-2\/","og_locale":"pt_PT","og_type":"article","og_title":"Premium UV Marble Sheets: Realistic Marble, Easy Installation","og_description":"Our UV marble sheets offer a high-quality, cost-effective alternative to natural marble. Perfect for interior design projects. Contact us for a quote today.","og_url":"https:\/\/aesthedgewallpanel.com\/pt\/product\/pvc-marble-sheet-2\/","og_site_name":"AesthedgeWallPanel","article_modified_time":"2024-12-06T06:29:55+00:00","og_image":[{"width":710,"height":500,"url":"https:\/\/aesthedgewallpanel.com\/wp-content\/uploads\/2024\/06\/pvc-marble-sheet-black.jpg","type":"image\/jpeg"}],"twitter_card":"summary_large_image","twitter_misc":{"Tempo estimado de leitura":"3 minutos"},"schema":{"@context":"https:\/\/schema.org","@graph":[{"@type":"WebPage","@id":"https:\/\/aesthedgewallpanel.com\/product\/pvc-marble-sheet-2\/","url":"https:\/\/aesthedgewallpanel.com\/product\/pvc-marble-sheet-2\/","name":"Premium UV Marble Sheets: Realistic Marble, Easy Installation","isPartOf":{"@id":"https:\/\/aesthedgewallpanel.com\/#website"},"primaryImageOfPage":{"@id":"https:\/\/aesthedgewallpanel.com\/product\/pvc-marble-sheet-2\/#primaryimage"},"image":{"@id":"https:\/\/aesthedgewallpanel.com\/product\/pvc-marble-sheet-2\/#primaryimage"},"thumbnailUrl":"https:\/\/aesthedgewallpanel.com\/wp-content\/uploads\/2024\/06\/pvc-marble-sheet-black.jpg","datePublished":"2024-10-15T10:07:00+00:00","dateModified":"2024-12-06T06:29:55+00:00","description":"Our UV marble sheets offer a high-quality, cost-effective alternative to natural marble. Perfect for interior design projects. Contact us for a quote today.","breadcrumb":{"@id":"https:\/\/aesthedgewallpanel.com\/product\/pvc-marble-sheet-2\/#breadcrumb"},"inLanguage":"pt-PT","potentialAction":[{"@type":"ReadAction","target":["https:\/\/aesthedgewallpanel.com\/product\/pvc-marble-sheet-2\/"]}]},{"@type":"ImageObject","inLanguage":"pt-PT","@id":"https:\/\/aesthedgewallpanel.com\/product\/pvc-marble-sheet-2\/#primaryimage","url":"https:\/\/aesthedgewallpanel.com\/wp-content\/uploads\/2024\/06\/pvc-marble-sheet-black.jpg","contentUrl":"https:\/\/aesthedgewallpanel.com\/wp-content\/uploads\/2024\/06\/pvc-marble-sheet-black.jpg","width":710,"height":500},{"@type":"BreadcrumbList","@id":"https:\/\/aesthedgewallpanel.com\/product\/pvc-marble-sheet-2\/#breadcrumb","itemListElement":[{"@type":"ListItem","position":1,"name":"Home","item":"https:\/\/aesthedgewallpanel.com\/"},{"@type":"ListItem","position":2,"name":"PVC MARBLE SHEET","item":"https:\/\/aesthedgewallpanel.com\/product-category\/pvc-marble-sheet\/"},{"@type":"ListItem","position":3,"name":"Premium UV Marble Sheet-Gilded"}]},{"@type":"WebSite","@id":"https:\/\/aesthedgewallpanel.com\/#website","url":"https:\/\/aesthedgewallpanel.com\/","name":"AesthedgeWallPanel","description":"Aesthedge Solutions for Modern Spaces","potentialAction":[{"@type":"SearchAction","target":{"@type":"EntryPoint","urlTemplate":"https:\/\/aesthedgewallpanel.com\/?s={search_term_string}"},"query-input":{"@type":"PropertyValueSpecification","valueRequired":true,"valueName":"search_term_string"}}],"inLanguage":"pt-PT"}]}},"_links":{"self":[{"href":"https:\/\/aesthedgewallpanel.com\/pt\/wp-json\/wp\/v2\/product\/139","targetHints":{"allow":["GET"]}}],"collection":[{"href":"https:\/\/aesthedgewallpanel.com\/pt\/wp-json\/wp\/v2\/product"}],"about":[{"href":"https:\/\/aesthedgewallpanel.com\/pt\/wp-json\/wp\/v2\/types\/product"}],"wp:featuredmedia":[{"embeddable":true,"href":"https:\/\/aesthedgewallpanel.com\/pt\/wp-json\/wp\/v2\/media\/1321"}],"wp:attachment":[{"href":"https:\/\/aesthedgewallpanel.com\/pt\/wp-json\/wp\/v2\/media?parent=139"}],"wp:term":[{"taxonomy":"products_category","embeddable":true,"href":"https:\/\/aesthedgewallpanel.com\/pt\/wp-json\/wp\/v2\/products_category?post=139"},{"taxonomy":"surface_pvc_marble_sheet_","embeddable":true,"href":"https:\/\/aesthedgewallpanel.com\/pt\/wp-json\/wp\/v2\/surface_pvc_marble_sheet_?post=139"},{"taxonomy":"style__acoustic_panel_","embeddable":true,"href":"https:\/\/aesthedgewallpanel.com\/pt\/wp-json\/wp\/v2\/style__acoustic_panel_?post=139"},{"taxonomy":"film__bamboo_charcoal_wood_venee","embeddable":true,"href":"https:\/\/aesthedgewallpanel.com\/pt\/wp-json\/wp\/v2\/film__bamboo_charcoal_wood_venee?post=139"},{"taxonomy":"color_wpc_wall_panel","embeddable":true,"href":"https:\/\/aesthedgewallpanel.com\/pt\/wp-json\/wp\/v2\/color_wpc_wall_panel?post=139"},{"taxonomy":"color_spc_wall_panel_","embeddable":true,"href":"https:\/\/aesthedgewallpanel.com\/pt\/wp-json\/wp\/v2\/color_spc_wall_panel_?post=139"},{"taxonomy":"shape","embeddable":true,"href":"https:\/\/aesthedgewallpanel.com\/pt\/wp-json\/wp\/v2\/shape?post=139"}],"curies":[{"name":"wp","href":"https:\/\/api.w.org\/{rel}","templated":true}]}}