{"id":144,"date":"2024-06-15T11:48:20","date_gmt":"2024-06-15T11:48:20","guid":{"rendered":"https:\/\/aesthedgewallpanel.com\/?post_type=product&#038;p=144"},"modified":"2024-12-06T06:26:56","modified_gmt":"2024-12-06T06:26:56","slug":"wpc-wall-panel-15","status":"publish","type":"product","link":"https:\/\/aesthedgewallpanel.com\/pt\/product\/wpc-wall-panel-15\/","title":{"rendered":"Painel de Parede de Wpc CSW-195\u00d712"},"content":{"rendered":"<h2 class=\"wp-block-heading\"><br>Descri\u00e7\u00e3o do painel de parede WPC<\/h2>\n\n\n\n<p><a href=\"https:\/\/aesthedgewallpanel.com\/pt\/product-category\/wpc-wall-panel\/\">Painel de parede WPC<\/a>(tamb\u00e9m conhecido como persiana WPC, painel de parede em PVC), abreviatura de painel de parede composto de madeira-pl\u00e1stico, \u00e9 um material inovador criado pela mistura de fibras de madeira (como aparas de madeira e p\u00f3 de madeira) com termopl\u00e1sticos (como polietileno PE, polipropileno PP ou cloreto de polivinilo PVC) atrav\u00e9s de tecnologia de processamento especializada. Na produ\u00e7\u00e3o, as fibras de madeira conferem um aspeto natural semelhante ao da madeira e propriedades f\u00edsicas espec\u00edficas, enquanto o componente pl\u00e1stico aumenta a durabilidade, a resist\u00eancia \u00e0 \u00e1gua e a resist\u00eancia geral do material.<\/p>\n\n\n\n<figure class=\"wp-block-image size-full\"><img decoding=\"async\" width=\"710\" height=\"500\" src=\"https:\/\/aesthedgewallpanel.com\/wp-content\/uploads\/2024\/07\/19512wallpanel.jpg\" alt=\"\" class=\"wp-image-187\" srcset=\"https:\/\/aesthedgewallpanel.com\/wp-content\/uploads\/2024\/07\/19512wallpanel.jpg 710w, https:\/\/aesthedgewallpanel.com\/wp-content\/uploads\/2024\/07\/19512wallpanel-300x211.jpg 300w\" sizes=\"(max-width: 710px) 100vw, 710px\" \/><\/figure>\n\n\n\n<h2 class=\"wp-block-heading\">Wpc Wall Panel CSW-195&#215;12 Information<\/h2>\n\n\n\n<p>O painel de parede interior 195*12 WPC pode tornar o seu design interior mais resistente e dur\u00e1vel. A apar\u00eancia vers\u00e1til e o excelente desempenho permitem-lhe desfrutar da sua vida confortavelmente.<\/p>\n\n\n\n<figure class=\"wp-block-table\"><table><tbody><tr><td><strong>Nome do produto<\/strong><\/td><td>Painel de Parede WPC 195*12 para Decora\u00e7\u00e3o<\/td><\/tr><tr><td><strong>Nome da marca<\/strong><\/td><td>Aesthedge<\/td><\/tr><tr><td><strong>Tamanho<\/strong><\/td><td>195mm*12mm<\/td><\/tr><tr><td><strong>Comprimento<\/strong><\/td><td>2,9 m ou personalizado<\/td><\/tr><tr><td><strong>Classifica\u00e7\u00e3o de fogo<\/strong><\/td><td>Grau B1<\/td><\/tr><tr><td><strong>Instala\u00e7\u00e3o<\/strong><\/td><td>Interbloqueio, r\u00e1pido, f\u00e1cil e de baixo custo de instala\u00e7\u00e3o<\/td><\/tr><tr><td><strong>Vantagem<\/strong><\/td><td>Amigo do ambiente, imperme\u00e1vel, \u00e0 prova de fogo, \u00e0 prova de humidade, anti-corros\u00e3o, anti-insectos, longa vida \u00fatil<\/td><\/tr><tr><td><strong>Aplica\u00e7\u00f5es<\/strong><\/td><td>Pain\u00e9is de decora\u00e7\u00e3o de interiores para decora\u00e7\u00e3o de casas, escolas, jardins-de-inf\u00e2ncia, hot\u00e9is, etc.<\/td><\/tr><\/tbody><\/table><\/figure>\n\n\n\n<h2 class=\"wp-block-heading\"><strong>Inspe\u00e7\u00e3o da qualidade e vantagens<\/strong><\/h2>\n\n\n\n<p>Our WPC wall panels excel in quality inspections, featuring exceptional surface hardness and strong adhesion between the surface layer and the substrate\u2014both key indicators of superior quality. The surface material boasts high hardness, outstanding impact, and excellent wear resistance. You can quickly test this yourself: gently scrape the surface with a knife. If there are no visible scratches, it demonstrates the material&#8217;s hardness. Additionally, try pulling at the panel\u2019s edge; you&#8217;ll notice it remains securely attached to the substrate, ensuring it won\u2019t detach easily. This stability enhances the product&#8217;s appearance over time and significantly extends its lifespan.<\/p>\n\n\n\n<h2 class=\"wp-block-heading\"><strong>Suporte fi\u00e1vel do fabricante<\/strong><\/h2>\n\n\n\n<figure class=\"wp-block-image size-full\"><img decoding=\"async\" width=\"750\" height=\"555\" src=\"https:\/\/aesthedgewallpanel.com\/wp-content\/uploads\/2024\/06\/delivery.webp\" alt=\"\" class=\"wp-image-1446\" srcset=\"https:\/\/aesthedgewallpanel.com\/wp-content\/uploads\/2024\/06\/delivery.webp 750w, https:\/\/aesthedgewallpanel.com\/wp-content\/uploads\/2024\/06\/delivery-300x222.webp 300w\" sizes=\"(max-width: 750px) 100vw, 750px\" \/><\/figure>\n\n\n\n<p>O nosso <a href=\"https:\/\/aesthedgewallpanel.com\/pt\/about\/\">unidade de fabrico<\/a> is highly qualified and has extensive experience. It holds essential production licenses and quality certifications, including ISO quality management certification, and rigorously adheres to quality standards throughout production. Additionally, the factory meets environmental standards, holds certifications like green building material certification, and ensures the product&#8217;s superior environmental performance. With years of production experience and large-scale capabilities, we have refined our expertise in product development, process optimization, and quality control.<\/p>\n\n\n\n<h2 class=\"wp-block-heading\"><strong>Carater\u00edsticas da persiana WPC<\/strong><\/h2>\n\n\n\n<div class=\"wp-block-media-text alignwide has-media-on-the-right is-stacked-on-mobile is-vertically-aligned-center has-background\" style=\"background-color:#f1f5c7;grid-template-columns:auto 25%\"><div class=\"wp-block-media-text__content\">\n<div class=\"wp-block-group\" style=\"padding-top:2em;padding-right:2em;padding-bottom:2em;padding-left:2em\"><div class=\"wp-block-group__inner-container is-layout-flow wp-block-group-is-layout-flow\">\n<p style=\"font-size:36px;line-height:1.2\"><strong><strong>Alta durabilidade<\/strong><\/strong><\/p>\n\n\n\n<p class=\"has-extra-small-font-size\">A estrutura dos materiais comp\u00f3sitos de madeira-pl\u00e1stico confere-lhes uma resist\u00eancia e uma tenacidade de alto n\u00edvel. Podem suportar um certo grau de impacto e arranh\u00f5es, demonstrando resist\u00eancia a danos e possuindo uma vida \u00fatil de longo prazo. Esta carater\u00edstica de durabilidade reduz significativamente a frequ\u00eancia de substitui\u00e7\u00e3o do produto, diminuindo consequentemente os custos de utiliza\u00e7\u00e3o a longo prazo.<\/p>\n<\/div><\/div>\n<\/div><figure class=\"wp-block-media-text__media\"><img decoding=\"async\" src=\"https:\/\/aesthedgewallpanel.com\/wp-content\/uploads\/2024\/06\/durable-1.svg\" alt=\"\" class=\"wp-image-1366 size-full\"\/><\/figure><\/div>\n\n\n\n<div class=\"wp-block-media-text alignwide is-stacked-on-mobile is-vertically-aligned-center has-background\" style=\"background-color:#fffdea;grid-template-columns:25% auto\"><figure class=\"wp-block-media-text__media\"><img decoding=\"async\" width=\"1024\" height=\"541\" src=\"https:\/\/aesthedgewallpanel.com\/wp-content\/uploads\/2024\/06\/earth-day-7903523_1280-1024x541.webp\" alt=\"\" class=\"wp-image-1364 size-full\" srcset=\"https:\/\/aesthedgewallpanel.com\/wp-content\/uploads\/2024\/06\/earth-day-7903523_1280-1024x541.webp 1024w, https:\/\/aesthedgewallpanel.com\/wp-content\/uploads\/2024\/06\/earth-day-7903523_1280-300x158.webp 300w, https:\/\/aesthedgewallpanel.com\/wp-content\/uploads\/2024\/06\/earth-day-7903523_1280-768x406.webp 768w, https:\/\/aesthedgewallpanel.com\/wp-content\/uploads\/2024\/06\/earth-day-7903523_1280.webp 1280w\" sizes=\"(max-width: 1024px) 100vw, 1024px\" \/><\/figure><div class=\"wp-block-media-text__content\">\n<div class=\"wp-block-group\" style=\"padding-top:2em;padding-right:2em;padding-bottom:2em;padding-left:2em\"><div class=\"wp-block-group__inner-container is-layout-flow wp-block-group-is-layout-flow\">\n<p style=\"font-size:36px;line-height:1.2\"><strong><strong>Amigo do ambiente <\/strong><\/strong><\/p>\n\n\n\n<p class=\"has-extra-small-font-size\">At\u00e9 certo ponto, o painel de parede WPC \u00e9 ambientalmente sustent\u00e1vel. Aproveita as fibras residuais durante o processamento da madeira, minimizando assim o desperd\u00edcio de madeira. Entretanto, ao contr\u00e1rio de alguns produtos de pl\u00e1stico puro, o componente de madeira torna o painel mais biodegrad\u00e1vel e imp\u00f5e uma press\u00e3o ambiental relativamente menor.<\/p>\n<\/div><\/div>\n<\/div><\/div>\n\n\n\n<div class=\"wp-block-media-text alignwide has-media-on-the-right is-stacked-on-mobile is-vertically-aligned-center has-background\" style=\"background-color:#f1f5c7;grid-template-columns:auto 25%\"><div class=\"wp-block-media-text__content\">\n<div class=\"wp-block-group\" style=\"padding-top:2em;padding-right:2em;padding-bottom:2em;padding-left:2em\"><div class=\"wp-block-group__inner-container is-layout-flow wp-block-group-is-layout-flow\">\n<p style=\"font-size:36px;line-height:1.2\"><strong>Instala\u00e7\u00e3o c\u00f3moda<\/strong><\/p>\n\n\n\n<p class=\"has-extra-small-font-size\">Este tipo de persiana WPC \u00e9 habitualmente concebido para uma instala\u00e7\u00e3o f\u00e1cil, apresentando normalmente estruturas como fivelas ou entalhes. Os instaladores podem fix\u00e1-la \u00e0 parede atrav\u00e9s de m\u00e9todos simples de uni\u00e3o ou pregagem, poupando assim tempo de instala\u00e7\u00e3o e custos de m\u00e3o de obra. \u00e9 ambientalmente sustent\u00e1vel. Aproveita as fibras residuais durante o processamento da madeira, minimizando assim os res\u00edduos de madeira. Ao contr\u00e1rio de alguns produtos de pl\u00e1stico puro, a componente de madeira torna o painel mais biodegrad\u00e1vel e imp\u00f5e uma press\u00e3o ambiental relativamente menor.<\/p>\n<\/div><\/div>\n<\/div><figure class=\"wp-block-media-text__media\"><img decoding=\"async\" src=\"https:\/\/aesthedgewallpanel.com\/wp-content\/uploads\/2024\/06\/install-2.svg\" alt=\"\" class=\"wp-image-1365 size-full\"\/><\/figure><\/div>\n\n\n\n<h2 class=\"wp-block-heading\"><strong>Painel de parede WPC Diversas op\u00e7\u00f5es de design<\/strong><\/h2>\n\n\n\n<p>Os pain\u00e9is de parede WPC est\u00e3o dispon\u00edveis em v\u00e1rios estilos para se adaptarem a m\u00faltiplas prefer\u00eancias est\u00e9ticas. Escolha entre cores cl\u00e1ssicas como o cedro e o mogno, tons frescos como a teca asi\u00e1tica e tailandesa, ou tons modernos como a nogueira e o pau-rosa. Cada cor complementa diferentes temas de decora\u00e7\u00e3o, criando atmosferas \u00fanicas - mogno para um aspeto elegante e tradicional ou teca asi\u00e1tica para um toque moderno e natural. Com tratamentos de superf\u00edcie avan\u00e7ados e op\u00e7\u00f5es de padr\u00f5es como gr\u00e3o de madeira, textura de pedra e efeitos de papel de parede, estes pain\u00e9is oferecem solu\u00e7\u00f5es vers\u00e1teis e de elevado valor para uma decora\u00e7\u00e3o personalizada.<\/p>\n\n\n\n<figure class=\"wp-block-image size-large\"><img decoding=\"async\" width=\"1024\" height=\"534\" src=\"https:\/\/aesthedgewallpanel.com\/wp-content\/uploads\/2024\/06\/\u672a\u6807\u9898-1-1-1-1024x534.webp\" alt=\"\" class=\"wp-image-1460\" srcset=\"https:\/\/aesthedgewallpanel.com\/wp-content\/uploads\/2024\/06\/\u672a\u6807\u9898-1-1-1-1024x534.webp 1024w, https:\/\/aesthedgewallpanel.com\/wp-content\/uploads\/2024\/06\/\u672a\u6807\u9898-1-1-1-300x157.webp 300w, https:\/\/aesthedgewallpanel.com\/wp-content\/uploads\/2024\/06\/\u672a\u6807\u9898-1-1-1-768x401.webp 768w, https:\/\/aesthedgewallpanel.com\/wp-content\/uploads\/2024\/06\/\u672a\u6807\u9898-1-1-1-1536x802.webp 1536w, https:\/\/aesthedgewallpanel.com\/wp-content\/uploads\/2024\/06\/\u672a\u6807\u9898-1-1-1.webp 1640w\" sizes=\"(max-width: 1024px) 100vw, 1024px\" \/><\/figure>\n\n\n\n<h2 class=\"wp-block-heading\"><strong>Aplica\u00e7\u00f5es vers\u00e1teis do painel de parede WPC<\/strong><\/h2>\n\n\n\n<p>Os pain\u00e9is de parede WPC s\u00e3o altamente vers\u00e1teis e adequados para v\u00e1rios ambientes. S\u00e3o ideais para espa\u00e7os comerciais, como hot\u00e9is, restaurantes e escrit\u00f3rios, onde ajudam a criar uma atmosfera confort\u00e1vel e esteticamente agrad\u00e1vel. Os pain\u00e9is de parede exteriores WPC oferecem uma excelente durabilidade e desempenho para utiliza\u00e7\u00e3o no exterior, tornando-os perfeitos para aplica\u00e7\u00f5es em paredes exteriores.<\/p>\n\n\n\n<div class=\"wp-block-columns is-layout-flex wp-container-core-columns-is-layout-9d6595d7 wp-block-columns-is-layout-flex\">\n<div class=\"wp-block-column is-layout-flow wp-block-column-is-layout-flow\">\n<figure class=\"wp-block-image size-full\"><img decoding=\"async\" width=\"1024\" height=\"900\" src=\"https:\/\/aesthedgewallpanel.com\/wp-content\/uploads\/2024\/06\/New-Project-1-1.webp\" alt=\"\" class=\"wp-image-1462\" srcset=\"https:\/\/aesthedgewallpanel.com\/wp-content\/uploads\/2024\/06\/New-Project-1-1.webp 1024w, https:\/\/aesthedgewallpanel.com\/wp-content\/uploads\/2024\/06\/New-Project-1-1-300x264.webp 300w, https:\/\/aesthedgewallpanel.com\/wp-content\/uploads\/2024\/06\/New-Project-1-1-768x675.webp 768w\" sizes=\"(max-width: 1024px) 100vw, 1024px\" \/><\/figure>\n<\/div>\n\n\n\n<div class=\"wp-block-column is-layout-flow wp-block-column-is-layout-flow\">\n<figure class=\"wp-block-image size-full\"><img decoding=\"async\" width=\"1024\" height=\"900\" src=\"https:\/\/aesthedgewallpanel.com\/wp-content\/uploads\/2024\/06\/New-Project-2-1.webp\" alt=\"\" class=\"wp-image-1463\" srcset=\"https:\/\/aesthedgewallpanel.com\/wp-content\/uploads\/2024\/06\/New-Project-2-1.webp 1024w, https:\/\/aesthedgewallpanel.com\/wp-content\/uploads\/2024\/06\/New-Project-2-1-300x264.webp 300w, https:\/\/aesthedgewallpanel.com\/wp-content\/uploads\/2024\/06\/New-Project-2-1-768x675.webp 768w\" sizes=\"(max-width: 1024px) 100vw, 1024px\" \/><\/figure>\n<\/div>\n<\/div>\n\n\n\n<div class=\"wp-block-columns is-layout-flex wp-container-core-columns-is-layout-9d6595d7 wp-block-columns-is-layout-flex\">\n<div class=\"wp-block-column is-layout-flow wp-block-column-is-layout-flow\">\n<figure class=\"wp-block-image size-full\"><img decoding=\"async\" width=\"1024\" height=\"900\" src=\"https:\/\/aesthedgewallpanel.com\/wp-content\/uploads\/2024\/06\/New-Project-4.webp\" alt=\"\" class=\"wp-image-1465\" srcset=\"https:\/\/aesthedgewallpanel.com\/wp-content\/uploads\/2024\/06\/New-Project-4.webp 1024w, https:\/\/aesthedgewallpanel.com\/wp-content\/uploads\/2024\/06\/New-Project-4-300x264.webp 300w, https:\/\/aesthedgewallpanel.com\/wp-content\/uploads\/2024\/06\/New-Project-4-768x675.webp 768w\" sizes=\"(max-width: 1024px) 100vw, 1024px\" \/><\/figure>\n<\/div>\n\n\n\n<div class=\"wp-block-column is-layout-flow wp-block-column-is-layout-flow\">\n<figure class=\"wp-block-image size-full\"><img decoding=\"async\" width=\"1024\" height=\"900\" src=\"https:\/\/aesthedgewallpanel.com\/wp-content\/uploads\/2024\/06\/New-Project.jpg\" alt=\"bedroom pvc wall panels\" class=\"wp-image-1464\" srcset=\"https:\/\/aesthedgewallpanel.com\/wp-content\/uploads\/2024\/06\/New-Project.jpg 1024w, https:\/\/aesthedgewallpanel.com\/wp-content\/uploads\/2024\/06\/New-Project-300x264.jpg 300w, https:\/\/aesthedgewallpanel.com\/wp-content\/uploads\/2024\/06\/New-Project-768x675.jpg 768w\" sizes=\"(max-width: 1024px) 100vw, 1024px\" \/><\/figure>\n<\/div>\n<\/div>\n\n\n\n<p>Para tamanhos, cores, relevo de superf\u00edcie e acabamentos personalizados, por favor&nbsp;<a href=\"\/pt\/contact\/\">contacte-nos aqui<\/a>.<\/p>\n\n\n\n<p><\/p>\n\n\n\n<p><\/p>","protected":false},"excerpt":{"rendered":"<p>Ecol\u00f3gico, Imperme\u00e1vel, Resistente ao fogo<\/p>","protected":false},"featured_media":1957,"template":"","products_category":[3],"surface_pvc_marble_sheet_":[],"style__acoustic_panel_":[],"film__bamboo_charcoal_wood_venee":[],"color_wpc_wall_panel":[149],"color_spc_wall_panel_":[],"shape":[],"class_list":["post-144","product","type-product","status-publish","has-post-thumbnail","hentry","products_category-wpc-wall-panel","color_wpc_wall_panel-wood-grain"],"yoast_head":"<!-- This site is optimized with the Yoast SEO plugin v25.5 - https:\/\/yoast.com\/wordpress\/plugins\/seo\/ -->\n<title>Premium Bedroom WPC Wall Panels<\/title>\n<meta name=\"description\" content=\"Looking for quality bedroom WPC wall panels? Our products are crafted with precision. Get the best with our bedroom WPC wall panels for your business.\" \/>\n<meta name=\"robots\" content=\"index, follow, max-snippet:-1, max-image-preview:large, max-video-preview:-1\" \/>\n<link rel=\"canonical\" href=\"https:\/\/aesthedgewallpanel.com\/pt\/product\/wpc-wall-panel-15\/\" \/>\n<meta property=\"og:locale\" content=\"pt_PT\" \/>\n<meta property=\"og:type\" content=\"article\" \/>\n<meta property=\"og:title\" content=\"Premium Bedroom WPC Wall Panels\" \/>\n<meta property=\"og:description\" content=\"Looking for quality bedroom WPC wall panels? Our products are crafted with precision. Get the best with our bedroom WPC wall panels for your business.\" \/>\n<meta property=\"og:url\" content=\"https:\/\/aesthedgewallpanel.com\/pt\/product\/wpc-wall-panel-15\/\" \/>\n<meta property=\"og:site_name\" content=\"AesthedgeWallPanel\" \/>\n<meta property=\"article:modified_time\" content=\"2024-12-06T06:26:56+00:00\" \/>\n<meta property=\"og:image\" content=\"https:\/\/aesthedgewallpanel.com\/wp-content\/uploads\/2024\/06\/19512-1.jpg\" \/>\n\t<meta property=\"og:image:width\" content=\"800\" \/>\n\t<meta property=\"og:image:height\" content=\"800\" \/>\n\t<meta property=\"og:image:type\" content=\"image\/jpeg\" \/>\n<meta name=\"twitter:card\" content=\"summary_large_image\" \/>\n<meta name=\"twitter:label1\" content=\"Tempo estimado de leitura\" \/>\n\t<meta name=\"twitter:data1\" content=\"6 minutos\" \/>\n<script type=\"application\/ld+json\" class=\"yoast-schema-graph\">{\"@context\":\"https:\/\/schema.org\",\"@graph\":[{\"@type\":\"WebPage\",\"@id\":\"https:\/\/aesthedgewallpanel.com\/product\/wpc-wall-panel-15\/\",\"url\":\"https:\/\/aesthedgewallpanel.com\/product\/wpc-wall-panel-15\/\",\"name\":\"Premium Bedroom WPC Wall Panels\",\"isPartOf\":{\"@id\":\"https:\/\/aesthedgewallpanel.com\/#website\"},\"primaryImageOfPage\":{\"@id\":\"https:\/\/aesthedgewallpanel.com\/product\/wpc-wall-panel-15\/#primaryimage\"},\"image\":{\"@id\":\"https:\/\/aesthedgewallpanel.com\/product\/wpc-wall-panel-15\/#primaryimage\"},\"thumbnailUrl\":\"https:\/\/aesthedgewallpanel.com\/wp-content\/uploads\/2024\/06\/19512-1.jpg\",\"datePublished\":\"2024-06-15T11:48:20+00:00\",\"dateModified\":\"2024-12-06T06:26:56+00:00\",\"description\":\"Looking for quality bedroom WPC wall panels? Our products are crafted with precision. Get the best with our bedroom WPC wall panels for your business.\",\"breadcrumb\":{\"@id\":\"https:\/\/aesthedgewallpanel.com\/product\/wpc-wall-panel-15\/#breadcrumb\"},\"inLanguage\":\"pt-PT\",\"potentialAction\":[{\"@type\":\"ReadAction\",\"target\":[\"https:\/\/aesthedgewallpanel.com\/product\/wpc-wall-panel-15\/\"]}]},{\"@type\":\"ImageObject\",\"inLanguage\":\"pt-PT\",\"@id\":\"https:\/\/aesthedgewallpanel.com\/product\/wpc-wall-panel-15\/#primaryimage\",\"url\":\"https:\/\/aesthedgewallpanel.com\/wp-content\/uploads\/2024\/06\/19512-1.jpg\",\"contentUrl\":\"https:\/\/aesthedgewallpanel.com\/wp-content\/uploads\/2024\/06\/19512-1.jpg\",\"width\":800,\"height\":800},{\"@type\":\"BreadcrumbList\",\"@id\":\"https:\/\/aesthedgewallpanel.com\/product\/wpc-wall-panel-15\/#breadcrumb\",\"itemListElement\":[{\"@type\":\"ListItem\",\"position\":1,\"name\":\"Home\",\"item\":\"https:\/\/aesthedgewallpanel.com\/\"},{\"@type\":\"ListItem\",\"position\":2,\"name\":\"WPC WALL PANEL\",\"item\":\"https:\/\/aesthedgewallpanel.com\/product-category\/wpc-wall-panel\/\"},{\"@type\":\"ListItem\",\"position\":3,\"name\":\"Wpc Wall Panel CSW-195&#215;12\"}]},{\"@type\":\"WebSite\",\"@id\":\"https:\/\/aesthedgewallpanel.com\/#website\",\"url\":\"https:\/\/aesthedgewallpanel.com\/\",\"name\":\"AesthedgeWallPanel\",\"description\":\"Aesthedge Solutions for Modern Spaces\",\"potentialAction\":[{\"@type\":\"SearchAction\",\"target\":{\"@type\":\"EntryPoint\",\"urlTemplate\":\"https:\/\/aesthedgewallpanel.com\/?s={search_term_string}\"},\"query-input\":{\"@type\":\"PropertyValueSpecification\",\"valueRequired\":true,\"valueName\":\"search_term_string\"}}],\"inLanguage\":\"pt-PT\"}]}<\/script>\n<!-- \/ Yoast SEO plugin. -->","yoast_head_json":{"title":"Premium Bedroom WPC Wall Panels","description":"Looking for quality bedroom WPC wall panels? Our products are crafted with precision. Get the best with our bedroom WPC wall panels for your business.","robots":{"index":"index","follow":"follow","max-snippet":"max-snippet:-1","max-image-preview":"max-image-preview:large","max-video-preview":"max-video-preview:-1"},"canonical":"https:\/\/aesthedgewallpanel.com\/pt\/product\/wpc-wall-panel-15\/","og_locale":"pt_PT","og_type":"article","og_title":"Premium Bedroom WPC Wall Panels","og_description":"Looking for quality bedroom WPC wall panels? Our products are crafted with precision. Get the best with our bedroom WPC wall panels for your business.","og_url":"https:\/\/aesthedgewallpanel.com\/pt\/product\/wpc-wall-panel-15\/","og_site_name":"AesthedgeWallPanel","article_modified_time":"2024-12-06T06:26:56+00:00","og_image":[{"width":800,"height":800,"url":"https:\/\/aesthedgewallpanel.com\/wp-content\/uploads\/2024\/06\/19512-1.jpg","type":"image\/jpeg"}],"twitter_card":"summary_large_image","twitter_misc":{"Tempo estimado de leitura":"6 minutos"},"schema":{"@context":"https:\/\/schema.org","@graph":[{"@type":"WebPage","@id":"https:\/\/aesthedgewallpanel.com\/product\/wpc-wall-panel-15\/","url":"https:\/\/aesthedgewallpanel.com\/product\/wpc-wall-panel-15\/","name":"Premium Bedroom WPC Wall Panels","isPartOf":{"@id":"https:\/\/aesthedgewallpanel.com\/#website"},"primaryImageOfPage":{"@id":"https:\/\/aesthedgewallpanel.com\/product\/wpc-wall-panel-15\/#primaryimage"},"image":{"@id":"https:\/\/aesthedgewallpanel.com\/product\/wpc-wall-panel-15\/#primaryimage"},"thumbnailUrl":"https:\/\/aesthedgewallpanel.com\/wp-content\/uploads\/2024\/06\/19512-1.jpg","datePublished":"2024-06-15T11:48:20+00:00","dateModified":"2024-12-06T06:26:56+00:00","description":"Looking for quality bedroom WPC wall panels? Our products are crafted with precision. Get the best with our bedroom WPC wall panels for your business.","breadcrumb":{"@id":"https:\/\/aesthedgewallpanel.com\/product\/wpc-wall-panel-15\/#breadcrumb"},"inLanguage":"pt-PT","potentialAction":[{"@type":"ReadAction","target":["https:\/\/aesthedgewallpanel.com\/product\/wpc-wall-panel-15\/"]}]},{"@type":"ImageObject","inLanguage":"pt-PT","@id":"https:\/\/aesthedgewallpanel.com\/product\/wpc-wall-panel-15\/#primaryimage","url":"https:\/\/aesthedgewallpanel.com\/wp-content\/uploads\/2024\/06\/19512-1.jpg","contentUrl":"https:\/\/aesthedgewallpanel.com\/wp-content\/uploads\/2024\/06\/19512-1.jpg","width":800,"height":800},{"@type":"BreadcrumbList","@id":"https:\/\/aesthedgewallpanel.com\/product\/wpc-wall-panel-15\/#breadcrumb","itemListElement":[{"@type":"ListItem","position":1,"name":"Home","item":"https:\/\/aesthedgewallpanel.com\/"},{"@type":"ListItem","position":2,"name":"WPC WALL PANEL","item":"https:\/\/aesthedgewallpanel.com\/product-category\/wpc-wall-panel\/"},{"@type":"ListItem","position":3,"name":"Wpc Wall Panel CSW-195&#215;12"}]},{"@type":"WebSite","@id":"https:\/\/aesthedgewallpanel.com\/#website","url":"https:\/\/aesthedgewallpanel.com\/","name":"AesthedgeWallPanel","description":"Aesthedge Solutions for Modern Spaces","potentialAction":[{"@type":"SearchAction","target":{"@type":"EntryPoint","urlTemplate":"https:\/\/aesthedgewallpanel.com\/?s={search_term_string}"},"query-input":{"@type":"PropertyValueSpecification","valueRequired":true,"valueName":"search_term_string"}}],"inLanguage":"pt-PT"}]}},"_links":{"self":[{"href":"https:\/\/aesthedgewallpanel.com\/pt\/wp-json\/wp\/v2\/product\/144","targetHints":{"allow":["GET"]}}],"collection":[{"href":"https:\/\/aesthedgewallpanel.com\/pt\/wp-json\/wp\/v2\/product"}],"about":[{"href":"https:\/\/aesthedgewallpanel.com\/pt\/wp-json\/wp\/v2\/types\/product"}],"wp:featuredmedia":[{"embeddable":true,"href":"https:\/\/aesthedgewallpanel.com\/pt\/wp-json\/wp\/v2\/media\/1957"}],"wp:attachment":[{"href":"https:\/\/aesthedgewallpanel.com\/pt\/wp-json\/wp\/v2\/media?parent=144"}],"wp:term":[{"taxonomy":"products_category","embeddable":true,"href":"https:\/\/aesthedgewallpanel.com\/pt\/wp-json\/wp\/v2\/products_category?post=144"},{"taxonomy":"surface_pvc_marble_sheet_","embeddable":true,"href":"https:\/\/aesthedgewallpanel.com\/pt\/wp-json\/wp\/v2\/surface_pvc_marble_sheet_?post=144"},{"taxonomy":"style__acoustic_panel_","embeddable":true,"href":"https:\/\/aesthedgewallpanel.com\/pt\/wp-json\/wp\/v2\/style__acoustic_panel_?post=144"},{"taxonomy":"film__bamboo_charcoal_wood_venee","embeddable":true,"href":"https:\/\/aesthedgewallpanel.com\/pt\/wp-json\/wp\/v2\/film__bamboo_charcoal_wood_venee?post=144"},{"taxonomy":"color_wpc_wall_panel","embeddable":true,"href":"https:\/\/aesthedgewallpanel.com\/pt\/wp-json\/wp\/v2\/color_wpc_wall_panel?post=144"},{"taxonomy":"color_spc_wall_panel_","embeddable":true,"href":"https:\/\/aesthedgewallpanel.com\/pt\/wp-json\/wp\/v2\/color_spc_wall_panel_?post=144"},{"taxonomy":"shape","embeddable":true,"href":"https:\/\/aesthedgewallpanel.com\/pt\/wp-json\/wp\/v2\/shape?post=144"}],"curies":[{"name":"wp","href":"https:\/\/api.w.org\/{rel}","templated":true}]}}