{"id":146,"date":"2024-06-15T11:48:20","date_gmt":"2024-06-15T11:48:20","guid":{"rendered":"https:\/\/aesthedgewallpanel.com\/?post_type=product&#038;p=146"},"modified":"2025-01-20T09:15:43","modified_gmt":"2025-01-20T09:15:43","slug":"wpc-louvers","status":"publish","type":"product","link":"https:\/\/aesthedgewallpanel.com\/pt\/product\/wpc-louvers\/","title":{"rendered":"Grelhas WPC Premium CSW-150\u00d717"},"content":{"rendered":"<h2 class=\"wp-block-heading\">Descri\u00e7\u00e3o das grelhas WPC<\/h2>\n\n\n\n<figure class=\"wp-block-image size-large\"><img decoding=\"async\" width=\"1024\" height=\"310\" src=\"https:\/\/aesthedgewallpanel.com\/wp-content\/uploads\/2024\/06\/image-1-1024x310.png\" alt=\"\" class=\"wp-image-2541\" srcset=\"https:\/\/aesthedgewallpanel.com\/wp-content\/uploads\/2024\/06\/image-1-1024x310.png 1024w, https:\/\/aesthedgewallpanel.com\/wp-content\/uploads\/2024\/06\/image-1-300x91.png 300w, https:\/\/aesthedgewallpanel.com\/wp-content\/uploads\/2024\/06\/image-1-768x232.png 768w, https:\/\/aesthedgewallpanel.com\/wp-content\/uploads\/2024\/06\/image-1.png 1077w\" sizes=\"(max-width: 1024px) 100vw, 1024px\" \/><\/figure>\n\n\n\n<p>As grelhas WPC, tamb\u00e9m conhecidas como <a href=\"https:\/\/aesthedgewallpanel.com\/pt\/product-category\/wpc-wall-panel\/\">Pain\u00e9is de parede WPC<\/a> ou tapume de comp\u00f3sito madeira-pl\u00e1stico, s\u00e3o revestimentos de parede que amalgamam fibras de madeira com termopl\u00e1sticos, gerando um produto altamente dur\u00e1vel e multifacetado. Devido aos seus m\u00e9ritos est\u00e9ticos e funcionais, as grelhas de WPC t\u00eam amplas aplica\u00e7\u00f5es em contextos residenciais e comerciais.<\/p>\n\n\n\n<h2 class=\"wp-block-heading\">Cores das persianas WPC<\/h2>\n\n\n\n<p>Para tamanhos personalizados,\u00a0<a href=\"https:\/\/aesthedgewallpanel.com\/pt\/contact\/\" target=\"_blank\" rel=\"noreferrer noopener\">cores<\/a>, relevos de superf\u00edcie e acabamentos, por favor\u00a0<a href=\"https:\/\/aesthedgewallpanel.com\/pt\/contact\/\">contacte-nos aqui<\/a>.<\/p>\n\n\n\n<h2 class=\"wp-block-heading\"><strong>Benef\u00edcios das grelhas WPC<\/strong><\/h2>\n\n\n\n<div class=\"wp-block-columns alignwide is-layout-flex wp-container-core-columns-is-layout-9d6595d7 wp-block-columns-is-layout-flex\">\n<div class=\"wp-block-column has-text-color has-background has-link-color wp-elements-e19910fae8cd2c99e036c464d4365c2f is-layout-flow wp-block-column-is-layout-flow\" style=\"color:#000000;background-color:#ffe97d;padding-top:2em;padding-right:2em;padding-bottom:2em;padding-left:2em\">\n<p><strong>baixa manuten\u00e7\u00e3o<\/strong><\/p>\n\n\n\n<p>As grelhas WPC s\u00e3o de manuten\u00e7\u00e3o incrivelmente reduzida. S\u00e3o resistentes \u00e0 sujidade e \u00e0s intemp\u00e9ries e requerem muito menos manuten\u00e7\u00e3o do que os pain\u00e9is de madeira tradicionais.<\/p>\n<\/div>\n\n\n\n<div class=\"wp-block-column has-text-color has-background has-link-color wp-elements-74598b5764c045aa6e1418f3a640c7f3 is-layout-flow wp-block-column-is-layout-flow\" style=\"color:#000000;background-color:#d1d1e1;padding-top:2em;padding-right:2em;padding-bottom:2em;padding-left:2em\">\n<p class=\"has-normal-font-size\" style=\"line-height:1.5\"><strong><strong>V\u00e1rias cores atractivas<\/strong><\/strong><\/p>\n\n\n\n<p>As grelhas WPC est\u00e3o dispon\u00edveis em v\u00e1rias cores e texturas atractivas. Enquanto a madeira tradicional oferece mais personaliza\u00e7\u00e3o, os pain\u00e9is WPC modernos imitam de perto o aspeto e o toque da madeira natural.<\/p>\n<\/div>\n\n\n\n<div class=\"wp-block-column has-text-color has-background has-link-color wp-elements-8fab91725dfacde2e67ba33244d6dcfb is-layout-flow wp-block-column-is-layout-flow\" style=\"color:#000000;background-color:#c0ebf1;padding-top:2em;padding-right:2em;padding-bottom:2em;padding-left:2em\">\n<p><strong>Relativamente dur\u00e1vel<\/strong><\/p>\n\n\n\n<p>As grelhas WPC s\u00e3o incrivelmente duradouras, combinando a resist\u00eancia da madeira com a resili\u00eancia do pl\u00e1stico. Podem resistir a impactos, amolgadelas e riscos.<\/p>\n<\/div>\n<\/div>\n\n\n\n<h2 class=\"wp-block-heading\"><strong>Obtenha grelhas WPC de alta qualidade da AesthEdge!<\/strong><\/h2>\n\n\n\n<div class=\"wp-block-media-text is-stacked-on-mobile\"><figure class=\"wp-block-media-text__media\"><video controls src=\"https:\/\/aesthedgewallpanel.com\/wp-content\/uploads\/2024\/10\/wpc-wall-panel-19925.mp4\"><\/video><\/figure><div class=\"wp-block-media-text__content\">\n<p>Para grelhas WPC de alta qualidade que combinam durabilidade, longa dura\u00e7\u00e3o e atrativo est\u00e9tico, <a href=\"https:\/\/aesthedgewallpanel.com\/pt\/about\/\">AesthEdge<\/a> \u00e9 a sua escolha de elei\u00e7\u00e3o!<\/p>\n\n\n\n<p>Como l\u00edder inovador em materiais comp\u00f3sitos, a AesthEdge define o padr\u00e3o da ind\u00fastria em termos de qualidade, sustentabilidade e durabilidade. A nossa vasta gama de grelhas WPC oferece a solu\u00e7\u00e3o perfeita para todas as suas necessidades. Descarregar a <a href=\"https:\/\/aesthedgewallpanel.com\/wp-content\/uploads\/2024\/09\/WPC-Wall-Panel.pdf\">Cat\u00e1logo de persianas WPC<\/a> para saber mais pormenores.<\/p>\n\n\n\n<p>N\u00e3o perca esta oportunidade de ouro! <a href=\"https:\/\/aesthedgewallpanel.com\/pt\/contact\/\">Contactar-nos<\/a> imediatamente para solicitar a sua amostra gratuita e desbloquear ofertas e descontos exclusivos reservados apenas aos nossos estimados clientes.<\/p>\n<\/div><\/div>\n\n\n\n<h2 class=\"wp-block-heading\"><strong>Desenhos de grelhas WPC<\/strong><\/h2>\n\n\n\n<div class=\"wp-block-columns is-layout-flex wp-container-core-columns-is-layout-9d6595d7 wp-block-columns-is-layout-flex\">\n<div class=\"wp-block-column is-layout-flow wp-block-column-is-layout-flow\" style=\"flex-basis:100%\">\n<p>Devido \u00e0s suas vantagens de desempenho \u00fanicas, as grelhas WPC tornaram-se uma escolha de destaque na ind\u00fastria da constru\u00e7\u00e3o e decora\u00e7\u00e3o. Quer seja para melhorar e proteger as paredes exteriores, melhorar a est\u00e9tica e a funcionalidade dos espa\u00e7os interiores ou definir o estilo das \u00e1reas comerciais, as grelhas WPC desempenham um papel essencial e insubstitu\u00edvel.<\/p>\n\n\n\n<div class=\"wp-block-columns is-layout-flex wp-container-core-columns-is-layout-9d6595d7 wp-block-columns-is-layout-flex\">\n<div class=\"wp-block-column is-layout-flow wp-block-column-is-layout-flow\">\n<figure class=\"wp-block-image size-full\"><img decoding=\"async\" width=\"842\" height=\"497\" src=\"https:\/\/aesthedgewallpanel.com\/wp-content\/uploads\/2024\/06\/\u5fae\u4fe1\u622a\u56fe_20241113162051.webp\" alt=\"\" class=\"wp-image-1603\" srcset=\"https:\/\/aesthedgewallpanel.com\/wp-content\/uploads\/2024\/06\/\u5fae\u4fe1\u622a\u56fe_20241113162051.webp 842w, https:\/\/aesthedgewallpanel.com\/wp-content\/uploads\/2024\/06\/\u5fae\u4fe1\u622a\u56fe_20241113162051-300x177.webp 300w, https:\/\/aesthedgewallpanel.com\/wp-content\/uploads\/2024\/06\/\u5fae\u4fe1\u622a\u56fe_20241113162051-768x453.webp 768w\" sizes=\"(max-width: 842px) 100vw, 842px\" \/><\/figure>\n<\/div>\n\n\n\n<div class=\"wp-block-column is-layout-flow wp-block-column-is-layout-flow\">\n<figure class=\"wp-block-image size-full\"><img decoding=\"async\" width=\"842\" height=\"497\" src=\"https:\/\/aesthedgewallpanel.com\/wp-content\/uploads\/2024\/06\/\u5fae\u4fe1\u622a\u56fe_20241113162051-4.webp\" alt=\"\" class=\"wp-image-1602\" srcset=\"https:\/\/aesthedgewallpanel.com\/wp-content\/uploads\/2024\/06\/\u5fae\u4fe1\u622a\u56fe_20241113162051-4.webp 842w, https:\/\/aesthedgewallpanel.com\/wp-content\/uploads\/2024\/06\/\u5fae\u4fe1\u622a\u56fe_20241113162051-4-300x177.webp 300w, https:\/\/aesthedgewallpanel.com\/wp-content\/uploads\/2024\/06\/\u5fae\u4fe1\u622a\u56fe_20241113162051-4-768x453.webp 768w\" sizes=\"(max-width: 842px) 100vw, 842px\" \/><\/figure>\n<\/div>\n<\/div>\n<\/div>\n<\/div>\n\n\n\n<div class=\"wp-block-columns is-layout-flex wp-container-core-columns-is-layout-9d6595d7 wp-block-columns-is-layout-flex\">\n<div class=\"wp-block-column is-layout-flow wp-block-column-is-layout-flow\">\n<figure class=\"wp-block-image size-full\"><img decoding=\"async\" width=\"842\" height=\"497\" src=\"https:\/\/aesthedgewallpanel.com\/wp-content\/uploads\/2024\/06\/\u5fae\u4fe1\u622a\u56fe_20241113162051-3.webp\" alt=\"bedroom pvc wall panels\" class=\"wp-image-1601\" srcset=\"https:\/\/aesthedgewallpanel.com\/wp-content\/uploads\/2024\/06\/\u5fae\u4fe1\u622a\u56fe_20241113162051-3.webp 842w, https:\/\/aesthedgewallpanel.com\/wp-content\/uploads\/2024\/06\/\u5fae\u4fe1\u622a\u56fe_20241113162051-3-300x177.webp 300w, https:\/\/aesthedgewallpanel.com\/wp-content\/uploads\/2024\/06\/\u5fae\u4fe1\u622a\u56fe_20241113162051-3-768x453.webp 768w\" sizes=\"(max-width: 842px) 100vw, 842px\" \/><\/figure>\n<\/div>\n\n\n\n<div class=\"wp-block-column is-layout-flow wp-block-column-is-layout-flow\">\n<figure class=\"wp-block-image size-full\"><img decoding=\"async\" width=\"842\" height=\"497\" src=\"https:\/\/aesthedgewallpanel.com\/wp-content\/uploads\/2024\/06\/\u5fae\u4fe1\u622a\u56fe_20241113162051-1.webp\" alt=\"\" class=\"wp-image-1600\" srcset=\"https:\/\/aesthedgewallpanel.com\/wp-content\/uploads\/2024\/06\/\u5fae\u4fe1\u622a\u56fe_20241113162051-1.webp 842w, https:\/\/aesthedgewallpanel.com\/wp-content\/uploads\/2024\/06\/\u5fae\u4fe1\u622a\u56fe_20241113162051-1-300x177.webp 300w, https:\/\/aesthedgewallpanel.com\/wp-content\/uploads\/2024\/06\/\u5fae\u4fe1\u622a\u56fe_20241113162051-1-768x453.webp 768w\" sizes=\"(max-width: 842px) 100vw, 842px\" \/><\/figure>\n<\/div>\n<\/div>\n\n\n\n<p>Para tamanhos, cores, relevo de superf\u00edcie e acabamentos personalizados, por favor&nbsp;<a href=\"\/pt\/contact\/\">contacte-nos aqui<\/a>.<\/p>","protected":false},"excerpt":{"rendered":"<p>Ecol\u00f3gico, Imperme\u00e1vel, Resistente ao fogo<\/p>","protected":false},"featured_media":1586,"template":"","products_category":[3],"surface_pvc_marble_sheet_":[],"style__acoustic_panel_":[],"film__bamboo_charcoal_wood_venee":[],"color_wpc_wall_panel":[149],"color_spc_wall_panel_":[],"shape":[],"class_list":["post-146","product","type-product","status-publish","has-post-thumbnail","hentry","products_category-wpc-wall-panel","color_wpc_wall_panel-wood-grain"],"yoast_head":"<!-- This site is optimized with the Yoast SEO plugin v25.5 - https:\/\/yoast.com\/wordpress\/plugins\/seo\/ -->\n<title>Premium WPC Louvers Suppliers - Competitive Pricing<\/title>\n<meta name=\"description\" content=\"Discover our premium WPC Louvers designed for global export. Ideal for diverse applications in various markets. Contact us today for inquiries and orders.\" \/>\n<meta name=\"robots\" content=\"index, follow, max-snippet:-1, max-image-preview:large, max-video-preview:-1\" \/>\n<link rel=\"canonical\" href=\"https:\/\/aesthedgewallpanel.com\/pt\/product\/wpc-louvers\/\" \/>\n<meta property=\"og:locale\" content=\"pt_PT\" \/>\n<meta property=\"og:type\" content=\"article\" \/>\n<meta property=\"og:title\" content=\"Premium WPC Louvers Suppliers - Competitive Pricing\" \/>\n<meta property=\"og:description\" content=\"Discover our premium WPC Louvers designed for global export. Ideal for diverse applications in various markets. Contact us today for inquiries and orders.\" \/>\n<meta property=\"og:url\" content=\"https:\/\/aesthedgewallpanel.com\/pt\/product\/wpc-louvers\/\" \/>\n<meta property=\"og:site_name\" content=\"AesthedgeWallPanel\" \/>\n<meta property=\"article:modified_time\" content=\"2025-01-20T09:15:43+00:00\" \/>\n<meta property=\"og:image\" content=\"https:\/\/aesthedgewallpanel.com\/wp-content\/uploads\/2024\/06\/wpc-louver-15017-1.jpg\" \/>\n\t<meta property=\"og:image:width\" content=\"800\" \/>\n\t<meta property=\"og:image:height\" content=\"800\" \/>\n\t<meta property=\"og:image:type\" content=\"image\/jpeg\" \/>\n<meta name=\"twitter:card\" content=\"summary_large_image\" \/>\n<meta name=\"twitter:label1\" content=\"Tempo estimado de leitura\" \/>\n\t<meta name=\"twitter:data1\" content=\"3 minutos\" \/>\n<script type=\"application\/ld+json\" class=\"yoast-schema-graph\">{\"@context\":\"https:\/\/schema.org\",\"@graph\":[{\"@type\":\"WebPage\",\"@id\":\"https:\/\/aesthedgewallpanel.com\/product\/wpc-louvers\/\",\"url\":\"https:\/\/aesthedgewallpanel.com\/product\/wpc-louvers\/\",\"name\":\"Premium WPC Louvers Suppliers - Competitive Pricing\",\"isPartOf\":{\"@id\":\"https:\/\/aesthedgewallpanel.com\/#website\"},\"primaryImageOfPage\":{\"@id\":\"https:\/\/aesthedgewallpanel.com\/product\/wpc-louvers\/#primaryimage\"},\"image\":{\"@id\":\"https:\/\/aesthedgewallpanel.com\/product\/wpc-louvers\/#primaryimage\"},\"thumbnailUrl\":\"https:\/\/aesthedgewallpanel.com\/wp-content\/uploads\/2024\/06\/wpc-louver-15017-1.jpg\",\"datePublished\":\"2024-06-15T11:48:20+00:00\",\"dateModified\":\"2025-01-20T09:15:43+00:00\",\"description\":\"Discover our premium WPC Louvers designed for global export. Ideal for diverse applications in various markets. Contact us today for inquiries and orders.\",\"breadcrumb\":{\"@id\":\"https:\/\/aesthedgewallpanel.com\/product\/wpc-louvers\/#breadcrumb\"},\"inLanguage\":\"pt-PT\",\"potentialAction\":[{\"@type\":\"ReadAction\",\"target\":[\"https:\/\/aesthedgewallpanel.com\/product\/wpc-louvers\/\"]}]},{\"@type\":\"ImageObject\",\"inLanguage\":\"pt-PT\",\"@id\":\"https:\/\/aesthedgewallpanel.com\/product\/wpc-louvers\/#primaryimage\",\"url\":\"https:\/\/aesthedgewallpanel.com\/wp-content\/uploads\/2024\/06\/wpc-louver-15017-1.jpg\",\"contentUrl\":\"https:\/\/aesthedgewallpanel.com\/wp-content\/uploads\/2024\/06\/wpc-louver-15017-1.jpg\",\"width\":800,\"height\":800},{\"@type\":\"BreadcrumbList\",\"@id\":\"https:\/\/aesthedgewallpanel.com\/product\/wpc-louvers\/#breadcrumb\",\"itemListElement\":[{\"@type\":\"ListItem\",\"position\":1,\"name\":\"Home\",\"item\":\"https:\/\/aesthedgewallpanel.com\/\"},{\"@type\":\"ListItem\",\"position\":2,\"name\":\"WPC WALL PANEL\",\"item\":\"https:\/\/aesthedgewallpanel.com\/product-category\/wpc-wall-panel\/\"},{\"@type\":\"ListItem\",\"position\":3,\"name\":\"Premium WPC Louvers CSW-150&#215;17\"}]},{\"@type\":\"WebSite\",\"@id\":\"https:\/\/aesthedgewallpanel.com\/#website\",\"url\":\"https:\/\/aesthedgewallpanel.com\/\",\"name\":\"AesthedgeWallPanel\",\"description\":\"Aesthedge Solutions for Modern Spaces\",\"potentialAction\":[{\"@type\":\"SearchAction\",\"target\":{\"@type\":\"EntryPoint\",\"urlTemplate\":\"https:\/\/aesthedgewallpanel.com\/?s={search_term_string}\"},\"query-input\":{\"@type\":\"PropertyValueSpecification\",\"valueRequired\":true,\"valueName\":\"search_term_string\"}}],\"inLanguage\":\"pt-PT\"}]}<\/script>\n<!-- \/ Yoast SEO plugin. -->","yoast_head_json":{"title":"Premium WPC Louvers Suppliers - Competitive Pricing","description":"Discover our premium WPC Louvers designed for global export. Ideal for diverse applications in various markets. Contact us today for inquiries and orders.","robots":{"index":"index","follow":"follow","max-snippet":"max-snippet:-1","max-image-preview":"max-image-preview:large","max-video-preview":"max-video-preview:-1"},"canonical":"https:\/\/aesthedgewallpanel.com\/pt\/product\/wpc-louvers\/","og_locale":"pt_PT","og_type":"article","og_title":"Premium WPC Louvers Suppliers - Competitive Pricing","og_description":"Discover our premium WPC Louvers designed for global export. Ideal for diverse applications in various markets. Contact us today for inquiries and orders.","og_url":"https:\/\/aesthedgewallpanel.com\/pt\/product\/wpc-louvers\/","og_site_name":"AesthedgeWallPanel","article_modified_time":"2025-01-20T09:15:43+00:00","og_image":[{"width":800,"height":800,"url":"https:\/\/aesthedgewallpanel.com\/wp-content\/uploads\/2024\/06\/wpc-louver-15017-1.jpg","type":"image\/jpeg"}],"twitter_card":"summary_large_image","twitter_misc":{"Tempo estimado de leitura":"3 minutos"},"schema":{"@context":"https:\/\/schema.org","@graph":[{"@type":"WebPage","@id":"https:\/\/aesthedgewallpanel.com\/product\/wpc-louvers\/","url":"https:\/\/aesthedgewallpanel.com\/product\/wpc-louvers\/","name":"Premium WPC Louvers Suppliers - Competitive Pricing","isPartOf":{"@id":"https:\/\/aesthedgewallpanel.com\/#website"},"primaryImageOfPage":{"@id":"https:\/\/aesthedgewallpanel.com\/product\/wpc-louvers\/#primaryimage"},"image":{"@id":"https:\/\/aesthedgewallpanel.com\/product\/wpc-louvers\/#primaryimage"},"thumbnailUrl":"https:\/\/aesthedgewallpanel.com\/wp-content\/uploads\/2024\/06\/wpc-louver-15017-1.jpg","datePublished":"2024-06-15T11:48:20+00:00","dateModified":"2025-01-20T09:15:43+00:00","description":"Discover our premium WPC Louvers designed for global export. Ideal for diverse applications in various markets. Contact us today for inquiries and orders.","breadcrumb":{"@id":"https:\/\/aesthedgewallpanel.com\/product\/wpc-louvers\/#breadcrumb"},"inLanguage":"pt-PT","potentialAction":[{"@type":"ReadAction","target":["https:\/\/aesthedgewallpanel.com\/product\/wpc-louvers\/"]}]},{"@type":"ImageObject","inLanguage":"pt-PT","@id":"https:\/\/aesthedgewallpanel.com\/product\/wpc-louvers\/#primaryimage","url":"https:\/\/aesthedgewallpanel.com\/wp-content\/uploads\/2024\/06\/wpc-louver-15017-1.jpg","contentUrl":"https:\/\/aesthedgewallpanel.com\/wp-content\/uploads\/2024\/06\/wpc-louver-15017-1.jpg","width":800,"height":800},{"@type":"BreadcrumbList","@id":"https:\/\/aesthedgewallpanel.com\/product\/wpc-louvers\/#breadcrumb","itemListElement":[{"@type":"ListItem","position":1,"name":"Home","item":"https:\/\/aesthedgewallpanel.com\/"},{"@type":"ListItem","position":2,"name":"WPC WALL PANEL","item":"https:\/\/aesthedgewallpanel.com\/product-category\/wpc-wall-panel\/"},{"@type":"ListItem","position":3,"name":"Premium WPC Louvers CSW-150&#215;17"}]},{"@type":"WebSite","@id":"https:\/\/aesthedgewallpanel.com\/#website","url":"https:\/\/aesthedgewallpanel.com\/","name":"AesthedgeWallPanel","description":"Aesthedge Solutions for Modern Spaces","potentialAction":[{"@type":"SearchAction","target":{"@type":"EntryPoint","urlTemplate":"https:\/\/aesthedgewallpanel.com\/?s={search_term_string}"},"query-input":{"@type":"PropertyValueSpecification","valueRequired":true,"valueName":"search_term_string"}}],"inLanguage":"pt-PT"}]}},"_links":{"self":[{"href":"https:\/\/aesthedgewallpanel.com\/pt\/wp-json\/wp\/v2\/product\/146","targetHints":{"allow":["GET"]}}],"collection":[{"href":"https:\/\/aesthedgewallpanel.com\/pt\/wp-json\/wp\/v2\/product"}],"about":[{"href":"https:\/\/aesthedgewallpanel.com\/pt\/wp-json\/wp\/v2\/types\/product"}],"wp:featuredmedia":[{"embeddable":true,"href":"https:\/\/aesthedgewallpanel.com\/pt\/wp-json\/wp\/v2\/media\/1586"}],"wp:attachment":[{"href":"https:\/\/aesthedgewallpanel.com\/pt\/wp-json\/wp\/v2\/media?parent=146"}],"wp:term":[{"taxonomy":"products_category","embeddable":true,"href":"https:\/\/aesthedgewallpanel.com\/pt\/wp-json\/wp\/v2\/products_category?post=146"},{"taxonomy":"surface_pvc_marble_sheet_","embeddable":true,"href":"https:\/\/aesthedgewallpanel.com\/pt\/wp-json\/wp\/v2\/surface_pvc_marble_sheet_?post=146"},{"taxonomy":"style__acoustic_panel_","embeddable":true,"href":"https:\/\/aesthedgewallpanel.com\/pt\/wp-json\/wp\/v2\/style__acoustic_panel_?post=146"},{"taxonomy":"film__bamboo_charcoal_wood_venee","embeddable":true,"href":"https:\/\/aesthedgewallpanel.com\/pt\/wp-json\/wp\/v2\/film__bamboo_charcoal_wood_venee?post=146"},{"taxonomy":"color_wpc_wall_panel","embeddable":true,"href":"https:\/\/aesthedgewallpanel.com\/pt\/wp-json\/wp\/v2\/color_wpc_wall_panel?post=146"},{"taxonomy":"color_spc_wall_panel_","embeddable":true,"href":"https:\/\/aesthedgewallpanel.com\/pt\/wp-json\/wp\/v2\/color_spc_wall_panel_?post=146"},{"taxonomy":"shape","embeddable":true,"href":"https:\/\/aesthedgewallpanel.com\/pt\/wp-json\/wp\/v2\/shape?post=146"}],"curies":[{"name":"wp","href":"https:\/\/api.w.org\/{rel}","templated":true}]}}