{"id":211,"date":"2025-02-07T01:57:43","date_gmt":"2025-02-07T01:57:43","guid":{"rendered":"https:\/\/aesthedgewallpanel.com\/?post_type=product&#038;p=211"},"modified":"2026-02-09T08:21:46","modified_gmt":"2026-02-09T08:21:46","slug":"akupanel","status":"publish","type":"product","link":"https:\/\/aesthedgewallpanel.com\/pt\/product\/akupanel\/","title":{"rendered":"Akupanel - Painel de absor\u00e7\u00e3o ac\u00fastica"},"content":{"rendered":"<h2 class=\"wp-block-heading\"><strong>Descri\u00e7\u00e3o do Akupanel<\/strong><\/h2>\n\n\n\n<p>O Akupanel, tamb\u00e9m conhecido como pain\u00e9is de absor\u00e7\u00e3o sonora, pain\u00e9is ac\u00fasticos, pain\u00e9is insonorizados ou pain\u00e9is sonoros, \u00e9 um tipo de painel. \u00c9 constru\u00eddo a partir de materiais de absor\u00e7\u00e3o de som com o objetivo de proporcionar isolamento ac\u00fastico. No interior do painel, entre duas camadas exteriores, \u00e9 colocado material de absor\u00e7\u00e3o do som e a parede do painel tem uma estrutura porosa. Quando o som atravessa uma placa ac\u00fastica, a intensidade do som \u00e9 reduzida. Esta redu\u00e7\u00e3o da energia sonora \u00e9 compensada pela produ\u00e7\u00e3o de energia t\u00e9rmica.<br>O Akupanel existe em diferentes tipos e formas.<\/p>\n\n\n\n<figure class=\"wp-block-image size-large\"><img decoding=\"async\" width=\"1024\" height=\"273\" src=\"https:\/\/aesthedgewallpanel.com\/wp-content\/uploads\/2024\/07\/New-Project-14-1024x273.webp\" alt=\"\" class=\"wp-image-1628\" srcset=\"https:\/\/aesthedgewallpanel.com\/wp-content\/uploads\/2024\/07\/New-Project-14-1024x273.webp 1024w, https:\/\/aesthedgewallpanel.com\/wp-content\/uploads\/2024\/07\/New-Project-14-300x80.webp 300w, https:\/\/aesthedgewallpanel.com\/wp-content\/uploads\/2024\/07\/New-Project-14-768x205.webp 768w, https:\/\/aesthedgewallpanel.com\/wp-content\/uploads\/2024\/07\/New-Project-14.webp 1500w\" sizes=\"(max-width: 1024px) 100vw, 1024px\" \/><\/figure>\n\n\n\n<p>Podem ser fabricados especialmente para se adaptarem a v\u00e1rias necessidades e visuais de design. Os tipos habituais s\u00e3o pain\u00e9is de absor\u00e7\u00e3o, pain\u00e9is de fuga, pain\u00e9is de isolamento ac\u00fastico e pain\u00e9is suspensos. Os materiais que podem ser utilizados s\u00e3o a madeira, a placa de gesso, o feltro de absor\u00e7\u00e3o de som e a espuma de poliuretano.<\/p>\n\n\n\n<h2 class=\"wp-block-heading\"><strong>Vantagens do AesthEdge Akupanel<\/strong><\/h2>\n\n\n\n<p>O Akupanel AesthEdge est\u00e1 dispon\u00edvel em muitos tamanhos e cores diferentes, oferecendo aos clientes uma vasta gama de escolhas. Os pain\u00e9is est\u00e3o dispon\u00edveis em todos os tipos de tamanhos e desenhos, pelo que os clientes podem escolher o painel exato que se adapta aos seus requisitos ac\u00fasticos espec\u00edficos e ao aspeto que pretendem. Quer se trate de um est\u00fadio de m\u00fasica, de uma sala de reuni\u00f5es, de um cinema em casa ou de qualquer outro local onde um bom som seja importante, os nossos pain\u00e9is ac\u00fasticos funcionam bem. Combinam a utilidade com a est\u00e9tica.<\/p>\n\n\n\n<figure class=\"wp-block-image size-full\"><img decoding=\"async\" width=\"710\" height=\"500\" src=\"https:\/\/aesthedgewallpanel.com\/wp-content\/uploads\/2025\/09\/acoustic-slat-panels-2.webp\" alt=\"\" class=\"wp-image-3886\" srcset=\"https:\/\/aesthedgewallpanel.com\/wp-content\/uploads\/2025\/09\/acoustic-slat-panels-2.webp 710w, https:\/\/aesthedgewallpanel.com\/wp-content\/uploads\/2025\/09\/acoustic-slat-panels-2-300x211.webp 300w, https:\/\/aesthedgewallpanel.com\/wp-content\/uploads\/2025\/09\/acoustic-slat-panels-2-18x12.webp 18w\" sizes=\"(max-width: 710px) 100vw, 710px\" \/><\/figure>\n\n\n\n<p>Os Akupanels podem ser instalados nas paredes e tectos de todo o tipo de divis\u00f5es, incluindo salas de estar, corredores, cozinhas, quartos de crian\u00e7as, quartos e escrit\u00f3rios. Tamb\u00e9m s\u00e3o bons para locais p\u00fablicos, como bairros, lojas e restaurantes.<\/p>\n\n\n\n<p>Temos diferentes formas de embalar e enviar os produtos para facilitar aos clientes a rece\u00e7\u00e3o das suas encomendas. Quando embalamos, utilizamos materiais excelentes para manter os produtos seguros enquanto est\u00e3o a ser enviados. Tamb\u00e9m podemos alterar a forma como embalamos para nos adaptarmos ao que cada cliente pretende.<\/p>\n\n\n\n<figure class=\"wp-block-image size-full\"><img decoding=\"async\" width=\"800\" height=\"550\" src=\"https:\/\/aesthedgewallpanel.com\/wp-content\/uploads\/2024\/09\/wpc_14-1.webp\" alt=\"WPC wall panels delivery\" class=\"wp-image-1570\" srcset=\"https:\/\/aesthedgewallpanel.com\/wp-content\/uploads\/2024\/09\/wpc_14-1.webp 800w, https:\/\/aesthedgewallpanel.com\/wp-content\/uploads\/2024\/09\/wpc_14-1-300x206.webp 300w, https:\/\/aesthedgewallpanel.com\/wp-content\/uploads\/2024\/09\/wpc_14-1-768x528.webp 768w\" sizes=\"(max-width: 800px) 100vw, 800px\" \/><\/figure>\n\n\n\n<p>Para tamanhos, cores, relevo de superf\u00edcie e acabamentos personalizados, por favor&nbsp;<a href=\"https:\/\/aesthedgewallpanel.com\/pt\/contact\/\">contacte-nos aqui<\/a>.<\/p>\n\n\n\n<p>O nosso objetivo \u00e9 garantir que os nossos clientes recebem as suas encomendas prontamente e sem grandes problemas ou atrasos. Oferecemos uma vasta gama de op\u00e7\u00f5es de embalagem e transporte. Fazemos o nosso melhor para proporcionar aos nossos clientes uma experi\u00eancia f\u00e1cil e sem preocupa\u00e7\u00f5es.<\/p>\n\n\n\n<h2 class=\"wp-block-heading\">Onde posso utilizar o Akupanels?<\/h2>\n\n\n\n<p>Os locais t\u00edpicos para os instalar s\u00e3o nas paredes e no teto. Mas tamb\u00e9m pode coloc\u00e1-los atr\u00e1s das colunas ou noutros cantos da sala. Quando se trata de colocar o Akupanel, o tamanho da sala \u00e9 muito importante. Se a sala for pequena, n\u00e3o precisar\u00e1 de tantos pain\u00e9is como numa \u00e1rea maior.<\/p>\n\n\n\n<div class=\"wp-block-columns is-layout-flex wp-container-core-columns-is-layout-9d6595d7 wp-block-columns-is-layout-flex\">\n<div class=\"wp-block-column is-layout-flow wp-block-column-is-layout-flow\">\n<figure class=\"wp-block-image size-full\"><img decoding=\"async\" width=\"600\" height=\"500\" src=\"https:\/\/aesthedgewallpanel.com\/wp-content\/uploads\/2024\/07\/New-Project-18.webp\" alt=\"Akupanels apply\" class=\"wp-image-1635\" srcset=\"https:\/\/aesthedgewallpanel.com\/wp-content\/uploads\/2024\/07\/New-Project-18.webp 600w, https:\/\/aesthedgewallpanel.com\/wp-content\/uploads\/2024\/07\/New-Project-18-300x250.webp 300w\" sizes=\"(max-width: 600px) 100vw, 600px\" \/><\/figure>\n<\/div>\n\n\n\n<div class=\"wp-block-column is-layout-flow wp-block-column-is-layout-flow\">\n<figure class=\"wp-block-image size-full\"><img decoding=\"async\" width=\"600\" height=\"500\" src=\"https:\/\/aesthedgewallpanel.com\/wp-content\/uploads\/2024\/07\/New-Project-17.webp\" alt=\"\" class=\"wp-image-1634\" srcset=\"https:\/\/aesthedgewallpanel.com\/wp-content\/uploads\/2024\/07\/New-Project-17.webp 600w, https:\/\/aesthedgewallpanel.com\/wp-content\/uploads\/2024\/07\/New-Project-17-300x250.webp 300w\" sizes=\"(max-width: 600px) 100vw, 600px\" \/><\/figure>\n<\/div>\n<\/div>\n\n\n\n<p>Os Akupanels s\u00e3o muito vers\u00e1teis e podem ser aplicados tanto em paredes como em tectos numa grande variedade de ambientes. Quer seja no conforto da sua pr\u00f3pria casa, como salas de estar, corredores, cozinhas, quartos de crian\u00e7a ou de dormir, ou mesmo em ambientes de escrit\u00f3rio. S\u00e3o igualmente adequados para espa\u00e7os p\u00fablicos, como comunidades, lojas movimentadas e restaurantes convidativos.<\/p>\n\n\n\n<p><\/p>","protected":false},"excerpt":{"rendered":"<p>Redu\u00e7\u00e3o do ru\u00eddo, amigo do ambiente<\/p>","protected":false},"featured_media":4987,"template":"","products_category":[56],"surface_pvc_marble_sheet_":[],"style__acoustic_panel_":[136],"film__bamboo_charcoal_wood_venee":[],"color_wpc_wall_panel":[],"color_spc_wall_panel_":[],"shape":[],"class_list":["post-211","product","type-product","status-publish","has-post-thumbnail","hentry","products_category-acoustic-panel","style__acoustic_panel_-other-shapes"],"yoast_head":"<!-- This site is optimized with the Yoast SEO plugin v25.5 - https:\/\/yoast.com\/wordpress\/plugins\/seo\/ -->\n<title>Premium Akupanel for Global Business<\/title>\n<meta name=\"description\" content=\"Premium Akupanel is for export. With outstanding performance, it meets the needs of your business. Contact us to get free samples and a quote now!\" \/>\n<meta name=\"robots\" content=\"index, follow, max-snippet:-1, max-image-preview:large, max-video-preview:-1\" \/>\n<link rel=\"canonical\" href=\"https:\/\/aesthedgewallpanel.com\/pt\/product\/akupanel\/\" \/>\n<meta property=\"og:locale\" content=\"pt_PT\" \/>\n<meta property=\"og:type\" content=\"article\" \/>\n<meta property=\"og:title\" content=\"Premium Akupanel for Global Business\" \/>\n<meta property=\"og:description\" content=\"Premium Akupanel is for export. With outstanding performance, it meets the needs of your business. Contact us to get free samples and a quote now!\" \/>\n<meta property=\"og:url\" content=\"https:\/\/aesthedgewallpanel.com\/pt\/product\/akupanel\/\" \/>\n<meta property=\"og:site_name\" content=\"AesthedgeWallPanel\" \/>\n<meta property=\"article:modified_time\" content=\"2026-02-09T08:21:46+00:00\" \/>\n<meta property=\"og:image\" content=\"https:\/\/aesthedgewallpanel.com\/wp-content\/uploads\/2024\/07\/00a2b1278163db496d6291a983cb7d45.webp\" \/>\n\t<meta property=\"og:image:width\" content=\"800\" \/>\n\t<meta property=\"og:image:height\" content=\"800\" \/>\n\t<meta property=\"og:image:type\" content=\"image\/webp\" \/>\n<meta name=\"twitter:card\" content=\"summary_large_image\" \/>\n<meta name=\"twitter:label1\" content=\"Tempo estimado de leitura\" \/>\n\t<meta name=\"twitter:data1\" content=\"4 minutos\" \/>\n<script type=\"application\/ld+json\" class=\"yoast-schema-graph\">{\"@context\":\"https:\/\/schema.org\",\"@graph\":[{\"@type\":\"WebPage\",\"@id\":\"https:\/\/aesthedgewallpanel.com\/product\/akupanel\/\",\"url\":\"https:\/\/aesthedgewallpanel.com\/product\/akupanel\/\",\"name\":\"Premium Akupanel for Global Business\",\"isPartOf\":{\"@id\":\"https:\/\/aesthedgewallpanel.com\/#website\"},\"primaryImageOfPage\":{\"@id\":\"https:\/\/aesthedgewallpanel.com\/product\/akupanel\/#primaryimage\"},\"image\":{\"@id\":\"https:\/\/aesthedgewallpanel.com\/product\/akupanel\/#primaryimage\"},\"thumbnailUrl\":\"https:\/\/aesthedgewallpanel.com\/wp-content\/uploads\/2024\/07\/00a2b1278163db496d6291a983cb7d45.webp\",\"datePublished\":\"2025-02-07T01:57:43+00:00\",\"dateModified\":\"2026-02-09T08:21:46+00:00\",\"description\":\"Premium Akupanel is for export. With outstanding performance, it meets the needs of your business. Contact us to get free samples and a quote now!\",\"breadcrumb\":{\"@id\":\"https:\/\/aesthedgewallpanel.com\/product\/akupanel\/#breadcrumb\"},\"inLanguage\":\"pt-PT\",\"potentialAction\":[{\"@type\":\"ReadAction\",\"target\":[\"https:\/\/aesthedgewallpanel.com\/product\/akupanel\/\"]}]},{\"@type\":\"ImageObject\",\"inLanguage\":\"pt-PT\",\"@id\":\"https:\/\/aesthedgewallpanel.com\/product\/akupanel\/#primaryimage\",\"url\":\"https:\/\/aesthedgewallpanel.com\/wp-content\/uploads\/2024\/07\/00a2b1278163db496d6291a983cb7d45.webp\",\"contentUrl\":\"https:\/\/aesthedgewallpanel.com\/wp-content\/uploads\/2024\/07\/00a2b1278163db496d6291a983cb7d45.webp\",\"width\":800,\"height\":800},{\"@type\":\"BreadcrumbList\",\"@id\":\"https:\/\/aesthedgewallpanel.com\/product\/akupanel\/#breadcrumb\",\"itemListElement\":[{\"@type\":\"ListItem\",\"position\":1,\"name\":\"Home\",\"item\":\"https:\/\/aesthedgewallpanel.com\/\"},{\"@type\":\"ListItem\",\"position\":2,\"name\":\"ACOUSTIC PANEL\",\"item\":\"https:\/\/aesthedgewallpanel.com\/product-category\/acoustic-panel\/\"},{\"@type\":\"ListItem\",\"position\":3,\"name\":\"Akupanel &#8211; Sound Absorbing Panel\"}]},{\"@type\":\"WebSite\",\"@id\":\"https:\/\/aesthedgewallpanel.com\/#website\",\"url\":\"https:\/\/aesthedgewallpanel.com\/\",\"name\":\"AesthedgeWallPanel\",\"description\":\"Aesthedge Solutions for Modern Spaces\",\"potentialAction\":[{\"@type\":\"SearchAction\",\"target\":{\"@type\":\"EntryPoint\",\"urlTemplate\":\"https:\/\/aesthedgewallpanel.com\/?s={search_term_string}\"},\"query-input\":{\"@type\":\"PropertyValueSpecification\",\"valueRequired\":true,\"valueName\":\"search_term_string\"}}],\"inLanguage\":\"pt-PT\"}]}<\/script>\n<!-- \/ Yoast SEO plugin. -->","yoast_head_json":{"title":"Premium Akupanel for Global Business","description":"Premium Akupanel is for export. With outstanding performance, it meets the needs of your business. Contact us to get free samples and a quote now!","robots":{"index":"index","follow":"follow","max-snippet":"max-snippet:-1","max-image-preview":"max-image-preview:large","max-video-preview":"max-video-preview:-1"},"canonical":"https:\/\/aesthedgewallpanel.com\/pt\/product\/akupanel\/","og_locale":"pt_PT","og_type":"article","og_title":"Premium Akupanel for Global Business","og_description":"Premium Akupanel is for export. With outstanding performance, it meets the needs of your business. Contact us to get free samples and a quote now!","og_url":"https:\/\/aesthedgewallpanel.com\/pt\/product\/akupanel\/","og_site_name":"AesthedgeWallPanel","article_modified_time":"2026-02-09T08:21:46+00:00","og_image":[{"width":800,"height":800,"url":"https:\/\/aesthedgewallpanel.com\/wp-content\/uploads\/2024\/07\/00a2b1278163db496d6291a983cb7d45.webp","type":"image\/webp"}],"twitter_card":"summary_large_image","twitter_misc":{"Tempo estimado de leitura":"4 minutos"},"schema":{"@context":"https:\/\/schema.org","@graph":[{"@type":"WebPage","@id":"https:\/\/aesthedgewallpanel.com\/product\/akupanel\/","url":"https:\/\/aesthedgewallpanel.com\/product\/akupanel\/","name":"Premium Akupanel for Global Business","isPartOf":{"@id":"https:\/\/aesthedgewallpanel.com\/#website"},"primaryImageOfPage":{"@id":"https:\/\/aesthedgewallpanel.com\/product\/akupanel\/#primaryimage"},"image":{"@id":"https:\/\/aesthedgewallpanel.com\/product\/akupanel\/#primaryimage"},"thumbnailUrl":"https:\/\/aesthedgewallpanel.com\/wp-content\/uploads\/2024\/07\/00a2b1278163db496d6291a983cb7d45.webp","datePublished":"2025-02-07T01:57:43+00:00","dateModified":"2026-02-09T08:21:46+00:00","description":"Premium Akupanel is for export. With outstanding performance, it meets the needs of your business. Contact us to get free samples and a quote now!","breadcrumb":{"@id":"https:\/\/aesthedgewallpanel.com\/product\/akupanel\/#breadcrumb"},"inLanguage":"pt-PT","potentialAction":[{"@type":"ReadAction","target":["https:\/\/aesthedgewallpanel.com\/product\/akupanel\/"]}]},{"@type":"ImageObject","inLanguage":"pt-PT","@id":"https:\/\/aesthedgewallpanel.com\/product\/akupanel\/#primaryimage","url":"https:\/\/aesthedgewallpanel.com\/wp-content\/uploads\/2024\/07\/00a2b1278163db496d6291a983cb7d45.webp","contentUrl":"https:\/\/aesthedgewallpanel.com\/wp-content\/uploads\/2024\/07\/00a2b1278163db496d6291a983cb7d45.webp","width":800,"height":800},{"@type":"BreadcrumbList","@id":"https:\/\/aesthedgewallpanel.com\/product\/akupanel\/#breadcrumb","itemListElement":[{"@type":"ListItem","position":1,"name":"Home","item":"https:\/\/aesthedgewallpanel.com\/"},{"@type":"ListItem","position":2,"name":"ACOUSTIC PANEL","item":"https:\/\/aesthedgewallpanel.com\/product-category\/acoustic-panel\/"},{"@type":"ListItem","position":3,"name":"Akupanel &#8211; Sound Absorbing Panel"}]},{"@type":"WebSite","@id":"https:\/\/aesthedgewallpanel.com\/#website","url":"https:\/\/aesthedgewallpanel.com\/","name":"AesthedgeWallPanel","description":"Aesthedge Solutions for Modern Spaces","potentialAction":[{"@type":"SearchAction","target":{"@type":"EntryPoint","urlTemplate":"https:\/\/aesthedgewallpanel.com\/?s={search_term_string}"},"query-input":{"@type":"PropertyValueSpecification","valueRequired":true,"valueName":"search_term_string"}}],"inLanguage":"pt-PT"}]}},"_links":{"self":[{"href":"https:\/\/aesthedgewallpanel.com\/pt\/wp-json\/wp\/v2\/product\/211","targetHints":{"allow":["GET"]}}],"collection":[{"href":"https:\/\/aesthedgewallpanel.com\/pt\/wp-json\/wp\/v2\/product"}],"about":[{"href":"https:\/\/aesthedgewallpanel.com\/pt\/wp-json\/wp\/v2\/types\/product"}],"wp:featuredmedia":[{"embeddable":true,"href":"https:\/\/aesthedgewallpanel.com\/pt\/wp-json\/wp\/v2\/media\/4987"}],"wp:attachment":[{"href":"https:\/\/aesthedgewallpanel.com\/pt\/wp-json\/wp\/v2\/media?parent=211"}],"wp:term":[{"taxonomy":"products_category","embeddable":true,"href":"https:\/\/aesthedgewallpanel.com\/pt\/wp-json\/wp\/v2\/products_category?post=211"},{"taxonomy":"surface_pvc_marble_sheet_","embeddable":true,"href":"https:\/\/aesthedgewallpanel.com\/pt\/wp-json\/wp\/v2\/surface_pvc_marble_sheet_?post=211"},{"taxonomy":"style__acoustic_panel_","embeddable":true,"href":"https:\/\/aesthedgewallpanel.com\/pt\/wp-json\/wp\/v2\/style__acoustic_panel_?post=211"},{"taxonomy":"film__bamboo_charcoal_wood_venee","embeddable":true,"href":"https:\/\/aesthedgewallpanel.com\/pt\/wp-json\/wp\/v2\/film__bamboo_charcoal_wood_venee?post=211"},{"taxonomy":"color_wpc_wall_panel","embeddable":true,"href":"https:\/\/aesthedgewallpanel.com\/pt\/wp-json\/wp\/v2\/color_wpc_wall_panel?post=211"},{"taxonomy":"color_spc_wall_panel_","embeddable":true,"href":"https:\/\/aesthedgewallpanel.com\/pt\/wp-json\/wp\/v2\/color_spc_wall_panel_?post=211"},{"taxonomy":"shape","embeddable":true,"href":"https:\/\/aesthedgewallpanel.com\/pt\/wp-json\/wp\/v2\/shape?post=211"}],"curies":[{"name":"wp","href":"https:\/\/api.w.org\/{rel}","templated":true}]}}