{"id":2191,"date":"2024-12-20T06:24:27","date_gmt":"2024-12-20T06:24:27","guid":{"rendered":"https:\/\/aesthedgewallpanel.com\/?post_type=product&#038;p=2191"},"modified":"2024-12-20T08:49:14","modified_gmt":"2024-12-20T08:49:14","slug":"diy-3d-wall-panel-slat-wall-panel","status":"publish","type":"product","link":"https:\/\/aesthedgewallpanel.com\/pt\/product\/diy-3d-wall-panel-slat-wall-panel\/","title":{"rendered":"PAINEL DE PAREDE 3D DIY - Painel de parede de ripas"},"content":{"rendered":"<h2 class=\"wp-block-heading\"><strong><strong>Accent wall Panels- 3D acoustic slat wood wall panel<\/strong><\/strong><\/h2>\n\n\n\n<p>3D Acoustic Slat Wall Panels are ideal for efficient sound absorption and significantly reducing indoor noise reverberation. They can effectively block sounds up to 29 decibels, keeping the indoor environment quiet and comfortable. Particularly effective in the 500-2000 Hz frequency range, where human hearing is most sensitive, they boast a sound absorption coefficient of 0.97 at 1000 Hz.<\/p>\n\n\n\n<h2 class=\"wp-block-heading\"><strong>Slat wall panel easy install<\/strong><\/h2>\n\n\n\n<p><strong>3D Slat Wall Panel<\/strong> lightweight panels can be easily installed on ceilings or walls, or even used as movable partitions. Compared to traditional sound-absorbing materials, they require simpler installation and fewer tools. <strong>3D Slat Wall Panel can be cut for customers DIY needs.<\/strong><\/p>\n\n\n\n<figure class=\"wp-block-image size-full\"><img decoding=\"async\" width=\"800\" height=\"800\" src=\"https:\/\/aesthedgewallpanel.com\/wp-content\/uploads\/2024\/12\/1-6-1.jpg\" alt=\"\" class=\"wp-image-2208\" srcset=\"https:\/\/aesthedgewallpanel.com\/wp-content\/uploads\/2024\/12\/1-6-1.jpg 800w, https:\/\/aesthedgewallpanel.com\/wp-content\/uploads\/2024\/12\/1-6-1-300x300.jpg 300w, https:\/\/aesthedgewallpanel.com\/wp-content\/uploads\/2024\/12\/1-6-1-150x150.jpg 150w, https:\/\/aesthedgewallpanel.com\/wp-content\/uploads\/2024\/12\/1-6-1-768x768.jpg 768w\" sizes=\"(max-width: 800px) 100vw, 800px\" \/><\/figure>\n\n\n\n<h2 class=\"wp-block-heading\"><strong>Slat Wall Panels various color<\/strong><\/h2>\n\n\n\n<p>3D Slat Wall Panels are available in a variety of colors to suit your business needs.<\/p>\n\n\n\n<figure class=\"wp-block-image size-large\"><img decoding=\"async\" width=\"1024\" height=\"536\" src=\"https:\/\/aesthedgewallpanel.com\/wp-content\/uploads\/2024\/12\/8c01a237400098b9e047e8c6f8056db-1024x536.png\" alt=\"\" class=\"wp-image-2215\" srcset=\"https:\/\/aesthedgewallpanel.com\/wp-content\/uploads\/2024\/12\/8c01a237400098b9e047e8c6f8056db-1024x536.png 1024w, https:\/\/aesthedgewallpanel.com\/wp-content\/uploads\/2024\/12\/8c01a237400098b9e047e8c6f8056db-300x157.png 300w, https:\/\/aesthedgewallpanel.com\/wp-content\/uploads\/2024\/12\/8c01a237400098b9e047e8c6f8056db-768x402.png 768w, https:\/\/aesthedgewallpanel.com\/wp-content\/uploads\/2024\/12\/8c01a237400098b9e047e8c6f8056db-1536x804.png 1536w, https:\/\/aesthedgewallpanel.com\/wp-content\/uploads\/2024\/12\/8c01a237400098b9e047e8c6f8056db.png 1607w\" sizes=\"(max-width: 1024px) 100vw, 1024px\" \/><\/figure>\n\n\n\n<h2 class=\"wp-block-heading\"><strong>3D Slat Wall Panels Application<\/strong><\/h2>\n\n\n\n<p>Sound-absorbing panels are used in various settings to reduce noise and improve acoustics. Common applications include:<\/p>\n\n\n\n<p><strong>Professional Spaces<\/strong>: Recording studios, control rooms, and broadcast booths<\/p>\n\n\n\n<p><strong>Espa\u00e7os p\u00fablicos<\/strong>: Concert halls, theaters, and auditoriums<\/p>\n\n\n\n<p><strong>Espa\u00e7os comerciais<\/strong>: Offices, conference rooms, and restaurants<\/p>\n\n\n\n<p><strong>Espa\u00e7os residenciais<\/strong>: Home theaters and media rooms<\/p>\n\n\n\n<h2 class=\"wp-block-heading\"><strong>Why choose Aesthedge DIY 3D Slat Wall Panel<\/strong><\/h2>\n\n\n\n<p><strong>Qualidade inigual\u00e1vel em que pode confiar<\/strong><\/p>\n\n\n\n<p>Escolher a AesthEdge significa abra\u00e7ar uma qualidade excecional. Os nossos pain\u00e9is de parede de ripas 3D DIY s\u00e3o cuidadosamente concebidos e fabricados com materiais ecol\u00f3gicos que cumprem rigorosas normas internacionais, incluindo a certifica\u00e7\u00e3o CE. Com t\u00e9cnicas de fabrico avan\u00e7adas e controlos de qualidade minuciosos, refor\u00e7am a fidelidade dos clientes e melhoram a reputa\u00e7\u00e3o da sua marca.<\/p>\n\n\n\n<p><strong>F\u00e1brica interna<\/strong><\/p>\n\n\n\n<p>Com a nossa f\u00e1brica de \u00faltima gera\u00e7\u00e3o, a AesthEdge mant\u00e9m o controlo total sobre todo o processo de produ\u00e7\u00e3o. Isto permite-nos personalizar rapidamente tamanhos e cores para satisfazer as necessidades espec\u00edficas do seu mercado, garantindo uma entrega eficiente e um conhecimento profundo das tend\u00eancias do mercado.<\/p>\n\n\n\n<figure class=\"wp-block-image size-full\"><img decoding=\"async\" width=\"750\" height=\"555\" src=\"https:\/\/aesthedgewallpanel.com\/wp-content\/uploads\/2024\/06\/image.png\" alt=\"\" class=\"wp-image-1931\" srcset=\"https:\/\/aesthedgewallpanel.com\/wp-content\/uploads\/2024\/06\/image.png 750w, https:\/\/aesthedgewallpanel.com\/wp-content\/uploads\/2024\/06\/image-300x222.png 300w\" sizes=\"(max-width: 750px) 100vw, 750px\" \/><\/figure>\n\n\n\n<p>A nossa f\u00e1brica interna dedicada \u00e9 a pedra angular da nossa parceria. N\u00e3o s\u00f3 reduz os custos e aumenta as margens de lucro, como tamb\u00e9m nos permite oferecer solu\u00e7\u00f5es \u00e0 medida para diversos mercados.<\/p>\n\n\n\n<p><strong>Sustentabilidade: Uma vantagem verde para o seu mercado<\/strong><\/p>\n\n\n\n<p>At AesthEdge, we&#8217;re committed to sustainability. Our optimized production processes minimize waste, improving indoor air quality and reducing our carbon footprint. This eco-friendly approach aligns perfectly with the growing demand for sustainable products, giving you a competitive edge in today&#8217;s market.<\/p>\n\n\n\n<figure class=\"wp-block-image size-large\"><img decoding=\"async\" width=\"1024\" height=\"369\" src=\"https:\/\/aesthedgewallpanel.com\/wp-content\/uploads\/2024\/12\/1e7169865c497d77d58ed1615e26082-1024x369.jpg\" alt=\"\" class=\"wp-image-2200\" srcset=\"https:\/\/aesthedgewallpanel.com\/wp-content\/uploads\/2024\/12\/1e7169865c497d77d58ed1615e26082-1024x369.jpg 1024w, https:\/\/aesthedgewallpanel.com\/wp-content\/uploads\/2024\/12\/1e7169865c497d77d58ed1615e26082-300x108.jpg 300w, https:\/\/aesthedgewallpanel.com\/wp-content\/uploads\/2024\/12\/1e7169865c497d77d58ed1615e26082-768x276.jpg 768w, https:\/\/aesthedgewallpanel.com\/wp-content\/uploads\/2024\/12\/1e7169865c497d77d58ed1615e26082-1536x553.jpg 1536w, https:\/\/aesthedgewallpanel.com\/wp-content\/uploads\/2024\/12\/1e7169865c497d77d58ed1615e26082-2048x737.jpg 2048w\" sizes=\"(max-width: 1024px) 100vw, 1024px\" \/><\/figure>\n\n\n\n<p>As a valued partner, you&#8217;re part of the AesthEdge family. Our dedicated team is here to support you every step of the way, from answering questions to providing marketing advice. We&#8217;re committed to making your partnership experience seamless and rewarding.<\/p>\n\n\n\n<p><\/p>","protected":false},"excerpt":{"rendered":"<p>Redu\u00e7\u00e3o do ru\u00eddo, amigo do ambiente<\/p>","protected":false},"featured_media":2193,"template":"","products_category":[190],"surface_pvc_marble_sheet_":[],"style__acoustic_panel_":[],"film__bamboo_charcoal_wood_venee":[],"color_wpc_wall_panel":[],"color_spc_wall_panel_":[],"shape":[191],"class_list":["post-2191","product","type-product","status-publish","has-post-thumbnail","hentry","products_category-diy-3d-wall-panel","shape-slat"],"yoast_head":"<!-- This site is optimized with the Yoast SEO plugin v25.5 - https:\/\/yoast.com\/wordpress\/plugins\/seo\/ -->\n<title>DIY 3D WALL PANEL - Slat Wall Panel - AesthedgeWallPanel<\/title>\n<meta name=\"robots\" content=\"index, follow, max-snippet:-1, max-image-preview:large, max-video-preview:-1\" \/>\n<link rel=\"canonical\" href=\"https:\/\/aesthedgewallpanel.com\/pt\/product\/diy-3d-wall-panel-slat-wall-panel\/\" \/>\n<meta property=\"og:locale\" content=\"pt_PT\" \/>\n<meta property=\"og:type\" content=\"article\" \/>\n<meta property=\"og:title\" content=\"DIY 3D WALL PANEL - Slat Wall Panel - AesthedgeWallPanel\" \/>\n<meta property=\"og:description\" content=\"Noise Reduction,Environmentally Friendly\" \/>\n<meta property=\"og:url\" content=\"https:\/\/aesthedgewallpanel.com\/pt\/product\/diy-3d-wall-panel-slat-wall-panel\/\" \/>\n<meta property=\"og:site_name\" content=\"AesthedgeWallPanel\" \/>\n<meta property=\"article:modified_time\" content=\"2024-12-20T08:49:14+00:00\" \/>\n<meta property=\"og:image\" content=\"https:\/\/aesthedgewallpanel.com\/wp-content\/uploads\/2024\/12\/1-3-4.jpg\" \/>\n\t<meta property=\"og:image:width\" content=\"800\" \/>\n\t<meta property=\"og:image:height\" content=\"800\" \/>\n\t<meta property=\"og:image:type\" content=\"image\/jpeg\" \/>\n<meta name=\"twitter:card\" content=\"summary_large_image\" \/>\n<meta name=\"twitter:label1\" content=\"Tempo estimado de leitura\" \/>\n\t<meta name=\"twitter:data1\" content=\"3 minutos\" \/>\n<script type=\"application\/ld+json\" class=\"yoast-schema-graph\">{\"@context\":\"https:\/\/schema.org\",\"@graph\":[{\"@type\":\"WebPage\",\"@id\":\"https:\/\/aesthedgewallpanel.com\/product\/diy-3d-wall-panel-slat-wall-panel\/\",\"url\":\"https:\/\/aesthedgewallpanel.com\/product\/diy-3d-wall-panel-slat-wall-panel\/\",\"name\":\"DIY 3D WALL PANEL - Slat Wall Panel - AesthedgeWallPanel\",\"isPartOf\":{\"@id\":\"https:\/\/aesthedgewallpanel.com\/#website\"},\"primaryImageOfPage\":{\"@id\":\"https:\/\/aesthedgewallpanel.com\/product\/diy-3d-wall-panel-slat-wall-panel\/#primaryimage\"},\"image\":{\"@id\":\"https:\/\/aesthedgewallpanel.com\/product\/diy-3d-wall-panel-slat-wall-panel\/#primaryimage\"},\"thumbnailUrl\":\"https:\/\/aesthedgewallpanel.com\/wp-content\/uploads\/2024\/12\/1-3-4.jpg\",\"datePublished\":\"2024-12-20T06:24:27+00:00\",\"dateModified\":\"2024-12-20T08:49:14+00:00\",\"breadcrumb\":{\"@id\":\"https:\/\/aesthedgewallpanel.com\/product\/diy-3d-wall-panel-slat-wall-panel\/#breadcrumb\"},\"inLanguage\":\"pt-PT\",\"potentialAction\":[{\"@type\":\"ReadAction\",\"target\":[\"https:\/\/aesthedgewallpanel.com\/product\/diy-3d-wall-panel-slat-wall-panel\/\"]}]},{\"@type\":\"ImageObject\",\"inLanguage\":\"pt-PT\",\"@id\":\"https:\/\/aesthedgewallpanel.com\/product\/diy-3d-wall-panel-slat-wall-panel\/#primaryimage\",\"url\":\"https:\/\/aesthedgewallpanel.com\/wp-content\/uploads\/2024\/12\/1-3-4.jpg\",\"contentUrl\":\"https:\/\/aesthedgewallpanel.com\/wp-content\/uploads\/2024\/12\/1-3-4.jpg\",\"width\":800,\"height\":800},{\"@type\":\"BreadcrumbList\",\"@id\":\"https:\/\/aesthedgewallpanel.com\/product\/diy-3d-wall-panel-slat-wall-panel\/#breadcrumb\",\"itemListElement\":[{\"@type\":\"ListItem\",\"position\":1,\"name\":\"Home\",\"item\":\"https:\/\/aesthedgewallpanel.com\/\"},{\"@type\":\"ListItem\",\"position\":2,\"name\":\"DIY 3D WALL PANEL\",\"item\":\"https:\/\/aesthedgewallpanel.com\/product-category\/diy-3d-wall-panel\/\"},{\"@type\":\"ListItem\",\"position\":3,\"name\":\"DIY 3D WALL PANEL &#8211; Slat Wall Panel\"}]},{\"@type\":\"WebSite\",\"@id\":\"https:\/\/aesthedgewallpanel.com\/#website\",\"url\":\"https:\/\/aesthedgewallpanel.com\/\",\"name\":\"AesthedgeWallPanel\",\"description\":\"Aesthedge Solutions for Modern Spaces\",\"potentialAction\":[{\"@type\":\"SearchAction\",\"target\":{\"@type\":\"EntryPoint\",\"urlTemplate\":\"https:\/\/aesthedgewallpanel.com\/?s={search_term_string}\"},\"query-input\":{\"@type\":\"PropertyValueSpecification\",\"valueRequired\":true,\"valueName\":\"search_term_string\"}}],\"inLanguage\":\"pt-PT\"}]}<\/script>\n<!-- \/ Yoast SEO plugin. -->","yoast_head_json":{"title":"DIY 3D WALL PANEL - Slat Wall Panel - AesthedgeWallPanel","robots":{"index":"index","follow":"follow","max-snippet":"max-snippet:-1","max-image-preview":"max-image-preview:large","max-video-preview":"max-video-preview:-1"},"canonical":"https:\/\/aesthedgewallpanel.com\/pt\/product\/diy-3d-wall-panel-slat-wall-panel\/","og_locale":"pt_PT","og_type":"article","og_title":"DIY 3D WALL PANEL - Slat Wall Panel - AesthedgeWallPanel","og_description":"Noise Reduction,Environmentally Friendly","og_url":"https:\/\/aesthedgewallpanel.com\/pt\/product\/diy-3d-wall-panel-slat-wall-panel\/","og_site_name":"AesthedgeWallPanel","article_modified_time":"2024-12-20T08:49:14+00:00","og_image":[{"width":800,"height":800,"url":"https:\/\/aesthedgewallpanel.com\/wp-content\/uploads\/2024\/12\/1-3-4.jpg","type":"image\/jpeg"}],"twitter_card":"summary_large_image","twitter_misc":{"Tempo estimado de leitura":"3 minutos"},"schema":{"@context":"https:\/\/schema.org","@graph":[{"@type":"WebPage","@id":"https:\/\/aesthedgewallpanel.com\/product\/diy-3d-wall-panel-slat-wall-panel\/","url":"https:\/\/aesthedgewallpanel.com\/product\/diy-3d-wall-panel-slat-wall-panel\/","name":"DIY 3D WALL PANEL - Slat Wall Panel - AesthedgeWallPanel","isPartOf":{"@id":"https:\/\/aesthedgewallpanel.com\/#website"},"primaryImageOfPage":{"@id":"https:\/\/aesthedgewallpanel.com\/product\/diy-3d-wall-panel-slat-wall-panel\/#primaryimage"},"image":{"@id":"https:\/\/aesthedgewallpanel.com\/product\/diy-3d-wall-panel-slat-wall-panel\/#primaryimage"},"thumbnailUrl":"https:\/\/aesthedgewallpanel.com\/wp-content\/uploads\/2024\/12\/1-3-4.jpg","datePublished":"2024-12-20T06:24:27+00:00","dateModified":"2024-12-20T08:49:14+00:00","breadcrumb":{"@id":"https:\/\/aesthedgewallpanel.com\/product\/diy-3d-wall-panel-slat-wall-panel\/#breadcrumb"},"inLanguage":"pt-PT","potentialAction":[{"@type":"ReadAction","target":["https:\/\/aesthedgewallpanel.com\/product\/diy-3d-wall-panel-slat-wall-panel\/"]}]},{"@type":"ImageObject","inLanguage":"pt-PT","@id":"https:\/\/aesthedgewallpanel.com\/product\/diy-3d-wall-panel-slat-wall-panel\/#primaryimage","url":"https:\/\/aesthedgewallpanel.com\/wp-content\/uploads\/2024\/12\/1-3-4.jpg","contentUrl":"https:\/\/aesthedgewallpanel.com\/wp-content\/uploads\/2024\/12\/1-3-4.jpg","width":800,"height":800},{"@type":"BreadcrumbList","@id":"https:\/\/aesthedgewallpanel.com\/product\/diy-3d-wall-panel-slat-wall-panel\/#breadcrumb","itemListElement":[{"@type":"ListItem","position":1,"name":"Home","item":"https:\/\/aesthedgewallpanel.com\/"},{"@type":"ListItem","position":2,"name":"DIY 3D WALL PANEL","item":"https:\/\/aesthedgewallpanel.com\/product-category\/diy-3d-wall-panel\/"},{"@type":"ListItem","position":3,"name":"DIY 3D WALL PANEL &#8211; Slat Wall Panel"}]},{"@type":"WebSite","@id":"https:\/\/aesthedgewallpanel.com\/#website","url":"https:\/\/aesthedgewallpanel.com\/","name":"AesthedgeWallPanel","description":"Aesthedge Solutions for Modern Spaces","potentialAction":[{"@type":"SearchAction","target":{"@type":"EntryPoint","urlTemplate":"https:\/\/aesthedgewallpanel.com\/?s={search_term_string}"},"query-input":{"@type":"PropertyValueSpecification","valueRequired":true,"valueName":"search_term_string"}}],"inLanguage":"pt-PT"}]}},"_links":{"self":[{"href":"https:\/\/aesthedgewallpanel.com\/pt\/wp-json\/wp\/v2\/product\/2191","targetHints":{"allow":["GET"]}}],"collection":[{"href":"https:\/\/aesthedgewallpanel.com\/pt\/wp-json\/wp\/v2\/product"}],"about":[{"href":"https:\/\/aesthedgewallpanel.com\/pt\/wp-json\/wp\/v2\/types\/product"}],"wp:featuredmedia":[{"embeddable":true,"href":"https:\/\/aesthedgewallpanel.com\/pt\/wp-json\/wp\/v2\/media\/2193"}],"wp:attachment":[{"href":"https:\/\/aesthedgewallpanel.com\/pt\/wp-json\/wp\/v2\/media?parent=2191"}],"wp:term":[{"taxonomy":"products_category","embeddable":true,"href":"https:\/\/aesthedgewallpanel.com\/pt\/wp-json\/wp\/v2\/products_category?post=2191"},{"taxonomy":"surface_pvc_marble_sheet_","embeddable":true,"href":"https:\/\/aesthedgewallpanel.com\/pt\/wp-json\/wp\/v2\/surface_pvc_marble_sheet_?post=2191"},{"taxonomy":"style__acoustic_panel_","embeddable":true,"href":"https:\/\/aesthedgewallpanel.com\/pt\/wp-json\/wp\/v2\/style__acoustic_panel_?post=2191"},{"taxonomy":"film__bamboo_charcoal_wood_venee","embeddable":true,"href":"https:\/\/aesthedgewallpanel.com\/pt\/wp-json\/wp\/v2\/film__bamboo_charcoal_wood_venee?post=2191"},{"taxonomy":"color_wpc_wall_panel","embeddable":true,"href":"https:\/\/aesthedgewallpanel.com\/pt\/wp-json\/wp\/v2\/color_wpc_wall_panel?post=2191"},{"taxonomy":"color_spc_wall_panel_","embeddable":true,"href":"https:\/\/aesthedgewallpanel.com\/pt\/wp-json\/wp\/v2\/color_spc_wall_panel_?post=2191"},{"taxonomy":"shape","embeddable":true,"href":"https:\/\/aesthedgewallpanel.com\/pt\/wp-json\/wp\/v2\/shape?post=2191"}],"curies":[{"name":"wp","href":"https:\/\/api.w.org\/{rel}","templated":true}]}}